{"id":180,"date":"2020-04-30T13:52:13","date_gmt":"2020-04-30T16:52:13","guid":{"rendered":"https:\/\/www.ufsm.br\/cursos\/pos-graduacao\/santa-maria\/ppgcont\/?page_id=180"},"modified":"2022-07-26T08:59:43","modified_gmt":"2022-07-26T11:59:43","slug":"estrutura-curricular","status":"publish","type":"page","link":"https:\/\/www.ufsm.br\/cursos\/pos-graduacao\/santa-maria\/ppgcont\/estrutura-curricular","title":{"rendered":"Estrutura Curricular"},"content":{"rendered":"\t\t<div data-elementor-type=\"wp-page\" data-elementor-id=\"180\" class=\"elementor elementor-180\">\n\t\t\t\t\t\t<section class=\"elementor-section elementor-top-section elementor-element elementor-element-6801250 elementor-section-boxed elementor-section-height-default elementor-section-height-default\" data-id=\"6801250\" data-element_type=\"section\">\n\t\t\t\t\t\t<div class=\"elementor-container elementor-column-gap-default\">\n\t\t\t\t\t<div class=\"elementor-column elementor-col-100 elementor-top-column elementor-element elementor-element-860f3f3\" data-id=\"860f3f3\" data-element_type=\"column\">\n\t\t\t<div class=\"elementor-widget-wrap elementor-element-populated\">\n\t\t\t\t\t\t<div class=\"elementor-element elementor-element-4ab0754 elementor-widget elementor-widget-text-editor\" data-id=\"4ab0754\" data-element_type=\"widget\" data-widget_type=\"text-editor.default\">\n\t\t\t\t<div class=\"elementor-widget-container\">\n\t\t\t\t\t\t\t<h5><strong>Descri\u00e7\u00e3o Sint\u00e9tica da Oferta do Curso:<\/strong><\/h5><p style=\"text-align: justify\">O Curso de Mestrado Acad\u00eamico em Ci\u00eancias Cont\u00e1beis tem oferta anual, com dura\u00e7\u00e3o m\u00ednima de 18 e m\u00e1xima de 24 meses para conclus\u00e3o, sendo poss\u00edvel uma prorroga\u00e7\u00e3o de at\u00e9 6 meses em car\u00e1ter excepcional, a crit\u00e9rio do Colegiado do Programa.<\/p><p style=\"text-align: justify\">O conjunto de disciplinas est\u00e1 dividido em <strong>disciplinas obrigat\u00f3rias<\/strong>, <strong>disciplinas eletivas transversais<\/strong> e <strong>disciplinas eletivas por linha de pesquisa<\/strong>. Para a integraliza\u00e7\u00e3o curricular o aluno dever\u00e1 cursar, com aprova\u00e7\u00e3o, um m\u00ednimo de 30 cr\u00e9ditos em disciplinas do curr\u00edculo do curso, sendo 12 cr\u00e9ditos em disciplinas obrigat\u00f3rias e 18 cr\u00e9ditos em disciplinas eletivas, sendo at\u00e9 9 cr\u00e9ditos em eletivas transversais e at\u00e9 15 cr\u00e9ditos em eletivas por linha de \u00a0pesquisa, conforme seu plano de estudo. A integraliza\u00e7\u00e3o \u00e9 expressa em unidades de cr\u00e9ditos, sendo um cr\u00e9dito equivalente a 15 horas-aula.<\/p><p style=\"text-align: justify\">Ao ingressar no curso o aluno \u00e9 matriculado nas <strong>disciplinas obrigat\u00f3rias<\/strong> que comp\u00f5em o curr\u00edculo b\u00e1sico e compuls\u00f3rio a sua forma\u00e7\u00e3o. Estas disciplinas oferecem uma forma\u00e7\u00e3o geral na \u00e1rea de Ci\u00eancias Cont\u00e1beis e proporcionam forma\u00e7\u00e3o metodol\u00f3gica s\u00f3lida ao discente. Configuram o total de 12 cr\u00e9ditos cursados prioritariamente no primeiro semestre letivo (M\u00e9todos de Pesquisa em Ci\u00eancias Cont\u00e1beis, Controladoria, Contabilidade Societ\u00e1ria e Teoria da Contabilidade).<\/p><p style=\"text-align: justify\">As <strong>disciplinas eletivas transversais<\/strong> comp\u00f5em o curr\u00edculo avan\u00e7ado \u00e0 forma\u00e7\u00e3o do discente. Seu conte\u00fado te\u00f3rico metodol\u00f3gico-instrumental e emp\u00edrico-contextual pode ser aproveitado no desenvolvimento de pesquisas em diferentes tem\u00e1ticas. Configuram um total de at\u00e9 9 cr\u00e9ditos e ser\u00e3o ofertadas regularmente, cursadas prioritariamente no primeiro ano (M\u00e9todos Multivariados Aplicados \u00e0s Ci\u00eancias Cont\u00e1beis, Metodologia do Ensino em Ci\u00eancias Cont\u00e1beis e Semin\u00e1rio de Anteprojeto de Pesquisa em Ci\u00eancias Cont\u00e1beis).<\/p><p style=\"text-align: justify\">As <strong>disciplinas eletivas por linha de pesquisa<\/strong> formam o curr\u00edculo espec\u00edfico \u00e0 forma\u00e7\u00e3o. Seu conte\u00fado espec\u00edfico \u00e9 parte integrante do aprofundamento e qualifica\u00e7\u00e3o das pesquisas dos alunos. Tais disciplinas configuram o total de at\u00e9 15 cr\u00e9ditos, sendo ofertadas regularmente pelo menos uma disciplina eletiva por linha de pesquisa no primeiro semestre letivo e as demais ofertadas no segundo e terceiro semestres letivos.<\/p><p style=\"text-align: justify\">Em cada linha de pesquisa o curso oferece conte\u00fado flex\u00edvel, representado pelas disciplinas eletivas de Semin\u00e1rios de Pesquisa em Controladoria e Controle de Gest\u00e3o e Semin\u00e1rios de Pesquisa em Governan\u00e7a e Sustentabilidade Organizacional, com intuito de manter atualizada a oferta curricular \u00e0s demandas conjunturais dos discentes.<\/p><p style=\"text-align: justify\">Estas disciplinas poder\u00e3o ser ofertadas pelo PPGCC em conjunto com docentes de outros PPGs de institui\u00e7\u00f5es conveniadas, promovendo a coopera\u00e7\u00e3o interinstitucional, nacional ou internacional, entre docentes e discentes dos Programas envolvidos, ou possibilitar ao aluno cursar disciplina, alinhada \u00e0 sua linha de pesquisa em outro PPG de institui\u00e7\u00f5es nacionais ou internacionais conveniadas, promovendo o interc\u00e2mbio cient\u00edfico e a internacionaliza\u00e7\u00e3o. O curso prev\u00ea a oferta eventual destas disciplinas em l\u00edngua estrangeira, visando ser instrumento de internacionaliza\u00e7\u00e3o, ao incentivar a participa\u00e7\u00e3o de alunos e professores estrangeiros.<\/p><p style=\"text-align: justify\">Como componentes complementares de forma\u00e7\u00e3o do aluno, prev\u00ea-se a oferta de Doc\u00eancia Orientada, que representa a atividade de est\u00e1gio de doc\u00eancia, e Elabora\u00e7\u00e3o de Disserta\u00e7\u00e3o, que representa o v\u00ednculo do aluno ao curso enquanto do desenvolvimento da Disserta\u00e7\u00e3o.<\/p><p style=\"text-align: justify\">O curso oferece ainda Semin\u00e1rios de Estudos Tem\u00e1ticos, Oficinas de Ensino e Pesquisa, e Viv\u00eancias em Pr\u00e1ticas Acad\u00eamicas e Empresariais, afim de contribuir para o desenvolvimento acad\u00eamico e profissional, de acordo com os objetivos do curso e o perfil do egresso. Estas atividades, embora n\u00e3o computem carga hor\u00e1ria, s\u00e3o oportunas a qualifica\u00e7\u00e3o de atividades de ensino e pesquisa cient\u00edfica, apoiando a forma\u00e7\u00e3o cient\u00edfica e intelectual dos alunos.<\/p><p style=\"text-align: justify\">O conjunto detalhado de requisitos a serem cumpridos para a conclus\u00e3o do curso est\u00e1 descrito no Regulamento do Programa.<\/p>\t\t\t\t\t\t<\/div>\n\t\t\t\t<\/div>\n\t\t\t\t\t<\/div>\n\t\t<\/div>\n\t\t\t\t\t<\/div>\n\t\t<\/section>\n\t\t\t\t<section class=\"elementor-section elementor-top-section elementor-element elementor-element-e2a7d46 elementor-section-boxed elementor-section-height-default elementor-section-height-default\" data-id=\"e2a7d46\" data-element_type=\"section\">\n\t\t\t\t\t\t<div class=\"elementor-container elementor-column-gap-default\">\n\t\t\t\t\t<div class=\"elementor-column elementor-col-100 elementor-top-column elementor-element elementor-element-80fee01\" data-id=\"80fee01\" data-element_type=\"column\">\n\t\t\t<div class=\"elementor-widget-wrap elementor-element-populated\">\n\t\t\t\t\t\t<div class=\"elementor-element elementor-element-221385f elementor-widget elementor-widget-text-editor\" data-id=\"221385f\" data-element_type=\"widget\" data-widget_type=\"text-editor.default\">\n\t\t\t\t<div class=\"elementor-widget-container\">\n\t\t\t\t\t\t\t<h5><strong>Estrutura Curricular<\/strong><\/h5>\t\t\t\t\t\t<\/div>\n\t\t\t\t<\/div>\n\t\t\t\t\t<\/div>\n\t\t<\/div>\n\t\t\t\t\t<\/div>\n\t\t<\/section>\n\t\t\t\t<section class=\"elementor-section elementor-top-section elementor-element elementor-element-35c0ea3 elementor-section-boxed elementor-section-height-default elementor-section-height-default\" data-id=\"35c0ea3\" data-element_type=\"section\">\n\t\t\t\t\t\t<div class=\"elementor-container elementor-column-gap-default\">\n\t\t\t\t\t<div class=\"elementor-column elementor-col-100 elementor-top-column elementor-element elementor-element-666c14e\" data-id=\"666c14e\" data-element_type=\"column\">\n\t\t\t<div class=\"elementor-widget-wrap elementor-element-populated\">\n\t\t\t\t\t\t<div class=\"elementor-element elementor-element-ae47d7f elementor-widget elementor-widget-toggle\" data-id=\"ae47d7f\" data-element_type=\"widget\" data-widget_type=\"toggle.default\">\n\t\t\t\t<div class=\"elementor-widget-container\">\n\t\t\t\t\t<div class=\"elementor-toggle\">\n\t\t\t\t\t\t\t<div class=\"elementor-toggle-item\">\n\t\t\t\t\t<div id=\"elementor-tab-title-1821\" class=\"elementor-tab-title\" data-tab=\"1\" role=\"button\" aria-controls=\"elementor-tab-content-1821\" aria-expanded=\"false\">\n\t\t\t\t\t\t\t\t\t\t\t\t<span class=\"elementor-toggle-icon elementor-toggle-icon-left\" aria-hidden=\"true\">\n\t\t\t\t\t\t\t\t\t\t\t\t\t\t\t<span class=\"elementor-toggle-icon-closed\"><i class=\"fas fa-caret-right\"><\/i><\/span>\n\t\t\t\t\t\t\t\t<span class=\"elementor-toggle-icon-opened\"><i class=\"elementor-toggle-icon-opened fas fa-caret-up\"><\/i><\/span>\n\t\t\t\t\t\t\t\t\t\t\t\t\t<\/span>\n\t\t\t\t\t\t\t\t\t\t\t\t<a class=\"elementor-toggle-title\" tabindex=\"0\">Disciplinas Obrigat\u00f3rias<\/a>\n\t\t\t\t\t<\/div>\n\n\t\t\t\t\t<div id=\"elementor-tab-content-1821\" class=\"elementor-tab-content elementor-clearfix\" data-tab=\"1\" role=\"region\" aria-labelledby=\"elementor-tab-title-1821\"><table style=\"width: 94.2953%\"><tbody><tr><td style=\"width: 47.3846%\" width=\"562\"><p style=\"text-align: center\"><strong>Nome da Disciplina<\/strong><\/p><\/td><td style=\"width: 28.4462%\" width=\"82\"><p style=\"text-align: center\"><strong>Carga Hor\u00e1ria<\/strong><\/p><\/td><td style=\"width: 17.5226%\" width=\"73\"><p style=\"text-align: center\"><strong>N\u00ba de Cr\u00e9ditos<\/strong><\/p><\/td><\/tr><tr><td style=\"width: 47.3846%\" width=\"562\"><p>M\u00e9todos de Pesquisa em Ci\u00eancias Cont\u00e1beis<\/p><\/td><td style=\"width: 28.4462%\" width=\"82\"><p style=\"text-align: center\">45h<\/p><\/td><td style=\"width: 17.5226%\" width=\"73\"><p style=\"text-align: center\">3<\/p><\/td><\/tr><tr><td style=\"width: 47.3846%\" width=\"562\"><p>Controladoria<\/p><\/td><td style=\"width: 28.4462%\" width=\"82\"><p style=\"text-align: center\">45h<\/p><\/td><td style=\"width: 17.5226%\" width=\"73\"><p style=\"text-align: center\">3<\/p><\/td><\/tr><tr><td style=\"width: 47.3846%\" width=\"562\"><p>Contabilidade Societ\u00e1ria<\/p><\/td><td style=\"width: 28.4462%\" width=\"82\"><p style=\"text-align: center\">45h<\/p><\/td><td style=\"width: 17.5226%\" width=\"73\"><p style=\"text-align: center\">3<\/p><\/td><\/tr><tr><td style=\"width: 47.3846%\" width=\"562\"><p>Teoria da Contabilidade<\/p><\/td><td style=\"width: 28.4462%\" width=\"82\"><p style=\"text-align: center\">45h<\/p><\/td><td style=\"width: 17.5226%\" width=\"73\"><p style=\"text-align: center\">3<\/p><\/td><\/tr><\/tbody><\/table><\/div>\n\t\t\t\t<\/div>\n\t\t\t\t\t\t\t<div class=\"elementor-toggle-item\">\n\t\t\t\t\t<div id=\"elementor-tab-title-1822\" class=\"elementor-tab-title\" data-tab=\"2\" role=\"button\" aria-controls=\"elementor-tab-content-1822\" aria-expanded=\"false\">\n\t\t\t\t\t\t\t\t\t\t\t\t<span class=\"elementor-toggle-icon elementor-toggle-icon-left\" aria-hidden=\"true\">\n\t\t\t\t\t\t\t\t\t\t\t\t\t\t\t<span class=\"elementor-toggle-icon-closed\"><i class=\"fas fa-caret-right\"><\/i><\/span>\n\t\t\t\t\t\t\t\t<span class=\"elementor-toggle-icon-opened\"><i class=\"elementor-toggle-icon-opened fas fa-caret-up\"><\/i><\/span>\n\t\t\t\t\t\t\t\t\t\t\t\t\t<\/span>\n\t\t\t\t\t\t\t\t\t\t\t\t<a class=\"elementor-toggle-title\" tabindex=\"0\">Disciplinas Eletivas Transversais<\/a>\n\t\t\t\t\t<\/div>\n\n\t\t\t\t\t<div id=\"elementor-tab-content-1822\" class=\"elementor-tab-content elementor-clearfix\" data-tab=\"2\" role=\"region\" aria-labelledby=\"elementor-tab-title-1822\"><table style=\"width: 96.9492%\"><tbody><tr><td style=\"width: 52.1342%\" width=\"562\"><p style=\"text-align: center\"><strong>Nome da Disciplina<\/strong><\/p><\/td><td style=\"width: 23.1707%\" width=\"82\"><p style=\"text-align: center\"><strong>Carga Hor\u00e1ria<\/strong><\/p><\/td><td style=\"width: 20.4268%\" width=\"73\"><p style=\"text-align: center\"><strong>N\u00ba de Cr\u00e9ditos<\/strong><\/p><\/td><\/tr><tr><td style=\"width: 52.1342%\" width=\"562\"><p>M\u00e9todos Multivariados Aplicados \u00e0s Ci\u00eancias Cont\u00e1beis<\/p><\/td><td style=\"width: 23.1707%\" width=\"82\"><p style=\"text-align: center\">45h<\/p><\/td><td style=\"width: 20.4268%\" width=\"73\"><p style=\"text-align: center\">3<\/p><\/td><\/tr><tr><td style=\"width: 52.1342%\" width=\"562\"><p>Metodologia do Ensino em Ci\u00eancias Cont\u00e1beis<\/p><\/td><td style=\"width: 23.1707%\" width=\"82\"><p style=\"text-align: center\">45h<\/p><\/td><td style=\"width: 20.4268%\" width=\"73\"><p style=\"text-align: center\">3<\/p><\/td><\/tr><tr><td style=\"width: 52.1342%\" width=\"562\"><p>Semin\u00e1rio de Anteprojeto de Pesquisa em Ci\u00eancias Cont\u00e1beis<\/p><\/td><td style=\"width: 23.1707%\" width=\"82\"><p style=\"text-align: center\">45h<\/p><\/td><td style=\"width: 20.4268%\" width=\"73\"><p style=\"text-align: center\">3<\/p><\/td><\/tr><\/tbody><\/table><\/div>\n\t\t\t\t<\/div>\n\t\t\t\t\t\t\t<div class=\"elementor-toggle-item\">\n\t\t\t\t\t<div id=\"elementor-tab-title-1823\" class=\"elementor-tab-title\" data-tab=\"3\" role=\"button\" aria-controls=\"elementor-tab-content-1823\" aria-expanded=\"false\">\n\t\t\t\t\t\t\t\t\t\t\t\t<span class=\"elementor-toggle-icon elementor-toggle-icon-left\" aria-hidden=\"true\">\n\t\t\t\t\t\t\t\t\t\t\t\t\t\t\t<span class=\"elementor-toggle-icon-closed\"><i class=\"fas fa-caret-right\"><\/i><\/span>\n\t\t\t\t\t\t\t\t<span class=\"elementor-toggle-icon-opened\"><i class=\"elementor-toggle-icon-opened fas fa-caret-up\"><\/i><\/span>\n\t\t\t\t\t\t\t\t\t\t\t\t\t<\/span>\n\t\t\t\t\t\t\t\t\t\t\t\t<a class=\"elementor-toggle-title\" tabindex=\"0\">Disciplinas Eletivas da Linha de Pesquisa Controladoria<\/a>\n\t\t\t\t\t<\/div>\n\n\t\t\t\t\t<div id=\"elementor-tab-content-1823\" class=\"elementor-tab-content elementor-clearfix\" data-tab=\"3\" role=\"region\" aria-labelledby=\"elementor-tab-title-1823\"><table style=\"width: 100%\"><tbody><tr><td style=\"width: 48.7805%\" width=\"562\"><p style=\"text-align: center\"><strong>Nome da Disciplina<\/strong><\/p><\/td><td style=\"width: 26.5244%\" width=\"82\"><p style=\"text-align: center\"><strong>Carga Hor\u00e1ria<\/strong><\/p><\/td><td style=\"width: 23.1707%\" width=\"73\"><p style=\"text-align: center\"><strong>N\u00ba de Cr\u00e9ditos<\/strong><\/p><\/td><\/tr><tr><td style=\"width: 48.7805%\" width=\"562\"><p>Controle de Gest\u00e3o<\/p><\/td><td style=\"width: 26.5244%;text-align: center\" width=\"82\"><p>45h<\/p><\/td><td style=\"width: 23.1707%;text-align: center\" width=\"73\"><p>3<\/p><\/td><\/tr><tr><td style=\"width: 48.7805%\" width=\"562\"><p>Contabilidade Comportamental<\/p><\/td><td style=\"width: 26.5244%;text-align: center\" width=\"82\"><p>45h<\/p><\/td><td style=\"width: 23.1707%;text-align: center\" width=\"73\"><p>3<\/p><\/td><\/tr><tr><td style=\"width: 48.7805%\" width=\"562\"><p>Contabilidade e Gest\u00e3o de Custos<\/p><\/td><td style=\"width: 26.5244%;text-align: center\" width=\"82\"><p>45h<\/p><\/td><td style=\"width: 23.1707%;text-align: center\" width=\"73\"><p>3<\/p><\/td><\/tr><tr><td style=\"width: 48.7805%\" width=\"562\"><p>Planejamento e Controle Organizacional<\/p><\/td><td style=\"width: 26.5244%;text-align: center\" width=\"82\"><p>45h<\/p><\/td><td style=\"width: 23.1707%;text-align: center\" width=\"73\"><p>3<\/p><\/td><\/tr><tr><td style=\"width: 48.7805%\" width=\"562\"><p>Sistemas de Avalia\u00e7\u00e3o de Desempenho<\/p><\/td><td style=\"width: 26.5244%;text-align: center\" width=\"82\"><p>45h<\/p><\/td><td style=\"width: 23.1707%;text-align: center\" width=\"73\"><p>3<\/p><\/td><\/tr><tr><td style=\"width: 48.7805%\" width=\"562\"><p>Sistemas de Controle Gerencial<\/p><\/td><td style=\"width: 26.5244%;text-align: center\" width=\"82\"><p>45h<\/p><\/td><td style=\"width: 23.1707%;text-align: center\" width=\"73\"><p>3<\/p><\/td><\/tr><tr><td style=\"width: 48.7805%\" width=\"562\"><p>Semin\u00e1rios de Pesquisa em Controladoria e Controle de Gest\u00e3o<\/p><\/td><td style=\"width: 26.5244%;text-align: center\" width=\"82\"><p>45h<\/p><\/td><td style=\"width: 23.1707%;text-align: center\" width=\"73\"><p>3<\/p><\/td><\/tr><\/tbody><\/table><\/div>\n\t\t\t\t<\/div>\n\t\t\t\t\t\t\t<div class=\"elementor-toggle-item\">\n\t\t\t\t\t<div id=\"elementor-tab-title-1824\" class=\"elementor-tab-title\" data-tab=\"4\" role=\"button\" aria-controls=\"elementor-tab-content-1824\" aria-expanded=\"false\">\n\t\t\t\t\t\t\t\t\t\t\t\t<span class=\"elementor-toggle-icon elementor-toggle-icon-left\" aria-hidden=\"true\">\n\t\t\t\t\t\t\t\t\t\t\t\t\t\t\t<span class=\"elementor-toggle-icon-closed\"><i class=\"fas fa-caret-right\"><\/i><\/span>\n\t\t\t\t\t\t\t\t<span class=\"elementor-toggle-icon-opened\"><i class=\"elementor-toggle-icon-opened fas fa-caret-up\"><\/i><\/span>\n\t\t\t\t\t\t\t\t\t\t\t\t\t<\/span>\n\t\t\t\t\t\t\t\t\t\t\t\t<a class=\"elementor-toggle-title\" tabindex=\"0\">Disciplinas Eletivas da Linha de Pesquisa Governan\u00e7a e Sustentabilidade Organizacional<\/a>\n\t\t\t\t\t<\/div>\n\n\t\t\t\t\t<div id=\"elementor-tab-content-1824\" class=\"elementor-tab-content elementor-clearfix\" data-tab=\"4\" role=\"region\" aria-labelledby=\"elementor-tab-title-1824\"><table style=\"width: 96.2712%\"><tbody><tr><td style=\"width: 52.1342%\" width=\"562\"><p><strong>Nome da Disciplina<\/strong><\/p><\/td><td style=\"width: 23.1707%\" width=\"82\"><p style=\"text-align: center\"><strong>Carga Hor\u00e1ria<\/strong><\/p><\/td><td style=\"width: 19.5122%\" width=\"73\"><p style=\"text-align: center\"><strong>N\u00ba de Cr\u00e9ditos<\/strong><\/p><\/td><\/tr><tr><td style=\"width: 52.1342%\" width=\"562\"><p>Qualidade da Informa\u00e7\u00e3o<\/p><\/td><td style=\"width: 23.1707%;text-align: center\" width=\"82\"><p>45h<\/p><\/td><td style=\"width: 19.5122%;text-align: center\" width=\"73\"><p>3<\/p><\/td><\/tr><tr><td style=\"width: 52.1342%\" width=\"562\"><p>Governan\u00e7a Corporativa<\/p><\/td><td style=\"width: 23.1707%;text-align: center\" width=\"82\"><p>45h<\/p><\/td><td style=\"width: 19.5122%;text-align: center\" width=\"73\"><p>3<\/p><\/td><\/tr><tr><td style=\"width: 52.1342%\" width=\"562\"><p>Governan\u00e7a em Organiza\u00e7\u00f5es P\u00fablicas e do Terceiro Setor<\/p><\/td><td style=\"width: 23.1707%;text-align: center\" width=\"82\"><p>45h<\/p><\/td><td style=\"width: 19.5122%;text-align: center\" width=\"73\"><p>3<\/p><\/td><\/tr><tr><td style=\"width: 52.1342%\" width=\"562\"><p>Contabilidade Ambiental e Relat\u00f3rios Sociais<\/p><\/td><td style=\"width: 23.1707%;text-align: center\" width=\"82\"><p>45h<\/p><\/td><td style=\"width: 19.5122%;text-align: center\" width=\"73\"><p>3<\/p><\/td><\/tr><tr><td style=\"width: 52.1342%\" width=\"562\"><p>Responsabilidade Social Corporativa<\/p><\/td><td style=\"width: 23.1707%;text-align: center\" width=\"82\"><p>45h<\/p><\/td><td style=\"width: 19.5122%;text-align: center\" width=\"73\"><p>3<\/p><\/td><\/tr><tr><td style=\"width: 52.1342%\" width=\"562\"><p>Contabilidade e Sustentabilidade Organizacional<\/p><\/td><td style=\"width: 23.1707%;text-align: center\" width=\"82\"><p>45h<\/p><\/td><td style=\"width: 19.5122%;text-align: center\" width=\"73\"><p>3<\/p><\/td><\/tr><tr><td style=\"width: 52.1342%\" width=\"562\"><p>Contabilidade e Inova\u00e7\u00e3o Sustent\u00e1vel<\/p><\/td><td style=\"width: 23.1707%;text-align: center\" width=\"82\"><p>45h<\/p><\/td><td style=\"width: 19.5122%;text-align: center\" width=\"73\"><p>3<\/p><\/td><\/tr><tr><td style=\"width: 52.1342%\" width=\"562\"><p>Semin\u00e1rios de Pesquisa em Governan\u00e7a e Sustentabilidade Organizacional<\/p><\/td><td style=\"width: 23.1707%;text-align: center\" width=\"82\"><p>45h<\/p><\/td><td style=\"width: 19.5122%;text-align: center\" width=\"73\"><p>3<\/p><\/td><\/tr><\/tbody><\/table><\/div>\n\t\t\t\t<\/div>\n\t\t\t\t\t\t\t<div class=\"elementor-toggle-item\">\n\t\t\t\t\t<div id=\"elementor-tab-title-1825\" class=\"elementor-tab-title\" data-tab=\"5\" role=\"button\" aria-controls=\"elementor-tab-content-1825\" aria-expanded=\"false\">\n\t\t\t\t\t\t\t\t\t\t\t\t<span class=\"elementor-toggle-icon elementor-toggle-icon-left\" aria-hidden=\"true\">\n\t\t\t\t\t\t\t\t\t\t\t\t\t\t\t<span class=\"elementor-toggle-icon-closed\"><i class=\"fas fa-caret-right\"><\/i><\/span>\n\t\t\t\t\t\t\t\t<span class=\"elementor-toggle-icon-opened\"><i class=\"elementor-toggle-icon-opened fas fa-caret-up\"><\/i><\/span>\n\t\t\t\t\t\t\t\t\t\t\t\t\t<\/span>\n\t\t\t\t\t\t\t\t\t\t\t\t<a class=\"elementor-toggle-title\" tabindex=\"0\">Atividades Complementares<\/a>\n\t\t\t\t\t<\/div>\n\n\t\t\t\t\t<div id=\"elementor-tab-content-1825\" class=\"elementor-tab-content elementor-clearfix\" data-tab=\"5\" role=\"region\" aria-labelledby=\"elementor-tab-title-1825\"><table style=\"width: 100%\">\n<tbody>\n<tr>\n<td style=\"width: 47.5504%\" width=\"562\">\n<p style=\"text-align: center\"><strong>Nome da Disciplina<\/strong><\/p>\n<\/td>\n<td style=\"width: 29.1066%\" width=\"82\">\n<p style=\"text-align: center\"><strong>Carga Hor\u00e1ria<\/strong><\/p>\n<\/td>\n<td style=\"width: 21.902%\" width=\"73\">\n<p style=\"text-align: center\"><strong>N\u00ba de Cr\u00e9ditos<\/strong><\/p>\n<\/td>\n<\/tr>\n<tr>\n<td style=\"width: 47.5504%\" width=\"562\">\n<p style=\"text-align: center\">Doc\u00eancia Orientada<\/p>\n<\/td>\n<td style=\"width: 29.1066%\" width=\"82\">\n<p style=\"text-align: center\">60h<\/p>\n<\/td>\n<td style=\"width: 21.902%\" width=\"73\">\n<p style=\"text-align: center\">&#8211;<\/p>\n<\/td>\n<\/tr>\n<\/tbody>\n<\/table><\/div>\n\t\t\t\t<\/div>\n\t\t\t\t\t\t\t<div class=\"elementor-toggle-item\">\n\t\t\t\t\t<div id=\"elementor-tab-title-1826\" class=\"elementor-tab-title\" data-tab=\"6\" role=\"button\" aria-controls=\"elementor-tab-content-1826\" aria-expanded=\"false\">\n\t\t\t\t\t\t\t\t\t\t\t\t<span class=\"elementor-toggle-icon elementor-toggle-icon-left\" aria-hidden=\"true\">\n\t\t\t\t\t\t\t\t\t\t\t\t\t\t\t<span class=\"elementor-toggle-icon-closed\"><i class=\"fas fa-caret-right\"><\/i><\/span>\n\t\t\t\t\t\t\t\t<span class=\"elementor-toggle-icon-opened\"><i class=\"elementor-toggle-icon-opened fas fa-caret-up\"><\/i><\/span>\n\t\t\t\t\t\t\t\t\t\t\t\t\t<\/span>\n\t\t\t\t\t\t\t\t\t\t\t\t<a class=\"elementor-toggle-title\" tabindex=\"0\">Disciplinas N\u00e3o Comput\u00e1veis<\/a>\n\t\t\t\t\t<\/div>\n\n\t\t\t\t\t<div id=\"elementor-tab-content-1826\" class=\"elementor-tab-content elementor-clearfix\" data-tab=\"6\" role=\"region\" aria-labelledby=\"elementor-tab-title-1826\"><table style=\"width: 100%\"><tbody><tr><td style=\"width: 54.5679%;text-align: center\" width=\"562\"><p><strong>Nome da Disciplina<\/strong><\/p><\/td><td style=\"width: 25.4321%;text-align: center\" width=\"82\"><p><strong>Carga Hor\u00e1ria<\/strong><\/p><\/td><td style=\"width: 18.7654%;text-align: center\" width=\"73\"><p><strong>N\u00ba de Cr\u00e9ditos<\/strong><\/p><\/td><\/tr><tr><td style=\"width: 54.5679%;text-align: center\" width=\"562\"><p>Elabora\u00e7\u00e3o de Disserta\u00e7\u00e3o I<\/p><\/td><td style=\"width: 25.4321%;text-align: center\" width=\"82\"><p>&#8211;<\/p><\/td><td style=\"width: 18.7654%;text-align: center\" width=\"73\"><p>&#8211;<\/p><\/td><\/tr><tr><td style=\"width: 54.5679%;text-align: center\" width=\"562\"><p>Elabora\u00e7\u00e3o de Disserta\u00e7\u00e3o II<\/p><\/td><td style=\"width: 25.4321%;text-align: center\" width=\"82\"><p>&#8211;<\/p><\/td><td style=\"width: 18.7654%;text-align: center\" width=\"73\"><p>&#8211;<\/p><\/td><\/tr><tr><td style=\"width: 54.5679%;text-align: center\" width=\"562\"><p>Semin\u00e1rios de Estudos Tem\u00e1ticos<\/p><\/td><td style=\"width: 25.4321%;text-align: center\" width=\"82\"><p>&#8211;<\/p><\/td><td style=\"width: 18.7654%;text-align: center\" width=\"73\"><p>&#8211;<\/p><\/td><\/tr><tr><td style=\"width: 54.5679%;text-align: center\" width=\"562\"><p>Oficinas de Ensino e Pesquisa<\/p><\/td><td style=\"width: 25.4321%;text-align: center\" width=\"82\"><p>&#8211;<\/p><\/td><td style=\"width: 18.7654%;text-align: center\" width=\"73\"><p>&#8211;<\/p><\/td><\/tr><tr><td style=\"width: 54.5679%;text-align: center\" width=\"562\"><p>Viv\u00eancias em Pr\u00e1ticas Acad\u00eamicas e Empresariais<\/p><\/td><td style=\"width: 25.4321%;text-align: center\" width=\"82\"><p style=\"text-align: center\">&#8211;<\/p><\/td><td style=\"width: 18.7654%;text-align: center\" width=\"73\"><p>&#8211;<\/p><\/td><\/tr><\/tbody><\/table><\/div>\n\t\t\t\t<\/div>\n\t\t\t\t\t\t\t\t<\/div>\n\t\t\t\t<\/div>\n\t\t\t\t<\/div>\n\t\t\t\t\t<\/div>\n\t\t<\/div>\n\t\t\t\t\t<\/div>\n\t\t<\/section>\n\t\t\t\t<\/div>\n\t\t","protected":false},"excerpt":{"rendered":"<p>Descri\u00e7\u00e3o Sint\u00e9tica da Oferta do Curso: O Curso de Mestrado Acad\u00eamico em Ci\u00eancias Cont\u00e1beis tem oferta anual, com dura\u00e7\u00e3o m\u00ednima de 18 e m\u00e1xima de 24 meses para conclus\u00e3o, sendo poss\u00edvel uma prorroga\u00e7\u00e3o de at\u00e9 6 meses em car\u00e1ter excepcional, a crit\u00e9rio do Colegiado do Programa. O conjunto de disciplinas est\u00e1 dividido em disciplinas obrigat\u00f3rias, [&hellip;]<\/p>\n","protected":false},"author":867,"featured_media":0,"parent":0,"menu_order":0,"comment_status":"closed","ping_status":"closed","template":"","meta":{"footnotes":""},"categories":[],"tags":[],"class_list":["post-180","page","type-page","status-publish","hentry"],"acf":[],"_links":{"self":[{"href":"https:\/\/www.ufsm.br\/cursos\/pos-graduacao\/santa-maria\/ppgcont\/wp-json\/wp\/v2\/pages\/180","targetHints":{"allow":["GET"]}}],"collection":[{"href":"https:\/\/www.ufsm.br\/cursos\/pos-graduacao\/santa-maria\/ppgcont\/wp-json\/wp\/v2\/pages"}],"about":[{"href":"https:\/\/www.ufsm.br\/cursos\/pos-graduacao\/santa-maria\/ppgcont\/wp-json\/wp\/v2\/types\/page"}],"author":[{"embeddable":true,"href":"https:\/\/www.ufsm.br\/cursos\/pos-graduacao\/santa-maria\/ppgcont\/wp-json\/wp\/v2\/users\/867"}],"replies":[{"embeddable":true,"href":"https:\/\/www.ufsm.br\/cursos\/pos-graduacao\/santa-maria\/ppgcont\/wp-json\/wp\/v2\/comments?post=180"}],"version-history":[{"count":0,"href":"https:\/\/www.ufsm.br\/cursos\/pos-graduacao\/santa-maria\/ppgcont\/wp-json\/wp\/v2\/pages\/180\/revisions"}],"wp:attachment":[{"href":"https:\/\/www.ufsm.br\/cursos\/pos-graduacao\/santa-maria\/ppgcont\/wp-json\/wp\/v2\/media?parent=180"}],"wp:term":[{"taxonomy":"category","embeddable":true,"href":"https:\/\/www.ufsm.br\/cursos\/pos-graduacao\/santa-maria\/ppgcont\/wp-json\/wp\/v2\/categories?post=180"},{"taxonomy":"post_tag","embeddable":true,"href":"https:\/\/www.ufsm.br\/cursos\/pos-graduacao\/santa-maria\/ppgcont\/wp-json\/wp\/v2\/tags?post=180"}],"curies":[{"name":"wp","href":"https:\/\/api.w.org\/{rel}","templated":true}]}}