{"id":240,"date":"2020-04-30T14:28:56","date_gmt":"2020-04-30T17:28:56","guid":{"rendered":"https:\/\/www.ufsm.br\/cursos\/pos-graduacao\/santa-maria\/ppgcont\/?page_id=240"},"modified":"2025-07-03T09:33:56","modified_gmt":"2025-07-03T12:33:56","slug":"coordenacao-e-secretaria","status":"publish","type":"page","link":"https:\/\/www.ufsm.br\/cursos\/pos-graduacao\/santa-maria\/ppgcont\/coordenacao-e-secretaria","title":{"rendered":"Coordena\u00e7\u00e3o e Secretaria"},"content":{"rendered":"\n<table>\n<tbody>\n<tr>\n<td style=\"background-color: #e8e6e6\">\n<h2>Fus\u00e3o dos PPGs em Administra\u00e7\u00e3o e Ci\u00eancias Cont\u00e1beis\u00a0 = <a href=\"https:\/\/www.ufsm.br\/cursos\/pos-graduacao\/santa-maria\/ppgacc\">PPGACC<\/a><\/h2>\n<\/td>\n<\/tr>\n<\/tbody>\n<\/table>\n<p class=\"entry-title text-start text-primary\">(Aprovada pela Capes) \u2013 A fus\u00e3o resulta na cria\u00e7\u00e3o do Programa de P\u00f3s-Gradua\u00e7\u00e3o em Administra\u00e7\u00e3o e Ci\u00eancias Cont\u00e1beis da UFSM \u2013\u00a0Resolu\u00e7\u00e3o que regula as mudan\u00e7as nas Coordena\u00e7\u00f5es do PPGA, PPGCC e PPGACC (A Resolu\u00e7\u00e3o que estingue os dois Programas, e cria o <a href=\"https:\/\/www.ufsm.br\/cursos\/pos-graduacao\/santa-maria\/ppgacc\">PPGACC<\/a>):<\/p>\n<p><a href=\"https:\/\/portal.ufsm.br\/documentos\/download.html?action=componente&amp;download=false&amp;id=5517975\" data-saferedirecturl=\"https:\/\/www.google.com\/url?q=https:\/\/portal.ufsm.br\/documentos\/download.html?action%3Dcomponente%26download%3Dfalse%26id%3D5517975&amp;source=gmail&amp;ust=1751624558214000&amp;usg=AOvVaw37iq0xDJIGi_CZtwlVA8ls\">https:\/\/portal.ufsm.br\/documentos\/download.html?action=componente&amp;download=false&amp;id=5517975<\/a><\/p>\n<p style=\"color: #000000;font-size: 16px\">\u00a0<\/p>\n<table style=\"border-collapse: collapse;width: 100%\">\n<tbody>\n<tr>\n<td style=\"width: 100%;background-color: #e3dede\"><strong>Coordena\u00e7\u00e3o 2025\/ Atual<\/strong><\/td>\n<\/tr>\n<\/tbody>\n<\/table>\n<p class=\"entry-title text-start text-primary\">A Coordena\u00e7\u00e3o do Programa de P\u00f3s-gradua\u00e7\u00e3o em Administra\u00e7\u00e3o e Ci\u00eancias Cont\u00e1beis da Universidade Federal de Santa Maria \u00e9 composta pelos seguintes membros:<\/p>\n<p><b>Coordena\u00e7\u00e3o do <a href=\"https:\/\/www.ufsm.br\/cursos\/pos-graduacao\/santa-maria\/ppgacc\">PPGACC<\/a><br \/><\/b>E-mail:<strong><a class=\"notranslate\" href=\"mailto:ppgacc@ufsm.br\">\u00a0ppgacc@ufsm.br<\/a><\/strong><\/p>\n<p><strong>Coordenadora: Profa. Dra. Simone Alves Pacheco de Campos<\/strong><\/p>\n<p><strong>Coordenador Substituto: Prof. Dr. Vin\u00edcius Costa da Silva Zonatto<\/strong><\/p>\n<p><strong>Obs.:<\/strong>\u00a0<span style=\"background-color: #ffff00\">\u00a0<strong>PPGCC (existe no SIE \u201csubordinado\/dentro\u201d do registro do PPGACC at\u00e9 o \u00faltimo aluno se formar)<\/strong><\/span><\/p>\n<p style=\"color: #000000;font-size: 16px\"><strong>SIPOS &#8211; Secretaria Integrada das P\u00f3s-gradua\u00e7\u00f5es do CCSH<\/strong><\/p>\n<p style=\"color: #000000;font-size: 16px\"><strong>e-mail:<\/strong> <a href=\"mailto:sipos.ccsh@ufsm.br\">sipos.ccsh@ufsm.br<\/a><\/p>\n<table style=\"border-collapse: collapse;width: 100%\">\n<tbody>\n<tr>\n<td style=\"width: 100%;background-color: #d6d4d4\"><strong>\u00a0Coordena\u00e7\u00e3o 2024<\/strong><\/td>\n<\/tr>\n<\/tbody>\n<\/table>\n<p style=\"color: #000000;font-size: 16px;text-align: justify\">A Coordena\u00e7\u00e3o do Programa de P\u00f3s-gradua\u00e7\u00e3o em Ci\u00eancias Cont\u00e1beis da Universidade Federal de Santa Maria \u00e9 composta pelos seguintes membros:<\/p>\n<p style=\"color: #000000;font-size: 16px\">Prof. Dr. Vin\u00edcius Costa da Silva Zonatto \u2013 Coordenador do Programa<\/p>\n<p style=\"color: #000000;font-size: 16px\">Base legal: Portaria CCSH n\u00ba 102\/2020<\/p>\n<p style=\"color: #000000;font-size: 16px\">Prof. Dr. Luiz Henrique Figueira Marquezan \u2013 Coordenador Substituto<\/p>\n<p style=\"color: #000000;font-size: 16px\">Base legal: Portaria CCSH n\u00ba 246\/2024<\/p>\n<p style=\"color: #000000;font-size: 16px\"><strong>Coordena\u00e7\u00e3o:<\/strong>\u00a0ppgcontabeis@ufsm.br<\/p>\n<p style=\"color: #000000;font-size: 16px\"><strong>SIPOS &#8211; Secretaria Integrada das P\u00f3s-gradua\u00e7\u00f5es do CCSH<\/strong><\/p>\n<p style=\"color: #000000;font-size: 16px\"><strong>e-mail:<\/strong> sipos.ccsh@ufsm.br<\/p>\n<p>\u00a0<\/p>\n<table style=\"border-collapse: collapse;width: 100%\">\n<tbody>\n<tr>\n<td style=\"width: 100%;background-color: #dbdbdb\"><strong>Coordena\u00e7\u00e3o 2022\/2024<\/strong><\/td>\n<\/tr>\n<\/tbody>\n<\/table>\n<p>Prof. Dr. Vin\u00edcius Costa da Silva Zonatto \u2013 Coordenador do Programa<\/p>\n<p>Base legal: Portaria CCSH n\u00ba 102\/2020<\/p>\n<p>Profa. Dra. Larissa Degenhart \u2013 Coordenador Substituto<\/p>\n<p>Base legal: Portaria CCSH n\u00ba 253\/2022<\/p>\n<p>\u00a0<\/p>\n<table style=\"border-collapse: collapse;width: 100%\">\n<tbody>\n<tr>\n<td style=\"width: 100%;background-color: #d4d4d4\"><strong>Coordena\u00e7\u00e3o 2020\/2022<\/strong><\/td>\n<\/tr>\n<\/tbody>\n<\/table>\n<p>Prof. Dr. Vin\u00edcius Costa da Silva Zonatto \u2013 Coordenador do Programa<\/p>\n<p>Base legal: Portaria CCSH n\u00ba 102\/2020<\/p>\n<p>Profa. Dra. Marivane Vestena Rossato \u2013 Coordenador Substituto<\/p>\n<p>Base legal: Portaria CCSH n\u00ba 121\/2020<\/p>\n<table style=\"border-collapse: collapse;width: 100%\">\n<tbody>\n<tr>\n<td style=\"width: 100%;background-color: #dbd9d9\"><strong>Comiss\u00e3o de Cria\u00e7\u00e3o do PPGCC<\/strong><\/td>\n<\/tr>\n<\/tbody>\n<\/table>\n<p>A comiss\u00e3o de cria\u00e7\u00e3o do Programa de P\u00f3s-gradua\u00e7\u00e3o em Ci\u00eancias Cont\u00e1beis (PPGCC) da Universidade Federal de Santa Maria (UFSM), foi composta pelos seguintes membros:<\/p>\n<p>Prof. Dr. Vin\u00edcius Costa da Silva Zonatto (Presidente)<\/p>\n<p>Prof. Dr. Luiz Henrique Figueira Marquezan<\/p>\n<p>Profa. Dra. Marivane Vestena Rossato<\/p>\n<p>Base legal: Portaria CCSH n\u00ba 140\/2018<\/p>\n<p>\u00a0<\/p>\n","protected":false},"excerpt":{"rendered":"<p>Fus\u00e3o dos PPGs em Administra\u00e7\u00e3o e Ci\u00eancias Cont\u00e1beis\u00a0 = PPGACC (Aprovada pela Capes) \u2013 A fus\u00e3o resulta na cria\u00e7\u00e3o do Programa de P\u00f3s-Gradua\u00e7\u00e3o em Administra\u00e7\u00e3o e Ci\u00eancias Cont\u00e1beis da UFSM \u2013\u00a0Resolu\u00e7\u00e3o que regula as mudan\u00e7as nas Coordena\u00e7\u00f5es do PPGA, PPGCC e PPGACC (A Resolu\u00e7\u00e3o que estingue os dois Programas, e cria o PPGACC): https:\/\/portal.ufsm.br\/documentos\/download.html?action=componente&amp;download=false&amp;id=5517975 \u00a0 [&hellip;]<\/p>\n","protected":false},"author":867,"featured_media":0,"parent":0,"menu_order":0,"comment_status":"closed","ping_status":"closed","template":"","meta":{"footnotes":""},"categories":[],"tags":[],"class_list":["post-240","page","type-page","status-publish","hentry"],"acf":[],"_links":{"self":[{"href":"https:\/\/www.ufsm.br\/cursos\/pos-graduacao\/santa-maria\/ppgcont\/wp-json\/wp\/v2\/pages\/240","targetHints":{"allow":["GET"]}}],"collection":[{"href":"https:\/\/www.ufsm.br\/cursos\/pos-graduacao\/santa-maria\/ppgcont\/wp-json\/wp\/v2\/pages"}],"about":[{"href":"https:\/\/www.ufsm.br\/cursos\/pos-graduacao\/santa-maria\/ppgcont\/wp-json\/wp\/v2\/types\/page"}],"author":[{"embeddable":true,"href":"https:\/\/www.ufsm.br\/cursos\/pos-graduacao\/santa-maria\/ppgcont\/wp-json\/wp\/v2\/users\/867"}],"replies":[{"embeddable":true,"href":"https:\/\/www.ufsm.br\/cursos\/pos-graduacao\/santa-maria\/ppgcont\/wp-json\/wp\/v2\/comments?post=240"}],"version-history":[{"count":0,"href":"https:\/\/www.ufsm.br\/cursos\/pos-graduacao\/santa-maria\/ppgcont\/wp-json\/wp\/v2\/pages\/240\/revisions"}],"wp:attachment":[{"href":"https:\/\/www.ufsm.br\/cursos\/pos-graduacao\/santa-maria\/ppgcont\/wp-json\/wp\/v2\/media?parent=240"}],"wp:term":[{"taxonomy":"category","embeddable":true,"href":"https:\/\/www.ufsm.br\/cursos\/pos-graduacao\/santa-maria\/ppgcont\/wp-json\/wp\/v2\/categories?post=240"},{"taxonomy":"post_tag","embeddable":true,"href":"https:\/\/www.ufsm.br\/cursos\/pos-graduacao\/santa-maria\/ppgcont\/wp-json\/wp\/v2\/tags?post=240"}],"curies":[{"name":"wp","href":"https:\/\/api.w.org\/{rel}","templated":true}]}}