{"id":251,"date":"2020-04-30T15:14:03","date_gmt":"2020-04-30T18:14:03","guid":{"rendered":"https:\/\/www.ufsm.br\/cursos\/pos-graduacao\/santa-maria\/ppgcont\/?page_id=251"},"modified":"2021-03-11T10:22:17","modified_gmt":"2021-03-11T13:22:17","slug":"oferta-horario","status":"publish","type":"page","link":"https:\/\/www.ufsm.br\/cursos\/pos-graduacao\/santa-maria\/ppgcont\/oferta-horario","title":{"rendered":"Oferta\/hor\u00e1rio"},"content":{"rendered":"\n<p>As&nbsp;aulas do PPGCC s\u00e3o presenciais e ministradas no per\u00edodo diurno, no Pr\u00e9dio 74C&nbsp;do Centro de Ci\u00eancias Sociais e Humanas da UFSM &#8211; Campus Camobi. As salas s\u00e3o definidas quando&nbsp;da divulga\u00e7\u00e3o dos hor\u00e1rios, semestralmente, e divulgadas aos alunos pela&nbsp;Secretaria do Curso. H\u00e1 um esfor\u00e7o para concentrar a oferta de disciplinas&nbsp;entre segundas e quartas feiras (manh\u00e3 e tarde). Contudo, o PPGCC poder\u00e1&nbsp;promover atividades de ensino entre segundas e sextas feiras, dias&nbsp;estabelecidos para o funcionamento das atividades do Programa.&nbsp;<\/p>\n\n\n\n<p>Para acessar acessar \u00e0s informa\u00e7\u00f5es sobre o Quadro de Hor\u00e1rios <a href=\"https:\/\/www.ufsm.br\/cursos\/pos-graduacao\/santa-maria\/ppgcont\/quadro-de-horarios\/\">clique aqui<\/a>.<\/p>\n","protected":false},"excerpt":{"rendered":"<p>As&nbsp;aulas do PPGCC s\u00e3o presenciais e ministradas no per\u00edodo diurno, no Pr\u00e9dio 74C&nbsp;do Centro de Ci\u00eancias Sociais e Humanas da UFSM &#8211; Campus Camobi. As salas s\u00e3o definidas quando&nbsp;da divulga\u00e7\u00e3o dos hor\u00e1rios, semestralmente, e divulgadas aos alunos pela&nbsp;Secretaria do Curso. H\u00e1 um esfor\u00e7o para concentrar a oferta de disciplinas&nbsp;entre segundas e quartas feiras (manh\u00e3 e [&hellip;]<\/p>\n","protected":false},"author":867,"featured_media":0,"parent":0,"menu_order":0,"comment_status":"closed","ping_status":"closed","template":"","meta":{"footnotes":""},"categories":[],"tags":[],"class_list":["post-251","page","type-page","status-publish","hentry"],"acf":[],"_links":{"self":[{"href":"https:\/\/www.ufsm.br\/cursos\/pos-graduacao\/santa-maria\/ppgcont\/wp-json\/wp\/v2\/pages\/251","targetHints":{"allow":["GET"]}}],"collection":[{"href":"https:\/\/www.ufsm.br\/cursos\/pos-graduacao\/santa-maria\/ppgcont\/wp-json\/wp\/v2\/pages"}],"about":[{"href":"https:\/\/www.ufsm.br\/cursos\/pos-graduacao\/santa-maria\/ppgcont\/wp-json\/wp\/v2\/types\/page"}],"author":[{"embeddable":true,"href":"https:\/\/www.ufsm.br\/cursos\/pos-graduacao\/santa-maria\/ppgcont\/wp-json\/wp\/v2\/users\/867"}],"replies":[{"embeddable":true,"href":"https:\/\/www.ufsm.br\/cursos\/pos-graduacao\/santa-maria\/ppgcont\/wp-json\/wp\/v2\/comments?post=251"}],"version-history":[{"count":0,"href":"https:\/\/www.ufsm.br\/cursos\/pos-graduacao\/santa-maria\/ppgcont\/wp-json\/wp\/v2\/pages\/251\/revisions"}],"wp:attachment":[{"href":"https:\/\/www.ufsm.br\/cursos\/pos-graduacao\/santa-maria\/ppgcont\/wp-json\/wp\/v2\/media?parent=251"}],"wp:term":[{"taxonomy":"category","embeddable":true,"href":"https:\/\/www.ufsm.br\/cursos\/pos-graduacao\/santa-maria\/ppgcont\/wp-json\/wp\/v2\/categories?post=251"},{"taxonomy":"post_tag","embeddable":true,"href":"https:\/\/www.ufsm.br\/cursos\/pos-graduacao\/santa-maria\/ppgcont\/wp-json\/wp\/v2\/tags?post=251"}],"curies":[{"name":"wp","href":"https:\/\/api.w.org\/{rel}","templated":true}]}}