{"id":269,"date":"2020-05-01T14:38:42","date_gmt":"2020-05-01T17:38:42","guid":{"rendered":"https:\/\/www.ufsm.br\/cursos\/pos-graduacao\/santa-maria\/ppgcont\/?page_id=269"},"modified":"2022-07-26T09:58:12","modified_gmt":"2022-07-26T12:58:12","slug":"internacionalizacao","status":"publish","type":"page","link":"https:\/\/www.ufsm.br\/cursos\/pos-graduacao\/santa-maria\/ppgcont\/internacionalizacao","title":{"rendered":"Internacionaliza\u00e7\u00e3o"},"content":{"rendered":"\t\t<div data-elementor-type=\"wp-page\" data-elementor-id=\"269\" class=\"elementor elementor-269\">\n\t\t\t\t\t\t<section class=\"elementor-section elementor-top-section elementor-element elementor-element-7b5cb65e elementor-section-boxed elementor-section-height-default elementor-section-height-default\" data-id=\"7b5cb65e\" data-element_type=\"section\">\n\t\t\t\t\t\t<div class=\"elementor-container elementor-column-gap-default\">\n\t\t\t\t\t<div class=\"elementor-column elementor-col-100 elementor-top-column elementor-element elementor-element-6eb9e1fb\" data-id=\"6eb9e1fb\" data-element_type=\"column\">\n\t\t\t<div class=\"elementor-widget-wrap elementor-element-populated\">\n\t\t\t\t\t\t<div class=\"elementor-element elementor-element-569fa9e7 elementor-widget elementor-widget-text-editor\" data-id=\"569fa9e7\" data-element_type=\"widget\" data-widget_type=\"text-editor.default\">\n\t\t\t\t<div class=\"elementor-widget-container\">\n\t\t\t\t\t\t\t<p><!-- wp:tadv\/classic-paragraph --><\/p>\n<h5><span style=\"color: black;font-size: 1rem\"><b>\u2013 Secretaria de Apoio Internacional (SAI\/UFSM)<\/b><\/span><\/h5>\n<p style=\"text-align: justify\"><span style=\"color: black;font-size: 1rem\">A Universidade Federal de Santa Maria mant\u00e9m em sua estrutura administrativa a Secretaria de Apoio Internacional (SAI), \u00f3rg\u00e3o institucionalmente vinculado ao Gabinete do Reitor que tem a fun\u00e7\u00e3o de assessor\u00e1-lo, cumprindo esse mesmo papel em rela\u00e7\u00e3o \u00e0s Pr\u00f3-Reitorias e demais \u00f3rg\u00e3os da UFSM nas suas rela\u00e7\u00f5es com institui\u00e7\u00f5es estrangeiras, por meio de conv\u00eanios bilaterais e programas multilaterais. A SAI busca promover e apoiar a\u00e7\u00f5es que desenvolvam a cultura da internacionaliza\u00e7\u00e3o, objetivando o fortalecimento da imagem e a inser\u00e7\u00e3o da UFSM no cen\u00e1rio mundial.<\/span><\/p>\n<p style=\"text-align: justify\">O N\u00facleo de Conv\u00eanios e Mobilidades Bilaterais, vinculado a SAI, \u00e9 respons\u00e1vel pela formaliza\u00e7\u00e3o dos Conv\u00eanios Bilaterais, que s\u00e3o acordos de coopera\u00e7\u00e3o acad\u00eamica internacional firmados entre a UFSM e institui\u00e7\u00f5es estrangeiras, os quais abrangem todas as \u00e1reas do conhecimento existentes nessas universidades. Por meio desses conv\u00eanios, alunos da UFSM t\u00eam a possibilidade de realizar disciplinas e outras atividades acad\u00eamicas (mobilidade acad\u00eamica internacional bilateral), durante o per\u00edodo da gradua\u00e7\u00e3o ou da p\u00f3s-gradua\u00e7\u00e3o.<\/p>\n<p style=\"text-align: justify\">Atualmente, s\u00e3o mais de 115 institui\u00e7\u00f5es parceiras da UFSM ao redor do mundo. Tais acordos potencializam a promo\u00e7\u00e3o de a\u00e7\u00f5es colaborativas de ensino e pesquisa tamb\u00e9m na \u00e1rea de Ci\u00eancias Cont\u00e1beis.<\/p>\n<p>Para acessar a p\u00e1gina da SAI\/UFSM: <a href=\"https:\/\/www.ufsm.br\/orgaos-de-apoio\/sai\">clique aqui<\/a><\/p>\n<p>Para consultar os Conv\u00eanios Internacionais vigentes: <a href=\"https:\/\/www.ufsm.br\/orgaos-de-apoio\/sai\/convenios-bilaterais-ativos\/\">clique aqui<\/a><\/p>\n<p>\u00a0<\/p>\n<p><!-- \/wp:tadv\/classic-paragraph --><\/p>\n<p><!-- wp:paragraph --><\/p>\n<p><!-- \/wp:paragraph --><\/p>\t\t\t\t\t\t<\/div>\n\t\t\t\t<\/div>\n\t\t\t\t<div class=\"elementor-element elementor-element-cd98c3a elementor-widget elementor-widget-text-editor\" data-id=\"cd98c3a\" data-element_type=\"widget\" data-widget_type=\"text-editor.default\">\n\t\t\t\t<div class=\"elementor-widget-container\">\n\t\t\t\t\t\t\t<p><!-- wp:tadv\/classic-paragraph --><\/p>\n<h5><span style=\"color: #000000;font-size: 16px\"><b>\u2013 A\u00e7\u00f5es de Internacionaliza\u00e7\u00e3o Planejadas para o PPGCC<\/b><\/span><\/h5>\n<p>O Programa de P\u00f3s-gradua\u00e7\u00e3o em Ci\u00eancias Cont\u00e1beis da Universidade Federal de Santa Maria tem definidas em seu Planejamento Estrat\u00e9gico (2020-2028) a\u00e7\u00f5es a serem implementadas visando a internacionaliza\u00e7\u00e3o do Programa. As principais a\u00e7\u00f5es a serem desenvolvidas para este per\u00edodo est\u00e3o relacionadas a:<\/p>\n<p>\u2013 Incentivo \u00e0 docentes para realiza\u00e7\u00e3o de p\u00f3s-doutoramento no exterior.<\/p>\n<p>\u2013 Incentivo \u00e0 docentes para participa\u00e7\u00e3o em eventos internacionais.<\/p>\n<p>\u2013 Incentivo \u00e0 docentes para o desenvolvimento de projetos de coopera\u00e7\u00e3o internacional.<\/p>\n<p>\u2013 Realiza\u00e7\u00e3o de Workshops e Semin\u00e1rios de Estudos Tem\u00e1ticos com a participa\u00e7\u00e3o de docentes estrangeiros.<\/p>\n<p>\u2013 Oferta de disciplina(s) com a participa\u00e7\u00e3o de docente(s) estrangeiro(s).<\/p>\n<p>\u2013 Incentivo \u00e0 discentes para realiza\u00e7\u00e3o de interc\u00e2mbio e per\u00edodo de estudos em Programas Conveniados.<\/p>\n<p>\u2013 Incentivo \u00e0 discentes para participa\u00e7\u00e3o em eventos internacionais.<\/p>\n<p>\u2013 Incentivo ao interc\u00e2mbio de discentes estrangeiros no PPGCC da UFSM.<\/p>\n<p><span style=\"color: black;font-size: 1rem\">Para consultar os Conv\u00eanios Internacionais vigentes:\u00a0<\/span><span style=\"font-size: 1rem;background-color: #ffffff\"><a href=\"https:\/\/www.ufsm.br\/orgaos-de-apoio\/sai\/convenios-bilaterais-ativos\/\">clique aqui<\/a><\/span><\/p>\n<p>Para consultar os Programas Multilaterais Ativos:\u00a0<span style=\"font-size: 1rem;background-color: #ffffff\"><a href=\"https:\/\/www.ufsm.br\/orgaos-de-apoio\/sai\/programas-multilaterais\/\">clique aqui<\/a><\/span><\/p>\n<p>Para consultar os tr\u00e2mites internos necess\u00e1rios ao estabelecimento de novos Conv\u00eanios Internacionais:\u00a0<span style=\"font-size: 1rem;background-color: #ffffff\"><a href=\"https:\/\/www.ufsm.br\/orgaos-de-apoio\/sai\/como-firmar-um-convenio-bilateral\/\">clique aqui<\/a><\/span><\/p>\n<p>Para obter informa\u00e7\u00f5es sobre oportunidades de interc\u00e2mbio:\u00a0<span style=\"font-size: 1rem;background-color: #ffffff\"><a href=\"https:\/\/www.ufsm.br\/orgaos-de-apoio\/sai\">clique aqui<\/a><\/span><\/p>\n<p><!-- \/wp:tadv\/classic-paragraph --><\/p>\n<p><!-- wp:paragraph --><\/p>\n<p><!-- \/wp:paragraph --><\/p>\t\t\t\t\t\t<\/div>\n\t\t\t\t<\/div>\n\t\t\t\t\t<\/div>\n\t\t<\/div>\n\t\t\t\t\t<\/div>\n\t\t<\/section>\n\t\t\t\t<\/div>\n\t\t","protected":false},"excerpt":{"rendered":"<p>\u2013 Secretaria de Apoio Internacional (SAI\/UFSM) A Universidade Federal de Santa Maria mant\u00e9m em sua estrutura administrativa a Secretaria de Apoio Internacional (SAI), \u00f3rg\u00e3o institucionalmente vinculado ao Gabinete do Reitor que tem a fun\u00e7\u00e3o de assessor\u00e1-lo, cumprindo esse mesmo papel em rela\u00e7\u00e3o \u00e0s Pr\u00f3-Reitorias e demais \u00f3rg\u00e3os da UFSM nas suas rela\u00e7\u00f5es com institui\u00e7\u00f5es estrangeiras, [&hellip;]<\/p>\n","protected":false},"author":867,"featured_media":0,"parent":0,"menu_order":0,"comment_status":"closed","ping_status":"closed","template":"","meta":{"footnotes":""},"categories":[],"tags":[],"class_list":["post-269","page","type-page","status-publish","hentry"],"acf":[],"_links":{"self":[{"href":"https:\/\/www.ufsm.br\/cursos\/pos-graduacao\/santa-maria\/ppgcont\/wp-json\/wp\/v2\/pages\/269","targetHints":{"allow":["GET"]}}],"collection":[{"href":"https:\/\/www.ufsm.br\/cursos\/pos-graduacao\/santa-maria\/ppgcont\/wp-json\/wp\/v2\/pages"}],"about":[{"href":"https:\/\/www.ufsm.br\/cursos\/pos-graduacao\/santa-maria\/ppgcont\/wp-json\/wp\/v2\/types\/page"}],"author":[{"embeddable":true,"href":"https:\/\/www.ufsm.br\/cursos\/pos-graduacao\/santa-maria\/ppgcont\/wp-json\/wp\/v2\/users\/867"}],"replies":[{"embeddable":true,"href":"https:\/\/www.ufsm.br\/cursos\/pos-graduacao\/santa-maria\/ppgcont\/wp-json\/wp\/v2\/comments?post=269"}],"version-history":[{"count":0,"href":"https:\/\/www.ufsm.br\/cursos\/pos-graduacao\/santa-maria\/ppgcont\/wp-json\/wp\/v2\/pages\/269\/revisions"}],"wp:attachment":[{"href":"https:\/\/www.ufsm.br\/cursos\/pos-graduacao\/santa-maria\/ppgcont\/wp-json\/wp\/v2\/media?parent=269"}],"wp:term":[{"taxonomy":"category","embeddable":true,"href":"https:\/\/www.ufsm.br\/cursos\/pos-graduacao\/santa-maria\/ppgcont\/wp-json\/wp\/v2\/categories?post=269"},{"taxonomy":"post_tag","embeddable":true,"href":"https:\/\/www.ufsm.br\/cursos\/pos-graduacao\/santa-maria\/ppgcont\/wp-json\/wp\/v2\/tags?post=269"}],"curies":[{"name":"wp","href":"https:\/\/api.w.org\/{rel}","templated":true}]}}