{"id":290,"date":"2020-05-01T20:56:05","date_gmt":"2020-05-01T23:56:05","guid":{"rendered":"https:\/\/www.ufsm.br\/cursos\/pos-graduacao\/santa-maria\/ppgcont\/?page_id=290"},"modified":"2020-05-05T18:07:49","modified_gmt":"2020-05-05T21:07:49","slug":"qualis-periodicos","status":"publish","type":"page","link":"https:\/\/www.ufsm.br\/cursos\/pos-graduacao\/santa-maria\/ppgcont\/qualis-periodicos","title":{"rendered":"Qualis Peri\u00f3dicos"},"content":{"rendered":"\n<p>Para consultar a Lista de Peri\u00f3dicos do Qualis da CAPES vigente, basta o aluno acessar a homepage do Qualis Peri\u00f3dicos na Plataforma Sucupira, selecionar o evento de classifica\u00e7\u00e3o (Per\u00edodo) e a \u00e1rea de avalia\u00e7\u00e3o (Administra\u00e7\u00e3o P\u00fablica e de Empresas, Ci\u00eancias Cont\u00e1beis e Turismo) e baixar a planilha gerada pelo sistema.<\/p>\n\n\n\n<p><a href=\"https:\/\/sucupira.capes.gov.br\/sucupira\/public\/consultas\/coleta\/veiculoPublicacaoQualis\/listaConsultaGeralPeriodicos.jsf\">Acesso ao Qualis Peri\u00f3dicos<\/a><\/p>\n\n\n\n<p><\/p>\n","protected":false},"excerpt":{"rendered":"<p>Para consultar a Lista de Peri\u00f3dicos do Qualis da CAPES vigente, basta o aluno acessar a homepage do Qualis Peri\u00f3dicos na Plataforma Sucupira, selecionar o evento de classifica\u00e7\u00e3o (Per\u00edodo) e a \u00e1rea de avalia\u00e7\u00e3o (Administra\u00e7\u00e3o P\u00fablica e de Empresas, Ci\u00eancias Cont\u00e1beis e Turismo) e baixar a planilha gerada pelo sistema. Acesso ao Qualis Peri\u00f3dicos<\/p>\n","protected":false},"author":2721,"featured_media":0,"parent":0,"menu_order":0,"comment_status":"closed","ping_status":"closed","template":"","meta":{"footnotes":""},"categories":[],"tags":[],"class_list":["post-290","page","type-page","status-publish","hentry"],"acf":[],"_links":{"self":[{"href":"https:\/\/www.ufsm.br\/cursos\/pos-graduacao\/santa-maria\/ppgcont\/wp-json\/wp\/v2\/pages\/290","targetHints":{"allow":["GET"]}}],"collection":[{"href":"https:\/\/www.ufsm.br\/cursos\/pos-graduacao\/santa-maria\/ppgcont\/wp-json\/wp\/v2\/pages"}],"about":[{"href":"https:\/\/www.ufsm.br\/cursos\/pos-graduacao\/santa-maria\/ppgcont\/wp-json\/wp\/v2\/types\/page"}],"author":[{"embeddable":true,"href":"https:\/\/www.ufsm.br\/cursos\/pos-graduacao\/santa-maria\/ppgcont\/wp-json\/wp\/v2\/users\/2721"}],"replies":[{"embeddable":true,"href":"https:\/\/www.ufsm.br\/cursos\/pos-graduacao\/santa-maria\/ppgcont\/wp-json\/wp\/v2\/comments?post=290"}],"version-history":[{"count":0,"href":"https:\/\/www.ufsm.br\/cursos\/pos-graduacao\/santa-maria\/ppgcont\/wp-json\/wp\/v2\/pages\/290\/revisions"}],"wp:attachment":[{"href":"https:\/\/www.ufsm.br\/cursos\/pos-graduacao\/santa-maria\/ppgcont\/wp-json\/wp\/v2\/media?parent=290"}],"wp:term":[{"taxonomy":"category","embeddable":true,"href":"https:\/\/www.ufsm.br\/cursos\/pos-graduacao\/santa-maria\/ppgcont\/wp-json\/wp\/v2\/categories?post=290"},{"taxonomy":"post_tag","embeddable":true,"href":"https:\/\/www.ufsm.br\/cursos\/pos-graduacao\/santa-maria\/ppgcont\/wp-json\/wp\/v2\/tags?post=290"}],"curies":[{"name":"wp","href":"https:\/\/api.w.org\/{rel}","templated":true}]}}