{"id":293,"date":"2020-05-01T22:44:20","date_gmt":"2020-05-02T01:44:20","guid":{"rendered":"https:\/\/www.ufsm.br\/cursos\/pos-graduacao\/santa-maria\/ppgcont\/?page_id=293"},"modified":"2024-10-10T09:37:54","modified_gmt":"2024-10-10T12:37:54","slug":"infraestrutura","status":"publish","type":"page","link":"https:\/\/www.ufsm.br\/cursos\/pos-graduacao\/santa-maria\/ppgcont\/infraestrutura","title":{"rendered":"Infraestrutura"},"content":{"rendered":"\n<p>\u00a0<\/p>\n<table style=\"border-collapse: collapse;width: 100%\">\n<tbody>\n<tr>\n<td style=\"width: 100%;background-color: #d1cdcd\">\n<h5>&#8211; Espa\u00e7o F\u00edsico<\/h5>\n<\/td>\n<\/tr>\n<\/tbody>\n<\/table>\n<ul>\n<li style=\"text-align: justify\">Infraestrutura administrativa: s\u00e3o 21 Sala para docentes, duas Sala para alunos equipadas com computadores, uma secretaria integrada das p\u00f3s-gradua\u00e7\u00e3o do CCSH, bibliotecas (setorial e geral) e laborat\u00f3rios.<\/li>\n<li style=\"text-align: justify\">Laborat\u00f3rios para pesquisa: O CCSH disp\u00f5e de quatro laborat\u00f3rios de inform\u00e1tica, com instala\u00e7\u00e3o de software e hardware e mobili\u00e1rio pr\u00f3prio com capacidade para o atendimento individual de 120 alunos. No Departamento de Ci\u00eancias Cont\u00e1beis encontra-se instalado um Laborat\u00f3rio de Inform\u00e1tica pr\u00f3prio, com mobili\u00e1rio e equipamentos de inform\u00e1tica individualizados, para atendimento de 40 alunos do curso. O Departamento de Ci\u00eancias Cont\u00e1beis conta ainda com uma Sala de Reuni\u00f5es e duas Salas para encontros dos Grupos de Pesquisa. Os laborat\u00f3rios contam com softwares para uso em pesquisa, incluindo Nvivo, IBM SPSS, CmapTools, Mendeley, SmartPLS, GrafEq, Gretl, dentre outros. Uma sala, com mobili\u00e1rio e equipamentos pr\u00f3prios j\u00e1 est\u00e1 reservada para condu\u00e7\u00e3o das atividades administrativas do programa. A UFSM disp\u00f5e de acesso remoto (wi fi) \u00e0 rede mundial de computadores, a bases de dados e a fontes de informa\u00e7\u00e3o multim\u00eddia para docentes e discentes em todo o Campus Universit\u00e1rio. O acesso as bases de dados e peri\u00f3dicos disponibilizados pelo Portal CAPES de peri\u00f3dicos.<\/li>\n<li style=\"text-align: justify\"><span style=\"text-decoration: underline\">O CCSH disponibiliza os PPG&#8217;s e Cursos de Gradua\u00e7\u00e3o &#8211; (<strong>mediante agendamento pr\u00e9vio<\/strong>) locais para eventos e defesas<\/span>:\u00a0\u00a0 \u00a0Sala Inovadora\u00a0 &#8211; Biblioteca Setorial do CCSH( para defesas e eventos); 01 audit\u00f3rio do CCSH para eventos 01; sala de videoconfer\u00eancia do CCSH para eventos\/defesa.<\/li>\n<\/ul>\n<table style=\"border-collapse: collapse;width: 100%\">\n<tbody>\n<tr>\n<td style=\"width: 100%;background-color: #dbd5d5\">\n<h5>&#8211; Bibliotecas<\/h5>\n<\/td>\n<\/tr>\n<\/tbody>\n<\/table>\n<ul>\n<li style=\"text-align: justify\">\u00a0O CCSH tamb\u00e9m disp\u00f5e de uma Biblioteca Setorial, al\u00e9m das demais unidades existentes na Universidade. Est\u00e1 localizado no Campus Universit\u00e1rio, o que permite o acesso dos alunos a Biblioteca Central da Universidade. Tanto a Biblioteca Central como a Biblioteca Setorial do CCSH possuem salas individualizadas para estudos e computadores para pesquisa instalados. H\u00e1 disponibilidade de salas de aulas para o funcionamento regular do curso e, futuramente, para a cria\u00e7\u00e3o do Curso de Doutorado em Ci\u00eancias Cont\u00e1beis na Universidade. Todas as salas de aula do CCSH possuem computadores e Datashow individualizados, com r\u00e9guas para carregadores de notebooks, e acesso \u00e0 internet. O Departamento de Ci\u00eancias Cont\u00e1beis conta ainda com 5 computadores e 5 notebooks para uso individual, que poder\u00e3o ser utilizados por alunos e docentes do PPGCC para a realiza\u00e7\u00e3o de estudos e pesquisas, al\u00e9m da infraestrutura j\u00e1 mencionada.<\/li>\n<\/ul>\n<table style=\"border-collapse: collapse;width: 100%\">\n<tbody>\n<tr>\n<td style=\"width: 100%;background-color: #d4cfcf\">\n<h5>&#8211; Recursos de Inform\u00e1tica<\/h5>\n<\/td>\n<\/tr>\n<\/tbody>\n<\/table>\n<ul>\n<li>Os laborat\u00f3rios contam com softwares para uso em pesquisa, incluindo Nvivo, IBM SPSS, CmapTools, Mendeley, SmartPLS, GrafEq, Gretl, dentre outros.<\/li>\n<\/ul>\n<p>\u00a0<\/p>\n<table style=\"border-collapse: collapse;width: 100%\">\n<tbody>\n<tr>\n<td style=\"width: 100%;background-color: #c2c2c2\">\n<h4>&#8211; Outras Informa\u00e7\u00f5es<\/h4>\n<\/td>\n<\/tr>\n<\/tbody>\n<\/table>\n<ul>\n<li style=\"text-align: justify\">Como relatado, o PPGCC nasceu com o apoio institucional de todos os Programas de P\u00f3s-gradua\u00e7\u00e3o em Ci\u00eancias Cont\u00e1beis instalados no Estado do Rio Grande do Sul, conforme Acordos de Coopera\u00e7\u00e3o anexados a este relat\u00f3rio, o que refor\u00e7a e legitima a necessidade de cria\u00e7\u00e3o e atua\u00e7\u00e3o deste novo programa e a interioriza\u00e7\u00e3o da P\u00f3s-gradua\u00e7\u00e3o Stricto Sensu em Ci\u00eancias Cont\u00e1beis no Estado, em uma regi\u00e3o de atua\u00e7\u00e3o distinta, desassistida e relevante no contexto regional, com demanda para a \u00e1rea e potencial de inser\u00e7\u00e3o internacional junto a Pa\u00edses do CONESUL. Estes mecanismos de coopera\u00e7\u00e3o estabelecidos, al\u00e9m de reconhecerem o PPGCC\/UFSM, assumem compromisso para o estabelecimento de a\u00e7\u00f5es colaborativas de ensino e pesquisa, que al\u00e9m de fortalecerem os programas envolvidos, qualificam tamb\u00e9m a forma\u00e7\u00e3o em n\u00edvel de P\u00f3s-gradua\u00e7\u00e3o Stricto Sensu na \u00e1rea de Ci\u00eancias Cont\u00e1beis no Pa\u00eds.<\/li>\n<li style=\"text-align: justify\">O PPCC\/UFSM iniciou suas atividades estruturando uma importante rede colaborativa de ensino e pesquisa em Ci\u00eancias Cont\u00e1beis, abrangendo os Programas de P\u00f3s-Gradua\u00e7\u00e3o em Ci\u00eancias Cont\u00e1beis da UFRGS, FURG, UNISINOS, UNOCHAPEC\u00d3 e UFES, em n\u00edvel nacional, e UMINHO e UNL, em n\u00edvel internacional. Outros Acordos de Coopera\u00e7\u00e3o est\u00e3o sendo realizados, com o prop\u00f3sito de expandir e consolidar tal rede de colabora\u00e7\u00e3o e fortalecer a forma\u00e7\u00e3o e produ\u00e7\u00e3o de conhecimentos nesta \u00e1rea. Portanto, docentes do PPGCC\/UFSM comprometem-se em promover a\u00e7\u00f5es para o fortalecimento destes Programas, assim como docentes destes Programas convergem esfor\u00e7os para a promo\u00e7\u00e3o do PPGCC\/UFSM.<\/li>\n<li style=\"text-align: justify\">As principais a\u00e7\u00f5es colaborativas desenvolvidas em parceria com outros Programas est\u00e3o relacionadas a promo\u00e7\u00e3o e coopera\u00e7\u00e3o t\u00e9cnica, cient\u00edfica, pedag\u00f3gica e de interc\u00e2mbio na \u00e1rea de Ci\u00eancias Cont\u00e1beis, a parceria no desenvolvimento de projetos de pesquisa, o interc\u00e2mbio entre alunos e professores das institui\u00e7\u00f5es conveniadas, a participa\u00e7\u00e3o de docentes permanentes de ambos os Programas conveniados em a\u00e7\u00f5es colaborativas de ensino e pesquisa, e o incentivo a atua\u00e7\u00e3o colaborativa de docentes em atividades de coorienta\u00e7\u00e3o de projetos de pesquisa e disserta\u00e7\u00f5es em ambos os Programas, quando do seu interesse, em assuntos de interesse entre os dois contextos em que se inserem ambos os Programas.<\/li>\n<\/ul>\n","protected":false},"excerpt":{"rendered":"<p>\u00a0 &#8211; Espa\u00e7o F\u00edsico Infraestrutura administrativa: s\u00e3o 21 Sala para docentes, duas Sala para alunos equipadas com computadores, uma secretaria integrada das p\u00f3s-gradua\u00e7\u00e3o do CCSH, bibliotecas (setorial e geral) e laborat\u00f3rios. Laborat\u00f3rios para pesquisa: O CCSH disp\u00f5e de quatro laborat\u00f3rios de inform\u00e1tica, com instala\u00e7\u00e3o de software e hardware e mobili\u00e1rio pr\u00f3prio com capacidade para o [&hellip;]<\/p>\n","protected":false},"author":2721,"featured_media":0,"parent":0,"menu_order":0,"comment_status":"closed","ping_status":"closed","template":"","meta":{"footnotes":""},"categories":[],"tags":[],"class_list":["post-293","page","type-page","status-publish","hentry"],"acf":[],"_links":{"self":[{"href":"https:\/\/www.ufsm.br\/cursos\/pos-graduacao\/santa-maria\/ppgcont\/wp-json\/wp\/v2\/pages\/293","targetHints":{"allow":["GET"]}}],"collection":[{"href":"https:\/\/www.ufsm.br\/cursos\/pos-graduacao\/santa-maria\/ppgcont\/wp-json\/wp\/v2\/pages"}],"about":[{"href":"https:\/\/www.ufsm.br\/cursos\/pos-graduacao\/santa-maria\/ppgcont\/wp-json\/wp\/v2\/types\/page"}],"author":[{"embeddable":true,"href":"https:\/\/www.ufsm.br\/cursos\/pos-graduacao\/santa-maria\/ppgcont\/wp-json\/wp\/v2\/users\/2721"}],"replies":[{"embeddable":true,"href":"https:\/\/www.ufsm.br\/cursos\/pos-graduacao\/santa-maria\/ppgcont\/wp-json\/wp\/v2\/comments?post=293"}],"version-history":[{"count":0,"href":"https:\/\/www.ufsm.br\/cursos\/pos-graduacao\/santa-maria\/ppgcont\/wp-json\/wp\/v2\/pages\/293\/revisions"}],"wp:attachment":[{"href":"https:\/\/www.ufsm.br\/cursos\/pos-graduacao\/santa-maria\/ppgcont\/wp-json\/wp\/v2\/media?parent=293"}],"wp:term":[{"taxonomy":"category","embeddable":true,"href":"https:\/\/www.ufsm.br\/cursos\/pos-graduacao\/santa-maria\/ppgcont\/wp-json\/wp\/v2\/categories?post=293"},{"taxonomy":"post_tag","embeddable":true,"href":"https:\/\/www.ufsm.br\/cursos\/pos-graduacao\/santa-maria\/ppgcont\/wp-json\/wp\/v2\/tags?post=293"}],"curies":[{"name":"wp","href":"https:\/\/api.w.org\/{rel}","templated":true}]}}