{"id":295,"date":"2020-05-01T23:09:12","date_gmt":"2020-05-02T02:09:12","guid":{"rendered":"https:\/\/www.ufsm.br\/cursos\/pos-graduacao\/santa-maria\/ppgcont\/?page_id=295"},"modified":"2025-07-03T09:42:00","modified_gmt":"2025-07-03T12:42:00","slug":"comissoes-academicas","status":"publish","type":"page","link":"https:\/\/www.ufsm.br\/cursos\/pos-graduacao\/santa-maria\/ppgcont\/comissoes-academicas","title":{"rendered":"Comiss\u00f5es Acad\u00eamicas"},"content":{"rendered":"\t\t<div data-elementor-type=\"wp-page\" data-elementor-id=\"295\" class=\"elementor elementor-295\">\n\t\t\t\t\t\t<section class=\"elementor-section elementor-top-section elementor-element elementor-element-7c7a5419 elementor-section-boxed elementor-section-height-default elementor-section-height-default\" data-id=\"7c7a5419\" data-element_type=\"section\">\n\t\t\t\t\t\t<div class=\"elementor-container elementor-column-gap-default\">\n\t\t\t\t\t<div class=\"elementor-column elementor-col-100 elementor-top-column elementor-element elementor-element-1938e68e\" data-id=\"1938e68e\" data-element_type=\"column\">\n\t\t\t<div class=\"elementor-widget-wrap elementor-element-populated\">\n\t\t\t\t\t\t<div class=\"elementor-element elementor-element-5b940a8e elementor-widget elementor-widget-text-editor\" data-id=\"5b940a8e\" data-element_type=\"widget\" data-widget_type=\"text-editor.default\">\n\t\t\t\t<div class=\"elementor-widget-container\">\n\t\t\t\t\t\t\t<table style=\"border-collapse: collapse;width: 100%\">\n<tbody>\n<tr>\n<td style=\"width: 100%;background-color: #f0ebeb\">\n<h2><strong>&#8211;\u00a0<\/strong>Fus\u00e3o dos PPGs em Administra\u00e7\u00e3o e Ci\u00eancias Cont\u00e1beis\u00a0 = <a href=\"https:\/\/www.ufsm.br\/cursos\/pos-graduacao\/santa-maria\/ppgacc\">PPGACC<\/a><\/h2>\n<\/td>\n<\/tr>\n<\/tbody>\n<\/table>\n<p><!-- \/wp:tadv\/classic-paragraph --><\/p>\n<p><!-- wp:tadv\/classic-paragraph --><\/p>\n<p class=\"entry-title text-start text-primary\" style=\"text-align: justify\">(Aprovada pela Capes) \u2013 A fus\u00e3o resulta na cria\u00e7\u00e3o do Programa de P\u00f3s-Gradua\u00e7\u00e3o em Administra\u00e7\u00e3o e Ci\u00eancias Cont\u00e1beis da UFSM \u2013\u00a0Resolu\u00e7\u00e3o que regula as mudan\u00e7as nas Coordena\u00e7\u00f5es do PPGA, PPGCC e PPGACC (A Resolu\u00e7\u00e3o que estingue os dois Programas, e cria o PPGACC):<\/p>\n<p><a href=\"https:\/\/portal.ufsm.br\/documentos\/download.html?action=componente&amp;download=false&amp;id=5517975\" data-saferedirecturl=\"https:\/\/www.google.com\/url?q=https:\/\/portal.ufsm.br\/documentos\/download.html?action%3Dcomponente%26download%3Dfalse%26id%3D5517975&amp;source=gmail&amp;ust=1751624558214000&amp;usg=AOvVaw37iq0xDJIGi_CZtwlVA8ls\">https:\/\/portal.ufsm.br\/documentos\/download.html?action=componente&amp;download=false&amp;id=5517975<\/a><\/p>\n<p><b>Coordena\u00e7\u00e3o do PPGACC<br \/><\/b>E-mail:<strong><a class=\"notranslate\" href=\"mailto:ppgacc@ufsm.br\">\u00a0ppgacc@ufsm.br<\/a><\/strong><\/p>\n<p><strong>Atual Coordenadora: Profa. Dra. Simone Alves Pacheco de Campos<\/strong><\/p>\n<p><strong>Atual Coordenador Substituto: Prof. Dr. Vin\u00edcius Costa da Silva Zonatto<\/strong><\/p>\n<p><strong>Obs.:<\/strong>\u00a0\u00a0<strong>PPGCC (existe no SIE \u201csubordinado\/dentro\u201d do registro do PPGACC at\u00e9 o \u00faltimo aluno se formar)<\/strong><\/p>\n<h1>\u00a0<\/h1>\n<table>\n<tbody>\n<tr>\n<td style=\"background-color: #e3dcdc\">\n<h2><strong>\u2013 Colegiado<\/strong><\/h2>\n<\/td>\n<\/tr>\n<\/tbody>\n<\/table>\n<p>O Colegiado do Programa de P\u00f3s-gradua\u00e7\u00e3o em Administra\u00e7\u00e3o e Ci\u00eancias Cont\u00e1beis da Universidade Federal de Santa Maria \u00e9 composto pelos seguintes membros:<\/p>\n<p><strong>2025\/Atual<\/strong><\/p>\n<p>Profa. Dra. Simone Alves Pacheco de Campos \u2013 Coordenadora\/ Presidente<\/p>\n<p>Prof. Dr. Vin\u00edcius Costa da Silva Zonatto \u2013 Coordenador substituto\u00a0<\/p>\n<p><strong>Representantes da Linha de Controladoria, Contabilidade e Governan\u00e7a:<\/strong><\/p>\n<p>Prof. Dr. Luiz Henrique Figueira Marquezan \u2013 Membro<\/p>\n<p>Prof. Dr. Vagner Naysinger Machado \u2013 Suplente<\/p>\n<p><strong>Representantes da Linha de Organiza\u00e7\u00f5es, Estrat\u00e9gia e Sustentabilidade:<\/strong><\/p>\n<p>Prof. Dr. Lu\u00eds Felipe Dias Lopes \u2013 Membro<\/p>\n<p>Profa. Dra. Marta Olivia Rovedder de Oliveira \u2013 Suplente<\/p>\n<p><strong>Representa\u00e7\u00e3o Discente:<\/strong><\/p>\n<p>Acad. Ana Carolina Constante Costa \u2013 Representante Discente Mestrado<\/p>\n<p>Acad. Ketlen Pinto da Silva \u2013 Suplente Mestrado<\/p>\n<p>Acad. Soraya de Souza Soares \u2013 Representante Discente Doutorado<\/p>\n<p>Acad. Elenara Milena de Cristo \u2013 Suplente Doutorado<\/p>\n<p>Base legal: Portaria CCSH n\u00ba \u00a0<a href=\"https:\/\/www.ufsm.br\/app\/uploads\/sites\/962\/2025\/05\/PORT_CCSH_2025_137.pdf\"><strong>PORT_CCSH_2025_137<\/strong><\/a><\/p>\n<p>\u00a0<\/p>\n<p><strong>2024<\/strong><\/p>\n<p>Prof. Dr. Vin\u00edcius Costa da Silva Zonatto \u2013 Coordenador do Programa<\/p>\n<p>Prof. Dr. Luiz Henrique Figueira Marquezan \u2013 Coordenador Substituto<\/p>\n<p>Prof. Dr. Cristiano Sausen Soares \u2013 L\u00edder da Linha de Pesquisa Controladoria<\/p>\n<p>Prof. Dr. Lucas Veiga \u00c1vila \u2013 L\u00edder da Linha de Pesquisa Governan\u00e7a e Sustentabilidade Organizacional<\/p>\n<p>Liziane Juwer Gobetti Bender &#8211; Representante Discente<\/p>\n<p>Base legal: Portaria CCSH n\u00ba \u00a0<strong><a href=\"https:\/\/www.ufsm.br\/app\/uploads\/sites\/789\/2024\/10\/PORT_CCSH_2024_247-1.pdf\">PORT_CCSH_2024_247<\/a><\/strong><\/p>\n<p>\u00a0<\/p>\n<h3><span style=\"font-size: 14pt\">2022\/2024<\/span><\/h3>\n<p>Prof. Dr. Vin\u00edcius Costa da Silva Zonatto &#8211; Coordenador do Programa<\/p>\n<p><span style=\"color: #000000;font-size: 16px\">Profa. Dra. Larissa Degenhart &#8211; Coord. Substituta<\/span><\/p>\n<p>Prof. Dr. Luiz Henrique Figueira Marquezan &#8211; L\u00edder da Linha de Pesquisa Controladoria<\/p>\n<p><span style=\"color: #000000;font-size: 16px\">Prof. Dr. Lucas Veiga \u00c1vila &#8211; L\u00edder da Linha de Pesquisa Governan\u00e7a e Sustentabilidade Organizacional<\/span><\/p>\n<p><span style=\"font-size: 16px\">Base legal: Portaria CCSH n\u00ba 259\/2022 &#8211; <strong><a href=\"https:\/\/www.ufsm.br\/app\/uploads\/sites\/789\/2023\/09\/PORT_CCSH_2022_259.pdf\">PORT_CCSH_2022_259<\/a><\/strong><\/span><\/p>\n<p>\u00a0<\/p>\n<h3><span style=\"font-size: 14pt\">2020\/2022<\/span><\/h3>\n<p>Prof. Dr. Vin\u00edcius Costa da Silva Zonatto &#8211; Coordenador do Programa<\/p>\n<p>Profa. Dra. Marivane Vestena Rossato &#8211; Coordenador Substituto<\/p>\n<p>Prof. Dr. Luiz Henrique Figueira Marquezan &#8211; L\u00edder da Linha de Pesquisa Controladoria<\/p>\n<p><span style=\"color: #000000;font-size: 16px\">Profa. Dra. Larissa Degenhart &#8211; L\u00edder da Linha de Pesquisa Governan\u00e7a e Sustentabilidade Organizacional<\/span><\/p>\n<p><span style=\"font-size: 16px\">Base legal: Portaria CCSH n\u00ba <strong><a href=\"https:\/\/www.ufsm.br\/app\/uploads\/sites\/789\/2024\/10\/PORT_CCSH_2020_122-1.pdf\">PORT_CCSH_2020_122<\/a><\/strong><\/span><\/p>\n<table style=\"width: 52.243%\">\n<tbody>\n<tr>\n<td style=\"width: 100%;background-color: #f2f2f2\"><span style=\"color: #000000\"><strong>Comiss\u00e3o de Cria\u00e7\u00e3o do PPGAC<\/strong><\/span><\/td>\n<\/tr>\n<\/tbody>\n<\/table>\n<p>A comiss\u00e3o de cria\u00e7\u00e3o do Programa de P\u00f3s-gradua\u00e7\u00e3o em Ci\u00eancias Cont\u00e1beis (PPGCC) da Universidade Federal de Santa Maria (UFSM), foi composta pelos seguintes membros:<\/p>\n<p>Prof. Dr. Vin\u00edcius Costa da Silva Zonatto (Presidente)<\/p>\n<p>Prof. Dr. Luiz Henrique Figueira Marquezan<\/p>\n<p>Profa. Dra. Marivane Vestena Rossato<\/p>\n<p>Base legal: Portaria CCSH n\u00ba 140\/2018<\/p>\n<p><!-- \/wp:tadv\/classic-paragraph --><\/p>\n<p><!-- wp:paragraph --><\/p>\n<p><!-- \/wp:paragraph --><\/p>\t\t\t\t\t\t<\/div>\n\t\t\t\t<\/div>\n\t\t\t\t<div class=\"elementor-element elementor-element-5e8f558 elementor-widget elementor-widget-text-editor\" data-id=\"5e8f558\" data-element_type=\"widget\" data-widget_type=\"text-editor.default\">\n\t\t\t\t<div class=\"elementor-widget-container\">\n\t\t\t\t\t\t\t<table style=\"border-collapse: collapse;width: 100%\">\n<tbody>\n<tr>\n<td style=\"width: 100%;background-color: #e8e6e6\">\n<h2>&#8211; Comiss\u00e3o de Sele\u00e7\u00e3o<\/h2>\n<\/td>\n<\/tr>\n<\/tbody>\n<\/table>\n<p><!-- \/wp:tadv\/classic-paragraph --><\/p>\n<p><!-- wp:tadv\/classic-paragraph --><\/p>\n<p style=\"color: #000000;font-size: 16px;text-align: justify\">A Comiss\u00e3o de Sele\u00e7\u00e3o do Programa de P\u00f3s-gradua\u00e7\u00e3o em Administra\u00e7\u00e3o e Ci\u00eancias Cont\u00e1beis da Universidade Federal de Santa Maria \u00e9 composta pelos seguintes membros:<\/p>\n<p>A Comiss\u00e3o de Sele\u00e7\u00e3o do Programa de P\u00f3s-gradua\u00e7\u00e3o em Ci\u00eancias Cont\u00e1beis da Universidade Federal de Santa Maria \u00e9 composta pelos seguintes membros:<\/p>\n<h3>2025-1 \u2013 para ingresso em 2025\/2<\/h3>\n<p>Profa. Simone Alves Pacheco de Campos \u2013\u00a0 Presidente<\/p>\n<p>Prof. Vin\u00edcius Costa da Silva Zonatto \u2013 Membro<\/p>\n<p>Profa.\u00a0 Cl\u00e1udia de Freitas Michelin \u2013 Membro<\/p>\n<p>Profa. Debora Bobsin \u2013 Membro<\/p>\n<p>Profa. Flavia Luciane Scherer \u2013 Membro<\/p>\n<p>Prof. Gilnei Luiz de Moura \u2013 Membro<\/p>\n<p>Prof. Igor Bernardi Sonza \u2013 Membro<\/p>\n<p>Prof. Jeferson de Souza Flores \u2013 Membro<\/p>\n<p>Profa. Jordana Marques Kneipp \u2013 Membro<\/p>\n<p>Profa. Larissa Degenhart \u2013 Membro<\/p>\n<p>Prof. Lucas Veiga Avila \u2013 Membro<\/p>\n<p>Prof. Luis Felipe Dias Lopes \u2013 Membro<\/p>\n<p>Prof. Luiz Henrique Figueira Marquezan,<\/p>\n<p>Prof. Marcelo Trevisan \u2013 Membro<\/p>\n<p>Profa. Marcia Helena dos Santos Bento \u2013 Membro<\/p>\n<p>Profa. Marta Olivia Rovedder de Oliveira \u2013 Membro<\/p>\n<p>Prof. Mauri Leodir L\u00f6bler \u2013 Membro<\/p>\n<p>Prof. Paulo S\u00e9rgio Ceretta \u2013 Membro<\/p>\n<p>Prof. Roberto Schoproni Bichueti \u2013 Membro<\/p>\n<p>Prof. Rodrigo Marques de Almeida Guerra \u2013 Membro<\/p>\n<p>Profa. Vania Medianeira Flores da Costa \u2013 Membro<\/p>\n<p>Prof. Vagner Naysinger Machado \u2013 Membro<\/p>\n<p><strong>Base legal:<\/strong>\u00a0Portaria CCSH n\u00ba\u00a0<strong><a href=\"https:\/\/www.ufsm.br\/app\/uploads\/sites\/962\/2025\/06\/PORT_CCSH_2025_207.pdf\">PORT_CCSH_2025_207<\/a><\/strong><\/p>\n<h3>2024-1<\/h3>\n<p>Prof. Vin\u00edcius Costa da Silva Zonatto \u2013 Presidente;<br \/>Prof. Adriano Mendon\u00e7a Souza;<br \/>Profa Cl\u00e1udia de Freitas Michelin;<br \/>Profa Cristiane Kr\u00fcger;<br \/>Prof. Cristiano Sausen Soares;<br \/>Prof Luiz Henrique Figueira Marquezan;<br \/>Profa Larissa Degenhart;<br \/>Prof. Lucas Veiga \u00c1vila;<br \/>Prof. Igor Bernardi Sonza;<br \/>Prof. Marcelo Trevisan, SIAPE 2512088;<br \/>Profa Marcia Helena dos Santos Bento;<br \/>Profa Mar\u00edndia Brachak dos Santos.<\/p>\n<p><span style=\"color: #000000;font-size: 16px\">Base legal: Portaria CCSH n\u00ba 327\/2023 <strong><a href=\"https:\/\/www.ufsm.br\/app\/uploads\/sites\/789\/2023\/09\/PORT_CCSH_2023_327.pdf\">PORT_CCSH_2023_327<\/a><\/strong><\/span><\/p>\n<p>\u00a0<\/p>\n<h3>2021<\/h3>\n<p style=\"color: #000000;font-size: 16px\">Prof. Dr. Vin\u00edcius Costa da Silva Zonatto &#8211; Presidente\u00a0<\/p>\n<p style=\"color: #000000;font-size: 16px\">Prof. Dr. Adriano Mendon\u00e7a Souza<\/p>\n<p style=\"color: #000000;font-size: 16px\">Prof. Dr. Cristiano Sausen Soares<\/p>\n<p>Prof. Dr. Igor Bernardi Sonza<\/p>\n<p>Profa. Dra. Larissa Degenhart<\/p>\n<p style=\"color: #000000;font-size: 16px\">Prof. Dr. Lucas Veiga \u00c1vila<\/p>\n<p style=\"color: #000000;font-size: 16px\">Prof. Dr. Luiz Henrique Figueira Marquezan<\/p>\n<p><span style=\"color: #000000;font-size: 16px\">Profa. Dra. <\/span>V\u00e2nia Medianeira Flores Costa<\/p>\n<p style=\"color: #000000;font-size: 16px\"><span style=\"color: #000000;font-size: 16px\">Base legal: Portaria CCSH n\u00ba <strong><a href=\"https:\/\/www.ufsm.br\/app\/uploads\/sites\/789\/2024\/10\/PORT_CCSH_2021_004-1.pdf\">PORT_CCSH_2021_004<\/a><\/strong><\/span><span style=\"font-size: 16px;color: #000000\"><br \/><\/span><\/p>\n<p><!-- \/wp:tadv\/classic-paragraph --><\/p>\n<p><!-- wp:paragraph --><\/p>\n<p><!-- \/wp:paragraph --><\/p>\t\t\t\t\t\t<\/div>\n\t\t\t\t<\/div>\n\t\t\t\t<div class=\"elementor-element elementor-element-9c6e553 elementor-widget__width-initial elementor-widget elementor-widget-text-editor\" data-id=\"9c6e553\" data-element_type=\"widget\" data-widget_type=\"text-editor.default\">\n\t\t\t\t<div class=\"elementor-widget-container\">\n\t\t\t\t\t\t\t<table style=\"border-collapse: collapse;width: 100%\">\n<tbody>\n<tr>\n<td style=\"width: 100%;background-color: #ede8e8\">\n<h2><strong>&#8211; Comiss\u00e3o de Bolsas<\/strong><\/h2>\n<\/td>\n<\/tr>\n<\/tbody>\n<\/table>\n<p><!-- \/wp:tadv\/classic-paragraph --><\/p>\n<p><!-- wp:tadv\/classic-paragraph --><\/p>\n<p style=\"color: #000000;font-size: 16px;text-align: justify\">A Comiss\u00e3o de Bolsas do Programa de P\u00f3s-gradua\u00e7\u00e3o em\u00a0 Administra\u00e7\u00e3o e Ci\u00eancias Cont\u00e1beis da Universidade Federal de Santa Maria \u00e9 composta pelos seguintes membros:<\/p>\n<p style=\"color: #1c1c1c;font-size: 16px;text-align: justify\">\u00a0<\/p>\n<h1 style=\"font-size: 1.75rem;color: #1c1c1c\"><strong>2025\/1<\/strong><\/h1>\n<p style=\"color: #1c1c1c;font-size: 16px\"><strong>Base Legal:<\/strong> Portaria CCSH n\u00ba\u00a0<a style=\"color: #204c90\" href=\"https:\/\/www.ufsm.br\/app\/uploads\/sites\/962\/2025\/05\/PORT_CCSH_2025_143-PPGACC.pdf\">PORT_CCSH_2025_143 PPGACC<\/a><\/p>\n<p style=\"color: #1c1c1c;font-size: 16px\">Profa. Dra. Simone Alves Pacheco de Campos \u2013 Presidente<\/p>\n<p style=\"color: #1c1c1c;font-size: 16px\">Prof. Dr. Vin\u00edcius Costa da Silva Zonatto \u2013 Membro<\/p>\n<p style=\"color: #1c1c1c;font-size: 16px\">Prof. Dr. Luiz Henrique Figueira Marquezan \u2013 Membro<\/p>\n<p style=\"color: #1c1c1c;font-size: 16px\">Prof. Dr. Lu\u00eds Felipe Dias Lopes \u2013 Membro<\/p>\n<p style=\"color: #1c1c1c;font-size: 16px\"><span style=\"font-weight: bolder\">Representa\u00e7\u00e3o Discente:<\/span><\/p>\n<p style=\"color: #1c1c1c;font-size: 16px\">Acad. Soraya de Souza Soares \u2013 Representante Discente\u00a0<\/p>\n<h3>\u00a0<\/h3>\n<h3>2025- Anterior<\/h3>\n<p>Base Legal Portaria CCSH n\u00ba <strong><a href=\"https:\/\/www.ufsm.br\/app\/uploads\/sites\/789\/2025\/03\/PORT_CCSH_2025_78-PPGCC.pdf\">PORT_CCSH_2025_78 PPGCC<\/a><\/strong><\/p>\n<p><span style=\"font-weight: bolder;color: #000000;font-size: 16px\">Representantes Docentes:<\/span><\/p>\n<p><span style=\"color: #000000;font-size: 16px\">Prof. Vin\u00edcius Costa da Silva Zonatto\u2013 presidente;<\/span><br style=\"color: #000000;font-size: 16px\" \/><span style=\"color: #000000;font-size: 16px\">Prof. Luiz Henrique Figueira Marquezan;<\/span><br style=\"color: #000000;font-size: 16px\" \/><span style=\"color: #000000;font-size: 16px\">Prof. Lucas Veiga \u00c1vila;<\/span><\/p>\n<p><span style=\"color: #000000;font-size: 16px;font-weight: var( --e-global-typography-text-font-weight );text-align: var(--bs-body-text-align)\">Profa. Dra. Larissa Degenhart\u00a0<\/span><\/p>\n<p><span style=\"font-weight: bolder;color: #000000;font-size: 16px\">Representante discente:<\/span><\/p>\n<p><span style=\"color: #000000;font-size: 16px\">Acad.\u00a0 Liziane Juwer Gobetti Bender<\/span><\/p>\n<p><span style=\"color: #000000;font-size: 16px\">\u00a0<\/span><\/p>\n<p>\u00a0<\/p>\n<h3>2024<\/h3>\n<div>Base Legal: Portaria CCSH n\u00ba <strong>\u00a0<a href=\"https:\/\/www.ufsm.br\/app\/uploads\/sites\/789\/2024\/07\/PORT_CCSH_2024_38.pdf\">PORT_CCSH_2024_38<\/a><\/strong><\/div>\n<p>Designar os membros abaixo elencados para comporem a\u00a0<span style=\"color: #000000;font-size: 1rem;font-weight: var( --e-global-typography-text-font-weight );text-align: var(--bs-body-text-align)\">Comiss\u00e3o Tempor\u00e1ria de Bolsas do Programa de P\u00f3s-gradua\u00e7\u00e3o em Ci\u00eancias Cont\u00e1beis, conforme previsto na Resolu\u00e7\u00e3o N. 139\/2023 \u2013 UFSM:<\/span><\/p>\n<p><strong>Representantes Docentes:<\/strong><br \/>Prof. Vin\u00edcius Costa da Silva Zonatto\u2013 presidente;<br \/>Prof. Luiz Henrique Figueira Marquezan;<br \/>Prof. Lucas Veiga \u00c1vila;<\/p>\n<p><strong>Representante discente:<\/strong><\/p>\n<p>Acad. Cristina Lacerda Porporatti de G\u00f3es.<\/p>\n<h3><strong>2023<\/strong><\/h3>\n<p><strong>Representantes Docentes:<\/strong><\/p>\n<p>Prof. Dr. Vin\u00edcius Costa da Silva Zonatto &#8211; Coordenador do Programa<\/p>\n<p><span style=\"color: #000000;font-size: 16px\">Profa. Dra. Larissa Degenhart &#8211; Coord. Substituta<\/span><\/p>\n<p>Prof. Dr. Luiz Henrique Figueira Marquezan &#8211; L\u00edder da Linha de Pesquisa Controladoria<\/p>\n<p><span style=\"color: #000000;font-size: 16px\">Prof. Dr. Lucas Veiga \u00c1vila &#8211; L\u00edder da Linha de Pesquisa Governan\u00e7a e Sustentabilidade Organizacional\u00a0<\/span><\/p>\n<p><strong>Representante Discente:<\/strong><\/p>\n<p>Acad. Daiane Ana Gris Benin<\/p>\n<p><span style=\"color: #000000;font-size: 16px\">Base legal: Portaria CCSH n\u00ba 045\/2023 <strong><a href=\"https:\/\/www.ufsm.br\/app\/uploads\/sites\/789\/2023\/09\/PORT_CCSH_2023_045.pdf\">PORT_CCSH_2023_045<\/a><\/strong><\/span><\/p>\n<h3><strong>2021<\/strong><\/h3>\n<p style=\"color: #000000;font-size: 16px\"><strong>Representantes Docentes:<\/strong><\/p>\n<p style=\"color: #000000;font-size: 16px\">Prof. Dr. Vin\u00edcius Costa da Silva Zonatto &#8211; Presidente<\/p>\n<p style=\"color: #000000;font-size: 16px\"><span style=\"color: #000000;font-size: 16px\">Prof. Dr. Luiz Henrique Figueira Marquezan &#8211; Linha de Pesquisa Controladoria<\/span><\/p>\n<p style=\"color: #000000;font-size: 16px\"><span style=\"font-size: 16px;color: #000000\">Profa. Dra. Larissa Degenhart &#8211; Linha de Pesquisa Governan\u00e7a e Sustentabilidade Organizacional<\/span><\/p>\n<p style=\"color: #000000;font-size: 16px\"><span style=\"color: #000000;font-size: 16px\">Representante Discente:<\/span><span style=\"font-size: 16px;color: #000000\"><br \/><\/span><\/p>\n<p style=\"color: #000000;font-size: 16px\"><span style=\"font-size: 16px;color: #000000\">Let\u00edcia Christmann &#8211; Mestranda Turma 001<\/span><\/p>\n<p style=\"color: #000000;font-size: 16px\"><span style=\"color: #000000;font-size: 16px\">Base legal: Portaria CCSH n\u00ba<strong> <a href=\"https:\/\/www.ufsm.br\/app\/uploads\/sites\/789\/2024\/10\/PORT_CCSH_2021_035.pdf\">PORT_CCSH_2021_035<\/a><\/strong><\/span><span style=\"font-size: 16px;color: #000000\"><br \/><\/span><\/p>\n<p><!-- \/wp:tadv\/classic-paragraph --><\/p>\n<p><!-- wp:paragraph --><\/p>\n<p><!-- \/wp:paragraph --><\/p>\t\t\t\t\t\t<\/div>\n\t\t\t\t<\/div>\n\t\t\t\t\t<\/div>\n\t\t<\/div>\n\t\t\t\t\t<\/div>\n\t\t<\/section>\n\t\t\t\t<\/div>\n\t\t","protected":false},"excerpt":{"rendered":"<p>&#8211;\u00a0Fus\u00e3o dos PPGs em Administra\u00e7\u00e3o e Ci\u00eancias Cont\u00e1beis\u00a0 = PPGACC (Aprovada pela Capes) \u2013 A fus\u00e3o resulta na cria\u00e7\u00e3o do Programa de P\u00f3s-Gradua\u00e7\u00e3o em Administra\u00e7\u00e3o e Ci\u00eancias Cont\u00e1beis da UFSM \u2013\u00a0Resolu\u00e7\u00e3o que regula as mudan\u00e7as nas Coordena\u00e7\u00f5es do PPGA, PPGCC e PPGACC (A Resolu\u00e7\u00e3o que estingue os dois Programas, e cria o PPGACC): https:\/\/portal.ufsm.br\/documentos\/download.html?action=componente&amp;download=false&amp;id=5517975 Coordena\u00e7\u00e3o [&hellip;]<\/p>\n","protected":false},"author":2721,"featured_media":0,"parent":0,"menu_order":0,"comment_status":"closed","ping_status":"closed","template":"","meta":{"footnotes":""},"categories":[],"tags":[],"class_list":["post-295","page","type-page","status-publish","hentry"],"acf":[],"_links":{"self":[{"href":"https:\/\/www.ufsm.br\/cursos\/pos-graduacao\/santa-maria\/ppgcont\/wp-json\/wp\/v2\/pages\/295","targetHints":{"allow":["GET"]}}],"collection":[{"href":"https:\/\/www.ufsm.br\/cursos\/pos-graduacao\/santa-maria\/ppgcont\/wp-json\/wp\/v2\/pages"}],"about":[{"href":"https:\/\/www.ufsm.br\/cursos\/pos-graduacao\/santa-maria\/ppgcont\/wp-json\/wp\/v2\/types\/page"}],"author":[{"embeddable":true,"href":"https:\/\/www.ufsm.br\/cursos\/pos-graduacao\/santa-maria\/ppgcont\/wp-json\/wp\/v2\/users\/2721"}],"replies":[{"embeddable":true,"href":"https:\/\/www.ufsm.br\/cursos\/pos-graduacao\/santa-maria\/ppgcont\/wp-json\/wp\/v2\/comments?post=295"}],"version-history":[{"count":0,"href":"https:\/\/www.ufsm.br\/cursos\/pos-graduacao\/santa-maria\/ppgcont\/wp-json\/wp\/v2\/pages\/295\/revisions"}],"wp:attachment":[{"href":"https:\/\/www.ufsm.br\/cursos\/pos-graduacao\/santa-maria\/ppgcont\/wp-json\/wp\/v2\/media?parent=295"}],"wp:term":[{"taxonomy":"category","embeddable":true,"href":"https:\/\/www.ufsm.br\/cursos\/pos-graduacao\/santa-maria\/ppgcont\/wp-json\/wp\/v2\/categories?post=295"},{"taxonomy":"post_tag","embeddable":true,"href":"https:\/\/www.ufsm.br\/cursos\/pos-graduacao\/santa-maria\/ppgcont\/wp-json\/wp\/v2\/tags?post=295"}],"curies":[{"name":"wp","href":"https:\/\/api.w.org\/{rel}","templated":true}]}}