{"id":299,"date":"2020-05-02T20:20:33","date_gmt":"2020-05-02T23:20:33","guid":{"rendered":"https:\/\/www.ufsm.br\/cursos\/pos-graduacao\/santa-maria\/ppgcont\/?page_id=299"},"modified":"2024-10-10T09:02:47","modified_gmt":"2024-10-10T12:02:47","slug":"producao-cientifica","status":"publish","type":"page","link":"https:\/\/www.ufsm.br\/cursos\/pos-graduacao\/santa-maria\/ppgcont\/producao-cientifica","title":{"rendered":"Produ\u00e7\u00e3o Cient\u00edfica"},"content":{"rendered":"\n<p style=\"text-align: justify\">Para consultar a Produ\u00e7\u00e3o Cient\u00edfica do Programa de P\u00f3s-gradua\u00e7\u00e3o em Ci\u00eancias Cont\u00e1beis da Universidade Federal de Santa Maria, acesse ao Curr\u00edculo Lattes dos Docentes do Programa, identificando seus Projetos de Pesquisa, Orienta\u00e7\u00f5es (conclu\u00eddas e em andamento), Artigos apresentados em Eventos, Artigos publicados em Peri\u00f3dicos, Artigos aceitos para publica\u00e7\u00e3o, al\u00e9m da Produ\u00e7\u00e3o T\u00e9cnica e outras atividades de atua\u00e7\u00e3o dos Docentes.<\/p>\n<table style=\"border-collapse: collapse;width: 100%\">\n<tbody>\n<tr>\n<td style=\"width: 100%;background-color: #dedede\"><strong>Docentes Ativos<\/strong><\/td>\n<\/tr>\n<\/tbody>\n<\/table>\n<p><a href=\"http:\/\/lattes.cnpq.br\/5271075797851198\">Prof. Dr. Adriano Mendon\u00e7a Souza<\/a><\/p>\n<p><a href=\"http:\/\/lattes.cnpq.br\/8802811081063077\">Prof. Dr. Anderson Betti Frare <\/a><\/p>\n<p><a href=\"http:\/\/lattes.cnpq.br\/6422847109127456\">Profa. Dra. Cl\u00e1udia de Freitas Michelin<\/a><\/p>\n<p><a href=\"http:\/\/lattes.cnpq.br\/6624622324083659\">Profa. Dra. Cristiane Kr\u00fcger<\/a><\/p>\n<p><a href=\"http:\/\/lattes.cnpq.br\/8690492516512253\">Prof. Dr. Cristiano Sausen Soares<\/a><\/p>\n<p><a href=\"http:\/\/lattes.cnpq.br\/0001554374469356\">Prof. Dr. Igor Bernardi Sonza<\/a><\/p>\n<p><a href=\"http:\/\/lattes.cnpq.br\/9480180693211077\">Profa. Dra. Larissa Degenhart<\/a><\/p>\n<p><a href=\"http:\/\/lattes.cnpq.br\/9859670993729250\">Prof. Dr. Lucas Veiga \u00c1vila<\/a><\/p>\n<p><a href=\"http:\/\/lattes.cnpq.br\/3316086791689630\">Prof. Dr. Luiz Henrique Figueira Marquezan<\/a><\/p>\n<p><a href=\"http:\/\/lattes.cnpq.br\/9922211479866264\">Prof. Dr. Marcelo Trevisan<\/a><\/p>\n<p><a href=\"http:\/\/lattes.cnpq.br\/0071543186264982\">Profa. Dra. Marcia Helena dos Santos Bento<\/a><\/p>\n<p><a href=\"http:\/\/lattes.cnpq.br\/6750976138212762\">Profa. Dra. Mar\u00edndia Brachak dos Santos<\/a><\/p>\n<p><a href=\"http:\/\/lattes.cnpq.br\/6847890114495039\">Profa. Dra. Patr\u00edcia Maria Bortolon<\/a><\/p>\n<p><a href=\"http:\/\/lattes.cnpq.br\/3666353568686027\">Profa. Dra. Rosimeire Pimentel Gonzaga<\/a><\/p>\n<p><a href=\"http:\/\/lattes.cnpq.br\/8704491263853222\">Prof. Dr.\u00a0Vagner Ant\u00f4nio Marques<\/a><\/p>\n<p><a href=\"http:\/\/lattes.cnpq.br\/1916486402947867\">Prof. Dr. Vin\u00edcius Costa da Silva Zonatto<\/a><\/p>\n<p>\u00a0<\/p>\n<table style=\"border-collapse: collapse;width: 100%\">\n<tbody>\n<tr>\n<td style=\"width: 100%;background-color: #e6e6e6\"><strong>Docentes que contribu\u00edram com o Programa<\/strong><\/td>\n<\/tr>\n<\/tbody>\n<\/table>\n<p><a href=\"http:\/\/lattes.cnpq.br\/0351268814121118\">Prof. Dr. Jos\u00e9 Elias Feres de Almeida<\/a><\/p>\n<p><a href=\"http:\/\/lattes.cnpq.br\/1158046158345375\">Profa. Dra. Marivane Vestena Rossato<\/a><\/p>\n<p><a href=\"http:\/\/lattes.cnpq.br\/0180563343119839\">Profa. Dra. Vania Medianeira Flores Costa<\/a><\/p>\n\n\n\n<p><\/p>\n","protected":false},"excerpt":{"rendered":"<p>Para consultar a Produ\u00e7\u00e3o Cient\u00edfica do Programa de P\u00f3s-gradua\u00e7\u00e3o em Ci\u00eancias Cont\u00e1beis da Universidade Federal de Santa Maria, acesse ao Curr\u00edculo Lattes dos Docentes do Programa, identificando seus Projetos de Pesquisa, Orienta\u00e7\u00f5es (conclu\u00eddas e em andamento), Artigos apresentados em Eventos, Artigos publicados em Peri\u00f3dicos, Artigos aceitos para publica\u00e7\u00e3o, al\u00e9m da Produ\u00e7\u00e3o T\u00e9cnica e outras atividades [&hellip;]<\/p>\n","protected":false},"author":2721,"featured_media":0,"parent":0,"menu_order":0,"comment_status":"closed","ping_status":"closed","template":"","meta":{"footnotes":""},"categories":[],"tags":[],"class_list":["post-299","page","type-page","status-publish","hentry"],"acf":[],"_links":{"self":[{"href":"https:\/\/www.ufsm.br\/cursos\/pos-graduacao\/santa-maria\/ppgcont\/wp-json\/wp\/v2\/pages\/299","targetHints":{"allow":["GET"]}}],"collection":[{"href":"https:\/\/www.ufsm.br\/cursos\/pos-graduacao\/santa-maria\/ppgcont\/wp-json\/wp\/v2\/pages"}],"about":[{"href":"https:\/\/www.ufsm.br\/cursos\/pos-graduacao\/santa-maria\/ppgcont\/wp-json\/wp\/v2\/types\/page"}],"author":[{"embeddable":true,"href":"https:\/\/www.ufsm.br\/cursos\/pos-graduacao\/santa-maria\/ppgcont\/wp-json\/wp\/v2\/users\/2721"}],"replies":[{"embeddable":true,"href":"https:\/\/www.ufsm.br\/cursos\/pos-graduacao\/santa-maria\/ppgcont\/wp-json\/wp\/v2\/comments?post=299"}],"version-history":[{"count":0,"href":"https:\/\/www.ufsm.br\/cursos\/pos-graduacao\/santa-maria\/ppgcont\/wp-json\/wp\/v2\/pages\/299\/revisions"}],"wp:attachment":[{"href":"https:\/\/www.ufsm.br\/cursos\/pos-graduacao\/santa-maria\/ppgcont\/wp-json\/wp\/v2\/media?parent=299"}],"wp:term":[{"taxonomy":"category","embeddable":true,"href":"https:\/\/www.ufsm.br\/cursos\/pos-graduacao\/santa-maria\/ppgcont\/wp-json\/wp\/v2\/categories?post=299"},{"taxonomy":"post_tag","embeddable":true,"href":"https:\/\/www.ufsm.br\/cursos\/pos-graduacao\/santa-maria\/ppgcont\/wp-json\/wp\/v2\/tags?post=299"}],"curies":[{"name":"wp","href":"https:\/\/api.w.org\/{rel}","templated":true}]}}