{"id":301,"date":"2020-05-02T20:46:02","date_gmt":"2020-05-02T23:46:02","guid":{"rendered":"https:\/\/www.ufsm.br\/cursos\/pos-graduacao\/santa-maria\/ppgcont\/?page_id=301"},"modified":"2022-07-21T15:22:10","modified_gmt":"2022-07-21T18:22:10","slug":"atividades-de-ensino","status":"publish","type":"page","link":"https:\/\/www.ufsm.br\/cursos\/pos-graduacao\/santa-maria\/ppgcont\/atividades-de-ensino","title":{"rendered":"Atividades de Ensino"},"content":{"rendered":"\t\t<div data-elementor-type=\"wp-page\" data-elementor-id=\"301\" class=\"elementor elementor-301\">\n\t\t\t\t\t\t<section class=\"elementor-section elementor-top-section elementor-element elementor-element-7a8948e2 elementor-section-boxed elementor-section-height-default elementor-section-height-default\" data-id=\"7a8948e2\" data-element_type=\"section\">\n\t\t\t\t\t\t<div class=\"elementor-container elementor-column-gap-default\">\n\t\t\t\t\t<div class=\"elementor-column elementor-col-100 elementor-top-column elementor-element elementor-element-258197de\" data-id=\"258197de\" data-element_type=\"column\">\n\t\t\t<div class=\"elementor-widget-wrap elementor-element-populated\">\n\t\t\t\t\t\t<div class=\"elementor-element elementor-element-2a9f3dc4 elementor-widget elementor-widget-text-editor\" data-id=\"2a9f3dc4\" data-element_type=\"widget\" data-widget_type=\"text-editor.default\">\n\t\t\t\t<div class=\"elementor-widget-container\">\n\t\t\t\t\t\t\t<p><!-- wp:tadv\/classic-paragraph --><\/p>\n<p style=\"text-align: justify\">\u00a0 \u00a0 \u00a0 \u00a0 \u00a0 O Programa de P\u00f3s-gradua\u00e7\u00e3o em Ci\u00eancias Cont\u00e1beis promove, al\u00e9m das atividades de ensino relacionadas as disciplinas a serem cursadas pelos estudantes, as atividades de:<\/p>\n<p><!-- \/wp:tadv\/classic-paragraph --><\/p>\t\t\t\t\t\t<\/div>\n\t\t\t\t<\/div>\n\t\t\t\t\t<\/div>\n\t\t<\/div>\n\t\t\t\t\t<\/div>\n\t\t<\/section>\n\t\t\t\t<section class=\"elementor-section elementor-top-section elementor-element elementor-element-edd98a6 elementor-section-boxed elementor-section-height-default elementor-section-height-default\" data-id=\"edd98a6\" data-element_type=\"section\">\n\t\t\t\t\t\t<div class=\"elementor-container elementor-column-gap-default\">\n\t\t\t\t\t<div class=\"elementor-column elementor-col-100 elementor-top-column elementor-element elementor-element-48d8f89\" data-id=\"48d8f89\" data-element_type=\"column\">\n\t\t\t<div class=\"elementor-widget-wrap elementor-element-populated\">\n\t\t\t\t\t\t<div class=\"elementor-element elementor-element-eb6da48 elementor-widget elementor-widget-text-editor\" data-id=\"eb6da48\" data-element_type=\"widget\" data-widget_type=\"text-editor.default\">\n\t\t\t\t<div class=\"elementor-widget-container\">\n\t\t\t\t\t\t\t<h5><b>\u00a0 \u00a0 \u00a0 \u00a0 \u00a0 \u00a0\u2013 Doc\u00eancia Orientada<\/b><\/h5>\n<p style=\"text-align: justify\">\u00a0 \u00a0 \u00a0 \u00a0 \u00a0 A doc\u00eancia orientada \u00e9 a atividade de ensino que oportuniza ao estudante a possibilidade de realiza\u00e7\u00e3o de pr\u00e1tica docente em algum dos cursos de bacharelado da Universidade Federal de Santa Maria, atendidos pelo Departamento de Ci\u00eancias Cont\u00e1beis, mediante o acompanhamento do docente respons\u00e1vel por disciplina ofertada na gradua\u00e7\u00e3o.<\/p>\n<p style=\"text-align: justify\"><span style=\"font-family: 'Times New Roman', serif;font-size: 12pt\">\u00a0 \u00a0 \u00a0 \u00a0 \u00a0 Esta atividade permite ao mestrando desenvolver conhecimentos pr\u00e1ticos relacionados a elabora\u00e7\u00e3o do Plano de Ensino de uma determinada disciplina, de Planos de Aula, de Atividades Did\u00e1ticas de Doc\u00eancia no Ensino Superior, al\u00e9m do acompanhamento do seu orientador em Atividades de Orienta\u00e7\u00e3o Acad\u00eamica. A\u00e7\u00f5es estas que contribuem para a qualifica\u00e7\u00e3o de sua forma\u00e7\u00e3o docente.<\/span><\/p>\t\t\t\t\t\t<\/div>\n\t\t\t\t<\/div>\n\t\t\t\t<div class=\"elementor-element elementor-element-aa3e696 elementor-widget elementor-widget-text-editor\" data-id=\"aa3e696\" data-element_type=\"widget\" data-widget_type=\"text-editor.default\">\n\t\t\t\t<div class=\"elementor-widget-container\">\n\t\t\t\t\t\t\t<h5><b>\u00a0 \u00a0 \u00a0 \u00a0 \u00a0 \u2013 Oficinas de Ensino e Pesquisa<\/b><\/h5>\n<p style=\"text-align: justify\">\u00a0 \u00a0 \u00a0 \u00a0 \u00a0 As Oficinas de Ensino e Pesquisa s\u00e3o as atividades de ensino que oportunizam ao estudante a possibilidade de realiza\u00e7\u00e3o de cursos de aperfei\u00e7oamento, que estimulem o desenvolvimento de habilidades necess\u00e1rias ao exerc\u00edcio da doc\u00eancia e a qualifica\u00e7\u00e3o das pesquisas acad\u00eamicas realizadas, bem como a capacidade de comunica\u00e7\u00e3o oral e escrita do estudante.\u00a0 \u00a0<\/p>\n<p style=\"text-align: justify\"><span style=\"font-family: 'Times New Roman', serif;font-size: 12pt\">\u00a0 \u00a0 \u00a0 \u00a0 \u00a0 Constituem-se tais atividades, as Oficinas de Linguagem e Produ\u00e7\u00e3o de Texto, Oficinas de Elabora\u00e7\u00e3o de Artigos Cient\u00edficos, Oficinas de M\u00e9todos Quantitativos, Oficinas de Comunica\u00e7\u00e3o Oral e Apresenta\u00e7\u00e3o de Trabalhos, Oficinas de Softwares e Recursos Tecnol\u00f3gicos, entre outras atividades demandadas pelos estudantes para o seu desenvolvimento intelectual.<\/span><\/p>\t\t\t\t\t\t<\/div>\n\t\t\t\t<\/div>\n\t\t\t\t<div class=\"elementor-element elementor-element-60ebaad elementor-widget elementor-widget-text-editor\" data-id=\"60ebaad\" data-element_type=\"widget\" data-widget_type=\"text-editor.default\">\n\t\t\t\t<div class=\"elementor-widget-container\">\n\t\t\t\t\t\t\t<h5><b>\u00a0 \u00a0 \u00a0 \u00a0 \u00a0 \u2013 Semin\u00e1rios de Estudos Tem\u00e1ticos<\/b><\/h5>\n<p style=\"text-align: justify\">\u00a0 \u00a0 \u00a0 \u00a0 \u00a0 Os Semin\u00e1rios de Estudos Tem\u00e1ticos s\u00e3o as atividades de ensino promovidas pelo PPGCC que contam com a participa\u00e7\u00e3o de docentes pesquisadores de Programas de P\u00f3s-gradua\u00e7\u00e3o de institui\u00e7\u00f5es parceiras, nacionais e internacionais, com o objetivo de apresentar e debater problemas sociais e pr\u00e1ticos, oportunidades de investiga\u00e7\u00e3o e o desenvolvimento de novas pesquisas, de forma integrada e de maneira colaborativa.<\/p>\n<p style=\"text-align: justify\"><span style=\"font-family: 'Times New Roman', serif;font-size: 12pt\">\u00a0 \u00a0 \u00a0 \u00a0 \u00a0 Constitui-se um meio de aproxima\u00e7\u00e3o entre discentes e docentes da comunidade acad\u00eamica, e um mecanismo de solidariedade entre os programas envolvidos, para a promo\u00e7\u00e3o de estudos e pesquisas em tem\u00e1ticas de interesse comum. A realiza\u00e7\u00e3o de tais atividades contribui para a estrutura\u00e7\u00e3o de uma importante rede colaborativa de ensino e pesquisa em Ci\u00eancias Cont\u00e1beis, abrangendo PPGs da \u00e1rea em n\u00edvel nacional e internacional.<\/span><\/p>\t\t\t\t\t\t<\/div>\n\t\t\t\t<\/div>\n\t\t\t\t<div class=\"elementor-element elementor-element-dfd2a89 elementor-widget elementor-widget-text-editor\" data-id=\"dfd2a89\" data-element_type=\"widget\" data-widget_type=\"text-editor.default\">\n\t\t\t\t<div class=\"elementor-widget-container\">\n\t\t\t\t\t\t\t<h5><b>\u00a0 \u00a0 \u00a0 \u00a0 \u00a0 \u2013 Viv\u00eancias em Pr\u00e1ticas Acad\u00eamicas e Empresariais<\/b><\/h5>\n<p style=\"text-align: justify\">\u00a0 \u00a0 \u00a0 \u00a0 \u00a0 As Viv\u00eancias em Pr\u00e1ticas Acad\u00eamicas e Empresariais s\u00e3o as atividades de ensino promovidas pelo PPGCC que contam com a participa\u00e7\u00e3o de gestores de organiza\u00e7\u00f5es privadas e p\u00fablicas, com ou sem fins lucrativos, que apresentam <i>cases<\/i> pr\u00e1ticos que contribuem para a reflex\u00e3o e o desenvolvimento intelectual dos estudantes, sobre problemas reais, sociais e pr\u00e1ticos inseridos no contexto de atua\u00e7\u00e3o das organiza\u00e7\u00f5es e no ambiente de gest\u00e3o.<\/p>\n<p style=\"text-align: justify\"><span style=\"color: black;font-size: 1rem\">\u00a0 \u00a0 \u00a0 \u00a0 \u00a0 Constitui-se um mecanismo de est\u00edmulo \u00e0 inser\u00e7\u00e3o dos estudantes nos problemas reais encontrados na sociedade e no ambiente organizacional. Busca-se promover a cidadania e o papel social dos egressos do PPGCC na sociedade. Esta atividade permite ao mestrando compreender a necessidade de qualifica\u00e7\u00e3o e desenvolvimento pessoal, e o desenvolvimento da capacidade de resolu\u00e7\u00e3o de problemas, para atua\u00e7\u00e3o resolutiva nas organiza\u00e7\u00f5es e sociedade, contribuindo para o seu fortalecimento e sua sustentabilidade.<\/span><\/p>\n<p style=\"text-align: justify\"><span style=\", serif;color: black;font-size: 12pt\">\u00a0 \u00a0 \u00a0 \u00a0 \u00a0 As Viv\u00eancias em Pr\u00e1ticas Acad\u00eamicas e Empresariais tamb\u00e9m promovem o contato dos estudantes com a comunidade em geral, a partir de sua participa\u00e7\u00e3o nos Projetos Sociais de Atendimento a Comunidade mantidos pelo PPGCC, os quais contribuem para a socializa\u00e7\u00e3o de informa\u00e7\u00f5es e a transfer\u00eancia de conhecimentos \u00e0 sociedade, cumprindo a fun\u00e7\u00e3o social do Programa. O prop\u00f3sito destas atividades \u00e9 o fortalecimento das entidades assistidas e a sustentabilidade organizacional, com <\/span><span style=\", serif;color: black;font-size: 12pt\">solu\u00e7\u00f5es e estrat\u00e9gias que englobem os pilares econ\u00f4micos, sociais e ambientais.<\/span><span style=\", serif;color: black;font-size: 12pt\"> Tais a\u00e7\u00f5es, por apresentarem car\u00e1ter te\u00f3rico-pr\u00e1tico, promovem a inser\u00e7\u00e3o social do Programa e oportunizam retorno \u00e0 sociedade.<\/span><\/p>\t\t\t\t\t\t<\/div>\n\t\t\t\t<\/div>\n\t\t\t\t\t<\/div>\n\t\t<\/div>\n\t\t\t\t\t<\/div>\n\t\t<\/section>\n\t\t\t\t<section class=\"elementor-section elementor-top-section elementor-element elementor-element-4b0cd20 elementor-section-boxed elementor-section-height-default elementor-section-height-default\" data-id=\"4b0cd20\" data-element_type=\"section\">\n\t\t\t\t\t\t<div class=\"elementor-container elementor-column-gap-default\">\n\t\t\t\t\t<div class=\"elementor-column elementor-col-100 elementor-top-column elementor-element elementor-element-058b6f5\" data-id=\"058b6f5\" data-element_type=\"column\">\n\t\t\t<div class=\"elementor-widget-wrap elementor-element-populated\">\n\t\t\t\t\t\t<div class=\"elementor-element elementor-element-997d3da elementor-widget elementor-widget-text-editor\" data-id=\"997d3da\" data-element_type=\"widget\" data-widget_type=\"text-editor.default\">\n\t\t\t\t<div class=\"elementor-widget-container\">\n\t\t\t\t\t\t\t<p style=\"text-align: justify\"><span style=\"font-size: 12.0pt\">\u00a0 \u00a0 \u00a0 \u00a0 \u00a0 Este conjunto de atividades de ensino desenvolvidas pelo PPGCC buscam promover o alcance dos objetivos do Programa e a forma\u00e7\u00e3o de profissionais alinhada ao perfil do egresso desejado.<\/span><\/p>\t\t\t\t\t\t<\/div>\n\t\t\t\t<\/div>\n\t\t\t\t\t<\/div>\n\t\t<\/div>\n\t\t\t\t\t<\/div>\n\t\t<\/section>\n\t\t\t\t<\/div>\n\t\t","protected":false},"excerpt":{"rendered":"<p>\u00a0 \u00a0 \u00a0 \u00a0 \u00a0 O Programa de P\u00f3s-gradua\u00e7\u00e3o em Ci\u00eancias Cont\u00e1beis promove, al\u00e9m das atividades de ensino relacionadas as disciplinas a serem cursadas pelos estudantes, as atividades de: \u00a0 \u00a0 \u00a0 \u00a0 \u00a0 \u00a0\u2013 Doc\u00eancia Orientada \u00a0 \u00a0 \u00a0 \u00a0 \u00a0 A doc\u00eancia orientada \u00e9 a atividade de ensino que oportuniza ao estudante a [&hellip;]<\/p>\n","protected":false},"author":2721,"featured_media":0,"parent":0,"menu_order":0,"comment_status":"closed","ping_status":"closed","template":"","meta":{"footnotes":""},"categories":[],"tags":[],"class_list":["post-301","page","type-page","status-publish","hentry"],"acf":[],"_links":{"self":[{"href":"https:\/\/www.ufsm.br\/cursos\/pos-graduacao\/santa-maria\/ppgcont\/wp-json\/wp\/v2\/pages\/301","targetHints":{"allow":["GET"]}}],"collection":[{"href":"https:\/\/www.ufsm.br\/cursos\/pos-graduacao\/santa-maria\/ppgcont\/wp-json\/wp\/v2\/pages"}],"about":[{"href":"https:\/\/www.ufsm.br\/cursos\/pos-graduacao\/santa-maria\/ppgcont\/wp-json\/wp\/v2\/types\/page"}],"author":[{"embeddable":true,"href":"https:\/\/www.ufsm.br\/cursos\/pos-graduacao\/santa-maria\/ppgcont\/wp-json\/wp\/v2\/users\/2721"}],"replies":[{"embeddable":true,"href":"https:\/\/www.ufsm.br\/cursos\/pos-graduacao\/santa-maria\/ppgcont\/wp-json\/wp\/v2\/comments?post=301"}],"version-history":[{"count":0,"href":"https:\/\/www.ufsm.br\/cursos\/pos-graduacao\/santa-maria\/ppgcont\/wp-json\/wp\/v2\/pages\/301\/revisions"}],"wp:attachment":[{"href":"https:\/\/www.ufsm.br\/cursos\/pos-graduacao\/santa-maria\/ppgcont\/wp-json\/wp\/v2\/media?parent=301"}],"wp:term":[{"taxonomy":"category","embeddable":true,"href":"https:\/\/www.ufsm.br\/cursos\/pos-graduacao\/santa-maria\/ppgcont\/wp-json\/wp\/v2\/categories?post=301"},{"taxonomy":"post_tag","embeddable":true,"href":"https:\/\/www.ufsm.br\/cursos\/pos-graduacao\/santa-maria\/ppgcont\/wp-json\/wp\/v2\/tags?post=301"}],"curies":[{"name":"wp","href":"https:\/\/api.w.org\/{rel}","templated":true}]}}