{"id":305,"date":"2020-05-03T14:50:09","date_gmt":"2020-05-03T17:50:09","guid":{"rendered":"https:\/\/www.ufsm.br\/cursos\/pos-graduacao\/santa-maria\/ppgcont\/?page_id=305"},"modified":"2022-07-26T09:56:30","modified_gmt":"2022-07-26T12:56:30","slug":"cooperacao-interinstitucional","status":"publish","type":"page","link":"https:\/\/www.ufsm.br\/cursos\/pos-graduacao\/santa-maria\/ppgcont\/cooperacao-interinstitucional","title":{"rendered":"Coopera\u00e7\u00e3o Interinstitucional"},"content":{"rendered":"<h5><b>\u2013 <\/b><b>Conv\u00eanios UFSM<\/b><\/h5>\n<p style=\"text-align: justify\">A Coordenadoria de Projetos e Conv\u00eanios (COPROC) da Pr\u00f3-Reitoria\u00a0de Planejamento (PROPLAN) da Universidade Federal de Santa Maria (UFSM) \u00e9 o\u00a0\u00f3rg\u00e3o de apoio institucional para a formaliza\u00e7\u00e3o de Acordos de Coopera\u00e7\u00e3o\u00a0Interinstitucional.\u00a0A COPROC \u00e9 respons\u00e1vel por:<\/p>\n<p>I. Orientar, elaborar, acompanhar, tramitar e guardar\u00a0Conv\u00eanios, Acordos, Protocolos e instrumentos cong\u00eaneres de toda a UFSM;<\/p>\n<p>II. Proceder levantamentos peri\u00f3dicos dos dados e\u00a0informa\u00e7\u00f5es necess\u00e1rios ao controle de Conv\u00eanios;<\/p>\n<p>III. Manter atualizado o Cadastro de Conv\u00eanios;<\/p>\n<p>IV. Auxiliar no esclarecimento de d\u00favidas quanto a\u00a0procedimentos e \u00e0 legisla\u00e7\u00e3o.<\/p>\n<p style=\"text-align: justify\">Os Conv\u00eanios Interinstitucionais estabelecidos atuam como\u00a0mecanismo de integra\u00e7\u00e3o e desenvolvimento da Universidade proporcionando o alcance de objetivos comuns \u00e0 sociedade. Conv\u00eanios e Acordos t\u00eam proporcionado\u00a0\u00e0 comunidade acad\u00eamica oportunidades de interc\u00e2mbio, desenvolvimento de\u00a0projetos de ensino, pesquisa, extens\u00e3o e desenvolvimento institucional em\u00a0parceria com institui\u00e7\u00f5es cong\u00eaneres, organismos nacionais e internacionais.<\/p>\n<p>Para acessar a p\u00e1gina da COPROC\/PROPLAN\/UFSM:\u00a0<a style=\"font-size: 1rem;background-color: #ffffff\" href=\"https:\/\/www.ufsm.br\/pro-reitorias\/proplan\/coproc\/\" target=\"_blank\" rel=\"noopener\">clique aqui<\/a><\/p>\n<p>Para consultar os Conv\u00eanios Nacionais vigentes:\u00a0<a href=\"https:\/\/www.ufsm.br\/pro-reitorias\/proplan\/conceitos-convenios\/\">clique aqui<\/a><\/p>\n<p>Para consultar os Conv\u00eanios Internacionais vigentes:\u00a0<a href=\"https:\/\/www.ufsm.br\/orgaos-de-apoio\/sai\/convenios-bilaterais-ativos\/\">clique aqui<\/a><\/p>\n<h5><b>\u2013 <\/b><b>Conv\u00eanios Nacionais Espec\u00edficos<\/b><\/h5>\n<p style=\"text-align: justify\">O Programa de P\u00f3s-gradua\u00e7\u00e3o em Ci\u00eancias Cont\u00e1beis da Universidade Federal de Santa Maria nasce fortalecido com o apoio institucional de Programas coirm\u00e3os e a estrutura\u00e7\u00e3o de uma Rede Colaborativa de Ensino e Pesquisa, que busca promover o ensino, a pesquisa e a extens\u00e3o na \u00e1rea de Ci\u00eancias Cont\u00e1beis, no Brasil e nos Pa\u00edses vizinhos.<\/p>\n<p style=\"text-align: justify\">O estabelecimento de redes colaborativas de pesquisa \u00e9 um dos objetivos institucionais estabelecidos pela UFSM. Portanto, a realiza\u00e7\u00e3o dos Acordos de Coopera\u00e7\u00e3o estabelecidos pelo PPGCC contribui a este fim.<\/p>\n<p style=\"text-align: justify\">Docentes do PPGCC interagem com pesquisadores de diferentes institui\u00e7\u00f5es, que tamb\u00e9m participam dos Grupos de Pesquisa institu\u00eddos no Programa. Alguns dos Acordos de Coopera\u00e7\u00e3o estabelecidos para a promo\u00e7\u00e3o da P\u00f3s-gradua\u00e7\u00e3o Stricto Sensu em Ci\u00eancias Cont\u00e1beis s\u00e3o:<\/p>\n<p style=\"text-align: justify\">\u2013 Conv\u00eanio celebrado com o Programa de P\u00f3s-gradua\u00e7\u00e3o em Ci\u00eancias Cont\u00e1beis da Universidade Federal do Esp\u00edrito Santo (UFES) &#8211; Primeiro Termo Aditivo ao Protocolo de Inten\u00e7\u00f5es n\u00ba 01\/2016 (vig\u00eancia 2019 a 2021), em fase de renova\u00e7\u00e3o para o per\u00edodo de 2021 a 2026.<\/p>\n<p style=\"text-align: justify\">\u2013 Conv\u00eanio celebrado com o Programa de P\u00f3s-gradua\u00e7\u00e3o em Contabilidade da Universidade Federal do Rio Grande (FURG) (vig\u00eancia 2019 a 2024).<\/p>\n<p style=\"text-align: justify\">\u2013 Conv\u00eanio celebrado com o Programa de P\u00f3s-gradua\u00e7\u00e3o em Controladoria e Contabilidade da Universidade Federal do Rio Grande do Sul (UFRGS) (vig\u00eancia 2019 a 2024).<\/p>\n<p style=\"text-align: justify\">\u2013 Conv\u00eanio celebrado com o Programa de P\u00f3s-gradua\u00e7\u00e3o em Ci\u00eancias Cont\u00e1beis da Universidade do Vale do Rio dos Sinos (UNISINOS) (vig\u00eancia 2015 a 2019, renovado em 2020, com vig\u00eancia at\u00e9 2025).<\/p>\n<p style=\"text-align: justify\">\u2013 Conv\u00eanio celebrado com o Programa de P\u00f3s-gradua\u00e7\u00e3o em Ci\u00eancias Cont\u00e1beis e Administra\u00e7\u00e3o da Universidade Comunit\u00e1ria da Regi\u00e3o de Chapec\u00f3 (UNOCHAPEC\u00d3) (vig\u00eancia 2019 a 2024).<\/p>\n<p style=\"text-align: justify\">Al\u00e9m destes Conv\u00eanios espec\u00edficos para a \u00e1rea de Ci\u00eancias Cont\u00e1beis, encontra-se em fase de tramita\u00e7\u00e3o interna para formaliza\u00e7\u00e3o, Conv\u00eanio a ser celebrado com o Programa de P\u00f3s-gradua\u00e7\u00e3o em Ci\u00eancias Cont\u00e1beis da Universidade Regional de Blumenau (FURB) (vig\u00eancia 2021 a 2024).<\/p>\n<p style=\"text-align: justify\">O principal objetivo destes Acordos de Coopera\u00e7\u00e3o \u00e9 a promo\u00e7\u00e3o e o desenvolvimento da P\u00f3s-gradua\u00e7\u00e3o Stricto Sensu em Ci\u00eancias Cont\u00e1beis, por meio de atividades de ensino, pesquisa, extens\u00e3o e internacionaliza\u00e7\u00e3o.<\/p>\n<p style=\"text-align: justify\">S\u00e3o tomadas as seguintes formas de realizar intera\u00e7\u00f5es acad\u00eamicas entre o PPGCC e os Programas Conveniados:<\/p>\n<p>I. Interc\u00e2mbio de docentes, pesquisadores e estudantes;<\/p>\n<p>II. Desenvolvimento conjunto de projetos e pesquisas;<\/p>\n<p>III. Organiza\u00e7\u00e3o de cursos, semin\u00e1rios, simp\u00f3sios e workshops;<\/p>\n<p>IV. Elabora\u00e7\u00e3o de artigos cient\u00edficos e outras publica\u00e7\u00f5es.<\/p>\n<p style=\"text-align: justify\">Decorrente dos Acordos de Coopera\u00e7\u00e3o estabelecidos, est\u00e3o sendo desenvolvidos tr\u00eas projetos de pesquisa com fomento externo, o que contribui para o fortalecimento da Rede de Pesquisa integrada entre estas institui\u00e7\u00f5es, o alcance dos objetivos institucionais e a consolida\u00e7\u00e3o dos grupos de pesquisa.<\/p>\n<p style=\"text-align: justify\">Outros Acordos de Coopera\u00e7\u00e3o foram firmados entre a UFSM e institui\u00e7\u00f5es de ensino parceiras, em \u00e2mbito nacional e internacional, os quais s\u00e3o extensivos a todos os programas, cursos, docentes e discentes da institui\u00e7\u00e3o que, quando interessados, poder\u00e3o promover a\u00e7\u00f5es de ensino e pesquisa em todas as \u00e1reas do conhecimento, mediante o estabelecimento de um Plano de Trabalho espec\u00edfico, aprovado entre as partes relacionadas.<\/p>\n<h5><b>\u2013 Parcerias Regionais<\/b><\/h5>\n<p style=\"text-align: justify\">O Programa de P\u00f3s-gradua\u00e7\u00e3o em Ci\u00eancias Cont\u00e1beis, juntamente com o Departamento de Ci\u00eancias Cont\u00e1beis da Universidade Federal de Santa Maria, mant\u00e9m em funcionamento tr\u00eas Projetos Sociais de apoio a comunidade regional.<\/p>\n<p style=\"text-align: justify\">Os Projetos desenvolvidos tem por objetivo contribuir para com o fortalecimento das entidades assistidas, a partir da qualifica\u00e7\u00e3o de seus processos de gest\u00e3o e do atendimento as obriga\u00e7\u00f5es fiscais a ela aplicadas. Os resultados esperados est\u00e3o relacionados a sensibiliza\u00e7\u00e3o das entidades, gestores e membros da comunidade atendida, sobre a import\u00e2ncia e necessidade de qualifica\u00e7\u00e3o dos processos de gest\u00e3o organizacional, para a sustentabilidade dos neg\u00f3cios.<\/p>\n<p style=\"text-align: justify\">Docentes do PPGCC tamb\u00e9m atuam como parceiros em projetos sociais desenvolvidos na comunidade, ministrando palestras, cursos e prestando atendimentos com orienta\u00e7\u00e3o sobre temas envoltos a \u00e1rea de expertise de atua\u00e7\u00e3o do programa \u201cControladoria, Governan\u00e7a e Sustentabilidade\u201d, no contexto de inser\u00e7\u00e3o da Contabilidade.<\/p>\n<p style=\"text-align: justify\">S\u00e3o parceiros nesses projetos e atividades desenvolvidas Empresas e Entidades Organizadas da Sociedade Civil inscritas para receberem este atendimento, a EMATER e as Prefeituras, atrav\u00e9s das Secretarias de Agricultura e Meio Ambiente, de munic\u00edpios localizados na regi\u00e3o da Quarta Col\u00f4nia de Imigra\u00e7\u00e3o Italiana do Estado do Rio Grande do Sul, e a Secretaria de Gest\u00e3o e Moderniza\u00e7\u00e3o Administrativa do munic\u00edpio de Santa Maria.<\/p>\n<h5><b>\u2013 Organiza\u00e7\u00e3o Conjunta de Eventos<\/b><\/h5>\n<p style=\"text-align: justify\">Decorrente do Acordo de Coopera\u00e7\u00e3o firmado com a Facultad de Ciencias Econ\u00f3micas da Universidad Nacional del Litoral (UNL), os docentes do PPGCC promoveram o I Semin\u00e1rio Internacional em Controladoria, Governan\u00e7a e Sustentabilidade. A segunda Edi\u00e7\u00e3o do Evento est\u00e1 agendada para ser realizada em 2021.<\/p>\n<p style=\"text-align: justify\">O PPGCC tamb\u00e9m \u00e9 parceiro na organiza\u00e7\u00e3o anual do F\u00f3rum Internacional Ecoinovar. A partir da Edi\u00e7\u00e3o de 2019, um Eixo Tem\u00e1tico de Contabilidade foi incorporado ao Evento, com Tracks relacionados a: Contabilidade Financeira e Governan\u00e7a Corporativa; Contabilidade Ambiental e Relat\u00f3rios Sociais; Contabilidade Governamental e Terceiro Setor; Controladoria e Controle Gerencial; e, Temas Emergentes em Contabilidade.<\/p>\n<p style=\"text-align: justify\">O PPGCC atua como parceiro tamb\u00e9m na organiza\u00e7\u00e3o e comiss\u00e3o cient\u00edfica da Jornada Acad\u00eamica de Governan\u00e7a. O evento une as pesquisas cient\u00edficas de diferentes institui\u00e7\u00f5es com as demandas de mercado, por meio do Cap\u00edtulo Sul do Instituto Brasileiro de Governan\u00e7a Corporativa (IBGC). Trata-se de evento interinstitucional, refor\u00e7ando a colabora\u00e7\u00e3o entre Institui\u00e7\u00f5es de Ensino e pesquisadores. Em 2020 as institui\u00e7\u00f5es de ensino que atuaram na organiza\u00e7\u00e3o do evento foram: PUCRS &#8211; Pontif\u00edcia Universidade Cat\u00f3lica do Rio Grande do Sul; UNISINOS &#8211; Universidade do Vale do Rio dos Sinos; UFRGS &#8211; Universidade Federal do Rio Grande do Sul; UFSM &#8211; Universidade Federal de Santa Maria; UCS &#8211; Universidade de Caxias do Sul; e, ESPM &#8211; Escola Superior de Propaganda e Marketing.<\/p>\n<p style=\"text-align: justify\">Al\u00e9m destes eventos, Workshops tem\u00e1ticos de Pesquisa em Ci\u00eancias Cont\u00e1beis s\u00e3o promovidos regularmente com a participa\u00e7\u00e3o de pesquisadores de diferentes institui\u00e7\u00f5es nacionais e internacionais, com o prop\u00f3sito de estimular a inicia\u00e7\u00e3o cient\u00edfica e a pesquisa em Ci\u00eancias Cont\u00e1beis, bem como o aprimoramento das pesquisas desenvolvidas no Programa e o estabelecimento de prof\u00edcuas redes de investiga\u00e7\u00e3o colaborativa.<\/p>\n<p style=\"text-align: justify\">Docentes do PPGCC que tamb\u00e9m desenvolvem atividades acad\u00eamicas junto ao Curso de Ci\u00eancias Cont\u00e1beis da UFSM atuam como parceiros em atividades formalizadas via acordo de coopera\u00e7\u00e3o com o Conselho Regional de Contabilidade (CRC\/RS), buscando conjugar esfor\u00e7os para a realiza\u00e7\u00e3o de eventos que tenham cond\u00e3o de agregar profissionais, estudantes e professores, de forma a ampliar o espectro de atua\u00e7\u00e3o cont\u00e1bil.<\/p>\n<h5 style=\"text-align: justify\"><b>\u2013 Outras Participa\u00e7\u00f5es<\/b><\/h5>\n<p style=\"text-align: justify\">Docentes do PPGCC tamb\u00e9m atuam como Revisores em Eventos e Peri\u00f3dicos, e participam de Coordena\u00e7\u00f5es de Se\u00e7\u00f5es em Eventos da \u00e1rea. Tamb\u00e9m interagem com docentes de outros programas a partir da participa\u00e7\u00e3o em bancas de qualifica\u00e7\u00e3o e defesa de disserta\u00e7\u00f5es e teses, em f\u00f3runs de discuss\u00f5es e debates, bem como a partir do desenvolvimento de projetos e pesquisas de maneira colaborativa.<\/p>\n<p style=\"text-align: justify\">\u00c9 um dos objetivos do Planejamento Estrat\u00e9gico do Programa a promo\u00e7\u00e3o de uma Rede de Investiga\u00e7\u00e3o Colaborativa na \u00e1rea de Ci\u00eancias Cont\u00e1beis, raz\u00e3o pela qual o PPGCC preocupa-se em promover workshops tem\u00e1ticos e semin\u00e1rios de pesquisa envolvendo a participa\u00e7\u00e3o de docentes externos ao programa, bem como em atividades de ensino ministradas e de pesquisa realizadas, al\u00e9m da participa\u00e7\u00e3o de docentes externos ao programa em bancas de qualifica\u00e7\u00e3o e defesa de disserta\u00e7\u00e3o.<\/p>\n","protected":false},"excerpt":{"rendered":"<p>\u2013 Conv\u00eanios UFSM A Coordenadoria de Projetos e Conv\u00eanios (COPROC) da Pr\u00f3-Reitoria\u00a0de Planejamento (PROPLAN) da Universidade Federal de Santa Maria (UFSM) \u00e9 o\u00a0\u00f3rg\u00e3o de apoio institucional para a formaliza\u00e7\u00e3o de Acordos de Coopera\u00e7\u00e3o\u00a0Interinstitucional.\u00a0A COPROC \u00e9 respons\u00e1vel por: I. Orientar, elaborar, acompanhar, tramitar e guardar\u00a0Conv\u00eanios, Acordos, Protocolos e instrumentos cong\u00eaneres de toda a UFSM; II. Proceder [&hellip;]<\/p>\n","protected":false},"author":2721,"featured_media":0,"parent":0,"menu_order":0,"comment_status":"closed","ping_status":"closed","template":"","meta":{"footnotes":""},"categories":[],"tags":[],"class_list":["post-305","page","type-page","status-publish","hentry"],"acf":[],"_links":{"self":[{"href":"https:\/\/www.ufsm.br\/cursos\/pos-graduacao\/santa-maria\/ppgcont\/wp-json\/wp\/v2\/pages\/305","targetHints":{"allow":["GET"]}}],"collection":[{"href":"https:\/\/www.ufsm.br\/cursos\/pos-graduacao\/santa-maria\/ppgcont\/wp-json\/wp\/v2\/pages"}],"about":[{"href":"https:\/\/www.ufsm.br\/cursos\/pos-graduacao\/santa-maria\/ppgcont\/wp-json\/wp\/v2\/types\/page"}],"author":[{"embeddable":true,"href":"https:\/\/www.ufsm.br\/cursos\/pos-graduacao\/santa-maria\/ppgcont\/wp-json\/wp\/v2\/users\/2721"}],"replies":[{"embeddable":true,"href":"https:\/\/www.ufsm.br\/cursos\/pos-graduacao\/santa-maria\/ppgcont\/wp-json\/wp\/v2\/comments?post=305"}],"version-history":[{"count":0,"href":"https:\/\/www.ufsm.br\/cursos\/pos-graduacao\/santa-maria\/ppgcont\/wp-json\/wp\/v2\/pages\/305\/revisions"}],"wp:attachment":[{"href":"https:\/\/www.ufsm.br\/cursos\/pos-graduacao\/santa-maria\/ppgcont\/wp-json\/wp\/v2\/media?parent=305"}],"wp:term":[{"taxonomy":"category","embeddable":true,"href":"https:\/\/www.ufsm.br\/cursos\/pos-graduacao\/santa-maria\/ppgcont\/wp-json\/wp\/v2\/categories?post=305"},{"taxonomy":"post_tag","embeddable":true,"href":"https:\/\/www.ufsm.br\/cursos\/pos-graduacao\/santa-maria\/ppgcont\/wp-json\/wp\/v2\/tags?post=305"}],"curies":[{"name":"wp","href":"https:\/\/api.w.org\/{rel}","templated":true}]}}