{"id":306,"date":"2020-05-03T14:51:41","date_gmt":"2020-05-03T17:51:41","guid":{"rendered":"https:\/\/www.ufsm.br\/cursos\/pos-graduacao\/santa-maria\/ppgcont\/?page_id=306"},"modified":"2022-07-26T10:00:51","modified_gmt":"2022-07-26T13:00:51","slug":"mobilidade-academica","status":"publish","type":"page","link":"https:\/\/www.ufsm.br\/cursos\/pos-graduacao\/santa-maria\/ppgcont\/mobilidade-academica","title":{"rendered":"Mobilidade Acad\u00eamica"},"content":{"rendered":"\n<p style=\"text-align: justify\">\u00a0 \u00a0 \u00a0O Programa de P\u00f3s-gradua\u00e7\u00e3o em Ci\u00eancias Cont\u00e1beis da Universidade Federal de Santa Maria incentiva a mobilidade acad\u00eamica de seus estudantes. Para tanto, diversos Acordos de Coopera\u00e7\u00e3o foram firmados com Programas de P\u00f3s-gradua\u00e7\u00e3o em Ci\u00eancias Cont\u00e1beis de outras institui\u00e7\u00f5es de ensino no Pa\u00eds, os quais oportunizam aos Mestrandos do PPGCC realizarem atividades de ensino e pesquisa nos Programas Conveniados, ao mesmo tempo que permite aos estudantes dos Programas Conveniados, a participa\u00e7\u00e3o em atividades de ensino e pesquisa no PPGCC. Da mesma forma, o PPGCC incentiva seus mestrandos a realiza\u00e7\u00e3o de interc\u00e2mbio e per\u00edodo de estudos internacionais em Programas Conveniados.<\/p>\n<p style=\"text-align: justify\">\u00a0 \u00a0 \u00a0O PPGCC est\u00e1 aberto a realiza\u00e7\u00e3o de novas parcerias e o estabelecimento de novos Acordos de Coopera\u00e7\u00e3o, nacionais e internacionais, de modo a viabilizar a mobilidade acad\u00eamica de seus discentes e a promo\u00e7\u00e3o de atividades de ensino e pesquisa junto a discentes e docentes do PPGCC e Programas parceiros. Os Conv\u00eanios estabelecidos atuam como mecanismos de integra\u00e7\u00e3o e desenvolvimento da Universidade, proporcionando o alcance de objetivos comuns \u00e0 sociedade. Os Conv\u00eanios e Acordos de Coopera\u00e7\u00e3o firmados entre a UFSM e as institui\u00e7\u00f5es parceiras t\u00eam proporcionado \u00e0 comunidade acad\u00eamica oportunidades de interc\u00e2mbio, o desenvolvimento de projetos de ensino, pesquisa, extens\u00e3o e o desenvolvimento institucional, a partir de a\u00e7\u00f5es colaborativas.<\/p>\n<p style=\"text-align: justify\">\u00a0 \u00a0 \u00a0Os \u00f3rg\u00e3os de apoio ao estabelecimento de Conv\u00eanios e Acordos de Coopera\u00e7\u00e3o e de orienta\u00e7\u00e3o para a realiza\u00e7\u00e3o de interc\u00e2mbios internacionais na UFSM s\u00e3o:<\/p>\n<p>&#8211; Coordenadoria de Projetos e Conv\u00eanios (COPROC); e,<\/p>\n<p>&#8211; Secretaria de Apoio Internacional (SAI)<\/p>\n<p>A lista de Conv\u00eanios vigentes com a UFSM pode ser acessada <a href=\"https:\/\/www.ufsm.br\/pro-reitorias\/proplan\/coproc\/\">clicando aqui<\/a>.<\/p>\n<p>A lista de Acordos Bilaterais firmados entre a UFSM e institui\u00e7\u00f5es de ensino estrangeiras pode ser acessada <a href=\"https:\/\/www.ufsm.br\/orgaos-de-apoio\/sai\/\">clicando aqui<\/a>.<\/p>\n<p style=\"text-align: justify\">\u00a0 \u00a0 \u00a0Maiores informa\u00e7\u00f5es sobre Mobilidade Acad\u00eamica no PPGCC podem ser obtidas com a Secretaria do Programa.<\/p>\n\n\n\n<p><\/p>\n","protected":false},"excerpt":{"rendered":"<p>\u00a0 \u00a0 \u00a0O Programa de P\u00f3s-gradua\u00e7\u00e3o em Ci\u00eancias Cont\u00e1beis da Universidade Federal de Santa Maria incentiva a mobilidade acad\u00eamica de seus estudantes. Para tanto, diversos Acordos de Coopera\u00e7\u00e3o foram firmados com Programas de P\u00f3s-gradua\u00e7\u00e3o em Ci\u00eancias Cont\u00e1beis de outras institui\u00e7\u00f5es de ensino no Pa\u00eds, os quais oportunizam aos Mestrandos do PPGCC realizarem atividades de ensino [&hellip;]<\/p>\n","protected":false},"author":2721,"featured_media":0,"parent":0,"menu_order":0,"comment_status":"closed","ping_status":"closed","template":"","meta":{"footnotes":""},"categories":[],"tags":[],"class_list":["post-306","page","type-page","status-publish","hentry"],"acf":[],"_links":{"self":[{"href":"https:\/\/www.ufsm.br\/cursos\/pos-graduacao\/santa-maria\/ppgcont\/wp-json\/wp\/v2\/pages\/306","targetHints":{"allow":["GET"]}}],"collection":[{"href":"https:\/\/www.ufsm.br\/cursos\/pos-graduacao\/santa-maria\/ppgcont\/wp-json\/wp\/v2\/pages"}],"about":[{"href":"https:\/\/www.ufsm.br\/cursos\/pos-graduacao\/santa-maria\/ppgcont\/wp-json\/wp\/v2\/types\/page"}],"author":[{"embeddable":true,"href":"https:\/\/www.ufsm.br\/cursos\/pos-graduacao\/santa-maria\/ppgcont\/wp-json\/wp\/v2\/users\/2721"}],"replies":[{"embeddable":true,"href":"https:\/\/www.ufsm.br\/cursos\/pos-graduacao\/santa-maria\/ppgcont\/wp-json\/wp\/v2\/comments?post=306"}],"version-history":[{"count":0,"href":"https:\/\/www.ufsm.br\/cursos\/pos-graduacao\/santa-maria\/ppgcont\/wp-json\/wp\/v2\/pages\/306\/revisions"}],"wp:attachment":[{"href":"https:\/\/www.ufsm.br\/cursos\/pos-graduacao\/santa-maria\/ppgcont\/wp-json\/wp\/v2\/media?parent=306"}],"wp:term":[{"taxonomy":"category","embeddable":true,"href":"https:\/\/www.ufsm.br\/cursos\/pos-graduacao\/santa-maria\/ppgcont\/wp-json\/wp\/v2\/categories?post=306"},{"taxonomy":"post_tag","embeddable":true,"href":"https:\/\/www.ufsm.br\/cursos\/pos-graduacao\/santa-maria\/ppgcont\/wp-json\/wp\/v2\/tags?post=306"}],"curies":[{"name":"wp","href":"https:\/\/api.w.org\/{rel}","templated":true}]}}