{"id":318,"date":"2020-05-05T00:47:39","date_gmt":"2020-05-05T03:47:39","guid":{"rendered":"https:\/\/www.ufsm.br\/cursos\/pos-graduacao\/santa-maria\/ppgcont\/?page_id=318"},"modified":"2025-07-03T09:31:32","modified_gmt":"2025-07-03T12:31:32","slug":"instrucoes-aos-alunos","status":"publish","type":"page","link":"https:\/\/www.ufsm.br\/cursos\/pos-graduacao\/santa-maria\/ppgcont\/instrucoes-aos-alunos","title":{"rendered":"Instru\u00e7\u00f5es aos Alunos"},"content":{"rendered":"\n<p style=\"text-align: center\"><strong>INSTRU\u00c7\u00d5ES PARA ESTUDANTES<\/strong><\/p>\n<p style=\"text-align: center\"><strong>Programa de P\u00f3s-Gradua\u00e7\u00e3o em Ci\u00eancias Cont\u00e1beis da UFSM<\/strong><\/p>\n<p>\u00a0<\/p>\n<p style=\"text-align: justify\">Nesta se\u00e7\u00e3o de instru\u00e7\u00f5es o(a) estudante de P\u00f3s-Gradua\u00e7\u00e3o em Ci\u00eancias Cont\u00e1beis ter\u00e1 acesso \u00e0s principais informa\u00e7\u00f5es e procedimentos necess\u00e1rios \u00e0 vida acad\u00eamica, do primeiro ao \u00faltimo semestre do curso de mestrado. Para tanto, encontram-se listadas abaixo (em formato de link) as situa\u00e7\u00f5es mais comuns que suscitam d\u00favidas entre o corpo discente. Para acessar o conte\u00fado, basta escolher o tema da d\u00favida na lista do quadro resumo.<\/p>\n<table>\n<tbody>\n<tr>\n<td style=\"background-color: #e6e6e6\">\n<h2>Fus\u00e3o dos PPGs em Administra\u00e7\u00e3o e Ci\u00eancias Cont\u00e1beis\u00a0 = <a href=\"https:\/\/www.ufsm.br\/cursos\/pos-graduacao\/santa-maria\/ppgacc\">PPGACC<\/a><\/h2>\n<\/td>\n<\/tr>\n<\/tbody>\n<\/table>\n<p class=\"entry-title text-start text-primary\">(Aprovada pela Capes) \u2013 A fus\u00e3o resulta na cria\u00e7\u00e3o do Programa de P\u00f3s-Gradua\u00e7\u00e3o em Administra\u00e7\u00e3o e Ci\u00eancias Cont\u00e1beis da UFSM \u2013\u00a0Resolu\u00e7\u00e3o que regula as mudan\u00e7as nas Coordena\u00e7\u00f5es do PPGA, PPGCC e PPGACC (A Resolu\u00e7\u00e3o que estingue os dois Programas, e cria o PPGACC):<\/p>\n<p><a href=\"https:\/\/portal.ufsm.br\/documentos\/download.html?action=componente&amp;download=false&amp;id=5517975\" data-saferedirecturl=\"https:\/\/www.google.com\/url?q=https:\/\/portal.ufsm.br\/documentos\/download.html?action%3Dcomponente%26download%3Dfalse%26id%3D5517975&amp;source=gmail&amp;ust=1751624558214000&amp;usg=AOvVaw37iq0xDJIGi_CZtwlVA8ls\">https:\/\/portal.ufsm.br\/documentos\/download.html?action=componente&amp;download=false&amp;id=5517975<\/a><\/p>\n<p><b>Coordena\u00e7\u00e3o do <a href=\"https:\/\/www.ufsm.br\/cursos\/pos-graduacao\/santa-maria\/ppgacc\">PPGACC<\/a><br \/><\/b>E-mail:\u00a0<a href=\"mailto:ppgacc@ufsm.br\">ppgacc@ufsm.br<\/a><\/p>\n<p><strong>Coordenadora: Profa. Dra. Simone Alves Pacheco de Campos<\/strong><\/p>\n<p><strong>Coordenador Substituto: Prof. Dr. Vin\u00edcius Costa da Silva Zonatto<\/strong><\/p>\n<p><strong>Obs.:<\/strong>\u00a0\u00a0<strong><span style=\"background-color: #ffff00\">PPGCC (existe no SIE \u201csubordinado\/dentro\u201d do registro do PPGACC at\u00e9 o \u00faltimo aluno se formar)<\/span><\/strong><\/p>\n<table style=\"border-collapse: collapse;border-style: solid;border-color: #0a0101;width: 100%;height: 411px\">\n<tbody>\n<tr style=\"height: 69px\">\n<td style=\"border-style: solid;border-color: #0f0101;text-align: center;height: 69px;width: 46.7102%;background-color: #e6e1e1\">\n<h3><strong>Procedimento \/ Solicita\u00e7\u00e3o<\/strong><\/h3>\n<\/td>\n<td style=\"border-style: solid;border-color: #0f0101;text-align: center;height: 69px;width: 53.1713%;background-color: #e6e1e1\">\n<h3><strong>Como inicia a solicita\u00e7\u00e3o ou o processo?<\/strong><\/h3>\n<\/td>\n<\/tr>\n<tr style=\"height: 23px\">\n<td style=\"border-style: solid;border-color: #0f0101;height: 23px;width: 46.7102%\"><strong>\u00a0 \u00a001. <a href=\"https:\/\/www.ufsm.br\/cursos\/pos-graduacao\/santa-maria\/ppgcont\/matricula\">Matricula<\/a><\/strong><\/td>\n<td style=\"text-align: justify;border-style: solid;border-color: #0f0101;height: 23px;width: 53.1713%\">Online, matr\u00edcula ser\u00e1 a cada per\u00edodo letivo, de acordo com o Calend\u00e1rio Acad\u00eamico da UFSM,\u00a0<a href=\"https:\/\/portal.ufsm.br\/aluno\/\">via portal do aluno<\/a>.<\/td>\n<\/tr>\n<tr style=\"height: 23px\">\n<td style=\"border-style: solid;border-color: #0f0101;height: 23px;width: 46.7102%\"><strong>\u00a0\u00a0 02. <a href=\"https:\/\/www.ufsm.br\/cursos\/pos-graduacao\/santa-maria\/ppgcont\/plano-de-estudos\">Elabora\u00e7\u00e3o do Plano de Estudos<\/a><\/strong><\/td>\n<td style=\"border-style: solid;border-color: #0f0101;height: 23px;width: 53.1713%\">\u00a0Online, via\u00a0<a href=\"https:\/\/portal.ufsm.br\/estudantil\/\" target=\"_blank\" rel=\"noopener\">Portal Estudantil<\/a><\/td>\n<\/tr>\n<tr style=\"height: 23px\">\n<td style=\"border-style: solid;border-color: #0f0101;height: 23px;width: 46.7102%\"><strong>\u00a0\u00a0 03.\u00a0 <a href=\"https:\/\/www.ufsm.br\/cursos\/pos-graduacao\/santa-maria\/ppgcont\/qualificacao-do-projeto\">Defesa do Projeto de Disserta\u00e7\u00e3o (Defesa da Qualifica\u00e7\u00e3o)<\/a><\/strong><\/td>\n<td style=\"border-style: solid;border-color: #0f0101;height: 23px;width: 53.1713%\">\u00a0Envio de e-mails para: ppgcontabeis@ufsm.br e <a class=\"notranslate\" href=\"mailto:sipos.ccsh@ufsm.br\">sipos.ccsh@ufsm.br<\/a><\/td>\n<\/tr>\n<tr style=\"height: 23px\">\n<td style=\"border-style: solid;border-color: #0f0101;height: 23px;width: 46.7102%\"><strong>\u00a0\u00a0 04.\u00a0 <a href=\"https:\/\/www.ufsm.br\/cursos\/pos-graduacao\/santa-maria\/ppgcont\/defesa-da-dissertacao\">Defesa Final da Disserta\u00e7\u00e3o<\/a><\/strong><\/td>\n<td style=\"border-style: solid;border-color: #0f0101;height: 23px;width: 53.1713%\">\u00a0Online, via\u00a0<a href=\"https:\/\/portal.ufsm.br\/estudantil\/\" target=\"_blank\" rel=\"noopener\">Portal Estudantil<\/a>\u00a0(solicita\u00e7\u00e3o vira um PEN-SIE)<\/td>\n<\/tr>\n<tr style=\"height: 23px\">\n<td style=\"border-style: solid;border-color: #0f0101;height: 23px;width: 46.7102%\"><strong>\u00a0\u00a0 05.\u00a0 <a href=\"https:\/\/www.ufsm.br\/cursos\/pos-graduacao\/santa-maria\/ppgcont\/prorrogacao-da-qualificacao\">Prorroga\u00e7\u00e3o do Prazo da Qualifica\u00e7\u00e3o do Projeto<\/a><\/strong><\/td>\n<td style=\"border-style: solid;border-color: #0f0101;height: 23px;width: 53.1713%\">\u00a0Envio de e-mails para: ppgcontabeis@ufsm.br e <a class=\"notranslate\" href=\"mailto:sipos.ccsh@ufsm.br\">sipos.ccsh@ufsm.br<\/a><\/td>\n<\/tr>\n<tr style=\"height: 23px\">\n<td style=\"border-style: solid;border-color: #0f0101;height: 23px;width: 46.7102%\"><strong>\u00a0\u00a0 06.\u00a0 <a href=\"https:\/\/www.ufsm.br\/cursos\/pos-graduacao\/santa-maria\/ppgcont\/prorrogacao-da-qualificacao\">Prorroga\u00e7\u00e3o do Prazo de Defesa da Disserta\u00e7\u00e3o<\/a><\/strong><\/td>\n<td style=\"border-style: solid;border-color: #0f0101;height: 23px;width: 53.1713%\">\u00a0Processo Eletr\u00f4nico PEN-SIE, via\u00a0<a href=\"https:\/\/portal.ufsm.br\/documentos\/mainMenu.html\" target=\"_blank\" rel=\"noopener\">Portal de Documentos<\/a><\/td>\n<\/tr>\n<tr style=\"height: 23px\">\n<td style=\"border-style: solid;border-color: #0f0101;height: 23px;width: 46.7102%\"><strong>\u00a0\u00a0 07.\u00a0 <a href=\"https:\/\/www.ufsm.br\/cursos\/pos-graduacao\/santa-maria\/ppgcont\/entrega-da-dissertacao\">Entrega da Vers\u00e3o Final da Disserta\u00e7\u00e3o \u2013 Digital<\/a><\/strong><\/td>\n<td style=\"border-style: solid;border-color: #0f0101;height: 23px;width: 53.1713%\">\u00a0Processo Eletr\u00f4nico PEN-SIE, via\u00a0<a href=\"https:\/\/portal.ufsm.br\/documentos\/mainMenu.html\" target=\"_blank\" rel=\"noopener\">Portal de Documentos<\/a><\/td>\n<\/tr>\n<tr style=\"height: 23px\">\n<td style=\"border-style: solid;border-color: #0f0101;height: 23px;width: 46.7102%\"><strong>\u00a0\u00a0 08.\u00a0 <a href=\"https:\/\/www.ufsm.br\/cursos\/pos-graduacao\/santa-maria\/ppgcont\/docencia-orientada\">Solicita\u00e7\u00e3o de Doc\u00eancia Orientada<\/a><\/strong><\/td>\n<td style=\"border-style: solid;border-color: #0f0101;height: 23px;width: 53.1713%\">\u00a0Processo Eletr\u00f4nico PEN-SIE, via\u00a0<a href=\"https:\/\/portal.ufsm.br\/documentos\/mainMenu.html\" target=\"_blank\" rel=\"noopener\">Portal de Documentos<\/a><\/td>\n<\/tr>\n<tr style=\"height: 23px\">\n<td style=\"border-style: solid;border-color: #0f0101;height: 23px;width: 46.7102%\"><strong>\u00a0\u00a0 09.\u00a0 <a href=\"https:\/\/www.ufsm.br\/cursos\/pos-graduacao\/santa-maria\/ppgcont\/aproveitamento-e-dispensa\">Solicita\u00e7\u00e3o de Aproveitamento ou Dispensa de Disciplina<\/a><\/strong><\/td>\n<td style=\"border-style: solid;border-color: #0f0101;height: 23px;width: 53.1713%\">\u00a0Processo Eletr\u00f4nico PEN-SIE, via\u00a0<a href=\"https:\/\/portal.ufsm.br\/documentos\/mainMenu.html\" target=\"_blank\" rel=\"noopener\">Portal de Documentos<\/a><\/td>\n<\/tr>\n<tr style=\"height: 23px\">\n<td style=\"border-style: solid;border-color: #0f0101;height: 23px;width: 46.7102%\"><strong>\u00a0 \u00a010.\u00a0 <a href=\"https:\/\/www.ufsm.br\/cursos\/pos-graduacao\/santa-maria\/ppgcont\/aproveitamento-e-dispensa\">Solicita\u00e7\u00e3o de Aproveitamento de Teste Sufici\u00eancia em L\u00edngua Estrangeira<\/a><\/strong><\/td>\n<td style=\"border-style: solid;border-color: #0f0101;height: 23px;width: 53.1713%\">\u00a0Processo Eletr\u00f4nico PEN-SIE, via\u00a0<a href=\"https:\/\/portal.ufsm.br\/documentos\/mainMenu.html\" target=\"_blank\" rel=\"noopener\">Portal de Documentos<\/a><\/td>\n<\/tr>\n<tr style=\"height: 34px\">\n<td style=\"border-style: solid;border-color: #0f0101;height: 34px;width: 46.7102%\"><strong>\u00a0\u00a0 11.\u00a0 <a href=\"https:\/\/www.ufsm.br\/cursos\/pos-graduacao\/santa-maria\/ppgcont\/matricula-extracurricular\">Solicita\u00e7\u00e3o de Matr\u00edculas Extracurriculares (disciplinas em outros PPGs)<\/a><\/strong><\/td>\n<td style=\"border-style: solid;border-color: #0f0101;height: 34px;width: 53.1713%\">\u00a0Envio de e-mail para <strong><a href=\"mailto:ppgacc@ufsm.br\">ppgacc@ufsm.br<\/a>\u00a0<\/strong>ou presencialmente<\/td>\n<\/tr>\n<tr style=\"height: 10px\">\n<td style=\"border-style: solid;border-color: #0f0101;height: 10px;width: 46.7102%\"><strong>\u00a0\u00a0 12.\u00a0 <a href=\"https:\/\/www.ufsm.br\/cursos\/pos-graduacao\/santa-maria\/ppgcont\/recursos-para-discentes\">Solicita\u00e7\u00e3o de Recursos Financeiros para Participa\u00e7\u00e3o em Eventos<\/a><\/strong><\/td>\n<td style=\"border-style: solid;border-color: #0f0101;height: 10px;width: 53.1713%\">\n<p>\u00a0Envio de e-mails para: <strong><a href=\"mailto:ppgacc@ufsm.br\">ppgacc@ufsm.br<\/a>\u00a0<\/strong>e\u00a0 \u00a0<a class=\"notranslate\" href=\"mailto:financeiropos.ccsh@ufsm.br\">financeiropos.ccsh@ufsm.br<\/a><\/p>\n<\/td>\n<\/tr>\n<tr style=\"height: 68px\">\n<td style=\"border-style: solid;border-color: #0f0101;height: 68px;width: 46.7102%\"><strong>\u00a0\u00a0 13.\u00a0 <a href=\"https:\/\/www.ufsm.br\/cursos\/pos-graduacao\/santa-maria\/ppgcont\/solicitacao-de-afastamento-regime-domiciliar\">Solicita\u00e7\u00e3o de Afastamento por Motivos de Sa\u00fade \u2013 Regime Domiciliar<\/a><\/strong><\/td>\n<td style=\"border-style: solid;border-color: #0f0101;height: 68px;width: 53.1713%\">\n<p>\u00a0Processo Eletr\u00f4nico PEN-SIE, via\u00a0<a href=\"https:\/\/portal.ufsm.br\/documentos\/mainMenu.html\" target=\"_blank\" rel=\"noopener\">Portal de Documentos\u00a0<\/a><\/p>\n<p><a href=\"https:\/\/www.ufsm.br\/app\/uploads\/sites\/513\/2024\/10\/RESOLUCAO-UFSM-175-de-2024-altera-prazos-licencas-discentes-1.pdf\"><strong>Prazos Licen\u00e7as Discentes<\/strong><\/a><\/p>\n<\/td>\n<\/tr>\n<\/tbody>\n<\/table>\n<h3>\u00a0<\/h3>\n<div style=\"text-align: justify\">\u00a0<\/div>\n<p>\u00a0<\/p>\n<p style=\"text-align: justify\">\u00a0<\/p>\n","protected":false},"excerpt":{"rendered":"<p>INSTRU\u00c7\u00d5ES PARA ESTUDANTES Programa de P\u00f3s-Gradua\u00e7\u00e3o em Ci\u00eancias Cont\u00e1beis da UFSM \u00a0 Nesta se\u00e7\u00e3o de instru\u00e7\u00f5es o(a) estudante de P\u00f3s-Gradua\u00e7\u00e3o em Ci\u00eancias Cont\u00e1beis ter\u00e1 acesso \u00e0s principais informa\u00e7\u00f5es e procedimentos necess\u00e1rios \u00e0 vida acad\u00eamica, do primeiro ao \u00faltimo semestre do curso de mestrado. Para tanto, encontram-se listadas abaixo (em formato de link) as situa\u00e7\u00f5es mais [&hellip;]<\/p>\n","protected":false},"author":2721,"featured_media":0,"parent":0,"menu_order":0,"comment_status":"closed","ping_status":"closed","template":"","meta":{"footnotes":""},"categories":[],"tags":[],"class_list":["post-318","page","type-page","status-publish","hentry"],"acf":[],"_links":{"self":[{"href":"https:\/\/www.ufsm.br\/cursos\/pos-graduacao\/santa-maria\/ppgcont\/wp-json\/wp\/v2\/pages\/318","targetHints":{"allow":["GET"]}}],"collection":[{"href":"https:\/\/www.ufsm.br\/cursos\/pos-graduacao\/santa-maria\/ppgcont\/wp-json\/wp\/v2\/pages"}],"about":[{"href":"https:\/\/www.ufsm.br\/cursos\/pos-graduacao\/santa-maria\/ppgcont\/wp-json\/wp\/v2\/types\/page"}],"author":[{"embeddable":true,"href":"https:\/\/www.ufsm.br\/cursos\/pos-graduacao\/santa-maria\/ppgcont\/wp-json\/wp\/v2\/users\/2721"}],"replies":[{"embeddable":true,"href":"https:\/\/www.ufsm.br\/cursos\/pos-graduacao\/santa-maria\/ppgcont\/wp-json\/wp\/v2\/comments?post=318"}],"version-history":[{"count":0,"href":"https:\/\/www.ufsm.br\/cursos\/pos-graduacao\/santa-maria\/ppgcont\/wp-json\/wp\/v2\/pages\/318\/revisions"}],"wp:attachment":[{"href":"https:\/\/www.ufsm.br\/cursos\/pos-graduacao\/santa-maria\/ppgcont\/wp-json\/wp\/v2\/media?parent=318"}],"wp:term":[{"taxonomy":"category","embeddable":true,"href":"https:\/\/www.ufsm.br\/cursos\/pos-graduacao\/santa-maria\/ppgcont\/wp-json\/wp\/v2\/categories?post=318"},{"taxonomy":"post_tag","embeddable":true,"href":"https:\/\/www.ufsm.br\/cursos\/pos-graduacao\/santa-maria\/ppgcont\/wp-json\/wp\/v2\/tags?post=318"}],"curies":[{"name":"wp","href":"https:\/\/api.w.org\/{rel}","templated":true}]}}