{"id":319,"date":"2020-05-05T00:49:26","date_gmt":"2020-05-05T03:49:26","guid":{"rendered":"https:\/\/www.ufsm.br\/cursos\/pos-graduacao\/santa-maria\/ppgcont\/?page_id=319"},"modified":"2020-05-10T14:32:59","modified_gmt":"2020-05-10T17:32:59","slug":"percurso-de-aprendizagem","status":"publish","type":"page","link":"https:\/\/www.ufsm.br\/cursos\/pos-graduacao\/santa-maria\/ppgcont\/percurso-de-aprendizagem","title":{"rendered":"Percurso de Aprendizagem"},"content":{"rendered":"\n<p>O Programa de P\u00f3s-gradua\u00e7\u00e3o em Ci\u00eancias Cont\u00e1beis da Universidade Federal de Santa Maria apresenta uma vis\u00e3o geral do Percurso de Aprendizagem do aluno ingressante no Mestrado.<\/p>\n\n\n\n<figure class=\"wp-block-image size-large\"><img fetchpriority=\"high\" decoding=\"async\" width=\"711\" height=\"1024\" src=\"https:\/\/www.ufsm.br\/cursos\/pos-graduacao\/santa-maria\/ppgcont\/wp-content\/uploads\/sites\/789\/2020\/05\/Percurso_de_Aprendizagem-20-711x1024.png\" alt=\"\" class=\"wp-image-361\" srcset=\"https:\/\/www.ufsm.br\/app\/uploads\/sites\/789\/2020\/05\/Percurso_de_Aprendizagem-20-711x1024.png 711w, https:\/\/www.ufsm.br\/app\/uploads\/sites\/789\/2020\/05\/Percurso_de_Aprendizagem-20-208x300.png 208w, https:\/\/www.ufsm.br\/app\/uploads\/sites\/789\/2020\/05\/Percurso_de_Aprendizagem-20-768x1105.png 768w, https:\/\/www.ufsm.br\/app\/uploads\/sites\/789\/2020\/05\/Percurso_de_Aprendizagem-20-1067x1536.png 1067w, https:\/\/www.ufsm.br\/app\/uploads\/sites\/789\/2020\/05\/Percurso_de_Aprendizagem-20-1423x2048.png 1423w, https:\/\/www.ufsm.br\/app\/uploads\/sites\/789\/2020\/05\/Percurso_de_Aprendizagem-20.png 1734w\" sizes=\"(max-width: 711px) 100vw, 711px\" \/><\/figure>\n","protected":false},"excerpt":{"rendered":"<p>O Programa de P\u00f3s-gradua\u00e7\u00e3o em Ci\u00eancias Cont\u00e1beis da Universidade Federal de Santa Maria apresenta uma vis\u00e3o geral do Percurso de Aprendizagem do aluno ingressante no Mestrado.<\/p>\n","protected":false},"author":2721,"featured_media":0,"parent":0,"menu_order":0,"comment_status":"closed","ping_status":"closed","template":"","meta":{"footnotes":""},"categories":[],"tags":[],"class_list":["post-319","page","type-page","status-publish","hentry"],"acf":[],"_links":{"self":[{"href":"https:\/\/www.ufsm.br\/cursos\/pos-graduacao\/santa-maria\/ppgcont\/wp-json\/wp\/v2\/pages\/319","targetHints":{"allow":["GET"]}}],"collection":[{"href":"https:\/\/www.ufsm.br\/cursos\/pos-graduacao\/santa-maria\/ppgcont\/wp-json\/wp\/v2\/pages"}],"about":[{"href":"https:\/\/www.ufsm.br\/cursos\/pos-graduacao\/santa-maria\/ppgcont\/wp-json\/wp\/v2\/types\/page"}],"author":[{"embeddable":true,"href":"https:\/\/www.ufsm.br\/cursos\/pos-graduacao\/santa-maria\/ppgcont\/wp-json\/wp\/v2\/users\/2721"}],"replies":[{"embeddable":true,"href":"https:\/\/www.ufsm.br\/cursos\/pos-graduacao\/santa-maria\/ppgcont\/wp-json\/wp\/v2\/comments?post=319"}],"version-history":[{"count":0,"href":"https:\/\/www.ufsm.br\/cursos\/pos-graduacao\/santa-maria\/ppgcont\/wp-json\/wp\/v2\/pages\/319\/revisions"}],"wp:attachment":[{"href":"https:\/\/www.ufsm.br\/cursos\/pos-graduacao\/santa-maria\/ppgcont\/wp-json\/wp\/v2\/media?parent=319"}],"wp:term":[{"taxonomy":"category","embeddable":true,"href":"https:\/\/www.ufsm.br\/cursos\/pos-graduacao\/santa-maria\/ppgcont\/wp-json\/wp\/v2\/categories?post=319"},{"taxonomy":"post_tag","embeddable":true,"href":"https:\/\/www.ufsm.br\/cursos\/pos-graduacao\/santa-maria\/ppgcont\/wp-json\/wp\/v2\/tags?post=319"}],"curies":[{"name":"wp","href":"https:\/\/api.w.org\/{rel}","templated":true}]}}