{"id":322,"date":"2020-05-05T00:51:26","date_gmt":"2020-05-05T03:51:26","guid":{"rendered":"https:\/\/www.ufsm.br\/cursos\/pos-graduacao\/santa-maria\/ppgcont\/?page_id=322"},"modified":"2024-09-09T14:47:09","modified_gmt":"2024-09-09T17:47:09","slug":"quadro-de-horarios","status":"publish","type":"page","link":"https:\/\/www.ufsm.br\/cursos\/pos-graduacao\/santa-maria\/ppgcont\/quadro-de-horarios","title":{"rendered":"Quadro de Hor\u00e1rios"},"content":{"rendered":"\n<p style=\"text-align: justify\">As\u00a0aulas do PPGCC s\u00e3o presenciais e ministradas no per\u00edodo diurno, no Pr\u00e9dio 74C\u00a0do Centro de Ci\u00eancias Sociais e Humanas da UFSM \u2013 Campus Camobi. As salas s\u00e3o definidas quando\u00a0da divulga\u00e7\u00e3o dos hor\u00e1rios, semestralmente, e divulgadas aos alunos pela\u00a0Secretaria do Curso. H\u00e1 um esfor\u00e7o para concentrar a oferta de disciplinas\u00a0entre segundas e quartas feiras (manh\u00e3 e tarde). Contudo, o PPGCC poder\u00e1\u00a0promover atividades de ensino entre segundas e sextas feiras, dias\u00a0estabelecidos para o funcionamento das atividades do Programa.\u00a0<\/p>\n<p>&#8211; <a href=\"https:\/\/www.ufsm.br\/app\/uploads\/sites\/789\/2024\/09\/Horarios-20242.pdf\">Hor\u00e1rio 2024\/02<\/a><\/p>\n<p>&#8211; <a href=\"https:\/\/www.ufsm.br\/app\/uploads\/sites\/789\/2024\/03\/PPGCC-Horarios-e-Salas-2024_1.pdf\">Hor\u00e1rio 2024\/01<\/a><\/p>\n<p>&#8211; <a href=\"https:\/\/www.ufsm.br\/app\/uploads\/sites\/789\/2023\/03\/PPGCC-Horario_2023-01.pdf\">Hor\u00e1rio 2023\/01<\/a><\/p>\n<p>&#8211; <a href=\"https:\/\/www.ufsm.br\/app\/uploads\/sites\/789\/2022\/08\/PPGCC-Horario_2022-02.pdf\">Hor\u00e1rio 2022\/02<\/a><\/p>\n<p>&#8211; <a href=\"https:\/\/www.ufsm.br\/app\/uploads\/sites\/789\/2022\/03\/PPGCC-Horario_2022-01.pdf\">Hor\u00e1rio 2022\/01<\/a><\/p>\n<p>&#8211; <a href=\"https:\/\/www.ufsm.br\/app\/uploads\/sites\/789\/2021\/08\/PPGCC-Horario_2021-02-1.pdf\">Hor\u00e1rio 2021\/02<\/a><\/p>\n<p>&#8211; <a href=\"https:\/\/www.ufsm.br\/app\/uploads\/sites\/789\/2021\/03\/PPGCC-Horario_2021-01-1.pdf\">Hor\u00e1rio 2021\/01<\/a><\/p>\n<p>&#8211; <a href=\"https:\/\/www.ufsm.br\/app\/uploads\/sites\/789\/2021\/03\/PPGCC-Horario_2020-02-1.pdf\">Hor\u00e1rio 2020\/02<\/a><\/p>\n\n\n\n<p><\/p>\n","protected":false},"excerpt":{"rendered":"<p>As\u00a0aulas do PPGCC s\u00e3o presenciais e ministradas no per\u00edodo diurno, no Pr\u00e9dio 74C\u00a0do Centro de Ci\u00eancias Sociais e Humanas da UFSM \u2013 Campus Camobi. As salas s\u00e3o definidas quando\u00a0da divulga\u00e7\u00e3o dos hor\u00e1rios, semestralmente, e divulgadas aos alunos pela\u00a0Secretaria do Curso. H\u00e1 um esfor\u00e7o para concentrar a oferta de disciplinas\u00a0entre segundas e quartas feiras (manh\u00e3 e [&hellip;]<\/p>\n","protected":false},"author":2721,"featured_media":0,"parent":0,"menu_order":0,"comment_status":"closed","ping_status":"closed","template":"","meta":{"footnotes":""},"categories":[],"tags":[],"class_list":["post-322","page","type-page","status-publish","hentry"],"acf":[],"_links":{"self":[{"href":"https:\/\/www.ufsm.br\/cursos\/pos-graduacao\/santa-maria\/ppgcont\/wp-json\/wp\/v2\/pages\/322","targetHints":{"allow":["GET"]}}],"collection":[{"href":"https:\/\/www.ufsm.br\/cursos\/pos-graduacao\/santa-maria\/ppgcont\/wp-json\/wp\/v2\/pages"}],"about":[{"href":"https:\/\/www.ufsm.br\/cursos\/pos-graduacao\/santa-maria\/ppgcont\/wp-json\/wp\/v2\/types\/page"}],"author":[{"embeddable":true,"href":"https:\/\/www.ufsm.br\/cursos\/pos-graduacao\/santa-maria\/ppgcont\/wp-json\/wp\/v2\/users\/2721"}],"replies":[{"embeddable":true,"href":"https:\/\/www.ufsm.br\/cursos\/pos-graduacao\/santa-maria\/ppgcont\/wp-json\/wp\/v2\/comments?post=322"}],"version-history":[{"count":0,"href":"https:\/\/www.ufsm.br\/cursos\/pos-graduacao\/santa-maria\/ppgcont\/wp-json\/wp\/v2\/pages\/322\/revisions"}],"wp:attachment":[{"href":"https:\/\/www.ufsm.br\/cursos\/pos-graduacao\/santa-maria\/ppgcont\/wp-json\/wp\/v2\/media?parent=322"}],"wp:term":[{"taxonomy":"category","embeddable":true,"href":"https:\/\/www.ufsm.br\/cursos\/pos-graduacao\/santa-maria\/ppgcont\/wp-json\/wp\/v2\/categories?post=322"},{"taxonomy":"post_tag","embeddable":true,"href":"https:\/\/www.ufsm.br\/cursos\/pos-graduacao\/santa-maria\/ppgcont\/wp-json\/wp\/v2\/tags?post=322"}],"curies":[{"name":"wp","href":"https:\/\/api.w.org\/{rel}","templated":true}]}}