{"id":324,"date":"2020-05-05T00:52:40","date_gmt":"2020-05-05T03:52:40","guid":{"rendered":"https:\/\/www.ufsm.br\/cursos\/pos-graduacao\/santa-maria\/ppgcont\/?page_id=324"},"modified":"2024-10-11T07:39:33","modified_gmt":"2024-10-11T10:39:33","slug":"calendario-de-qualificacao","status":"publish","type":"page","link":"https:\/\/www.ufsm.br\/cursos\/pos-graduacao\/santa-maria\/ppgcont\/calendario-de-qualificacao","title":{"rendered":"Calend\u00e1rio de Qualifica\u00e7\u00e3o"},"content":{"rendered":"\n<p>Cronograma previsto para realiza\u00e7\u00e3o de Exame de Qualifica\u00e7\u00e3o de alunos ingressantes no Programa de P\u00f3s-gradua\u00e7\u00e3o em Ci\u00eancias Cont\u00e1beis da Universidade Federal de Santa Maria:<\/p>\n<p>\u2013 Turma 005: Ingresso 2024<\/p>\n<p>\u2013 Turma 004: Ingresso 2023<\/p>\n<p>\u2013 Turma 003: Ingresso 2022<\/p>\n<p>\u2013 Turma 002: Ingresso 2021<\/p>\n<p>\u2013 <a href=\"https:\/\/www.ufsm.br\/app\/uploads\/sites\/789\/2021\/03\/PPGCC-Turma_001_2020-02.pdf\">Turma 001<\/a>: Ingresso 2020<\/p>\n\n\n\n<p><\/p>\n","protected":false},"excerpt":{"rendered":"<p>Cronograma previsto para realiza\u00e7\u00e3o de Exame de Qualifica\u00e7\u00e3o de alunos ingressantes no Programa de P\u00f3s-gradua\u00e7\u00e3o em Ci\u00eancias Cont\u00e1beis da Universidade Federal de Santa Maria: \u2013 Turma 005: Ingresso 2024 \u2013 Turma 004: Ingresso 2023 \u2013 Turma 003: Ingresso 2022 \u2013 Turma 002: Ingresso 2021 \u2013 Turma 001: Ingresso 2020<\/p>\n","protected":false},"author":2721,"featured_media":0,"parent":0,"menu_order":0,"comment_status":"closed","ping_status":"closed","template":"","meta":{"footnotes":""},"categories":[],"tags":[],"class_list":["post-324","page","type-page","status-publish","hentry"],"acf":[],"_links":{"self":[{"href":"https:\/\/www.ufsm.br\/cursos\/pos-graduacao\/santa-maria\/ppgcont\/wp-json\/wp\/v2\/pages\/324","targetHints":{"allow":["GET"]}}],"collection":[{"href":"https:\/\/www.ufsm.br\/cursos\/pos-graduacao\/santa-maria\/ppgcont\/wp-json\/wp\/v2\/pages"}],"about":[{"href":"https:\/\/www.ufsm.br\/cursos\/pos-graduacao\/santa-maria\/ppgcont\/wp-json\/wp\/v2\/types\/page"}],"author":[{"embeddable":true,"href":"https:\/\/www.ufsm.br\/cursos\/pos-graduacao\/santa-maria\/ppgcont\/wp-json\/wp\/v2\/users\/2721"}],"replies":[{"embeddable":true,"href":"https:\/\/www.ufsm.br\/cursos\/pos-graduacao\/santa-maria\/ppgcont\/wp-json\/wp\/v2\/comments?post=324"}],"version-history":[{"count":0,"href":"https:\/\/www.ufsm.br\/cursos\/pos-graduacao\/santa-maria\/ppgcont\/wp-json\/wp\/v2\/pages\/324\/revisions"}],"wp:attachment":[{"href":"https:\/\/www.ufsm.br\/cursos\/pos-graduacao\/santa-maria\/ppgcont\/wp-json\/wp\/v2\/media?parent=324"}],"wp:term":[{"taxonomy":"category","embeddable":true,"href":"https:\/\/www.ufsm.br\/cursos\/pos-graduacao\/santa-maria\/ppgcont\/wp-json\/wp\/v2\/categories?post=324"},{"taxonomy":"post_tag","embeddable":true,"href":"https:\/\/www.ufsm.br\/cursos\/pos-graduacao\/santa-maria\/ppgcont\/wp-json\/wp\/v2\/tags?post=324"}],"curies":[{"name":"wp","href":"https:\/\/api.w.org\/{rel}","templated":true}]}}