{"id":326,"date":"2020-05-05T00:53:54","date_gmt":"2020-05-05T03:53:54","guid":{"rendered":"https:\/\/www.ufsm.br\/cursos\/pos-graduacao\/santa-maria\/ppgcont\/?page_id=326"},"modified":"2024-09-25T07:47:39","modified_gmt":"2024-09-25T10:47:39","slug":"egressos","status":"publish","type":"page","link":"https:\/\/www.ufsm.br\/cursos\/pos-graduacao\/santa-maria\/ppgcont\/egressos","title":{"rendered":"Egressos"},"content":{"rendered":"\n<p>A Universidade Federal de Santa Maria promove o seu relacionamento com egressos dos diferentes cursos desenvolvidos na Universidade. O Volver \u00e9 o programa institucional da Universidade Federal de Santa Maria, criado em 2002, que tem como objetivo preservar o relacionamento entre a Institui\u00e7\u00e3o e seus egressos e resgatar la\u00e7os de fraternidade, responsabilidade e cidadania. P\u00f4r em movimento, tornar, retribuir e reviver s\u00e3o alguns significados e princ\u00edpios do Volver que direcionam a sua atua\u00e7\u00e3o. Podem participar do programa todos os estudantes que conclu\u00edram algum curso na UFSM, seja em n\u00edvel t\u00e9cnico, m\u00e9dio, de gradua\u00e7\u00e3o ou p\u00f3s-gradua\u00e7\u00e3o. O Programa de P\u00f3s-gradua\u00e7\u00e3o em Ci\u00eancias Cont\u00e1beis se une a esta iniciativa, tamb\u00e9m promovendo o relacionamento entre os estudantes do PPGCC e a institui\u00e7\u00e3o, durante sua trajet\u00f3ria acad\u00eamica na Universidade e ap\u00f3s sua forma\u00e7\u00e3o.<\/p>\n<p>\u00a0<\/p>\n\n\n\n<p><a href=\"https:\/\/www.ufsm.br\/pro-reitorias\/prograd\/egressos\/\">Acesso ao Portal de Egressos<\/a> e <a href=\"https:\/\/www.ufsm.br\/pro-reitorias\/prograd\/egressos\/lista\/curso\/2164\">Egressos do PPGCC<\/a><\/p>\n","protected":false},"excerpt":{"rendered":"<p>A Universidade Federal de Santa Maria promove o seu relacionamento com egressos dos diferentes cursos desenvolvidos na Universidade. O Volver \u00e9 o programa institucional da Universidade Federal de Santa Maria, criado em 2002, que tem como objetivo preservar o relacionamento entre a Institui\u00e7\u00e3o e seus egressos e resgatar la\u00e7os de fraternidade, responsabilidade e cidadania. P\u00f4r [&hellip;]<\/p>\n","protected":false},"author":2721,"featured_media":0,"parent":0,"menu_order":0,"comment_status":"closed","ping_status":"closed","template":"","meta":{"footnotes":""},"categories":[],"tags":[],"class_list":["post-326","page","type-page","status-publish","hentry"],"acf":[],"_links":{"self":[{"href":"https:\/\/www.ufsm.br\/cursos\/pos-graduacao\/santa-maria\/ppgcont\/wp-json\/wp\/v2\/pages\/326","targetHints":{"allow":["GET"]}}],"collection":[{"href":"https:\/\/www.ufsm.br\/cursos\/pos-graduacao\/santa-maria\/ppgcont\/wp-json\/wp\/v2\/pages"}],"about":[{"href":"https:\/\/www.ufsm.br\/cursos\/pos-graduacao\/santa-maria\/ppgcont\/wp-json\/wp\/v2\/types\/page"}],"author":[{"embeddable":true,"href":"https:\/\/www.ufsm.br\/cursos\/pos-graduacao\/santa-maria\/ppgcont\/wp-json\/wp\/v2\/users\/2721"}],"replies":[{"embeddable":true,"href":"https:\/\/www.ufsm.br\/cursos\/pos-graduacao\/santa-maria\/ppgcont\/wp-json\/wp\/v2\/comments?post=326"}],"version-history":[{"count":0,"href":"https:\/\/www.ufsm.br\/cursos\/pos-graduacao\/santa-maria\/ppgcont\/wp-json\/wp\/v2\/pages\/326\/revisions"}],"wp:attachment":[{"href":"https:\/\/www.ufsm.br\/cursos\/pos-graduacao\/santa-maria\/ppgcont\/wp-json\/wp\/v2\/media?parent=326"}],"wp:term":[{"taxonomy":"category","embeddable":true,"href":"https:\/\/www.ufsm.br\/cursos\/pos-graduacao\/santa-maria\/ppgcont\/wp-json\/wp\/v2\/categories?post=326"},{"taxonomy":"post_tag","embeddable":true,"href":"https:\/\/www.ufsm.br\/cursos\/pos-graduacao\/santa-maria\/ppgcont\/wp-json\/wp\/v2\/tags?post=326"}],"curies":[{"name":"wp","href":"https:\/\/api.w.org\/{rel}","templated":true}]}}