{"id":339,"date":"2020-05-05T15:03:24","date_gmt":"2020-05-05T18:03:24","guid":{"rendered":"https:\/\/www.ufsm.br\/cursos\/pos-graduacao\/santa-maria\/ppgcont\/?page_id=339"},"modified":"2024-10-10T09:06:51","modified_gmt":"2024-10-10T12:06:51","slug":"revistas","status":"publish","type":"page","link":"https:\/\/www.ufsm.br\/cursos\/pos-graduacao\/santa-maria\/ppgcont\/revistas","title":{"rendered":"Revistas &amp; Anais dos Eventos"},"content":{"rendered":"\n<p>\u00a0<\/p>\n<table style=\"border-collapse: collapse;width: 100%\">\n<tbody>\n<tr>\n<td style=\"width: 100%;background-color: #e8e6e6\">\n<h3><strong>Revistas<\/strong><\/h3>\n<\/td>\n<\/tr>\n<\/tbody>\n<\/table>\n<p>\u00a0<\/p>\n<p><strong>&#8211; Revista de Administra\u00e7\u00e3o da UFSM (REA\/UFSM &#8211; ISSN 1983-4659)<\/strong><\/p>\n<p style=\"text-align: justify\">A Revista de Administra\u00e7\u00e3o da UFSM foi criada em 2008 e \u00e9 publicada pelo Departamento de Ci\u00eancias Administrativas (DCA) do Centro de Ci\u00eancias Sociais e Humanas (CCSH) da Universidade Federal de Santa Maria (UFSM). A miss\u00e3o da Revista de Administra\u00e7\u00e3o da UFSM consiste em publicar a pesquisa emp\u00edrica que testa, amplia ou constr\u00f3i a teoria administrativa e contribui com a pr\u00e1tica de gest\u00e3o. Busca contribuir para o avan\u00e7o e a dissemina\u00e7\u00e3o do conhecimento cient\u00edfico na \u00e1rea de Administra\u00e7\u00e3o a partir da publica\u00e7\u00e3o, em meio eletr\u00f4nico, de ensaios emp\u00edricos de origem nacional e internacional visando a promover o debate acad\u00eamico e a apresentar pr\u00e1ticas de gest\u00e3o relevantes e aplicadas \u00e0 realidade organizacional.<\/p>\n<ul>\n<li>O PPGCC \u00e9 parceiro na divulga\u00e7\u00e3o da Revista de Administra\u00e7\u00e3o da UFSM e apoia na Editora\u00e7\u00e3o (REA\/UFSM &#8211; ISSN 1983-4659).<\/li>\n<li>Revista e os Artigos publicados: <a href=\"https:\/\/periodicos.ufsm.br\/reaufsm\">https:\/\/periodicos.ufsm.br\/reaufsm<\/a><\/li>\n<\/ul>\n<p>\u00a0<\/p>\n<p><strong>&#8211; Revista de Gest\u00e3o e Organiza\u00e7\u00f5es Cooperativas (RGC\/UFSM &#8211; ISSN 2359-0432)<\/strong><\/p>\n<p style=\"text-align: justify\">A Revista de Gest\u00e3o e Organiza\u00e7\u00f5es Cooperativas (RGC\/UFSM &#8211; ISSN 2359-0432) foi criada em 2014, pelo Col\u00e9gio Polit\u00e9cnico (POLI) da Universidade Federal de Santa Maria (UFSM). A miss\u00e3o da\u00a0Revista de Gest\u00e3o e Organiza\u00e7\u00f5es Cooperativas consiste em publicar a pesquisa emp\u00edrica que testa, amplia ou constr\u00f3i estudos voltados para organiza\u00e7\u00f5es coletivas que contribui com a pr\u00e1tica de gest\u00e3o. Busca contribuir para o avan\u00e7o e a dissemina\u00e7\u00e3o do conhecimento cient\u00edfico da Administra\u00e7\u00e3o a partir da publica\u00e7\u00e3o, em meio eletr\u00f4nico e f\u00edsico, de ensaios te\u00f3ricos e emp\u00edricos de origem nacional e internacional visando a promover o debate acad\u00eamico e a apresentar pr\u00e1ticas de gest\u00e3o relevantes e aplicadas \u00e0 realidade organizacional.<\/p>\n<ul>\n<li>O PPGCC \u00e9 parceiro na divulga\u00e7\u00e3o da Revista de Gest\u00e3o e Organiza\u00e7\u00f5es Cooperativas e apoia na Editora\u00e7\u00e3o (RGC\/UFSM &#8211; ISSN 2359-0432).<\/li>\n<li>Revista e os Artigos publicados: <a href=\"https:\/\/periodicos.ufsm.br\/rgc\">https:\/\/periodicos.ufsm.br\/rgc<\/a><\/li>\n<\/ul>\n<p>\u00a0<\/p>\n<table style=\"border-collapse: collapse;width: 100%\">\n<tbody>\n<tr>\n<td style=\"width: 100%;background-color: #dbd9d9\">\n<h3>Anais dos Eventos<\/h3>\n<\/td>\n<\/tr>\n<\/tbody>\n<\/table>\n<p><strong>\u00a0<\/strong><strong>&#8211; F\u00f3rum Internacional Ecoinovar<\/strong><\/p>\n<p style=\"text-align: justify\">\u00a0 \u00a0\u00a0O F\u00f3rum Internacional Ecoinovar \u00e9 um evento anual que tem por objetivo promover o\u00a0interc\u00e2mbio, a divulga\u00e7\u00e3o e o est\u00edmulo \u00e0 produ\u00e7\u00e3o de conhecimento, propostas e\u00a0solu\u00e7\u00f5es que contribuam para o desenvolvimento de novas ideias, iniciativas e a\u00a0constru\u00e7\u00e3o de alian\u00e7as para a inova\u00e7\u00e3o e a sustentabilidade. O PPGCC \u00e9 parceiro na realiza\u00e7\u00e3o do F\u00f3rum\u00a0Internacional Ecoinovar.<\/p>\n<ul>\n<li>Acesse a p\u00e1gina e os Anais do Evento: <a href=\"https:\/\/ecoinovar.com\/\">https:\/\/ecoinovar.com\/<\/a><\/li>\n<\/ul>\n<p>\u00a0<\/p>\n<p><strong>&#8211; SINGESCOOP &#8211; Simp\u00f3sio Nacional de Gest\u00e3o de Cooperativas<\/strong><\/p>\n<p style=\"text-align: justify\">O Simp\u00f3sio Nacional de Gest\u00e3o de Cooperativas (SINGESCOOP) e o F\u00f3rum de Cooperativismo do SINGESCOOP \u00e9 um evento anual que tem por objetivo promover a\u00e7\u00f5es para fomentar a educa\u00e7\u00e3o cooperativa com vistas \u00e0 constru\u00e7\u00e3o do conhecimento pela integra\u00e7\u00e3o entre estudantes, pesquisadores, docentes e profissionais do cooperativismo. O PPGCC \u00e9 parceiro na realiza\u00e7\u00e3o do Simp\u00f3sio Nacional de Gest\u00e3o de Cooperativas (SINGESCOOP).<\/p>\n<ul>\n<li><strong>\u00a0<\/strong>Acesse a p\u00e1gina e os Anais do Evento: <a href=\"https:\/\/www.even3.com.br\/xiisingescoop\/\">https:\/\/www.even3.com.br\/xiisingescoop\/<\/a><\/li>\n<\/ul>\n<p>\u00a0<\/p>\n<p><strong>&#8211; CINCO &#8211; Congresso Interinstitucional de Contabilidade e Controladoria<\/strong><\/p>\n<p style=\"text-align: justify\">O Congresso Interinstitucional de Contabilidade e Controladoria (CINCO) \u00e9 um evento criado e promovido anualmente por cinco importantes Programas de P\u00f3s-gradua\u00e7\u00e3o em Ci\u00eancias Cont\u00e1beis sediados no Brasil, que abra\u00e7a a diversidade geogr\u00e1fica do Pa\u00eds, unindo for\u00e7as das cinco regi\u00f5es do Brasil, por meio de 5 institui\u00e7\u00f5es de renome: Regi\u00e3o Sul &#8211; Universidade Federal de Santa Maria (UFSM), Regi\u00e3o Sudeste &#8211; Universidade Federal do Esp\u00edrito Santo (UFES), Regi\u00e3o Centro-Oeste &#8211; Universidade Federal de Mato Grosso do Sul (UFMS), Regi\u00e3o Nordeste &#8211; Universidade Federal da Para\u00edba (UFPB), e, Regi\u00e3o Norte &#8211; Universidade Federal do Par\u00e1 (UFPA). Nosso foco \u00e9 a promo\u00e7\u00e3o da acessibilidade e a inclus\u00e3o de todos ao evento, uma vez que este \u00e9 realizado de maneira remota. O CINCO busca promover a pesquisa e \u00e0 constru\u00e7\u00e3o do conhecimento pela integra\u00e7\u00e3o entre estudantes, pesquisadores, docentes e profissionais da \u00e1rea de Ci\u00eancias Cont\u00e1beis, Gest\u00e3o e Neg\u00f3cios. O PPGCC \u00e9 um dos fundadores do Congresso.<\/p>\n<ul>\n<li>Acesse a p\u00e1gina e os Anais do Evento: <a href=\"https:\/\/www.even3.com.br\/cinco-i-congresso-interinstitucional-de-contabilidade-e-controladoria-392702\/\">https:\/\/www.even3.com.br\/cinco-i-congresso-interinstitucional-de-contabilidade-e-controladoria-392702\/<\/a><\/li>\n<\/ul>\n<p>\u00a0<\/p>\n","protected":false},"excerpt":{"rendered":"<p>\u00a0 Revistas \u00a0 &#8211; Revista de Administra\u00e7\u00e3o da UFSM (REA\/UFSM &#8211; ISSN 1983-4659) A Revista de Administra\u00e7\u00e3o da UFSM foi criada em 2008 e \u00e9 publicada pelo Departamento de Ci\u00eancias Administrativas (DCA) do Centro de Ci\u00eancias Sociais e Humanas (CCSH) da Universidade Federal de Santa Maria (UFSM). A miss\u00e3o da Revista de Administra\u00e7\u00e3o da UFSM [&hellip;]<\/p>\n","protected":false},"author":2721,"featured_media":0,"parent":0,"menu_order":0,"comment_status":"closed","ping_status":"closed","template":"","meta":{"footnotes":""},"categories":[],"tags":[],"class_list":["post-339","page","type-page","status-publish","hentry"],"acf":[],"_links":{"self":[{"href":"https:\/\/www.ufsm.br\/cursos\/pos-graduacao\/santa-maria\/ppgcont\/wp-json\/wp\/v2\/pages\/339","targetHints":{"allow":["GET"]}}],"collection":[{"href":"https:\/\/www.ufsm.br\/cursos\/pos-graduacao\/santa-maria\/ppgcont\/wp-json\/wp\/v2\/pages"}],"about":[{"href":"https:\/\/www.ufsm.br\/cursos\/pos-graduacao\/santa-maria\/ppgcont\/wp-json\/wp\/v2\/types\/page"}],"author":[{"embeddable":true,"href":"https:\/\/www.ufsm.br\/cursos\/pos-graduacao\/santa-maria\/ppgcont\/wp-json\/wp\/v2\/users\/2721"}],"replies":[{"embeddable":true,"href":"https:\/\/www.ufsm.br\/cursos\/pos-graduacao\/santa-maria\/ppgcont\/wp-json\/wp\/v2\/comments?post=339"}],"version-history":[{"count":0,"href":"https:\/\/www.ufsm.br\/cursos\/pos-graduacao\/santa-maria\/ppgcont\/wp-json\/wp\/v2\/pages\/339\/revisions"}],"wp:attachment":[{"href":"https:\/\/www.ufsm.br\/cursos\/pos-graduacao\/santa-maria\/ppgcont\/wp-json\/wp\/v2\/media?parent=339"}],"wp:term":[{"taxonomy":"category","embeddable":true,"href":"https:\/\/www.ufsm.br\/cursos\/pos-graduacao\/santa-maria\/ppgcont\/wp-json\/wp\/v2\/categories?post=339"},{"taxonomy":"post_tag","embeddable":true,"href":"https:\/\/www.ufsm.br\/cursos\/pos-graduacao\/santa-maria\/ppgcont\/wp-json\/wp\/v2\/tags?post=339"}],"curies":[{"name":"wp","href":"https:\/\/api.w.org\/{rel}","templated":true}]}}