{"id":168,"date":"2019-02-01T10:55:31","date_gmt":"2019-02-01T12:55:31","guid":{"rendered":"https:\/\/www.ufsm.br\/cursos\/pos-graduacao\/santa-maria\/ppgcs\/?page_id=168"},"modified":"2019-02-01T10:55:33","modified_gmt":"2019-02-01T12:55:33","slug":"insercao-e-intercambio","status":"publish","type":"page","link":"https:\/\/www.ufsm.br\/cursos\/pos-graduacao\/santa-maria\/ppgcs\/insercao-e-intercambio","title":{"rendered":"Inser\u00e7\u00e3o e interc\u00e2mbio"},"content":{"rendered":"\n<p>O Programa de PG em Ci\u00eancia do Solo possui uma s\u00e9rie de conv\u00eanios para a execu\u00e7\u00e3o de projetos de pesquisa e forma\u00e7\u00e3o, especialmente de Doutorandos, atrav\u00e9s de Programas Sandwich. Com isso, tamb\u00e9m o corpo docente tem a oportunidade de realizar trabalhos de colabora\u00e7\u00e3o t\u00e9cnico\/cient\u00edfico com institui\u00e7\u00f5es nacionais e internacionais, facilitando programas de P\u00f3s-Doutoramento.<\/p>\n<p>Os principais conv\u00eanios s\u00e3o os sequintes:<\/p>\n<p>&#8211; Conv\u00eanio com o National Soil Erosion Research (NSERL\/USDA) e Purdue University, West Lafayety, USA, para pesquisa em eros\u00e3o, coordenado pelo Prof. Jos\u00e9 Miguel Reichert.<\/p>\n<p>&#8211; Projeto internacional com financiamento da CAPES e DAAD-Alemanha, visando pesquisa cient\u00edfica conjunta e interc\u00e2mbio acad\u00eamico entre o grupo de f\u00edsica do solo da UFSM\/PPGCS e o da Universidade de Kiel na Alemanha. Em 2006, tr\u00eas mestrandos e dois doutorandos da equipe alem\u00e3 desenvolveram atividades no PPGCS, enquanto que um doutorando esteve na Alemanha. O projeto \u00e9 coordenado pelo prof. Jos\u00e9 Miguel Reichert.<\/p>\n<p>&#8211; Interc\u00e2mbio com Wisconsin University, em nome do Prof. Birl Lowery, Madison, USA, para realiza\u00e7\u00e3o de projetos na \u00e1rea de f\u00edsica de solo, coordenado pelo Prof. Dalvan Jos\u00e9 Reinert.<\/p>\n<p>&#8211; Conv\u00eanio com o Conservation Research Laboratory of Minnesota, USA, com o objetivo de estudar o sequestro de carbono em sistemas conservacionistas de manejo do solo, coordenado pelo Prof. Telmo Jorge Carneiro Amado.<\/p>\n<p>&#8211; Conv\u00eanio do PPGCS da UFSM com o INRA da Fran\u00e7a atrav\u00e9s do Programa CAPES\/Cofecub. Os principais contatos no INRA s\u00e3o os pesquisadores Sylvie Recous e Bruno Mary, em Laon, com o objetivo de realiza\u00e7\u00e3o de pesquisas na \u00e1rea de Biodin\u00e2mica e Manejo do Solo sob a coordena\u00e7\u00e3o do Prof. Celso Aita. Este conv\u00eanio foi renovado em 2006. Incluisive em 2006 a pesquisadora do INRA Sylvie Recous esteve em Santa Maria no PPGCS durante 12 dias para discutir resultados obtidos em projeto que trata da avalia\u00e7\u00e3o e modeliza\u00e7\u00e3o da din\u00e2mica do carbono e nitrog\u00eanio no solo. Fruto deste conv\u00eanio, em 2006 foram iniciadas tratativas para ampliar o conv\u00eanio com a Fran\u00e7a, visando especialmente a forma\u00e7\u00e3o de recursos humanos de brasileiros na Fran\u00e7a e franceses no Brasil, sendo o respons\u00e1vel na Fran\u00e7a o PhD. Daniel Tessier e no PPGCS o Prof. Danilo Reinheimer dos Santos, o qual esteve durante 45 dias na Fran\u00e7a em 2006, com o prop\u00f3sito de estabelecer as bases para esta coopera\u00e7\u00e3o. Inclusive, O PhD. Daniel Tessier esteve em Santa Maria durante 10 dias em fevereiro de 2007 com o objetivo de firmar o conv\u00eanio.<\/p>\n<p>&#8211; Em 2006 foi efetivado o conv\u00eanio de coopera\u00e7\u00e3o internacional com o Uruguai (Faculdade de Agronomia de Montevideo e Instituto Nacional de Investigaci\u00f3n Agropecuaria-INIA) e com a Argentina (Facultad de Ciencias Agropecuarias &#8211; Universidad Nacional de Entre Rios. O projeto \u00e9 financiado pelo CNPq e envolve dois professores do PPGCS, v\u00e1rios estudantes de gradua\u00e7\u00e3o e um de doutorado, al\u00e9m de cinco t\u00e9cnicos do Uruguai e sete da Argentina.<\/p>\n<p>&#8211; Conv\u00eanio Departamento de Solos e PPGCS\/UFSM com a EMBRAPA-AGROBIOLOGIA, tendo com principal contato o Pesquisador Segundo Urquiaga, para desenvolver os seguintes projetos:<\/p>\n<p>a) Uso do is\u00f3topo 15N para o estudo da din\u00e2mica do N no solo em sistemas de culturas, incluindo plantas de cobertura de solo e dejetos de su\u00ednos;<\/p>\n<p>b) otimiza\u00e7\u00e3o da fixa\u00e7\u00e3o biol\u00f3gica de N (FBN) na produ\u00e7\u00e3o sustent\u00e1vel de culturas agr\u00edcolas e no seq\u00fcestro de carbono no solo, com financiamento do PRODETAB. O Prof. Celso Aita \u00e9 o coordenador do conv\u00eanio pela UFSM. Deste conv\u00eanio resultou em 2006 na publica\u00e7\u00e3o de um livro intitulado &#8220;Manejo de sistemas agr\u00edcolas: impacto no sequestro de C e nas emiss\u00f5es de gases de efeito estufa&#8221;, no qual participam dois professores do PPGCS, em dois cap\u00edtulos, sendo o Prof. Celso Aita tamb\u00e9m como editor do livro.<\/p>\n<p>&#8211; Conv\u00eanio Departamento de Solos\/UFSM com a The Royal Veterinary and Agricultural University, Department of Agricultural Science, Plant Nutrition and Soil Fertility Laboratory da Dinamarca, visando a realiza\u00e7\u00e3o de trabalhos conjuntos. Atrav\u00e9s deste conv\u00eanio, em 2003, esteve na UFSM o aluno dinamarques Mads Sejersen Vinther, sob a orienta\u00e7\u00e3o do Prof. Telmo J. C. Amado e encaminhado pelo Prof. Andreas de Neergaard. O referido aluno desempenhou atividades de pesquisa por um per\u00edodo de 5 meses.<\/p>\n<p>&#8211; Conv\u00eanio do Centro de Ci\u00eancias Rurais, onde participam professores componentes do Programa de PG em Ci\u00eancia do Solo proposto, com o INIA &#8211; Instituto Nacional de Investiga\u00e7\u00e3o Agropecu\u00e1ria do Uruguai, para realiza\u00e7\u00e3o de projetos de pesquisa, especialmente para manejo de solos visando aspectos relacionados com a f\u00edsica de solo e produ\u00e7\u00e3o de pastagem.<\/p>\n<p>&#8211; Conv\u00eanio Departamento de Solos\/UFSM com a Christian Albrechts Universitat Zu Kiel, Alemanha, atrav\u00e9s do Programa CAPES\/DAAD\/PROBRAL, visando a realiza\u00e7\u00e3o de pesquisas em n\u00edvel de P\u00f3s-Doutoramento de docentes e Programas Sandwich para discentes. Em 2006 esteve na universidade da Alemanha o doutorando Carlos Arnoldo Streck do PPGCS. Em fun\u00e7\u00e3o deste conv\u00eanio tamb\u00e9m estiveram pessoas vinculadas \u00e0 Universidade Alem\u00e3 na UFSM em novembro, incluindo o professor Heiner Fleige e os doutorandos Alex Daniel Zink e Stephan Gebhardt, realizando atividades em experimentos sobre transmiss\u00e3o de tens\u00f5es no solo quando do tr\u00e1fego motomecanizado.<\/p>\n<p>\u00a0<\/p>\n<p><strong>Innser\u00e7\u00e3o Regional<\/strong><\/p>\n<hr \/>\n<p>Considerando que a quase totalidade dos professores que comp\u00f5em o Programa de P\u00f3s-Gradua\u00e7\u00e3o em Ci\u00eancia do Solo est\u00e1 vinculada ao Departamento de Solos, pode-se ressaltar o grande n\u00famero de trabalhos de pesquisa e extens\u00e3o que estavam em andamento em 2004, e que caracterizam a inser\u00e7\u00e3o regional do Programa.<\/p>\n<p>Grande parte dos professores do Programa tem tradi\u00e7\u00e3o na realiza\u00e7\u00e3o de trabalhos em parceria com a EMATER, em uma s\u00e9rie de munic\u00edpios na regi\u00e3o. Ao longo dos \u00faltimos anos estes trabalhos foram realizados nos munic\u00edpios de S\u00e3o Pedro do Sul, Cachoeira do Sul, Ivor\u00e1, Agudo, Silveira Martins, J\u00falio de Castilhos, Santo Augusto, Cruz Alta, Iju\u00ed, Palmeira das Miss\u00f5es, Tupanciret\u00e3, Para\u00edso do Sul, Alegrete, apenas para citar alguns.<\/p>\n<p>Existem experimentos que foram conduzidos recentemente na Fazenda Paineira, em Coronel Bicaco, ent\u00e3o propriedade da SLC Agr\u00edcola, onde foram estudados manejos para a aduba\u00e7\u00e3o nitrogenada na sucess\u00e3o aveia preta\/milho, bem como estrat\u00e9gias para a aduba\u00e7\u00e3o fosfatada e pot\u00e1ssica. Neste \u00faltimo enfocando o sistema de manejo do solo e n\u00e3o uma cultura isoladamente. Estes trabalhos determinaram mudan\u00e7as nos sistemas de condu\u00e7\u00e3o de culturas nesta fazenda, bem como servia como laborat\u00f3rio para teste de valida\u00e7\u00e3o de tecnologias e gera\u00e7\u00e3o de demandas de pesquisa que representavam uma realidade do meio rural.<\/p>\n<p>O mesmo est\u00e1 sendo feito em Cruz Alta, onde desde 1999, em parceria com Pionner Sementes Ltda, est\u00e3o sendo conduzidos experimentos sobre aduba\u00e7\u00e3o nitrogenada e pot\u00e1ssica visando indicadores de m\u00e1xima efici\u00eancia t\u00e9cnica e econ\u00f4mica na produ\u00e7\u00e3o de milho, cultivado sob irriga\u00e7\u00e3o por piv\u00f4 central. Tamb\u00e9m em Cruz Alta est\u00e3o sendo conduzidos trabalhos nas propriedades de Ulfried Arns e de Arnaldo Yank, com o objetivo de estudar o fen\u00f4meno da compacta\u00e7\u00e3o do solo associado ao plantio direto.<\/p>\n<p>Experimentos semelhantes est\u00e3o em andamento na \u00e1rea experimental da COTRIJUI, onde ainda s\u00e3o estudadas outras vari\u00e1veis associadas com a f\u00edsica do solo em sistemas de culturas, sob plantio direto.<\/p>\n<p>O esfor\u00e7o para o desenvolvimento da pecu\u00e1ria familiar na Metade Sul do Rio Grande do Sul \u00e9 comtemplado com trabalhos que vem sendo realizados na \u00e1rea de nutri\u00e7\u00e3o e manejo de plantas, principalmente nos munic\u00edpios de Alegrete e Bag\u00e9, com recursos do FEPAGRO\/Secretaria da Agricultura\/RS-Rural\/Banco Mundial.<\/p>\n<p>Trabalhos visando obter dados para calibra\u00e7\u00e3o da aduba\u00e7\u00e3o pot\u00e1ssica no RS s\u00e3o desenvolvidos em Manoel Viana, Ibirub\u00e1, Tuparendi e Boa Vista do Incra. Em Santa Catarina trabalhos visando a intera\u00e7\u00e3o calagem\/manejo do solo em parceria com a Universidade Estadual de Santa Catarina, em Lages, dentro Programa Sul Brasileiro de P\u00f3s-Gradua\u00e7\u00e3o e Pesquisa. Em Palmeira das Miss\u00f5es s\u00e3o desenvolvidos trabalhos para determinar a din\u00e2mica do carbono em sistemas agr\u00edcolas, sob plantio direto, enquanto em Alegrete desenvolvem-se trabalhos visando manejo do solo para a cultura da mel\u00e2ncia.<\/p>\n<p>Atrav\u00e9s de conv\u00eanios formais, professores do PPG em Ci\u00eancia do Solo concluiram em 2003 levantamentos para classifica\u00e7\u00e3o de solos dos munic\u00edpios de S\u00e3o Pedro do Sul, S\u00e3o Jo\u00e3o do Pol\u00easine e Silveira Martins, os quais foram materializados em Boletins T\u00e9cnicos editados para cada munic\u00edpio, com recursos cedidos pelos pr\u00f3prios munic\u00edpios, pois o prop\u00f3sito \u00e9 o uso das informa\u00e7\u00f5es para estabelecer planejamento de uso do solo no meio rural e urbano.<\/p>\n<p>Atrav\u00e9s da parceria do Departamento de Solos com o IRGA (Instituto Rio Grandense do Arroz), Esta\u00e7\u00e3o Experimental de Cachoeirinha, RS, est\u00e1 em andamentoa condu\u00e7\u00e3o de experimentos objetivando estudar a din\u00e2mica de nutrientes e de elementos t\u00f3xicos em solos alagados para o cultivo do arroz e no ambiente de v\u00e1rzea, bem como estudos para determinar par\u00e2metros para recomenda\u00e7\u00e3o de calagem e aduba\u00e7\u00e3o para o arroz irrigado.<\/p>\n<p>Trabalhos com \u00eanfase no manejo da \u00e1gua do solo s\u00e3o realizados em Santiago e Uruguaiana, em parceria com a Universidade Regional Integrada (URI) e Pontif\u00edcia Universidade Cat\u00f3lica (PUC), respectivamente. Em Santa Cruz do Sul existem trabalhos sobre distribui\u00e7\u00e3o espacial de plantas de milho, visando uso mais eficiente da \u00e1gua e produtividade de gr\u00e3os. Em Bag\u00e9 (Fazenda Para\u00edso), Acegu\u00e1 (Fazenda Mojon), Ibirub\u00e1 (Granja Tr\u00eas Irm\u00e3os) e Cruz Alta (Macagnan Condom\u00ednio Rural) no Rio Grande do Sul e em Cristalina, em Goi\u00e1s, algumas das quais em parceria com a PIONNER, s\u00e3o feitos trabalhos para dimensionamento e manejo de piv\u00f4s centrais para irriga\u00e7\u00e3o de culturas de sequeiro, atrav\u00e9s de monitoramento de dados clim\u00e1ticos. Com isso, os produtores s\u00e3o orientados diariamente e \u00e0 dist\u00e2ncia \u00e0 tomada de decis\u00e3o para irrigar, pois os sistemas s\u00e3o interligados on-line. Assim, o manejo \u00e9 mais eficiente dos sistemas de irriga\u00e7\u00e3o, especialmente para a cultura do milho. Em 2006 a \u00e1rea atendida neste projeto denominado &#8220;Sistema irriga&#8221; foi de aproximadamente 40.000 hectares em v\u00e1rias fazendas em muitos Estados do Brasil.<\/p>\n<p>Espera-se com estes exemplos, mostrar a\u00e7\u00f5es que foram desenvolvidas em 2006 e que demonstram o potencial e a preocupa\u00e7\u00e3o que existe entre os pesquisadores de gerar e difundir conhecimentos na regi\u00e3o, aproveitando-se das institui\u00e7\u00f5es para desenvolver parcerias e conv\u00eanios formais, atrav\u00e9s dos quais existe maior troca de experi\u00eancias e encurta-se o caminho entre a gera\u00e7\u00e3o e uso de t\u00e9cnicas \u00e0 produ\u00e7\u00e3o. Al\u00e9m disso, s\u00e3o freq\u00fcentes as participa\u00e7\u00f5es em palestras em eventos regionais onde os pesquisadores levam e trazem conhecimentos\/experi\u00eancias que auxiliam no estabelecimento de prioridades de pesquisa.<\/p>\n<p>Principais conv\u00eanios:<\/p>\n<p>&#8211; Conv\u00eanio Departamento de Solos e PPGCS\/UFSM com a COTRIJUI para troca de experi\u00eancias em pesquisa e extens\u00e3o atrav\u00e9s de interc\u00e2mbio tecnol\u00f3gico, onde experimentos s\u00e3o conduzidos em \u00e1rea experimental da COTRIJUI, visando a gera\u00e7\u00e3o e difus\u00e3o de tecnologias.<\/p>\n<p>&#8211; Conv\u00eanio de parceria de professores do PPGCS com a BUNGE, STARA, AGCO e COTRIJAL para condu\u00e7\u00e3o do Projeto Aquarius, atrav\u00e9s do qual s\u00e3o realizados trabalhos de pesquisa e desenvolvimento em agricultura de precis\u00e3o em dezoito propriedades agr\u00edcolas na regi\u00e3o do Planalto do Rio Grande do Sul.<\/p>\n<p>&#8211; Conv\u00eanio Departamento de Solos e PPGCS\/UFSM com a EMATER\/RS, para realiza\u00e7\u00e3o de pesquisa em sistemas de produ\u00e7\u00e3o de batata, com experimentos concentrados principalmente no munic\u00edpio de J\u00falio de Castilhos e sob a coordena\u00e7\u00e3o do Engenheiro Agr\u00f4nomo Luiz Ant\u00f4nio Rocha Barcellos da EMATER, RS e participa\u00e7\u00e3o do Prof. Carlos Alberto Ceretta do Departamento de Solos.<\/p>\n<p>&#8211; Conv\u00eanio do Departamento de Solos e PPGCS\/UFSM com o Sindicato das Ind\u00fastrias de Calc\u00e1rio do Rio Grande do Sul, com o objetivo de prestar assessoria em assuntos relacionados ao uso racional de calc\u00e1rio \u00e0 melhoria da produtividade das culturas.<\/p>\n<p>&#8211; Conv\u00eanio Departamento de Solos e PPGCS\/UFSM com a FEPAGRO\/Secretaria da Agricultura\/RS-Rural\/Banco Mundial, para monitoramento ambiental de microbacias hidrogr\u00e1ficas em Agudo, Cristal, Arvorezinha, Maximiliano de Almeida.<\/p>\n<p>&#8211; Conv\u00eanio Departamento de Solos\/UFSM com a PIONEER SEMENTES LTDA para condu\u00e7\u00e3o de experimentos de alunos em curso de Mestrado ou Doutorado. O conv\u00eanio tem como respons\u00e1vel o Prof. Reimar Carlesso do PPGCS e atendeu em 2006 a uma \u00e1rea de aproximadamente 40.000 hectares em v\u00e1rias fazendas no Brasil que utilizam irriga\u00e7\u00e3o por pivo central.<\/p>\n<p>\u00a0<\/p>\n<p><strong>Integra\u00e7\u00e3o com a gradua\u00e7\u00e3o<\/strong><\/p>\n<hr \/>\n<p>Os Professores que fazem parte do Programa de P\u00f3s-Gradua\u00e7\u00e3o em Ci\u00eancia do Solo atuam na Gradua\u00e7\u00e3o em sua totalidade, tanto ministrando disciplinas, quanto orientando alunos em inicia\u00e7\u00e3o cient\u00edfica, est\u00e1gios ou monitorias. Essas atividades promovem uma integra\u00e7\u00e3o efetiva com a gradua\u00e7\u00e3o, porque \u00e9 expressivo o n\u00famero de alunos de gradua\u00e7\u00e3o bolsistas de inicia\u00e7\u00e3o cient\u00edfica, ou mesmo volunt\u00e1rios sem remunera\u00e7\u00e3o, que participam na gera\u00e7\u00e3o e divulga\u00e7\u00e3o de informa\u00e7\u00f5es t\u00e9cnicas, sendo que em 2006 o n\u00famero \u00e9 de aproximadamente 100 alunos. Com isso, estes alunos encontram maior motiva\u00e7\u00e3o para os estudos e podem qualificar sua participa\u00e7\u00e3o nas disciplinas.<\/p>\n<p>A resultante \u00e9 a melhoria na forma\u00e7\u00e3o t\u00e9cnica e human\u00edstica dos graduandos. Al\u00e9m disso, \u00e9 uma oportunidade para desenvolverem esp\u00edrito de equipe e lideran\u00e7a necess\u00e1rios \u00e0 forma\u00e7\u00e3o como profissionais e cidad\u00e3os. Por outro lado, o fato do Programa de PG em Ci\u00eancia do Solo ter a quase totalidade de seus professores vinculados ao Departamento de Solos, facilita a integra\u00e7\u00e3o com a gradua\u00e7\u00e3o, porque o Departamento possui aproximadamente 50 hectares no campus da UFSM, sendo parte desta \u00e1rea utilizada \u00e0 condu\u00e7\u00e3o de experimentos, que s\u00e3o utilizados tamb\u00e9m em aulas pr\u00e1ticas. Isso permite ao aluno um maior contato com a realidade, tornando mais efetivas as aulas te\u00f3ricas.<\/p>\n<p>O retorno \u00e0 contribui\u00e7\u00e3o dos alunos de gradua\u00e7\u00e3o, bolsistas ou volunt\u00e1rios, tamb\u00e9m \u00e9 feito pelo custeio \u00e0 sua participa\u00e7\u00e3o em eventos cient\u00edficos nacionais, onde esses tem a oportunidade de exercitar o organizar as informa\u00e7\u00f5es geradas e interpret\u00e1-las, submetendo-se ao p\u00fablico ao apresentar trabalhos, especialmente sob a forma de p\u00f4steres. Exemplo recente disso, em 2006, participaram da FERTBIO, que aconteceu em Bonito, MS, um total de 32 alunos e outros 12 na Reuni\u00e3o Brasileira de Manejo e Conserva\u00e7\u00e3o do Solo, que aconteceu em Aracaju, SE. Al\u00e9m destes eventos, aconteceram outros mais regionais onde tamb\u00e9m muitos alunos da gradua\u00e7\u00e3o participaram pela sua atua\u00e7\u00e3o como de inicia\u00e7\u00e3o cient\u00edfica.<\/p>\n<p>Outra estrat\u00e9gia de integra\u00e7\u00e3o com a gradua\u00e7\u00e3o \u00e9 feita em algumas disciplinas onde existe o aproveitamento de Mestrandos e Doutorandos do PPG em Ci\u00eancia do Solo, os quais colaboram na organiza\u00e7\u00e3o de aulas de gradua\u00e7\u00e3o e, especialmente, servindo como monitores, estando a disposi\u00e7\u00e3o de alunos um dia por semana e num determinado local. Com isso, os alunos que desejarem tirar d\u00favidas do conte\u00fado de disciplinas podem, al\u00e9m dos professores, ter a sua disposi\u00e7\u00e3o estes alunos de PG. O investimento nos alunos de gradua\u00e7\u00e3o tamb\u00e9m tem permitido o ingresso de alunos com grande potencial no Programa de P\u00f3s-Gradua\u00e7\u00e3o em Ci\u00eancia do Solo. Contudo, temos grande parte de alunos oriundos de outras institui\u00e7\u00f5es, o que evita a endogamia.<\/p>\n","protected":false},"excerpt":{"rendered":"<p>O Programa de PG em Ci\u00eancia do Solo possui uma s\u00e9rie de conv\u00eanios para a execu\u00e7\u00e3o de projetos de pesquisa e forma\u00e7\u00e3o, especialmente de Doutorandos, atrav\u00e9s de Programas Sandwich. Com isso, tamb\u00e9m o corpo docente tem a oportunidade de realizar trabalhos de colabora\u00e7\u00e3o t\u00e9cnico\/cient\u00edfico com institui\u00e7\u00f5es nacionais e internacionais, facilitando programas de P\u00f3s-Doutoramento. Os principais [&hellip;]<\/p>\n","protected":false},"author":118,"featured_media":0,"parent":0,"menu_order":0,"comment_status":"closed","ping_status":"closed","template":"","meta":{"footnotes":""},"categories":[],"tags":[],"class_list":["post-168","page","type-page","status-publish","hentry"],"acf":[],"_links":{"self":[{"href":"https:\/\/www.ufsm.br\/cursos\/pos-graduacao\/santa-maria\/ppgcs\/wp-json\/wp\/v2\/pages\/168","targetHints":{"allow":["GET"]}}],"collection":[{"href":"https:\/\/www.ufsm.br\/cursos\/pos-graduacao\/santa-maria\/ppgcs\/wp-json\/wp\/v2\/pages"}],"about":[{"href":"https:\/\/www.ufsm.br\/cursos\/pos-graduacao\/santa-maria\/ppgcs\/wp-json\/wp\/v2\/types\/page"}],"author":[{"embeddable":true,"href":"https:\/\/www.ufsm.br\/cursos\/pos-graduacao\/santa-maria\/ppgcs\/wp-json\/wp\/v2\/users\/118"}],"replies":[{"embeddable":true,"href":"https:\/\/www.ufsm.br\/cursos\/pos-graduacao\/santa-maria\/ppgcs\/wp-json\/wp\/v2\/comments?post=168"}],"version-history":[{"count":0,"href":"https:\/\/www.ufsm.br\/cursos\/pos-graduacao\/santa-maria\/ppgcs\/wp-json\/wp\/v2\/pages\/168\/revisions"}],"wp:attachment":[{"href":"https:\/\/www.ufsm.br\/cursos\/pos-graduacao\/santa-maria\/ppgcs\/wp-json\/wp\/v2\/media?parent=168"}],"wp:term":[{"taxonomy":"category","embeddable":true,"href":"https:\/\/www.ufsm.br\/cursos\/pos-graduacao\/santa-maria\/ppgcs\/wp-json\/wp\/v2\/categories?post=168"},{"taxonomy":"post_tag","embeddable":true,"href":"https:\/\/www.ufsm.br\/cursos\/pos-graduacao\/santa-maria\/ppgcs\/wp-json\/wp\/v2\/tags?post=168"}],"curies":[{"name":"wp","href":"https:\/\/api.w.org\/{rel}","templated":true}]}}