{"id":181,"date":"2019-02-01T11:14:02","date_gmt":"2019-02-01T13:14:02","guid":{"rendered":"https:\/\/www.ufsm.br\/cursos\/pos-graduacao\/santa-maria\/ppgcs\/?page_id=181"},"modified":"2026-03-25T15:39:55","modified_gmt":"2026-03-25T18:39:55","slug":"areas-linhas-e-projetos","status":"publish","type":"page","link":"https:\/\/www.ufsm.br\/cursos\/pos-graduacao\/santa-maria\/ppgcs\/areas-linhas-e-projetos","title":{"rendered":"\u00c1reas, linhas e projetos"},"content":{"rendered":"\t\t<div data-elementor-type=\"wp-post\" data-elementor-id=\"181\" class=\"elementor elementor-181\">\n\t\t\t\t\t\t<section class=\"elementor-section elementor-top-section elementor-element elementor-element-1bcb259e elementor-section-boxed elementor-section-height-default elementor-section-height-default\" data-id=\"1bcb259e\" data-element_type=\"section\">\n\t\t\t\t\t\t<div class=\"elementor-container elementor-column-gap-default\">\n\t\t\t\t\t<div class=\"elementor-column elementor-col-100 elementor-top-column elementor-element elementor-element-3ea298d8\" data-id=\"3ea298d8\" data-element_type=\"column\">\n\t\t\t<div class=\"elementor-widget-wrap elementor-element-populated\">\n\t\t\t\t\t\t<div class=\"elementor-element elementor-element-58dad4c8 elementor-widget__width-initial elementor-widget elementor-widget-text-editor\" data-id=\"58dad4c8\" data-element_type=\"widget\" data-widget_type=\"text-editor.default\">\n\t\t\t\t<div class=\"elementor-widget-container\">\n\t\t\t\t\t\t\t<h5><span style=\"color: #000000;font-size: 1rem\">\u00c1reas, Linhas de Pesquisa e Projetos conforme o regulamento vigente a partir de 2025. Para o regulamento at\u00e9 2024, consulte&nbsp;<\/span><a href=\"https:\/\/www.ufsm.br\/cursos\/pos-graduacao\/santa-maria\/ppgcs?page_id=1168\" target=\"_blank\">aqui<\/a><span style=\"color: #000000;font-size: 1rem\">.<\/span><\/h5>\n<div><span style=\"color: #000000;font-size: 1rem\">&nbsp;<\/span><\/div>\n<p><strong>\u00c1REA DE CONCENTRA\u00c7\u00c3O: BIODIN\u00c2MICA, MANEJO E CONSERVA\u00c7\u00c3O DO SOLO<\/strong><\/p>\n<p><strong>1. Linha de pequisa:&nbsp;<\/strong><b>Biologia e Bioqu\u00edmica do Solo<\/b><\/p>\n<p>Descri\u00e7\u00e3o: Estuda os processos biol\u00f3gicos e bioqu\u00edmicos de import\u00e2ncia ao funcionamento do solo, com \u00eanfase nos ciclos biogeoqu\u00edmicos e as intera\u00e7\u00f5es entre microrganismos, fauna e plantas, em sistemas naturais e manejados, utilizando abordagens experimentais e anal\u00edticas avan\u00e7adas, com foco na qualidade do solo, sustentabilidade dos agroecossistemas e mitiga\u00e7\u00e3o de gases de efeito estufa.&nbsp;&nbsp;<\/p>\n<p><strong>Projetos de pesquisa<\/strong><\/p>\n<p>&#8211;&nbsp;Microbiologia e biotecnologia do solo<\/p>\n<p>&#8211; Fauna do solo em sistemas naturais e cultivados<\/p>\n<p>&#8211; Ciclos biogeoqu\u00edmicos e gases de efeito estufa<\/p>\n<p><strong>2. Linha de pesquisa:&nbsp;<\/strong><b>Manejo e Conserva\u00e7\u00e3o do Solo e da \u00c1gua<\/b><\/p>\n<p>Descri\u00e7\u00e3o: Estudo dos impactos da agricultura aos recursos naturais (solo e \u00e1gua) utilizando a hidrologia e os processos erosivos com a proposi\u00e7\u00e3o de medidas de conserva\u00e7\u00e3o do solo que maximizem a produtividade e minimizem os impactos ao solo e aos recursos h\u00eddricos.<\/p>\n<p><strong>Projetos de pesquisa<\/strong><\/p>\n<p>&#8211; Manejo do solo e os servi\u00e7os ambientais<\/p>\n<p>&#8211; Conserva\u00e7\u00e3o do solo e da \u00e1gua em sistemas de produ\u00e7\u00e3o<\/p>\n<p>&#8211;&nbsp;<span style=\"color: black;font-family: 'Times New Roman', serif;font-size: 16pt\">Monitoramento e modelagem dos processos erosivos<\/span><\/p>\n<p><span style=\"color: black;font-family: 'Times New Roman', serif;font-size: 16pt\">&nbsp;<\/span><\/p>\n<p><span style=\"color: #000000;font-size: 16px;font-weight: bolder\">\u00c1REA DE CONCENTRA\u00c7\u00c3O:&nbsp;<\/span><b>PEDOLOGIA E PROCESSOS F\u00cdSICOS DO SOLO<\/b><\/p>\n<p><strong>1. Linha de pesquisa: Pedologia<\/strong><\/p>\n<p>Descri\u00e7\u00e3o:&nbsp;<span style=\"font-family: 'Times New Roman', serif;font-size: 16pt\">Trata<br>da compreens\u00e3o da distribui\u00e7\u00e3o dos solos na paisagem (rela\u00e7\u00e3o solo-paisagem). Aborda a identifica\u00e7\u00e3o, a composi\u00e7\u00e3o mineral\u00f3gica, a pedog\u00eanese, a classifica\u00e7\u00e3o taxon\u00f4mica e t\u00e9cnica e o mapeamento digital de solos e propriedades (pedometria), aplicados ao uso sustent\u00e1vel das terras em ecossistemas naturais e antropizados.<\/span><span style=\"color: black;font-family: 'Times New Roman', serif;font-size: 16pt\"><br><\/span><\/p>\n<p><strong>Projetos de pesquisa<\/strong><\/p>\n<p>&#8211;&nbsp;<span style=\"color: black;font-family: 'Times New Roman', serif;font-size: 16pt\">Levantamento e mapeamento digital de solos<\/span><\/p>\n<p>&#8211;&nbsp;<span style=\"color: black;font-family: 'Times New Roman', serif;font-size: 16pt\">Pedometria e modelagem em agroecossistemas<\/span><\/p>\n<p><span style=\"color: black;font-family: 'Times New Roman', serif;font-size: 16pt\">&#8211;&nbsp;<\/span>G\u00eanese, mineralogia, morfologia e classifica\u00e7\u00e3o de solos<\/p>\n<p><strong>2.&nbsp;Linha de pesquisa:&nbsp;<\/strong><b style=\"color: #000000;font-size: 1rem\"><span style=\"font-size: 16.0pt;line-height: 107%;font-family: 'Times New Roman',serif\">Estrutura do solo e fluxo de mat\u00e9ria e energia no sistema solo-planta<\/span><\/b><\/p>\n<p>Descri\u00e7\u00e3o:&nbsp;Envolve a descri\u00e7\u00e3o de caracter\u00edsticas e propriedades da estrutura do solo e rela\u00e7\u00f5es com armazenamento e fluxo de \u00e1gua, calor e gases, fazendo uso de medi\u00e7\u00f5es e modelagem matem\u00e1tica em diversos sistemas de uso e manejo do solo.<\/p>\n<p><strong>Projetos de pesquisa<\/strong><\/p>\n<p>&#8211;&nbsp;<span style=\"color: black;font-family: 'Times New Roman', serif;font-size: 16pt\">Estrutura e funcionalidade do solo em ambientes naturais e antropizados<\/span><\/p>\n<p style=\"margin-bottom: 14pt;line-height: normal;background-image: initial;background-position: initial;background-size: initial;background-repeat: initial;background-attachment: initial\"><span style=\"font-size: 16.0pt;font-family: 'Times New Roman',serif;color: black\">&#8211; Regime h\u00eddrico e t\u00e9rmico no sistema solo-planta<\/span><\/p>\n<p style=\"margin-bottom: 14pt;line-height: normal;background-image: initial;background-position: initial;background-size: initial;background-repeat: initial;background-attachment: initial\"><span style=\"font-size: 16.0pt;font-family: 'Times New Roman',serif;color: black\">&#8211; Rela\u00e7\u00f5es entre fatores f\u00edsicos do solo e crescimento de plantas<\/span><\/p>\n<p style=\"margin-bottom: 14pt;line-height: normal;background-image: initial;background-position: initial;background-size: initial;background-repeat: initial;background-attachment: initial\"><span style=\"font-size: 16.0pt;font-family: 'Times New Roman',serif;color: black\">&nbsp;<\/span><\/p>\n<p><strong>\u00c1REA DE CONCENTRA\u00c7\u00c3O:&nbsp;<\/strong><b>PROCESSOS QU\u00cdMICOS E CICLAGEM DE ELEMENTOS<\/b><\/p>\n<p><strong>1. Linha de pesquisa:&nbsp;<\/strong><b>Din\u00e2mica e transfer\u00eancia de elementos qu\u00edmicos e subst\u00e2ncias no ambiente<\/b><\/p>\n<p>Descri\u00e7\u00e3o:&nbsp;<span style=\"color: black;font-family: 'Times New Roman', serif;font-size: 16pt\">Envolve processos que governam a disponibilidade de nutrientes, efeito de elementos t\u00f3xicos, taxas de transforma\u00e7\u00f5es e t\u00e9cnicas de uso do solo e de \u00e1gua e seus reflexos na produtividade agr\u00edcola.<\/span><\/p>\n<p><strong>Projetos de pesquisa<\/strong><\/p>\n<p>&#8211;&nbsp;Formas e rea\u00e7\u00f5es de nutrientes e elementos t\u00f3xicos no solo e seus reflexos na disponibilidade \u00e0s plantas e outros organismos<\/p>\n<p>&#8211; Ac\u00famulo e transfer\u00eancia de elementos qu\u00edmicos e subst\u00e2ncias t\u00f3xicas oriundos da atividade antr\u00f3pica<\/p>\n<p>&#8211; Transfer\u00eancia e modelagem de elementos qu\u00edmicos e subst\u00e2ncias t\u00f3xicas em bacias hidrogr\u00e1ficas e seus reflexos na qualidade da \u00e1gua<\/p>\n<p><strong>2. Linha de pesquisa:&nbsp;<\/strong><b>Disponibilidade de nutrientes e recomenda\u00e7\u00e3o de calagem e aduba\u00e7\u00e3o<\/b><\/p>\n<p>Descri\u00e7\u00e3o: Envolve trabalhos relacionados a avalia\u00e7\u00e3o de metodologias de an\u00e1lise de solo e de tecido e calibra\u00e7\u00e3o a fim de subsidiar as tomadas de decis\u00f5es e as recomenda\u00e7\u00f5es de fertilizantes e corretivos da acidez visando altas produtividades e preserva\u00e7\u00e3o ambiental.<\/p>\n<p><strong>Projetos de pesquisa<\/strong><\/p>\n<p>&#8211;&nbsp;Calibra\u00e7\u00e3o visando a recomenda\u00e7\u00e3o de calagem e aduba\u00e7\u00e3o em sistemas de cultivos<\/p>\n<p>&#8211; Manejo de fontes de nutrientes em agroecossistemas<\/p>\n<p>&#8211; Avalia\u00e7\u00e3o do estado nutricional das plantas e recomenda\u00e7\u00e3o de fertilizantes<\/p>\n<p><!-- \/wp:tadv\/classic-paragraph --><\/p>\t\t\t\t\t\t<\/div>\n\t\t\t\t<\/div>\n\t\t\t\t\t<\/div>\n\t\t<\/div>\n\t\t\t\t\t<\/div>\n\t\t<\/section>\n\t\t\t\t<\/div>\n\t\t","protected":false},"excerpt":{"rendered":"<p>\u00c1reas, Linhas de Pesquisa e Projetos conforme o regulamento vigente a partir de 2025. Para o regulamento at\u00e9 2024, consulte&nbsp;aqui. &nbsp; \u00c1REA DE CONCENTRA\u00c7\u00c3O: BIODIN\u00c2MICA, MANEJO E CONSERVA\u00c7\u00c3O DO SOLO 1. Linha de pequisa:&nbsp;Biologia e Bioqu\u00edmica do Solo Descri\u00e7\u00e3o: Estuda os processos biol\u00f3gicos e bioqu\u00edmicos de import\u00e2ncia ao funcionamento do solo, com \u00eanfase nos ciclos [&hellip;]<\/p>\n","protected":false},"author":118,"featured_media":0,"parent":0,"menu_order":0,"comment_status":"closed","ping_status":"closed","template":"","meta":{"footnotes":""},"categories":[],"tags":[],"class_list":["post-181","page","type-page","status-publish","hentry"],"acf":[],"_links":{"self":[{"href":"https:\/\/www.ufsm.br\/cursos\/pos-graduacao\/santa-maria\/ppgcs\/wp-json\/wp\/v2\/pages\/181","targetHints":{"allow":["GET"]}}],"collection":[{"href":"https:\/\/www.ufsm.br\/cursos\/pos-graduacao\/santa-maria\/ppgcs\/wp-json\/wp\/v2\/pages"}],"about":[{"href":"https:\/\/www.ufsm.br\/cursos\/pos-graduacao\/santa-maria\/ppgcs\/wp-json\/wp\/v2\/types\/page"}],"author":[{"embeddable":true,"href":"https:\/\/www.ufsm.br\/cursos\/pos-graduacao\/santa-maria\/ppgcs\/wp-json\/wp\/v2\/users\/118"}],"replies":[{"embeddable":true,"href":"https:\/\/www.ufsm.br\/cursos\/pos-graduacao\/santa-maria\/ppgcs\/wp-json\/wp\/v2\/comments?post=181"}],"version-history":[{"count":0,"href":"https:\/\/www.ufsm.br\/cursos\/pos-graduacao\/santa-maria\/ppgcs\/wp-json\/wp\/v2\/pages\/181\/revisions"}],"wp:attachment":[{"href":"https:\/\/www.ufsm.br\/cursos\/pos-graduacao\/santa-maria\/ppgcs\/wp-json\/wp\/v2\/media?parent=181"}],"wp:term":[{"taxonomy":"category","embeddable":true,"href":"https:\/\/www.ufsm.br\/cursos\/pos-graduacao\/santa-maria\/ppgcs\/wp-json\/wp\/v2\/categories?post=181"},{"taxonomy":"post_tag","embeddable":true,"href":"https:\/\/www.ufsm.br\/cursos\/pos-graduacao\/santa-maria\/ppgcs\/wp-json\/wp\/v2\/tags?post=181"}],"curies":[{"name":"wp","href":"https:\/\/api.w.org\/{rel}","templated":true}]}}