{"id":241,"date":"2019-02-04T09:42:56","date_gmt":"2019-02-04T11:42:56","guid":{"rendered":"https:\/\/www.ufsm.br\/cursos\/pos-graduacao\/santa-maria\/ppgcs\/?page_id=241"},"modified":"2026-03-31T11:47:42","modified_gmt":"2026-03-31T14:47:42","slug":"defesas-e-qualificacao","status":"publish","type":"page","link":"https:\/\/www.ufsm.br\/cursos\/pos-graduacao\/santa-maria\/ppgcs\/defesas-e-qualificacao","title":{"rendered":"Elabora\u00e7\u00e3o do plano de estudos"},"content":{"rendered":"\t\t<div data-elementor-type=\"wp-page\" data-elementor-id=\"241\" class=\"elementor elementor-241\">\n\t\t\t\t\t\t<section class=\"elementor-section elementor-top-section elementor-element elementor-element-23da017f elementor-section-boxed elementor-section-height-default elementor-section-height-default\" data-id=\"23da017f\" data-element_type=\"section\">\n\t\t\t\t\t\t<div class=\"elementor-container elementor-column-gap-default\">\n\t\t\t\t\t<div class=\"elementor-column elementor-col-100 elementor-top-column elementor-element elementor-element-4edcb5a8\" data-id=\"4edcb5a8\" data-element_type=\"column\">\n\t\t\t<div class=\"elementor-widget-wrap elementor-element-populated\">\n\t\t\t\t\t\t<div class=\"elementor-element elementor-element-709441ef elementor-widget elementor-widget-text-editor\" data-id=\"709441ef\" data-element_type=\"widget\" data-widget_type=\"text-editor.default\">\n\t\t\t\t<div class=\"elementor-widget-container\">\n\t\t\t\t\t\t\t<p><strong>A entrega do plano de estudos deve ser at\u00e9 o \u00faltimo dia \u00fatil do segundo m\u00eas do primeiro semestre em curso.<\/strong><\/p>\n<p>Orienta\u00e7\u00f5es sobre preenchimento do plano de estudos podem ser obtidas no <a href=\"https:\/\/www.ufsm.br\/pro-reitorias\/prpgp\/servicos\/procedimentos-ao-preenchimento-do-plano-de-estudos-on-line\">site da PRPGP<\/a> e da <a href=\"https:\/\/www.ufsm.br\/unidades-universitarias\/ccr\/secretaria-integrada-dos-cursos-de-pos-graduacao-sipg-ccr\">Secretaria Integrada dos Cursos de P\u00f3s-Gradua\u00e7\u00e3o SIPG\/CCR<\/a>. H\u00e1 tutoriais de apoio aos estudantes.<\/p>\n<p>As orienta\u00e7\u00f5es para elabora\u00e7\u00e3o do plano de estudos conforme o regulamento at\u00e9 2024 podem ser consultadas&nbsp;<a style=\"font-size: 1rem\" href=\"https:\/\/www.ufsm.br\/cursos\/pos-graduacao\/santa-maria\/ppgcs?page_id=1170\" target=\"_blank\" rel=\"noopener\">aqui.<\/a><\/p>\n<p><strong>&nbsp;<\/strong><\/p>\n<p><strong>Regulamento vigente a partir de 2025<\/strong><\/p>\n<p><strong>Mestrado<\/strong><\/p>\n<p>Cr\u00e9ditos: m\u00ednimo 20&nbsp;<\/p>\n<p>A) Tr\u00eas disciplinas obrigat\u00f3rias:<\/p>\n<p>1&nbsp;<span style=\"font-size: 16px\">\u2013<\/span>&nbsp;SOL 881 \u2013 G\u00eanese Morfologia e Classifica\u00e7\u00e3o dos Solos<\/p>\n<p>2 \u2013 SOL 851 \u2013 Semin\u00e1rio em Solo: Epistemologia da Ci\u00eancia e Elabora\u00e7\u00e3o de Projetos<\/p>\n<p>3 \u2013 SOL 852 \u2013 Semin\u00e1rio em Solos: Defesa de Projetos<\/p>\n<p>B) Os demais cr\u00e9ditos podem ser computados com outras disciplinas ofertadas pelo PPGCS ou outros PPGs credenciados pela CAPES, ou mesmo em cursos de p\u00f3s-gradua\u00e7\u00e3o em institui\u00e7\u00f5es estrangeiras.<\/p>\n<p>C) M\u00e1ximo de 3 (tr\u00eas) cr\u00e9ditos na forma de ACPGs.<\/p>\n<p><strong>Doutorado<\/strong><\/p>\n<p>Cr\u00e9ditos: m\u00ednimo 40&nbsp;<\/p>\n<p>A) Tr\u00eas disciplinas obrigat\u00f3rias:<\/p>\n<p>1&nbsp;<span style=\"font-size: 16px\">\u2013<\/span><span style=\"font-size: 1rem\">&nbsp;SOL 881 \u2013 G\u00eanese Morfologia e Classifica\u00e7\u00e3o dos Solos<\/span><\/p>\n<p>2 \u2013 SOL 851 \u2013 Semin\u00e1rio em Solo: Epistemologia da Ci\u00eancia e Elabora\u00e7\u00e3o de Projetos &nbsp;(<strong>*ver observa\u00e7\u00f5es<\/strong>)<\/p>\n<p>3 \u2013 SOL 852 \u2013 Semin\u00e1rio em Solos: Defesa de Projetos<\/p>\n<p><strong>*passa a ser opcional se foi cursada durante o mestrado no PPGCS, ou seja, pode constar ou n\u00e3o no plano de estudos.<\/strong><\/p>\n<p>B) <b>No m\u00ednimo, 6 (seis) cr\u00e9ditos <\/b>devem ser cursados em disciplinas de outros PPGs, da UFSM ou externos, que sejam credenciados na CAPES.<\/p>\n<p>C) Os demais cr\u00e9ditos podem ser computados com outras disciplinas ofertadas pelo PPGCS ou outros PPGs credenciados pela CAPES, ou mesmo em cursos de p\u00f3s-gradua\u00e7\u00e3o em institui\u00e7\u00f5es estrangeiras.&nbsp;<\/p>\n<p>D) <b>M\u00e1ximo de 6 (seis) cr\u00e9ditos<\/b> na forma de ACPGs.<\/p>\n<p><strong>Para informa\u00e7\u00f5es sobre aproveitamento de cr\u00e9ditos, consulte o <a href=\"https:\/\/www.ufsm.br\/cursos\/pos-graduacao\/santa-maria\/ppgcs\/novo-regulamento-do-ppgcs\">Regulamento do PPGCS vigente<\/a><\/strong><strong>.<\/strong><\/p>\n<p><!-- \/wp:tadv\/classic-paragraph --><\/p>\t\t\t\t\t\t<\/div>\n\t\t\t\t<\/div>\n\t\t\t\t\t<\/div>\n\t\t<\/div>\n\t\t\t\t\t<\/div>\n\t\t<\/section>\n\t\t\t\t<\/div>\n\t\t","protected":false},"excerpt":{"rendered":"<p>A entrega do plano de estudos deve ser at\u00e9 o \u00faltimo dia \u00fatil do segundo m\u00eas do primeiro semestre em curso. Orienta\u00e7\u00f5es sobre preenchimento do plano de estudos podem ser obtidas no site da PRPGP e da Secretaria Integrada dos Cursos de P\u00f3s-Gradua\u00e7\u00e3o SIPG\/CCR. H\u00e1 tutoriais de apoio aos estudantes. As orienta\u00e7\u00f5es para elabora\u00e7\u00e3o do [&hellip;]<\/p>\n","protected":false},"author":118,"featured_media":0,"parent":0,"menu_order":0,"comment_status":"closed","ping_status":"closed","template":"","meta":{"footnotes":""},"categories":[],"tags":[],"class_list":["post-241","page","type-page","status-publish","hentry"],"acf":[],"_links":{"self":[{"href":"https:\/\/www.ufsm.br\/cursos\/pos-graduacao\/santa-maria\/ppgcs\/wp-json\/wp\/v2\/pages\/241","targetHints":{"allow":["GET"]}}],"collection":[{"href":"https:\/\/www.ufsm.br\/cursos\/pos-graduacao\/santa-maria\/ppgcs\/wp-json\/wp\/v2\/pages"}],"about":[{"href":"https:\/\/www.ufsm.br\/cursos\/pos-graduacao\/santa-maria\/ppgcs\/wp-json\/wp\/v2\/types\/page"}],"author":[{"embeddable":true,"href":"https:\/\/www.ufsm.br\/cursos\/pos-graduacao\/santa-maria\/ppgcs\/wp-json\/wp\/v2\/users\/118"}],"replies":[{"embeddable":true,"href":"https:\/\/www.ufsm.br\/cursos\/pos-graduacao\/santa-maria\/ppgcs\/wp-json\/wp\/v2\/comments?post=241"}],"version-history":[{"count":0,"href":"https:\/\/www.ufsm.br\/cursos\/pos-graduacao\/santa-maria\/ppgcs\/wp-json\/wp\/v2\/pages\/241\/revisions"}],"wp:attachment":[{"href":"https:\/\/www.ufsm.br\/cursos\/pos-graduacao\/santa-maria\/ppgcs\/wp-json\/wp\/v2\/media?parent=241"}],"wp:term":[{"taxonomy":"category","embeddable":true,"href":"https:\/\/www.ufsm.br\/cursos\/pos-graduacao\/santa-maria\/ppgcs\/wp-json\/wp\/v2\/categories?post=241"},{"taxonomy":"post_tag","embeddable":true,"href":"https:\/\/www.ufsm.br\/cursos\/pos-graduacao\/santa-maria\/ppgcs\/wp-json\/wp\/v2\/tags?post=241"}],"curies":[{"name":"wp","href":"https:\/\/api.w.org\/{rel}","templated":true}]}}