{"id":265,"date":"2019-02-04T11:03:08","date_gmt":"2019-02-04T13:03:08","guid":{"rendered":"https:\/\/www.ufsm.br\/cursos\/pos-graduacao\/santa-maria\/ppgcs\/?page_id=265"},"modified":"2019-02-04T11:03:10","modified_gmt":"2019-02-04T13:03:10","slug":"historico","status":"publish","type":"page","link":"https:\/\/www.ufsm.br\/cursos\/pos-graduacao\/santa-maria\/ppgcs\/historico","title":{"rendered":"Hist\u00f3rico"},"content":{"rendered":"\n<p>O Programa de P\u00f3s-gradua\u00e7\u00e3o em Ci\u00eancia do Solo da UFSM tem uma particularidade. Sua origem foi em 1971, quando foi criado o Programa de P\u00f3s-gradua\u00e7\u00e3o em Biodin\u00e2mica do Solo com apenas uma \u00e1rea de concentra\u00e7\u00e3o, denominada Biodin\u00e2mica do Solo, especialmente motivado pela participa\u00e7\u00e3o do casal Primavesi. Entretanto, numa \u00e9poca em que a PG era muito pouco disseminada, o Programa optou por tornar o Curso de Mestrado mais abrangente quanto a sua atua\u00e7\u00e3o, o que motivou a cria\u00e7\u00e3o da \u00e1rea de concentra\u00e7\u00e3o de Produ\u00e7\u00e3o Vegetal, quando professores de outras \u00e1reas, que n\u00e3o a de solos, foram incorporados ao Programa. Por este motivo, o Programa passou a denominar-se P\u00f3s-gradua\u00e7\u00e3o em Agronomia em 1988. Essa estrat\u00e9gia permitiu um crescimento do Programa, acompanhando a evolu\u00e7\u00e3o da PG na d\u00e9cada de 90, e motivou a que, em 2002, fosse elaborada uma proposta de desmembramento para a cria\u00e7\u00e3o do Programa de P\u00f3s-Gradua\u00e7\u00e3o em Ci\u00eancia do Solo, a partir da \u00e1rea de concentra\u00e7\u00e3o de Biodin\u00e2mica do Solo, constituindo um novo Programa de P\u00f3s-gradua\u00e7\u00e3o, \u00e0 semelhan\u00e7a do que existia desde 1971, ou seja, apenas na \u00e1rea de solos. Assim, em mar\u00e7o de 2003, passou a funcionar o atual Programa de P\u00f3s-gradua\u00e7\u00e3o em Ci\u00eancia do Solo (PPGCS), o qual tem um longo hist\u00f3rico, pois seus professores, quando do desmembramento j\u00e1 haviam orientado um total de 105 Disserta\u00e7\u00f5es de Mestrado e 4 Teses de Doutorado, uma vez que o doutorado havia iniciado em 1999. Como os mestrandos e doutorandos que estavam vinculados \u00e0 \u00e1rea de concentra\u00e7\u00e3o de Biodin\u00e2mica do Solo no PPGAgronomia, migraram para o novo Programa de PG em Ci\u00eancia do Solo, este possui fluxo normal de defesas de mestrandos e doutorandos desde o in\u00edcio de seu funcionamento, ou seja, 2003. Em 2016 foram defendidas 08 disserta\u00e7\u00f5es de Mestrado e 08 teses de doutorado, totalizando, at\u00e9 dezembro de 2016, 196 Mestres e 95 Doutores. Isso significa que no per\u00edodo de 2013 a 2016 foram formados 44 Mestres e 38 Doutores. Contudo, considerando todo o hist\u00f3rico do PPGCS, ou seja, desde a sua origem em 1971, quando era exclusivamente na \u00e1rea de solos, j\u00e1 foram formados 301 Mestres e 95 Doutores, cujas atividades ap\u00f3s a realiza\u00e7\u00e3o do curso est\u00e3o detalhadas na p\u00e1gina do PPGCS, bem como os doutores neste relat\u00f3rio no item egressos.<\/p>\n","protected":false},"excerpt":{"rendered":"<p>O Programa de P\u00f3s-gradua\u00e7\u00e3o em Ci\u00eancia do Solo da UFSM tem uma particularidade. Sua origem foi em 1971, quando foi criado o Programa de P\u00f3s-gradua\u00e7\u00e3o em Biodin\u00e2mica do Solo com apenas uma \u00e1rea de concentra\u00e7\u00e3o, denominada Biodin\u00e2mica do Solo, especialmente motivado pela participa\u00e7\u00e3o do casal Primavesi. Entretanto, numa \u00e9poca em que a PG era muito [&hellip;]<\/p>\n","protected":false},"author":118,"featured_media":0,"parent":0,"menu_order":0,"comment_status":"closed","ping_status":"closed","template":"","meta":{"footnotes":""},"categories":[],"tags":[],"class_list":["post-265","page","type-page","status-publish","hentry"],"acf":[],"_links":{"self":[{"href":"https:\/\/www.ufsm.br\/cursos\/pos-graduacao\/santa-maria\/ppgcs\/wp-json\/wp\/v2\/pages\/265","targetHints":{"allow":["GET"]}}],"collection":[{"href":"https:\/\/www.ufsm.br\/cursos\/pos-graduacao\/santa-maria\/ppgcs\/wp-json\/wp\/v2\/pages"}],"about":[{"href":"https:\/\/www.ufsm.br\/cursos\/pos-graduacao\/santa-maria\/ppgcs\/wp-json\/wp\/v2\/types\/page"}],"author":[{"embeddable":true,"href":"https:\/\/www.ufsm.br\/cursos\/pos-graduacao\/santa-maria\/ppgcs\/wp-json\/wp\/v2\/users\/118"}],"replies":[{"embeddable":true,"href":"https:\/\/www.ufsm.br\/cursos\/pos-graduacao\/santa-maria\/ppgcs\/wp-json\/wp\/v2\/comments?post=265"}],"version-history":[{"count":0,"href":"https:\/\/www.ufsm.br\/cursos\/pos-graduacao\/santa-maria\/ppgcs\/wp-json\/wp\/v2\/pages\/265\/revisions"}],"wp:attachment":[{"href":"https:\/\/www.ufsm.br\/cursos\/pos-graduacao\/santa-maria\/ppgcs\/wp-json\/wp\/v2\/media?parent=265"}],"wp:term":[{"taxonomy":"category","embeddable":true,"href":"https:\/\/www.ufsm.br\/cursos\/pos-graduacao\/santa-maria\/ppgcs\/wp-json\/wp\/v2\/categories?post=265"},{"taxonomy":"post_tag","embeddable":true,"href":"https:\/\/www.ufsm.br\/cursos\/pos-graduacao\/santa-maria\/ppgcs\/wp-json\/wp\/v2\/tags?post=265"}],"curies":[{"name":"wp","href":"https:\/\/api.w.org\/{rel}","templated":true}]}}