{"id":289,"date":"2019-02-04T11:39:56","date_gmt":"2019-02-04T13:39:56","guid":{"rendered":"https:\/\/www.ufsm.br\/cursos\/pos-graduacao\/santa-maria\/ppgcs\/?page_id=289"},"modified":"2019-02-04T11:39:59","modified_gmt":"2019-02-04T13:39:59","slug":"objetivos","status":"publish","type":"page","link":"https:\/\/www.ufsm.br\/cursos\/pos-graduacao\/santa-maria\/ppgcs\/objetivos","title":{"rendered":"Objetivos"},"content":{"rendered":"\n<p><strong>O PPGCS possui os seguintes objetivos gerais e princ\u00edpios norteadores<\/strong><\/p>\n<p><br \/><strong>Geral<\/strong><br \/>&#8211; Formar Mestres e Doutores em Ci\u00eancia do Solo, em condi\u00e7\u00f5es de atuar nas \u00c1reas de Concentra\u00e7\u00e3o de Biodin\u00e2mica e Manejo do Solo; Processos F\u00edsicos e Morfogen\u00e9ticos do Solo; e Processos Qu\u00edmicos e Ciclagem de Elementos.<\/p>\n<p><br \/><strong>Espec\u00edficos<\/strong><br \/>&#8211; Qualificar profissionais capazes de articular ensino, pesquisa e extens\u00e3o, e formar cidad\u00e3os por meio do exerc\u00edcio de princ\u00edpios \u00e9ticos e de assumir cumplicidade e comprometimento em suas a\u00e7\u00f5es, sendo mais proativos e din\u00e2micos.<br \/>&#8211; Gerar, adaptar e difundir conhecimentos que possam: a) ter como meta a sustentabilidade, bem como o aumento da produtividade nas atividades que envolvam o uso dos recursos naturais, maximizando a renda e satisfa\u00e7\u00e3o de produtores, t\u00e9cnicos, empres\u00e1rios do setor agropecu\u00e1rio, em especial, e demais membros da sociedade; b) contribuir para o estabelecimento de normativas para o uso mais racional do solo e de recursos h\u00eddricos; c) contribuir para que estrat\u00e9gias possam ser tomadas a fim de minimizar quest\u00f5es relacionadas \u00e0 qualidade do ambiente.<br \/>&#8211; Gerar conhecimentos inovadores capazes de constituir patentes e tecnologias aplicadas ao avan\u00e7o econ\u00f4mico, social e ambiental.<br \/>&#8211; Procurar formar profissionais que entendam que, acima de tudo, s\u00e3o seres sociais e, por isso, devem sempre buscar a harmoniza\u00e7\u00e3o entre suas caracter\u00edsticas socioculturais com a dimens\u00e3o t\u00e9cnico-cient\u00edfica.<br \/>&#8211; Promover a integra\u00e7\u00e3o do corpo discente, por meio de sua participa\u00e7\u00e3o na determina\u00e7\u00e3o da funcionalidade do Programa de P\u00f3s-Gradua\u00e7\u00e3o em Ci\u00eancia do Solo, acumulando experi\u00eancias que ser\u00e3o \u00fateis na sua rela\u00e7\u00e3o com a sociedade e futuros ambientes de trabalho onde venham a atuar.<br \/>&#8211; Buscar a adequada rela\u00e7\u00e3o entre as disciplinas com as demais atividades curriculares, com o trabalho a ser desenvolvido e a demanda da sociedade.<br \/>&#8211; Aumentar a inser\u00e7\u00e3o regional, nacional e internacional da Universidade Federal de Santa Maria por meio de a\u00e7\u00f5es envolvendo o quadro docente e discente, convictos de que a qualidade, especialmente na produ\u00e7\u00e3o cient\u00edfica, est\u00e1 na capacidade do grupo docente e discente em manter parcerias efetivas com professores e pesquisadores de outras institui\u00e7\u00f5es nacionais e internacionais.<br \/>&#8211; Melhorar a qualidade do ensino em Cursos de Gradua\u00e7\u00e3o, especialmente \u00e0queles das Ci\u00eancias Agr\u00e1rias do Centro de Ci\u00eancias Rurais da UFSM, por meio do envolvimento de Mestrandos e Doutorandos em atividades com Graduandos para que estes tenham participa\u00e7\u00e3o efetiva em atividades de pesquisa, extens\u00e3o e ensino como bolsistas ou volunt\u00e1rios, auxiliando na sua forma\u00e7\u00e3o human\u00edstica e t\u00e9cnica, motivando-os para melhor desempenho nos seus Cursos de Gradua\u00e7\u00e3o, atividade como profissional, ao final do curso e uma prepara\u00e7\u00e3o adequada para ingresso na p\u00f3s-gradua\u00e7\u00e3o.<\/p>\n","protected":false},"excerpt":{"rendered":"<p>O PPGCS possui os seguintes objetivos gerais e princ\u00edpios norteadores Geral&#8211; Formar Mestres e Doutores em Ci\u00eancia do Solo, em condi\u00e7\u00f5es de atuar nas \u00c1reas de Concentra\u00e7\u00e3o de Biodin\u00e2mica e Manejo do Solo; Processos F\u00edsicos e Morfogen\u00e9ticos do Solo; e Processos Qu\u00edmicos e Ciclagem de Elementos. Espec\u00edficos&#8211; Qualificar profissionais capazes de articular ensino, pesquisa e [&hellip;]<\/p>\n","protected":false},"author":118,"featured_media":0,"parent":0,"menu_order":0,"comment_status":"closed","ping_status":"closed","template":"","meta":{"footnotes":""},"categories":[],"tags":[],"class_list":["post-289","page","type-page","status-publish","hentry"],"acf":[],"_links":{"self":[{"href":"https:\/\/www.ufsm.br\/cursos\/pos-graduacao\/santa-maria\/ppgcs\/wp-json\/wp\/v2\/pages\/289","targetHints":{"allow":["GET"]}}],"collection":[{"href":"https:\/\/www.ufsm.br\/cursos\/pos-graduacao\/santa-maria\/ppgcs\/wp-json\/wp\/v2\/pages"}],"about":[{"href":"https:\/\/www.ufsm.br\/cursos\/pos-graduacao\/santa-maria\/ppgcs\/wp-json\/wp\/v2\/types\/page"}],"author":[{"embeddable":true,"href":"https:\/\/www.ufsm.br\/cursos\/pos-graduacao\/santa-maria\/ppgcs\/wp-json\/wp\/v2\/users\/118"}],"replies":[{"embeddable":true,"href":"https:\/\/www.ufsm.br\/cursos\/pos-graduacao\/santa-maria\/ppgcs\/wp-json\/wp\/v2\/comments?post=289"}],"version-history":[{"count":0,"href":"https:\/\/www.ufsm.br\/cursos\/pos-graduacao\/santa-maria\/ppgcs\/wp-json\/wp\/v2\/pages\/289\/revisions"}],"wp:attachment":[{"href":"https:\/\/www.ufsm.br\/cursos\/pos-graduacao\/santa-maria\/ppgcs\/wp-json\/wp\/v2\/media?parent=289"}],"wp:term":[{"taxonomy":"category","embeddable":true,"href":"https:\/\/www.ufsm.br\/cursos\/pos-graduacao\/santa-maria\/ppgcs\/wp-json\/wp\/v2\/categories?post=289"},{"taxonomy":"post_tag","embeddable":true,"href":"https:\/\/www.ufsm.br\/cursos\/pos-graduacao\/santa-maria\/ppgcs\/wp-json\/wp\/v2\/tags?post=289"}],"curies":[{"name":"wp","href":"https:\/\/api.w.org\/{rel}","templated":true}]}}