{"id":488,"date":"2019-05-20T13:21:37","date_gmt":"2019-05-20T16:21:37","guid":{"rendered":"https:\/\/www.ufsm.br\/cursos\/pos-graduacao\/santa-maria\/ppgcs\/?page_id=488"},"modified":"2019-05-22T14:42:07","modified_gmt":"2019-05-22T17:42:07","slug":"palestrantes","status":"publish","type":"page","link":"https:\/\/www.ufsm.br\/cursos\/pos-graduacao\/santa-maria\/ppgcs\/palestrantes","title":{"rendered":"Palestrantes"},"content":{"rendered":"\n<p><span style=\"font-weight: bold;color: #004074;font-family: 'times new roman', times;font-size: 13px;text-align: center\"><span style=\"font-size: 12pt\">PALESTRANTES DA 2\u00aa JORNADA DE CI\u00caNCIA POL\u00cdTICA<\/span><\/span><\/p>\n<p><img decoding=\"async\" class=\"wp-image-489 size-thumbnail alignleft\" src=\"https:\/\/www.ufsm.br\/cursos\/pos-graduacao\/santa-maria\/ppgcs\/wp-content\/uploads\/sites\/524\/2019\/05\/luisgustavo-150x150.jpg\" alt=\"\" width=\"150\" height=\"150\" \/><\/p>\n<p><strong>Luis Gustavo Mello Grohamann<\/strong><\/p>\n<p>\u00a0Dr. em Ci\u00eancia Pol\u00edtica pelo IUPERJ<\/p>\n<p>\u00a0Prof. do Programa de P\u00f3s-Gradua\u00e7\u00e3o em Ci\u00eancia Pol\u00edtica UFRGS<\/p>\n<p>\u00a0<\/p>\n<p><img decoding=\"async\" class=\"wp-image-490 size-thumbnail alignleft\" src=\"https:\/\/www.ufsm.br\/cursos\/pos-graduacao\/santa-maria\/ppgcs\/wp-content\/uploads\/sites\/524\/2019\/05\/Rafaelmachado-150x150.jpg\" alt=\"\" width=\"150\" height=\"150\" srcset=\"https:\/\/www.ufsm.br\/app\/uploads\/sites\/524\/2019\/05\/Rafaelmachado-150x150.jpg 150w, https:\/\/www.ufsm.br\/app\/uploads\/sites\/524\/2019\/05\/Rafaelmachado.jpg 198w\" sizes=\"(max-width: 150px) 100vw, 150px\" \/><\/p>\n<p><strong>Rafael Machado Madeira<\/strong><\/p>\n<p>\u00a0Dr. em Ci\u00eancia Pol\u00edtica pela UFRGS<\/p>\n<p>\u00a0Prof. do Programa de P\u00f3s-Gradua\u00e7\u00e3o em Ci\u00eancias Sociais PUC-RS<\/p>\n<p>\u00a0<\/p>\n<p><img decoding=\"async\" class=\"wp-image-491 size-thumbnail alignleft\" src=\"https:\/\/www.ufsm.br\/cursos\/pos-graduacao\/santa-maria\/ppgcs\/wp-content\/uploads\/sites\/524\/2019\/05\/patriciarodrigues-150x150.jpg\" alt=\"\" width=\"150\" height=\"150\" \/><\/p>\n<p><strong>Patr\u00edcia Rodrigues Chaves da Cunha<\/strong><\/p>\n<p>\u00a0Dra. em Ci\u00eancia Pol\u00edtica pela UFRGS<\/p>\n<p>\u00a0Profa. do Programa de P\u00f3s-Gradua\u00e7\u00e3o em Ci\u00eancia Pol\u00edtica UFPeL<\/p>\n<p><img loading=\"lazy\" decoding=\"async\" class=\"size-thumbnail wp-image-492 alignleft\" src=\"https:\/\/www.ufsm.br\/cursos\/pos-graduacao\/santa-maria\/ppgcs\/wp-content\/uploads\/sites\/524\/2019\/05\/gustavogiora-150x150.jpg\" alt=\"\" width=\"150\" height=\"150\" \/><\/p>\n<p><strong>Gustavo Giora<\/strong><\/p>\n<p>\u00a0Dr. em Ci\u00eancia Pol\u00edtica pela UFRGS<\/p>\n<p>\u00a0Coordenador do Curso de Ci\u00eancias Sociais UFFS-Erechim<\/p>\n<p>\u00a0<\/p>\n<p><img loading=\"lazy\" decoding=\"async\" class=\"size-thumbnail wp-image-493 alignleft\" src=\"https:\/\/www.ufsm.br\/cursos\/pos-graduacao\/santa-maria\/ppgcs\/wp-content\/uploads\/sites\/524\/2019\/05\/carlosartur-1-150x150.jpg\" alt=\"\" width=\"150\" height=\"150\" srcset=\"https:\/\/www.ufsm.br\/app\/uploads\/sites\/524\/2019\/05\/carlosartur-1-150x150.jpg 150w, https:\/\/www.ufsm.br\/app\/uploads\/sites\/524\/2019\/05\/carlosartur-1.jpg 240w\" sizes=\"(max-width: 150px) 100vw, 150px\" \/><\/p>\n<p><strong>Carlos Artur Gallo Cabrera<\/strong><\/p>\n<p>\u00a0Dr. em Ci\u00eancia Pol\u00edtica pela UFRGS<\/p>\n<p>\u00a0Prof. do Programa de P\u00f3s-Gradua\u00e7\u00e3o em Ci\u00eancia Pol\u00edtica UFPeL<\/p>\n<p>\u00a0<\/p>\n<p><img loading=\"lazy\" decoding=\"async\" class=\"size-thumbnail wp-image-494 alignleft\" src=\"https:\/\/www.ufsm.br\/cursos\/pos-graduacao\/santa-maria\/ppgcs\/wp-content\/uploads\/sites\/524\/2019\/05\/elisandroroath-150x150.jpg\" alt=\"\" width=\"150\" height=\"150\" srcset=\"https:\/\/www.ufsm.br\/app\/uploads\/sites\/524\/2019\/05\/elisandroroath-150x150.jpg 150w, https:\/\/www.ufsm.br\/app\/uploads\/sites\/524\/2019\/05\/elisandroroath.jpg 240w\" sizes=\"(max-width: 150px) 100vw, 150px\" \/><\/p>\n<p><strong>Elisandro Roath do Canto<\/strong><\/p>\n<p>\u00a0Ms. \u00a0em Ci\u00eancia Pol\u00edtica pela UFRGS<\/p>\n<p>\u00a0Prof. do Departamento de Ci\u00eancias Sociais UFSM<\/p>\n","protected":false},"excerpt":{"rendered":"<p>PALESTRANTES DA 2\u00aa JORNADA DE CI\u00caNCIA POL\u00cdTICA Luis Gustavo Mello Grohamann \u00a0Dr. em Ci\u00eancia Pol\u00edtica pelo IUPERJ \u00a0Prof. do Programa de P\u00f3s-Gradua\u00e7\u00e3o em Ci\u00eancia Pol\u00edtica UFRGS \u00a0 Rafael Machado Madeira \u00a0Dr. em Ci\u00eancia Pol\u00edtica pela UFRGS \u00a0Prof. do Programa de P\u00f3s-Gradua\u00e7\u00e3o em Ci\u00eancias Sociais PUC-RS \u00a0 Patr\u00edcia Rodrigues Chaves da Cunha \u00a0Dra. em Ci\u00eancia Pol\u00edtica [&hellip;]<\/p>\n","protected":false},"author":115,"featured_media":0,"parent":0,"menu_order":0,"comment_status":"closed","ping_status":"closed","template":"","meta":{"footnotes":""},"categories":[],"tags":[],"class_list":["post-488","page","type-page","status-publish","hentry"],"acf":[],"_links":{"self":[{"href":"https:\/\/www.ufsm.br\/cursos\/pos-graduacao\/santa-maria\/ppgcs\/wp-json\/wp\/v2\/pages\/488","targetHints":{"allow":["GET"]}}],"collection":[{"href":"https:\/\/www.ufsm.br\/cursos\/pos-graduacao\/santa-maria\/ppgcs\/wp-json\/wp\/v2\/pages"}],"about":[{"href":"https:\/\/www.ufsm.br\/cursos\/pos-graduacao\/santa-maria\/ppgcs\/wp-json\/wp\/v2\/types\/page"}],"author":[{"embeddable":true,"href":"https:\/\/www.ufsm.br\/cursos\/pos-graduacao\/santa-maria\/ppgcs\/wp-json\/wp\/v2\/users\/115"}],"replies":[{"embeddable":true,"href":"https:\/\/www.ufsm.br\/cursos\/pos-graduacao\/santa-maria\/ppgcs\/wp-json\/wp\/v2\/comments?post=488"}],"version-history":[{"count":0,"href":"https:\/\/www.ufsm.br\/cursos\/pos-graduacao\/santa-maria\/ppgcs\/wp-json\/wp\/v2\/pages\/488\/revisions"}],"wp:attachment":[{"href":"https:\/\/www.ufsm.br\/cursos\/pos-graduacao\/santa-maria\/ppgcs\/wp-json\/wp\/v2\/media?parent=488"}],"wp:term":[{"taxonomy":"category","embeddable":true,"href":"https:\/\/www.ufsm.br\/cursos\/pos-graduacao\/santa-maria\/ppgcs\/wp-json\/wp\/v2\/categories?post=488"},{"taxonomy":"post_tag","embeddable":true,"href":"https:\/\/www.ufsm.br\/cursos\/pos-graduacao\/santa-maria\/ppgcs\/wp-json\/wp\/v2\/tags?post=488"}],"curies":[{"name":"wp","href":"https:\/\/api.w.org\/{rel}","templated":true}]}}