{"id":495,"date":"2019-05-20T13:22:23","date_gmt":"2019-05-20T16:22:23","guid":{"rendered":"https:\/\/www.ufsm.br\/cursos\/pos-graduacao\/santa-maria\/ppgcs\/?page_id=495"},"modified":"2019-05-20T13:22:25","modified_gmt":"2019-05-20T16:22:25","slug":"grupos-de-trabalho","status":"publish","type":"page","link":"https:\/\/www.ufsm.br\/cursos\/pos-graduacao\/santa-maria\/ppgcs\/grupos-de-trabalho","title":{"rendered":"Grupos de Trabalho"},"content":{"rendered":"\n<p><strong>GRUPOS DE TRABALHO- PR\u00c9DIO 74-A\u00a0<\/strong><\/p>\n<p style=\"margin-bottom: 10px;color: #666666;font-family: Helvetica, Arial, sans-serif;font-size: 13px\"><span style=\"color: #ff6600\">GT 1 \u2013 Pol\u00edticas P\u00fablicas SALA 2265<\/span><\/p>\n<p style=\"margin-top: 0px;margin-bottom: 10px;color: #666666;font-family: Helvetica, Arial, sans-serif;font-size: 13px\"><span style=\"color: #ff6600\">Coordenadora: Profa. Dra Patricia Rodrigues Chaves da Cunha\/ UFPeL<\/span><br \/><span style=\"color: #ff6600\">Bolsista: Maique Berlotte<\/span><\/p>\n<p style=\"margin-top: 0px;margin-bottom: 10px;color: #666666;font-family: Helvetica, Arial, sans-serif;font-size: 13px\"><br \/>1)Pol\u00edticas P\u00fablicas e Moderniza\u00e7\u00e3o Militar: discuss\u00e3o sobre o caso brasileiro<\/p>\n<p style=\"margin-top: 0px;margin-bottom: 10px;color: #666666;font-family: Helvetica, Arial, sans-serif;font-size: 13px\">M\u00e1rcio Adriano de Lima Rodrigues\u00a0<\/p>\n<p style=\"margin-top: 0px;margin-bottom: 10px;color: #666666;font-family: Helvetica, Arial, sans-serif;font-size: 13px\">2)Movimentos \u201cEscola sem Partido\u201d e Escola sem \u201cIdeologia de G\u00eanero\u201d articulados nas supress\u00f5es de quest\u00f5es sobre g\u00eanero e sexualidade dos par\u00e2metros curriculares.<\/p>\n<p style=\"margin-top: 0px;margin-bottom: 10px;color: #666666;font-family: Helvetica, Arial, sans-serif;font-size: 13px\">Rafaela Oliveira\u00a0<\/p>\n<p style=\"margin-top: 0px;margin-bottom: 10px;color: #666666;font-family: Helvetica, Arial, sans-serif;font-size: 13px\">3)Pol\u00edticas de Seguran\u00e7a P\u00fablica e a rela\u00e7\u00e3o com o Incremento do P\u00f3lo Naval de Rio Grande- RS<br \/>Josiane Borges\u00a0<\/p>\n<p style=\"margin-top: 0px;margin-bottom: 10px;color: #666666;font-family: Helvetica, Arial, sans-serif;font-size: 13px\"><br \/>4)Pol\u00edticas p\u00fablicas para refugiados e imigrantes vulner\u00e1veis na UFSM: poss\u00edveis efeitos pat\u00eamicos no sistema midi\u00e1tico local<\/p>\n<p style=\"margin-top: 0px;margin-bottom: 10px;color: #666666;font-family: Helvetica, Arial, sans-serif;font-size: 13px\">Adriana Domingues Garcia<br \/>Lu\u00eds Augusto Bittencourt Minchola\u00a0<\/p>\n<p style=\"margin-top: 0px;margin-bottom: 10px;color: #666666;font-family: Helvetica, Arial, sans-serif;font-size: 13px\">5)Pol\u00edticas P\u00fablicas de Sa\u00fade: uma an\u00e1lise da efetividade na implementa\u00e7\u00e3o da estrat\u00e9gida de sa\u00fade da Fam\u00edlia em Santa Maria\/RS<\/p>\n<p style=\"margin-top: 0px;margin-bottom: 10px;color: #666666;font-family: Helvetica, Arial, sans-serif;font-size: 13px\">Maique Berlote Martins\u00a0<\/p>\n<p style=\"margin-top: 0px;margin-bottom: 10px;color: #666666;font-family: Helvetica, Arial, sans-serif;font-size: 13px\">6)A regulamenta\u00e7\u00e3o em pauta: articula\u00e7\u00f5es entre executivo e legislativo em rela\u00e7\u00e3o \u00e0 terceiriza\u00e7\u00e3o<\/p>\n<p style=\"margin-top: 0px;margin-bottom: 10px;color: #666666;font-family: Helvetica, Arial, sans-serif;font-size: 13px\">Rachel Loureiro Andreta<br \/>Fernando Coutinho Cotanda\u00a0<\/p>\n<p style=\"margin-top: 0px;margin-bottom: 10px;color: #666666;font-family: Helvetica, Arial, sans-serif;font-size: 13px\">\u00a0<\/p>\n<p style=\"margin-top: 0px;margin-bottom: 10px;color: #666666;font-family: Helvetica, Arial, sans-serif;font-size: 13px\"><span style=\"color: #ff6600\">GT 2- Ativismo Pol\u00edtico\u00a0 SALA 2274<\/span><\/p>\n<p style=\"margin-top: 0px;margin-bottom: 10px;color: #666666;font-family: Helvetica, Arial, sans-serif;font-size: 13px\"><br \/><span style=\"color: #ff6600\">Coordenadora: Profa. Dra Mara Regina Rodrigues Ribeiro\/ UNIPAMPA<\/span><br \/><span style=\"color: #ff6600\">Bolsista: Lucas Dornelles<\/span><\/p>\n<p style=\"margin-top: 0px;margin-bottom: 10px;color: #666666;font-family: Helvetica, Arial, sans-serif;font-size: 13px\"><br \/>1)Institucionaliza\u00e7\u00e3o do movimento feminista? An\u00e1lise da forma\u00e7\u00e3o da Partida Feminista (2015-2017)<br \/>Gabriela Luiz Scapini<br \/>Maria Flor\u00eancia Guarch\u00a0<\/p>\n<p style=\"margin-top: 0px;margin-bottom: 10px;color: #666666;font-family: Helvetica, Arial, sans-serif;font-size: 13px\">2)Lula 2018: estrat\u00e9gias de campanha permanente no facebook<br \/>Andressa Dembogurski Ribeiro<\/p>\n<p style=\"margin-top: 0px;margin-bottom: 10px;color: #666666;font-family: Helvetica, Arial, sans-serif;font-size: 13px\"><br \/>3)Cobertura midi\u00e1tica internacional dos processos eleitorais angolanos a partir da democratiza\u00e7\u00e3o<\/p>\n<p style=\"margin-top: 0px;margin-bottom: 10px;color: #666666;font-family: Helvetica, Arial, sans-serif;font-size: 13px\">Bibiana Irala\u00a0<\/p>\n<p style=\"margin-top: 0px;margin-bottom: 10px;color: #666666;font-family: Helvetica, Arial, sans-serif;font-size: 13px\">4)Midiatiza\u00e7\u00e3o do impeachment:os sentidos produzidos nas capas das revistas semanais<br \/>Camila Hartmann<br \/>Ada Cristina Machado da Silveira\u00a0<\/p>\n<p style=\"margin-top: 0px;margin-bottom: 10px;color: #666666;font-family: Helvetica, Arial, sans-serif;font-size: 13px\">5)O papel do aparelho ideol\u00f3gico da informa\u00e7\u00e3o e da Sociedade civil na Forma\u00e7\u00e3o da A\u00e7\u00e3o Pol\u00edtica dos Estudantes da UFSM no processo eleitoral do DCE de 2016\u00a0<\/p>\n<p style=\"margin-top: 0px;margin-bottom: 10px;color: #666666;font-family: Helvetica, Arial, sans-serif;font-size: 13px\">Lucas Augusto Schmidt Dornelles\u00a0<\/p>\n<p style=\"margin-top: 0px;margin-bottom: 10px;color: #666666;font-family: Helvetica, Arial, sans-serif;font-size: 13px\">\u00a0<\/p>\n<p style=\"margin-top: 0px;margin-bottom: 10px;color: #666666;font-family: Helvetica, Arial, sans-serif;font-size: 13px\"><span style=\"color: #ff6600\">GT 3 \u2013 Institui\u00e7\u00f5es e Competi\u00e7\u00e3o Pol\u00edtica SALA 2275<\/span><\/p>\n<p style=\"margin-top: 0px;margin-bottom: 10px;color: #666666;font-family: Helvetica, Arial, sans-serif;font-size: 13px\"><br \/><span style=\"color: #ff6600\">Coordenador: Prof. Ms. Elisandro Roath do Canto\/UFSM<\/span><br \/><span style=\"color: #ff6600\">Bolsista: Lucas Noro<\/span><\/p>\n<p style=\"margin-top: 0px;margin-bottom: 10px;color: #666666;font-family: Helvetica, Arial, sans-serif;font-size: 13px\"><br \/>1)Ciclos Pol\u00edtico-Econ\u00f4micos Oportunistas: Influ\u00eancia nas Despesas do Brasil (1994-2014)<\/p>\n<p style=\"margin-top: 0px;margin-bottom: 10px;color: #666666;font-family: Helvetica, Arial, sans-serif;font-size: 13px\">Caroline Lucion Puchale<br \/>Ohanna Larissa Fraga Pereira<br \/>Gilberto Oliveira Veloso\u00a0<\/p>\n<p style=\"margin-top: 0px;margin-bottom: 10px;color: #666666;font-family: Helvetica, Arial, sans-serif;font-size: 13px\"><br \/>2)Estabiliza\u00e7\u00e3o Econ\u00f4mica e democracia: diferen\u00e7as e semelhan\u00e7as no Perfil do Banco Central nos governos FHC e LULA<\/p>\n<p style=\"margin-top: 0px;margin-bottom: 10px;color: #666666;font-family: Helvetica, Arial, sans-serif;font-size: 13px\">Mateus Coelho Martins de Albuquerque<br \/>Jos\u00e9 Carlos Martines Balieiro J\u00fanior<\/p>\n<p style=\"margin-top: 0px;margin-bottom: 10px;color: #666666;font-family: Helvetica, Arial, sans-serif;font-size: 13px\">\u00a0<\/p>\n<p style=\"margin-top: 0px;margin-bottom: 10px;color: #666666;font-family: Helvetica, Arial, sans-serif;font-size: 13px\">3)A Confian\u00e7a dos Jovens S\u00e3o-Borjenses nos Representantes Pol\u00edticos<\/p>\n<p style=\"margin-top: 0px;margin-bottom: 10px;color: #666666;font-family: Helvetica, Arial, sans-serif;font-size: 13px\">Alessandro Almeida da Silva<br \/>Adriana Hartemink Cantini<br \/>Sandra Barbosa Parzianello<br \/>Waleska Belloc Barbosa\u00a0<\/p>\n<p style=\"margin-top: 0px;margin-bottom: 10px;color: #666666;font-family: Helvetica, Arial, sans-serif;font-size: 13px\"><br \/>4)Performance da Democracia e gest\u00e3o local: uma an\u00e1lise da dimens\u00e3o institucional no munic\u00edpio de Santa Maria\/RS<\/p>\n<p style=\"margin-top: 0px;margin-bottom: 10px;color: #666666;font-family: Helvetica, Arial, sans-serif;font-size: 13px\">Lucas Noro<\/p>\n<p style=\"margin-top: 0px;margin-bottom: 10px;color: #666666;font-family: Helvetica, Arial, sans-serif;font-size: 13px\">5)Uma contradi\u00e7\u00e3o sist\u00eamica? O lobbying dos grupos de press\u00e3o e o \u00f3bice<br \/>jur\u00eddico ao direito de defesa de interesses privados no Brasil (1988)<\/p>\n<p style=\"margin-top: 0px;margin-bottom: 10px;color: #666666;font-family: Helvetica, Arial, sans-serif;font-size: 13px\">Daner Dos Santos<br \/>Reginaldo Teixeira Perez\u00a0<\/p>\n<p style=\"margin-top: 0px;margin-bottom: 10px;color: #666666;font-family: Helvetica, Arial, sans-serif;font-size: 13px\"><br \/><br \/><span style=\"color: #ff6600\">GT 4 \u2013 Processos Pol\u00edticos Contempor\u00e2neos SALA 2335<\/span><\/p>\n<p style=\"margin-top: 0px;margin-bottom: 10px;color: #666666;font-family: Helvetica, Arial, sans-serif;font-size: 13px\"><span style=\"color: #ff6600\">Coordenador: Prof. Dr. Carlos Artur Gallo Cabreira\/ UFPeL<\/span><br \/><span style=\"color: #ff6600\">Bolsista: Rosana Soares<\/span>\u00a0<br \/><br \/><br \/>1)Junho de 2013 no Brasil: esgotamento da hegemonia lulista e repolariza\u00e7\u00e3o ideol\u00f3gica<\/p>\n<p style=\"margin-top: 0px;margin-bottom: 10px;color: #666666;font-family: Helvetica, Arial, sans-serif;font-size: 13px\">Eser Azael Moreira Lopes<\/p>\n<p style=\"margin-top: 0px;margin-bottom: 10px;color: #666666;font-family: Helvetica, Arial, sans-serif;font-size: 13px\">Jos\u00e9 Carlos Martins Belieiro Jr.\u00a0<br \/><br \/>2)A aplica\u00e7\u00e3o do Confederalismo em Rojava: democracia sem Estado<br \/>Maria Flor\u00eancia\u00a0<\/p>\n<p style=\"margin-top: 0px;margin-bottom: 10px;color: #666666;font-family: Helvetica, Arial, sans-serif;font-size: 13px\"><br \/>3)O Projeto Nuclear Iraniano e a Legitima\u00e7\u00e3o de um Regime Revolucion\u00e1rio<br \/>Camila Hirt Munareto<\/p>\n<p style=\"margin-top: 0px;margin-bottom: 10px;color: #666666;font-family: Helvetica, Arial, sans-serif;font-size: 13px\"><br \/>4)A R\u00fassia de Putin: constru\u00e7\u00e3o do Estado e centraliza\u00e7\u00e3o do poder<\/p>\n<p style=\"margin-top: 0px;margin-bottom: 10px;color: #666666;font-family: Helvetica, Arial, sans-serif;font-size: 13px\">Matheus Dalbosco Pereira\u00a0<\/p>\n<p style=\"margin-top: 0px;margin-bottom: 10px;color: #666666;font-family: Helvetica, Arial, sans-serif;font-size: 13px\"><br \/>5)Guatemala: os impactos da redemocratiza\u00e7\u00e3o de 1996 para o desenvolvimento de mecanismos de ACCOUNTABILITY<br \/>Marcelo Augusto Rufino Rodrigues.<br \/>Jo\u00e3o Zanchi Martins<br \/><br \/><br \/><span style=\"color: #ff6600\">GT 5 \u2013 Teoria Pol\u00edtica 2343<\/span><\/p>\n<p style=\"margin-top: 0px;margin-bottom: 10px;color: #666666;font-family: Helvetica, Arial, sans-serif;font-size: 13px\"><span style=\"color: #ff6600\">Coordenador: Prof. Dr. Cleber Ori Cuti Martins \/UFSM<\/span><br \/><span style=\"color: #ff6600\">Bolsista: Gustavo Kwiatkowski<\/span>\u00a0<br \/><br \/><br \/>1)A profecia de Marx: cr\u00edticas de Karl Popper \u00e0 categoria marxiana de Revolu\u00e7\u00e3o Social<br \/>Gustavo Kwiatkowski\u00a0<\/p>\n<p style=\"margin-top: 0px;margin-bottom: 10px;color: #666666;font-family: Helvetica, Arial, sans-serif;font-size: 13px\">2)Justi\u00e7a sem venda nos Olhos: crime hermen\u00eautico?\u00a0<br \/>Andreia Sena Maidana<br \/>Jos\u00e9 Galdino Barreto Soares\u00a0<br \/><br \/><\/p>\n<p style=\"margin-top: 0px;margin-bottom: 10px;color: #666666;font-family: Helvetica, Arial, sans-serif;font-size: 13px\">3)Manifesta\u00e7\u00f5es da Disputa Pol\u00edtica no Pa\u00eds: Bolsonaro e o Impeachment de Dilma Rousseff<br \/>Diossana Frigo\u00a0<\/p>\n<p style=\"margin-top: 0px;margin-bottom: 10px;color: #666666;font-family: Helvetica, Arial, sans-serif;font-size: 13px\"><br \/>4)A disputa pelo Estado e seu definhamento: uma an\u00e1lise a partir de Lenin<\/p>\n<p style=\"margin-top: 0px;margin-bottom: 10px;color: #666666;font-family: Helvetica, Arial, sans-serif;font-size: 13px\">Mara Cristina dos Santos\u00a0<\/p>\n<p style=\"margin-top: 0px;margin-bottom: 10px;color: #666666;font-family: Helvetica, Arial, sans-serif;font-size: 13px\">5)Quem desce os tr\u00f3picos? Os liberalismos de Joaquim Nabuco e Rui Barbosa manifestos no Estado enquanto objeto\u00a0<br \/>Bruno Ve\u00e7ozzi Regasson<br \/><br \/>6)As concep\u00e7\u00f5es de pol\u00edtica e poder nas perspectivas funcionalista e marxista<\/p>\n<p style=\"margin-top: 0px;margin-bottom: 10px;color: #666666;font-family: Helvetica, Arial, sans-serif;font-size: 13px\">\u00c2nthony Scapin Eichner\u00a0<\/p>\n<p style=\"margin-top: 0px;margin-bottom: 10px;color: #666666;font-family: Helvetica, Arial, sans-serif;font-size: 13px\">\u00a0<\/p>\n<p style=\"margin-top: 0px;margin-bottom: 10px;color: #666666;font-family: Helvetica, Arial, sans-serif;font-size: 13px\"><span style=\"color: #ff6600\">GT &#8211; 6- Representa\u00e7\u00e3o Pol\u00edtica SALA 2373<\/span><\/p>\n<p style=\"margin-top: 0px;margin-bottom: 10px;color: #666666;font-family: Helvetica, Arial, sans-serif;font-size: 13px\"><br \/><span style=\"color: #ff6600\">Coordenador: Prof. Dr. Rafael Machado Madeira \u2013 PUC-RS<\/span><br \/><span style=\"color: #ff6600\">Bolsista: Gabriela Machado<\/span>\u00a0<br \/><br \/><br \/>1)A Presen\u00e7a das Mulheres Negras no Poder Legislativo: Candidatas e Candidatos<br \/>Autodeclarados Pretos\/Pardos ao Cargo de Deputado Federal do Brasil em 2014<br \/>Andressa M. Duarte\u00a0<br \/><br \/>2)Rights as policy: as contribui\u00e7\u00f5es da conven\u00e7\u00e3o de CEDAW e da conven\u00e7\u00e3o de BEL\u00c9M do PAR\u00c1 no combate \u00e0 viol\u00eancia de g\u00eanero contra as mulheres no Brasil<\/p>\n<p style=\"margin-top: 0px;margin-bottom: 10px;color: #666666;font-family: Helvetica, Arial, sans-serif;font-size: 13px\">Amanda Carolina Cegatti\u00a0<\/p>\n<p style=\"margin-top: 0px;margin-bottom: 10px;color: #666666;font-family: Helvetica, Arial, sans-serif;font-size: 13px\"><br \/>3)A Aprova\u00e7\u00e3o de autoridades pelo Senado brasileiro: o caso do CADE (1995-2016)<br \/>Bruno Marques Schaefer<br \/>Tiago Alexandre Leme Barbosa\u00a0<br \/><br \/>4)A representa\u00e7\u00e3o e participa\u00e7\u00e3o das mulheres nas esferas decis\u00f3rias do\u00a0PT e do PP ga\u00facho<br \/>Gabriela Machado da Silva<\/p>\n<p style=\"margin-top: 0px;margin-bottom: 10px;color: #666666;font-family: Helvetica, Arial, sans-serif;font-size: 13px\"><br \/>5)A Constitucionalidade do Decreto 4.887\/2003<\/p>\n<p style=\"margin-top: 0px;margin-bottom: 10px;color: #666666;font-family: Helvetica, Arial, sans-serif;font-size: 13px\">Laura Garcia Waihrich<\/p>\n<p style=\"margin-top: 0px;margin-bottom: 10px;color: #666666;font-family: Helvetica, Arial, sans-serif;font-size: 13px\"><br \/>6)A Cor e ra\u00e7a nos rumos da democracia brasileira<\/p>\n<p style=\"margin-top: 0px;margin-bottom: 10px;color: #666666;font-family: Helvetica, Arial, sans-serif;font-size: 13px\">Ana L\u00facia Aguiar Melo\u00a0<\/p>\n","protected":false},"excerpt":{"rendered":"<p>GRUPOS DE TRABALHO- PR\u00c9DIO 74-A\u00a0 GT 1 \u2013 Pol\u00edticas P\u00fablicas SALA 2265 Coordenadora: Profa. Dra Patricia Rodrigues Chaves da Cunha\/ UFPeLBolsista: Maique Berlotte 1)Pol\u00edticas P\u00fablicas e Moderniza\u00e7\u00e3o Militar: discuss\u00e3o sobre o caso brasileiro M\u00e1rcio Adriano de Lima Rodrigues\u00a0 2)Movimentos \u201cEscola sem Partido\u201d e Escola sem \u201cIdeologia de G\u00eanero\u201d articulados nas supress\u00f5es de quest\u00f5es sobre g\u00eanero [&hellip;]<\/p>\n","protected":false},"author":115,"featured_media":0,"parent":0,"menu_order":0,"comment_status":"closed","ping_status":"closed","template":"","meta":{"footnotes":""},"categories":[],"tags":[],"class_list":["post-495","page","type-page","status-publish","hentry"],"acf":[],"_links":{"self":[{"href":"https:\/\/www.ufsm.br\/cursos\/pos-graduacao\/santa-maria\/ppgcs\/wp-json\/wp\/v2\/pages\/495","targetHints":{"allow":["GET"]}}],"collection":[{"href":"https:\/\/www.ufsm.br\/cursos\/pos-graduacao\/santa-maria\/ppgcs\/wp-json\/wp\/v2\/pages"}],"about":[{"href":"https:\/\/www.ufsm.br\/cursos\/pos-graduacao\/santa-maria\/ppgcs\/wp-json\/wp\/v2\/types\/page"}],"author":[{"embeddable":true,"href":"https:\/\/www.ufsm.br\/cursos\/pos-graduacao\/santa-maria\/ppgcs\/wp-json\/wp\/v2\/users\/115"}],"replies":[{"embeddable":true,"href":"https:\/\/www.ufsm.br\/cursos\/pos-graduacao\/santa-maria\/ppgcs\/wp-json\/wp\/v2\/comments?post=495"}],"version-history":[{"count":0,"href":"https:\/\/www.ufsm.br\/cursos\/pos-graduacao\/santa-maria\/ppgcs\/wp-json\/wp\/v2\/pages\/495\/revisions"}],"wp:attachment":[{"href":"https:\/\/www.ufsm.br\/cursos\/pos-graduacao\/santa-maria\/ppgcs\/wp-json\/wp\/v2\/media?parent=495"}],"wp:term":[{"taxonomy":"category","embeddable":true,"href":"https:\/\/www.ufsm.br\/cursos\/pos-graduacao\/santa-maria\/ppgcs\/wp-json\/wp\/v2\/categories?post=495"},{"taxonomy":"post_tag","embeddable":true,"href":"https:\/\/www.ufsm.br\/cursos\/pos-graduacao\/santa-maria\/ppgcs\/wp-json\/wp\/v2\/tags?post=495"}],"curies":[{"name":"wp","href":"https:\/\/api.w.org\/{rel}","templated":true}]}}