{"id":496,"date":"2019-05-20T13:24:17","date_gmt":"2019-05-20T16:24:17","guid":{"rendered":"https:\/\/www.ufsm.br\/cursos\/pos-graduacao\/santa-maria\/ppgcs\/?page_id=496"},"modified":"2019-05-20T13:24:20","modified_gmt":"2019-05-20T16:24:20","slug":"minicursos","status":"publish","type":"page","link":"https:\/\/www.ufsm.br\/cursos\/pos-graduacao\/santa-maria\/ppgcs\/minicursos","title":{"rendered":"Minicursos"},"content":{"rendered":"\n<h5>FERRAMENTAS PARA ELABORA\u00c7\u00c3O E GEST\u00c3O DE PROJETOS P\u00daBLICOS<\/h5>\n<p><strong>Minicurso: Ferramentas para Elabora\u00e7\u00e3o e Gest\u00e3o de Projetos P\u00fablicos<\/strong><\/p>\n<p><strong>INSCRI\u00c7\u00d5ES ENCERRADAS\u00a0<\/strong><\/p>\n<p>LISTA DE ESPERA: ENVIAR E-MAIL PARA\u00a0\u00a0<span id=\"cloak4268f860482a08eea75ed3a3f3e2106c\"><a href=\"mailto:cpufsm@gmail.com\">cpufsm@gmail.com<\/a><\/span><\/p>\n<p>assunto: Minicurso Ferramentas<\/p>\n<p><strong>Ministrante: Elisandro Roath do Canto\u00a0<\/strong><\/p>\n<p>\u00a0 Mestre em Ci\u00eancia Pol\u00edtica pela Universidade Federal do Rio Grande do Sul<\/p>\n<p>\u00a0 Professor do Departamento de Ci\u00eancias Sociais \/UFSM<\/p>\n<p><strong>EMENTA:<\/strong><\/p>\n<p>O objeto da oficina \u00e9 apresentar alguns conceitos iniciais de gest\u00e3o de projetos e realizar atividades pr\u00e1ticas de elabora\u00e7\u00e3o de projetos atrav\u00e9s da matriz do marco l\u00f3gico, privilegiando elementos de pol\u00edtica de p\u00fablica como: problemas, estrat\u00e9gias (objetivos, metas e pressupostos) e gerenciamento (opera\u00e7\u00f5es e resultados).<\/p>\n<p><strong>P\u00daBLICO ALVO:\u00a0<\/strong>estudantes de gradua\u00e7\u00e3o e p\u00f3s-gradua\u00e7\u00e3o, profissionais, t\u00e9cnicos administrativos e docentes\u00a0<\/p>\n<p><strong>N\u00daMERO DE VAGAS:\u00a0<\/strong>20<\/p>\n<p><strong>DIA E HOR\u00c1RIO:<\/strong>\u00a025 de outubro \/ 15 horas (Dura\u00e7\u00e3o de tr\u00eas horas)<\/p>\n<p><strong>LOCAL:\u00a0<\/strong>Pr\u00e9dio 74-A Campus Camobi \/ UFSM<\/p>\n<p>\u00a0<\/p>\n<h5>AN\u00c1LISE DE POL\u00cdTICAS P\u00daBLICAS<\/h5>\n<p><strong>Minicurso: An\u00e1lise de Pol\u00edticas P\u00fablicas\u00a0<\/strong><\/p>\n<p>INSCRI\u00c7\u00d5ES ENCERRADAS<\/p>\n<p><strong>GRATUITO<\/strong><\/p>\n<p><strong>Ministrante: Patr\u00edcia Rodrigues Chaves da Cunha<\/strong><\/p>\n<p>Doutora em Ci\u00eancia Pol\u00edtica pela Universidade Federal do Rio Grande do Sul<\/p>\n<p>\u00a0 Professora do Programa de P\u00f3s-Gradua\u00e7\u00e3o em Ci\u00eancia Pol\u00edtica &#8211; Universidade Federal de Pelotas\u00a0<\/p>\n<p><strong>EMENTA:<\/strong><\/p>\n<p>Avalia\u00e7\u00e3o de Pol\u00edticas P\u00fablicas: &#8211; Pol\u00edticas P\u00fablicas: Defini\u00e7\u00f5es. Avalia\u00e7\u00e3o e monitoramento; Fun\u00e7\u00e3o e tipologia de avalia\u00e7\u00e3o; Categorias de avalia\u00e7\u00e3o.\u00a0<\/p>\n<p><strong>P\u00daBLICO ALVO:\u00a0<\/strong>estudantes de gradua\u00e7\u00e3o e p\u00f3s-gradua\u00e7\u00e3o, profissionais, t\u00e9cnicos administrativos e docentes\u00a0<\/p>\n<p><strong>N\u00daMERO DE VAGAS: 30<\/strong><\/p>\n<p><strong>DIA E HOR\u00c1RIO:<\/strong>\u00a025 de outubro \/ 15 horas (Dura\u00e7\u00e3o de tr\u00eas horas)<\/p>\n<p><strong>LOCAL:\u00a0<\/strong>Pr\u00e9dio 74-A Campus Camobi \/ UFSM<\/p>\n","protected":false},"excerpt":{"rendered":"<p>FERRAMENTAS PARA ELABORA\u00c7\u00c3O E GEST\u00c3O DE PROJETOS P\u00daBLICOS Minicurso: Ferramentas para Elabora\u00e7\u00e3o e Gest\u00e3o de Projetos P\u00fablicos INSCRI\u00c7\u00d5ES ENCERRADAS\u00a0 LISTA DE ESPERA: ENVIAR E-MAIL PARA\u00a0\u00a0cpufsm@gmail.com assunto: Minicurso Ferramentas Ministrante: Elisandro Roath do Canto\u00a0 \u00a0 Mestre em Ci\u00eancia Pol\u00edtica pela Universidade Federal do Rio Grande do Sul \u00a0 Professor do Departamento de Ci\u00eancias Sociais \/UFSM EMENTA: [&hellip;]<\/p>\n","protected":false},"author":115,"featured_media":0,"parent":0,"menu_order":0,"comment_status":"closed","ping_status":"closed","template":"","meta":{"footnotes":""},"categories":[],"tags":[],"class_list":["post-496","page","type-page","status-publish","hentry"],"acf":[],"_links":{"self":[{"href":"https:\/\/www.ufsm.br\/cursos\/pos-graduacao\/santa-maria\/ppgcs\/wp-json\/wp\/v2\/pages\/496","targetHints":{"allow":["GET"]}}],"collection":[{"href":"https:\/\/www.ufsm.br\/cursos\/pos-graduacao\/santa-maria\/ppgcs\/wp-json\/wp\/v2\/pages"}],"about":[{"href":"https:\/\/www.ufsm.br\/cursos\/pos-graduacao\/santa-maria\/ppgcs\/wp-json\/wp\/v2\/types\/page"}],"author":[{"embeddable":true,"href":"https:\/\/www.ufsm.br\/cursos\/pos-graduacao\/santa-maria\/ppgcs\/wp-json\/wp\/v2\/users\/115"}],"replies":[{"embeddable":true,"href":"https:\/\/www.ufsm.br\/cursos\/pos-graduacao\/santa-maria\/ppgcs\/wp-json\/wp\/v2\/comments?post=496"}],"version-history":[{"count":0,"href":"https:\/\/www.ufsm.br\/cursos\/pos-graduacao\/santa-maria\/ppgcs\/wp-json\/wp\/v2\/pages\/496\/revisions"}],"wp:attachment":[{"href":"https:\/\/www.ufsm.br\/cursos\/pos-graduacao\/santa-maria\/ppgcs\/wp-json\/wp\/v2\/media?parent=496"}],"wp:term":[{"taxonomy":"category","embeddable":true,"href":"https:\/\/www.ufsm.br\/cursos\/pos-graduacao\/santa-maria\/ppgcs\/wp-json\/wp\/v2\/categories?post=496"},{"taxonomy":"post_tag","embeddable":true,"href":"https:\/\/www.ufsm.br\/cursos\/pos-graduacao\/santa-maria\/ppgcs\/wp-json\/wp\/v2\/tags?post=496"}],"curies":[{"name":"wp","href":"https:\/\/api.w.org\/{rel}","templated":true}]}}