{"id":845,"date":"2023-01-15T16:47:40","date_gmt":"2023-01-15T19:47:40","guid":{"rendered":"https:\/\/www.ufsm.br\/cursos\/pos-graduacao\/santa-maria\/ppgcs\/?page_id=845"},"modified":"2023-08-06T18:34:57","modified_gmt":"2023-08-06T21:34:57","slug":"relatorio-semestral","status":"publish","type":"page","link":"https:\/\/www.ufsm.br\/cursos\/pos-graduacao\/santa-maria\/ppgcs\/relatorio-semestral","title":{"rendered":"Relat\u00f3rio semestral"},"content":{"rendered":"\n\n\n\n\n<p>O relat\u00f3rio de desempenho acad\u00eamico semestral ser\u00e1 coletado via formul\u00e1rio Google.<\/p>\n<p>Ao final de cada semestre, o formul\u00e1rio ser\u00e1 disponibilizado aos estudantes.<\/p>\n<p>O prazo para envio do relat\u00f3rio \u00e9 at\u00e9 o \u00faltimo dia do ajuste de matr\u00edculas do semestre subsequente.<\/p>\n","protected":false},"excerpt":{"rendered":"<p>O relat\u00f3rio de desempenho acad\u00eamico semestral ser\u00e1 coletado via formul\u00e1rio Google. Ao final de cada semestre, o formul\u00e1rio ser\u00e1 disponibilizado aos estudantes. O prazo para envio do relat\u00f3rio \u00e9 at\u00e9 o \u00faltimo dia do ajuste de matr\u00edculas do semestre subsequente.<\/p>\n","protected":false},"author":1008,"featured_media":0,"parent":0,"menu_order":0,"comment_status":"closed","ping_status":"closed","template":"","meta":{"footnotes":""},"categories":[],"tags":[],"class_list":["post-845","page","type-page","status-publish","hentry"],"acf":[],"_links":{"self":[{"href":"https:\/\/www.ufsm.br\/cursos\/pos-graduacao\/santa-maria\/ppgcs\/wp-json\/wp\/v2\/pages\/845","targetHints":{"allow":["GET"]}}],"collection":[{"href":"https:\/\/www.ufsm.br\/cursos\/pos-graduacao\/santa-maria\/ppgcs\/wp-json\/wp\/v2\/pages"}],"about":[{"href":"https:\/\/www.ufsm.br\/cursos\/pos-graduacao\/santa-maria\/ppgcs\/wp-json\/wp\/v2\/types\/page"}],"author":[{"embeddable":true,"href":"https:\/\/www.ufsm.br\/cursos\/pos-graduacao\/santa-maria\/ppgcs\/wp-json\/wp\/v2\/users\/1008"}],"replies":[{"embeddable":true,"href":"https:\/\/www.ufsm.br\/cursos\/pos-graduacao\/santa-maria\/ppgcs\/wp-json\/wp\/v2\/comments?post=845"}],"version-history":[{"count":0,"href":"https:\/\/www.ufsm.br\/cursos\/pos-graduacao\/santa-maria\/ppgcs\/wp-json\/wp\/v2\/pages\/845\/revisions"}],"wp:attachment":[{"href":"https:\/\/www.ufsm.br\/cursos\/pos-graduacao\/santa-maria\/ppgcs\/wp-json\/wp\/v2\/media?parent=845"}],"wp:term":[{"taxonomy":"category","embeddable":true,"href":"https:\/\/www.ufsm.br\/cursos\/pos-graduacao\/santa-maria\/ppgcs\/wp-json\/wp\/v2\/categories?post=845"},{"taxonomy":"post_tag","embeddable":true,"href":"https:\/\/www.ufsm.br\/cursos\/pos-graduacao\/santa-maria\/ppgcs\/wp-json\/wp\/v2\/tags?post=845"}],"curies":[{"name":"wp","href":"https:\/\/api.w.org\/{rel}","templated":true}]}}