{"id":960,"date":"2024-05-10T19:39:12","date_gmt":"2024-05-10T22:39:12","guid":{"rendered":"https:\/\/www.ufsm.br\/cursos\/pos-graduacao\/santa-maria\/ppgcs\/?page_id=960"},"modified":"2024-05-10T19:42:06","modified_gmt":"2024-05-10T22:42:06","slug":"abertura-de-processos-de-defesa","status":"publish","type":"page","link":"https:\/\/www.ufsm.br\/cursos\/pos-graduacao\/santa-maria\/ppgcs\/abertura-de-processos-de-defesa","title":{"rendered":"Abertura de processos de defesa"},"content":{"rendered":"\n<p>As defesas no prazo regular devem acontecer at\u00e9:<\/p>\n<p>&#8211; 24 meses de curso para Defesa de Qualifica\u00e7\u00e3o<\/p>\n<p>&#8211; 24 meses de curso para Defesa de Disserta\u00e7\u00e3o<\/p>\n<p>&#8211; 48 meses de curso para Defesa de Tese<\/p>\n<p>Defesas fora desses prazos s\u00f3 ser\u00e3o poss\u00edveis mediante aprova\u00e7\u00e3o do Colegiado do PPGCS.<\/p>\n<p>O estudante deve abrir o processo de defesa com anteced\u00eancia m\u00ednima de 20 dias em rela\u00e7\u00e3o \u00e0 data de defesa.<\/p>\n<p>Informa\u00e7\u00f5es sobre abertura de processos de defesa est\u00e3o dispon\u00edveis no <a href=\"https:\/\/www.ufsm.br\/pro-reitorias\/prpgp\/servicos\/procedimentos-para-o-processo-de-defesa-de-mdt-online\">site da PRPGP<\/a>. Entre v\u00e1rias informa\u00e7\u00f5es h\u00e1 um\u00a0<a href=\"https:\/\/www.ufsm.br\/app\/uploads\/sites\/345\/2018\/08\/TUTORIAL.pdf\">tutorial de apoio ao estudante<\/a>.\u00a0<\/p>\n<p><strong>Consultar o Regulamento do PPGCS para mais detalhes.<\/strong><\/p>\n","protected":false},"excerpt":{"rendered":"<p>As defesas no prazo regular devem acontecer at\u00e9: &#8211; 24 meses de curso para Defesa de Qualifica\u00e7\u00e3o &#8211; 24 meses de curso para Defesa de Disserta\u00e7\u00e3o &#8211; 48 meses de curso para Defesa de Tese Defesas fora desses prazos s\u00f3 ser\u00e3o poss\u00edveis mediante aprova\u00e7\u00e3o do Colegiado do PPGCS. O estudante deve abrir o processo de [&hellip;]<\/p>\n","protected":false},"author":1008,"featured_media":0,"parent":0,"menu_order":0,"comment_status":"closed","ping_status":"closed","template":"","meta":{"footnotes":""},"categories":[],"tags":[],"class_list":["post-960","page","type-page","status-publish","hentry"],"acf":[],"_links":{"self":[{"href":"https:\/\/www.ufsm.br\/cursos\/pos-graduacao\/santa-maria\/ppgcs\/wp-json\/wp\/v2\/pages\/960","targetHints":{"allow":["GET"]}}],"collection":[{"href":"https:\/\/www.ufsm.br\/cursos\/pos-graduacao\/santa-maria\/ppgcs\/wp-json\/wp\/v2\/pages"}],"about":[{"href":"https:\/\/www.ufsm.br\/cursos\/pos-graduacao\/santa-maria\/ppgcs\/wp-json\/wp\/v2\/types\/page"}],"author":[{"embeddable":true,"href":"https:\/\/www.ufsm.br\/cursos\/pos-graduacao\/santa-maria\/ppgcs\/wp-json\/wp\/v2\/users\/1008"}],"replies":[{"embeddable":true,"href":"https:\/\/www.ufsm.br\/cursos\/pos-graduacao\/santa-maria\/ppgcs\/wp-json\/wp\/v2\/comments?post=960"}],"version-history":[{"count":0,"href":"https:\/\/www.ufsm.br\/cursos\/pos-graduacao\/santa-maria\/ppgcs\/wp-json\/wp\/v2\/pages\/960\/revisions"}],"wp:attachment":[{"href":"https:\/\/www.ufsm.br\/cursos\/pos-graduacao\/santa-maria\/ppgcs\/wp-json\/wp\/v2\/media?parent=960"}],"wp:term":[{"taxonomy":"category","embeddable":true,"href":"https:\/\/www.ufsm.br\/cursos\/pos-graduacao\/santa-maria\/ppgcs\/wp-json\/wp\/v2\/categories?post=960"},{"taxonomy":"post_tag","embeddable":true,"href":"https:\/\/www.ufsm.br\/cursos\/pos-graduacao\/santa-maria\/ppgcs\/wp-json\/wp\/v2\/tags?post=960"}],"curies":[{"name":"wp","href":"https:\/\/api.w.org\/{rel}","templated":true}]}}