{"id":168,"date":"2019-02-27T10:17:45","date_gmt":"2019-02-27T13:17:45","guid":{"rendered":"https:\/\/www.ufsm.br\/cursos\/pos-graduacao\/santa-maria\/ppgcsociais\/?page_id=168"},"modified":"2026-03-30T14:10:44","modified_gmt":"2026-03-30T17:10:44","slug":"colegiado","status":"publish","type":"page","link":"https:\/\/www.ufsm.br\/cursos\/pos-graduacao\/santa-maria\/ppgcsociais\/colegiado","title":{"rendered":"Colegiado e Comiss\u00f5es"},"content":{"rendered":"\t\t<div data-elementor-type=\"wp-post\" data-elementor-id=\"168\" class=\"elementor elementor-168\">\n\t\t\t\t\t\t<section class=\"elementor-section elementor-top-section elementor-element elementor-element-1a288ac elementor-section-boxed elementor-section-height-default elementor-section-height-default\" data-id=\"1a288ac\" data-element_type=\"section\">\n\t\t\t\t\t\t<div class=\"elementor-container elementor-column-gap-default\">\n\t\t\t\t\t<div class=\"elementor-column elementor-col-100 elementor-top-column elementor-element elementor-element-173090b\" data-id=\"173090b\" data-element_type=\"column\">\n\t\t\t<div class=\"elementor-widget-wrap elementor-element-populated\">\n\t\t\t\t\t\t<div class=\"elementor-element elementor-element-5a2ce30 elementor-widget elementor-widget-toggle\" data-id=\"5a2ce30\" data-element_type=\"widget\" data-widget_type=\"toggle.default\">\n\t\t\t\t<div class=\"elementor-widget-container\">\n\t\t\t\t\t<div class=\"elementor-toggle\">\n\t\t\t\t\t\t\t<div class=\"elementor-toggle-item\">\n\t\t\t\t\t<div id=\"elementor-tab-title-9451\" class=\"elementor-tab-title\" data-tab=\"1\" role=\"button\" aria-controls=\"elementor-tab-content-9451\" aria-expanded=\"false\">\n\t\t\t\t\t\t\t\t\t\t\t\t<span class=\"elementor-toggle-icon elementor-toggle-icon-left\" aria-hidden=\"true\">\n\t\t\t\t\t\t\t\t\t\t\t\t\t\t\t<span class=\"elementor-toggle-icon-closed\"><i class=\"fas fa-caret-right\"><\/i><\/span>\n\t\t\t\t\t\t\t\t<span class=\"elementor-toggle-icon-opened\"><i class=\"elementor-toggle-icon-opened fas fa-caret-up\"><\/i><\/span>\n\t\t\t\t\t\t\t\t\t\t\t\t\t<\/span>\n\t\t\t\t\t\t\t\t\t\t\t\t<a class=\"elementor-toggle-title\" tabindex=\"0\">Colegiado <\/a>\n\t\t\t\t\t<\/div>\n\n\t\t\t\t\t<div id=\"elementor-tab-content-9451\" class=\"elementor-tab-content elementor-clearfix\" data-tab=\"1\" role=\"region\" aria-labelledby=\"elementor-tab-title-9451\"><h6 style=\"font-size: 1rem;color: #000000\"><b>Profa Mari Cleise Sandalowski &#8211; presidente;<\/b><\/h6><h6 style=\"font-size: 1rem;color: #000000\"><b>Prof. Eduardo Lopes Cabral Maia &#8211; Coordenador substituto;<\/b><\/h6><p style=\"color: #000000;font-size: 16px\"><span style=\"font-weight: bolder\">Representantes Docentes<\/span><\/p><ul style=\"color: #000000;font-size: 16px\"><li>Prof. Everton Lazzaretti Picolotto;<\/li><li>Prof. Felipe Corral de Freitas;<\/li><li>Profa Laura Senna Ferreira;<\/li><li>Prof. Ricardo Mayer;<\/li><li>Prof. Dejalma Cremonese &#8211; suplente;<\/li><li>Prof. Jos\u00e9 Carlos Martines Belieiro Junior &#8211; suplente;<\/li><li>Prof. Jos\u00e9 Marcos Froehlich \u2013 suplente;<\/li><li>Prof. Marcos Botton Piccin &#8211; suplente;<\/li><\/ul><p style=\"color: #000000;font-size: 16px\"><span style=\"font-weight: bolder\">Representantes Discentes\u00a0<\/span><\/p><p style=\"color: #000000;font-size: 16px\"><span style=\"font-weight: bolder\">Mestrado:<\/span><\/p><p>Acad. Guadalupe dos Santos Almeida<\/p><p style=\"color: #000000;font-size: 16px\">Acad. Luka Otesbelgue Henes \u2013 suplente<\/p><p style=\"color: #000000;font-size: 16px\"><span style=\"font-weight: bolder\">Doutorado:<\/span><\/p><p style=\"color: #000000;font-size: 16px\">Acad. Maria Eduarda Brendler Nosvitz <br \/><span style=\"font-size: 16px\">Acad. Juliana Pinto Felix \u2013 suplente<\/span><\/p><p style=\"color: #000000;font-size: 16px\"><span style=\"font-weight: bolder\">PORTARIAS<\/span><\/p><p style=\"color: #000000;font-size: 16px\">Base legal: <a href=\"https:\/\/www.ufsm.br\/app\/uploads\/sites\/532\/2026\/03\/PORTARIA-DE-PESSOAL-CCSHUFSM-N-081-DE-26-DE-MARCO-DE-2026.pdf\">PORTARIA DE PESSOAL CCSHUFSM N 081 DE 26 DE MAR\u00c7O DE 2026<\/a><\/p><\/div>\n\t\t\t\t<\/div>\n\t\t\t\t\t\t\t<div class=\"elementor-toggle-item\">\n\t\t\t\t\t<div id=\"elementor-tab-title-9452\" class=\"elementor-tab-title\" data-tab=\"2\" role=\"button\" aria-controls=\"elementor-tab-content-9452\" aria-expanded=\"false\">\n\t\t\t\t\t\t\t\t\t\t\t\t<span class=\"elementor-toggle-icon elementor-toggle-icon-left\" aria-hidden=\"true\">\n\t\t\t\t\t\t\t\t\t\t\t\t\t\t\t<span class=\"elementor-toggle-icon-closed\"><i class=\"fas fa-caret-right\"><\/i><\/span>\n\t\t\t\t\t\t\t\t<span class=\"elementor-toggle-icon-opened\"><i class=\"elementor-toggle-icon-opened fas fa-caret-up\"><\/i><\/span>\n\t\t\t\t\t\t\t\t\t\t\t\t\t<\/span>\n\t\t\t\t\t\t\t\t\t\t\t\t<a class=\"elementor-toggle-title\" tabindex=\"0\">Comiss\u00e3o de Bolsas<\/a>\n\t\t\t\t\t<\/div>\n\n\t\t\t\t\t<div id=\"elementor-tab-content-9452\" class=\"elementor-tab-content elementor-clearfix\" data-tab=\"2\" role=\"region\" aria-labelledby=\"elementor-tab-title-9452\"><p style=\"font-size: 16px\"><span style=\"font-weight: bolder\">Presidente:<\/span><\/p><p style=\"font-size: 16px\">Prof. Ricardo Mayer<\/p><p style=\"font-size: 16px\"><span style=\"font-weight: bolder\">Membros:<\/span><\/p><p style=\"font-size: 16px\">Prof. Eduardo Lopes Cabral Maia<\/p><p style=\"font-size: 16px\">Prof. Felipe Corral\u00a0 de Freitas<\/p><p style=\"font-size: 16px\">Profa. Mari Cleise Sandalowski<\/p><p style=\"font-size: 16px\">Acad. Matheus Baldu\u00edno Salkovski Junges<\/p><p>Apostila Portaria Comiss\u00e3o de Bolsas: <a href=\"https:\/\/www.ufsm.br\/app\/uploads\/sites\/532\/2025\/05\/APOST_CCSH_2025_93-PPGCS.pdf\">APOST_CCSH_2025_93 PPGCS<\/a><\/p><p style=\"font-size: 16px\">Portaria Comiss\u00e3o de Bolsas:\u00a0<a href=\"https:\/\/www.ufsm.br\/app\/uploads\/sites\/532\/2025\/03\/PORT_CCSH_2025_93-PPGCS.pdf\">PORT_CCSH_2025_93 PPGCS<\/a><\/p><\/div>\n\t\t\t\t<\/div>\n\t\t\t\t\t\t\t<div class=\"elementor-toggle-item\">\n\t\t\t\t\t<div id=\"elementor-tab-title-9453\" class=\"elementor-tab-title\" data-tab=\"3\" role=\"button\" aria-controls=\"elementor-tab-content-9453\" aria-expanded=\"false\">\n\t\t\t\t\t\t\t\t\t\t\t\t<span class=\"elementor-toggle-icon elementor-toggle-icon-left\" aria-hidden=\"true\">\n\t\t\t\t\t\t\t\t\t\t\t\t\t\t\t<span class=\"elementor-toggle-icon-closed\"><i class=\"fas fa-caret-right\"><\/i><\/span>\n\t\t\t\t\t\t\t\t<span class=\"elementor-toggle-icon-opened\"><i class=\"elementor-toggle-icon-opened fas fa-caret-up\"><\/i><\/span>\n\t\t\t\t\t\t\t\t\t\t\t\t\t<\/span>\n\t\t\t\t\t\t\t\t\t\t\t\t<a class=\"elementor-toggle-title\" tabindex=\"0\">Comiss\u00e3o de Sele\u00e7\u00e3o<\/a>\n\t\t\t\t\t<\/div>\n\n\t\t\t\t\t<div id=\"elementor-tab-content-9453\" class=\"elementor-tab-content elementor-clearfix\" data-tab=\"3\" role=\"region\" aria-labelledby=\"elementor-tab-title-9453\"><div><span style=\"font-weight: bolder\">Doutorado 2025\/2 ingresso 2026\/1<\/span><\/div><div>Profa. Mari Cleise Sandalowski &#8211; Presidente<\/div><div>Prof. Felipe Corral de Freitas &#8211; Membro<\/div><div>Profa. Jurema Gorski Brites &#8211; Membro<\/div><div>Profa. Laura Senna Ferreira &#8211; Suplente<\/div><div>Base Legal:<strong> <a href=\"https:\/\/www.ufsm.br\/app\/uploads\/sites\/532\/2025\/09\/PORT_CCSH_2025_341.pdf\">PORT_CCSH_2025_341<\/a><\/strong><\/div><div>\u00a0<\/div><div style=\"font-size: 16px\"><span style=\"font-weight: bolder\">Mestrado 2025\/2 ingresso 2026\/1<\/span><\/div><div>Prof. Eduardo Lopes Cabral Maia &#8211; Presidente<br \/>Prof. Reginaldo Teixeira Perez &#8211; Membro<br \/>Prof. Daniel alves &#8211; Membro<br \/>Prof. Ricardo Mayer &#8211; Suplente<br \/>Base Legal: <strong><a href=\"https:\/\/www.ufsm.br\/app\/uploads\/sites\/532\/2025\/09\/PORT_CCSH_2025_340.pdf\">PORT_CCSH_2025_340<\/a><\/strong><\/div><div style=\"font-size: 16px\"><span style=\"font-weight: bolder\">\u00a0<\/span><\/div><div style=\"font-size: 16px\"><span style=\"font-weight: bolder\">Mestrado\/Doutorado Ingresso 2025\/1:<\/span><\/div><div style=\"font-size: 16px\">\u00a0<\/div><div style=\"font-size: 16px\">Edital 065\/2024\u00a0<\/div><div style=\"font-size: 16px\"><p>Prof. Ricardo Mayer, SIAPE 1653204 \u2013 presidente<br \/>Prof. Felipe Corral de Freitas<br \/>Prof. Jos\u00e9 Carlos Martines Belieiro Junior<br \/>Prof. Jos\u00e9 Marcos Froehlich<br \/>Prof\u00aa Maria Clara Mocellin<br \/>Prof\u00aa Monalisa Dias de Siqueira<br \/>Prof. Reginaldo Teixeira Perez \u2013 suplente<\/p><p><span style=\"font-weight: bolder\">Base legal:<\/span><\/p><p>Portaria:\u00a0<a href=\"https:\/\/www.ufsm.br\/app\/uploads\/sites\/532\/2024\/09\/PORT_CCSH_2024_234-1-1.pdf\">PORT_CCSH_2024_234<\/a><\/p><\/div><\/div>\n\t\t\t\t<\/div>\n\t\t\t\t\t\t\t\t<\/div>\n\t\t\t\t<\/div>\n\t\t\t\t<\/div>\n\t\t\t\t\t<\/div>\n\t\t<\/div>\n\t\t\t\t\t<\/div>\n\t\t<\/section>\n\t\t\t\t<\/div>\n\t\t","protected":false},"excerpt":{"rendered":"<p>Colegiado Profa Mari Cleise Sandalowski &#8211; presidente; Prof. Eduardo Lopes Cabral Maia &#8211; Coordenador substituto; Representantes Docentes Prof. Everton Lazzaretti Picolotto; Prof. Felipe Corral de Freitas; Profa Laura Senna Ferreira; Prof. Ricardo Mayer; Prof. Dejalma Cremonese &#8211; suplente; Prof. Jos\u00e9 Carlos Martines Belieiro Junior &#8211; suplente; Prof. Jos\u00e9 Marcos Froehlich \u2013 suplente; Prof. Marcos Botton [&hellip;]<\/p>\n","protected":false},"author":118,"featured_media":0,"parent":0,"menu_order":0,"comment_status":"closed","ping_status":"closed","template":"","meta":{"footnotes":""},"categories":[],"tags":[],"class_list":["post-168","page","type-page","status-publish","hentry"],"acf":[],"_links":{"self":[{"href":"https:\/\/www.ufsm.br\/cursos\/pos-graduacao\/santa-maria\/ppgcsociais\/wp-json\/wp\/v2\/pages\/168","targetHints":{"allow":["GET"]}}],"collection":[{"href":"https:\/\/www.ufsm.br\/cursos\/pos-graduacao\/santa-maria\/ppgcsociais\/wp-json\/wp\/v2\/pages"}],"about":[{"href":"https:\/\/www.ufsm.br\/cursos\/pos-graduacao\/santa-maria\/ppgcsociais\/wp-json\/wp\/v2\/types\/page"}],"author":[{"embeddable":true,"href":"https:\/\/www.ufsm.br\/cursos\/pos-graduacao\/santa-maria\/ppgcsociais\/wp-json\/wp\/v2\/users\/118"}],"replies":[{"embeddable":true,"href":"https:\/\/www.ufsm.br\/cursos\/pos-graduacao\/santa-maria\/ppgcsociais\/wp-json\/wp\/v2\/comments?post=168"}],"version-history":[{"count":0,"href":"https:\/\/www.ufsm.br\/cursos\/pos-graduacao\/santa-maria\/ppgcsociais\/wp-json\/wp\/v2\/pages\/168\/revisions"}],"wp:attachment":[{"href":"https:\/\/www.ufsm.br\/cursos\/pos-graduacao\/santa-maria\/ppgcsociais\/wp-json\/wp\/v2\/media?parent=168"}],"wp:term":[{"taxonomy":"category","embeddable":true,"href":"https:\/\/www.ufsm.br\/cursos\/pos-graduacao\/santa-maria\/ppgcsociais\/wp-json\/wp\/v2\/categories?post=168"},{"taxonomy":"post_tag","embeddable":true,"href":"https:\/\/www.ufsm.br\/cursos\/pos-graduacao\/santa-maria\/ppgcsociais\/wp-json\/wp\/v2\/tags?post=168"}],"curies":[{"name":"wp","href":"https:\/\/api.w.org\/{rel}","templated":true}]}}