{"id":199,"date":"2019-03-11T17:43:38","date_gmt":"2019-03-11T20:43:38","guid":{"rendered":"https:\/\/www.ufsm.br\/cursos\/pos-graduacao\/santa-maria\/ppgcsociais\/?page_id=199"},"modified":"2023-10-06T20:24:30","modified_gmt":"2023-10-06T23:24:30","slug":"cultura-e-subjetividades","status":"publish","type":"page","link":"https:\/\/www.ufsm.br\/cursos\/pos-graduacao\/santa-maria\/ppgcsociais\/cultura-e-subjetividades","title":{"rendered":"Cultura e Subjetividades"},"content":{"rendered":"\t\t<div data-elementor-type=\"wp-page\" data-elementor-id=\"199\" class=\"elementor elementor-199\">\n\t\t\t\t\t\t<section class=\"elementor-section elementor-top-section elementor-element elementor-element-6d7a0d3c elementor-section-boxed elementor-section-height-default elementor-section-height-default\" data-id=\"6d7a0d3c\" data-element_type=\"section\">\n\t\t\t\t\t\t<div class=\"elementor-container elementor-column-gap-default\">\n\t\t\t\t\t<div class=\"elementor-column elementor-col-100 elementor-top-column elementor-element elementor-element-13f07a03\" data-id=\"13f07a03\" data-element_type=\"column\">\n\t\t\t<div class=\"elementor-widget-wrap elementor-element-populated\">\n\t\t\t\t\t\t<div class=\"elementor-element elementor-element-13583688 elementor-widget__width-initial elementor-widget elementor-widget-text-editor\" data-id=\"13583688\" data-element_type=\"widget\" data-widget_type=\"text-editor.default\">\n\t\t\t\t<div class=\"elementor-widget-container\">\n\t\t\t\t\t\t\t<p><!-- wp:tadv\/classic-paragraph --><\/p>\n<p>A <b>Tem\u00e1tica<\/b><strong> Geral da linha:<\/strong>&nbsp;<\/p>\n<p style=\"text-align: justify\">A partir de perspectivas diversas das Ci\u00eancias Sociais, a linha de pesquisa abrange uma variedade de temas que envolvem cultura e subjetividades na sociedade contempor\u00e2nea. Abriga objetos de pesquisa que perpassam a problem\u00e1tica das m\u00eddias, tecnologias, institui\u00e7\u00f5es e discursos que constituem processos identit\u00e1rios, sensibilidades, saberes e pr\u00e1ticas sociais, por sua vez, marcados por formas de produ\u00e7\u00e3o, regula\u00e7\u00e3o e contesta\u00e7\u00e3o de normas e desigualdades. Re\u00fane estudos focados na quest\u00e3o da centralidade da cultura na constitui\u00e7\u00e3o das subjetividades, em suas interfaces com as dimens\u00f5es das emo\u00e7\u00f5es, g\u00eanero, sexualidade, corpo, consumo e fam\u00edlia. Aborda os processos simult\u00e2neos de produ\u00e7\u00e3o e controle dos desvios e das diferen\u00e7as sociais com o foco voltado para as rela\u00e7\u00f5es de poder e viol\u00eancia.<\/p><p style=\"text-align: justify\"><br><\/p>\n<p><\/p>\n<p><strong>Tem\u00e1ticas relacionadas \u00e0s Linhas de Pesquisa para orienta\u00e7\u00e3o:<\/strong><\/p><p><strong><br><\/strong><\/p>\n<p><\/p>\n<div>\n<p>&nbsp;<strong>Docente: Prof. Dr. Fernando Figueiredo Balieiro<\/strong><\/p>\n<p style=\"text-align: justify\"><strong>1. M\u00eddias, representa\u00e7\u00f5es e identidades:<\/strong>&nbsp;Dentro da perspectiva dos estudos culturais, aborda-se produtos midi\u00e1ticos (cinema, televis\u00e3o e m\u00eddias digitais) buscando compreender os processos de identifica\u00e7\u00e3o vinculados aos regimes de representa\u00e7\u00e3o da sociedade contempor\u00e2nea. Objetiva-se focar nas din\u00e2micas de representa\u00e7\u00e3o e recep\u00e7\u00e3o, englobando as formas distintas nas quais os p\u00fablicos se apropriam dos produtos midi\u00e1ticos.&nbsp;<\/p>\n<p style=\"text-align: justify\">\n<\/p><p style=\"text-align: justify\">&nbsp;<b>2.&nbsp;<\/b><strong>G\u00eanero e sexualidade:<\/strong>&nbsp;Em perspectivas afinadas com os estudos feministas e queer, busca-se compreender os processos de regula\u00e7\u00e3o e subvers\u00e3o das normas de g\u00eanero na sociedade contempor\u00e2nea, com o foco direcionado para os estudos das representa\u00e7\u00f5es midi\u00e1ticas que envolvem g\u00eanero e sexualidade.&nbsp;<\/p>\n<p style=\"text-align: justify\">&nbsp;<b>3.&nbsp;<\/b><strong>Diferen\u00e7as e interseccionalidades:<\/strong>&nbsp;Estuda-se as diferen\u00e7as na sociedade contempor\u00e2nea em uma perspectiva que lide com as interseccionalidades, em especial, as formas nas quais os aspectos de g\u00eanero, ra\u00e7a e sexualidade se constituem mutuamente em contextos sociais e simb\u00f3licos espec\u00edficos.<\/p><p style=\"text-align: justify\"><br><\/p>\n<p style=\"text-align: justify\">\n<\/p><p>&nbsp;<strong>Docente: Prof. Dr. Francis Moraes de Almeida<\/strong><\/p>\n<p style=\"text-align: justify\"><strong>1. Desvio e Controle Social:<\/strong>&nbsp;a tem\u00e1tica visa descrever diferentes interpreta\u00e7\u00f5es de condutas desviantes em contextos hist\u00f3ricos e correntes de pensamento diversas. Visa igualmente o debate contempor\u00e2neo sobre o controle social a partir das diferentes compreens\u00f5es do desvio na teoria social.<\/p>\n<p style=\"text-align: justify\"><strong>2. M\u00eddia e Criminalidade:<\/strong>&nbsp;trata de pesquisas sobre a percep\u00e7\u00e3o social da viol\u00eancia, condutas desviantes e criminalidade em geral, especialmente a rela\u00e7\u00e3o entre medo do crime e taxas (oficiais e\/ou estimadas) de criminalidade, bem como fen\u00f4menos de p\u00e2nico moral.<\/p>\n<p style=\"text-align: justify\"><strong>3. Sociologia das Emo\u00e7\u00f5es:<\/strong>&nbsp;procura desenvolver estudos sobre emo\u00e7\u00f5es no \u00e2mbito das ci\u00eancias sociais. Partindo de uma abordagem de car\u00e1ter construcionista procura-se compreender como constituem-se hist\u00f3rica e socialmente as emo\u00e7\u00f5es (e decorrentes percep\u00e7\u00f5es sobre este fen\u00f4meno). Inicialmente procura-se uma maior \u00eanfase no \u201cmedo\u201d enquanto emo\u00e7\u00e3o e fen\u00f4meno social, embora estejam contemplados na tem\u00e1tica pesquisas sobre outras emo\u00e7\u00f5es, bem como suas manifesta\u00e7\u00f5es psicopatol\u00f3gicas ou a pr\u00f3pria classifica\u00e7\u00e3o destas enquanto tal.<\/p><p style=\"text-align: justify\"><br><\/p>\n<p><strong>Docente: Profa. Dra. Jurema Gorski Brites<\/strong><\/p>\n<p style=\"text-align: justify\">&nbsp;<strong>1. Fam\u00edlia, g\u00eanero e cultura:<\/strong>&nbsp;Investigar as formas culturais de vincula\u00e7\u00e3o entre a esfera privada e p\u00fablica, procurando compreender os sentidos e sensibilidades nos contextos familiares e suas articula\u00e7\u00f5es com espa\u00e7os pol\u00edticos. Palavras-Chave: fam\u00edlia, g\u00eanero, poder, classe, trabalho, sensibilidades.<\/p>\n<p style=\"text-align: justify\"><strong>2. Trabalho dom\u00e9stico, subalternidades e empoderamentos:<\/strong>&nbsp;Estudar as configura\u00e7\u00f5es do trabalho dom\u00e9stico na Am\u00e9rica Latina, em termos das desigualdades de etnia, gera\u00e7\u00e3o, g\u00eanero, classe e nacionalidades que articula, assim como compreender a linguagem simb\u00f3lica que justifica tais rela\u00e7\u00f5es. Investigar os sujeitos pol\u00edticos que se constituem tanto na esfera privada dessas rela\u00e7\u00f5es, como no campo da milit\u00e2ncia sindical dessa atividade.<\/p><p style=\"text-align: justify\"><br><\/p>\n<p style=\"text-align: justify\"><strong>Docente:&nbsp;Prof\u00aa Dr\u00aa Mariana Selister Gomes<\/strong><\/p>\n<p style=\"text-align: justify\"><strong>1. G\u00eanero e Interseccionalidades<\/strong>: engloba pesquisas com diferentes metodologias e objetos emp\u00edricos, desde que orientadas pelas categorias anal\u00edticas G\u00eanero e\/ou Patriarcado, bem como, pelas discuss\u00f5es em torno da Interseccionalidade de G\u00eanero, Ra\u00e7a e Classe.<\/p>\n<p style=\"text-align: justify\"><strong>2. Imagin\u00e1rios Sociais<\/strong>: engloba pesquisas que analisem processos de (re)(des)constru\u00e7\u00e3o de imagin\u00e1rios sociais e de discursos (especialmente racistas e sexistas), sobretudo, aquelas que dialoguem com o trip\u00e9 anal\u00edtico foucaultiano \u2013 saber-poder-subjetiva\u00e7\u00e3o.<\/p><p style=\"text-align: justify\"><br><\/p>\n<p><\/p>\n<p style=\"text-align: justify\"><strong>&nbsp;Docente: Profa. Dra. Monalisa Dias de Siqueira<\/strong><\/p>\n<p style=\"text-align: justify\">Antropologia da Sa\u00fade;&nbsp;Antropologia das Emo\u00e7\u00f5es;&nbsp;Envelhecimento e&nbsp;Corpo, G\u00eanero e Sexualidade.<\/p><p style=\"text-align: justify\"><br><\/p>\n<p style=\"text-align: justify\"><strong>Docente: Profa. Dra. Zulmira Newlands Borges<br><\/strong><\/p>\n<p style=\"text-align: justify\">&nbsp;<strong>1. Antropologia do Corpo e da Sa\u00fade<\/strong>&nbsp;&#8211; Estudar as diversas linhas e abordagens sobre os estudos de corpo e sa\u00fade na antropologia. Retomando aspectos hist\u00f3ricos de forma\u00e7\u00e3o da disciplina. Assim como as especificidades \u00e9ticas e metodol\u00f3gicas da pesquisa em sa\u00fade. Discutir especialmente a produ\u00e7\u00e3o de conhecimento sobre corpo, sa\u00fade e doen\u00e7a na antropologia a partir de estudos etnogr\u00e1ficos e de pesquisas que privilegiam a perspectiva dos sujeitos doentes.<\/p>\n<p style=\"text-align: justify\">&nbsp;<strong>2. G\u00eanero e sexualidade<\/strong>&nbsp;&#8211; Estudar os aspectos s\u00f3cios culturais que envolvem as rela\u00e7\u00f5es de g\u00eanero, corpo e sexualidade na atualidade; sendo um dos focos a inclus\u00e3o das discuss\u00f5es de g\u00eanero e sexualidade nas escolas assim como as situa\u00e7\u00f5es de discrimina\u00e7\u00f5es e viol\u00eancias de g\u00eanero nesses espa\u00e7os&nbsp;<\/p>\n<\/div>\n<p><!-- \/wp:tadv\/classic-paragraph --><\/p>\t\t\t\t\t\t<\/div>\n\t\t\t\t<\/div>\n\t\t\t\t\t<\/div>\n\t\t<\/div>\n\t\t\t\t\t<\/div>\n\t\t<\/section>\n\t\t\t\t<\/div>\n\t\t","protected":false},"excerpt":{"rendered":"<p>A Tem\u00e1tica Geral da linha:&nbsp; A partir de perspectivas diversas das Ci\u00eancias Sociais, a linha de pesquisa abrange uma variedade de temas que envolvem cultura e subjetividades na sociedade contempor\u00e2nea. Abriga objetos de pesquisa que perpassam a problem\u00e1tica das m\u00eddias, tecnologias, institui\u00e7\u00f5es e discursos que constituem processos identit\u00e1rios, sensibilidades, saberes e pr\u00e1ticas sociais, por sua [&hellip;]<\/p>\n","protected":false},"author":118,"featured_media":0,"parent":0,"menu_order":0,"comment_status":"closed","ping_status":"closed","template":"","meta":{"footnotes":""},"categories":[],"tags":[],"class_list":["post-199","page","type-page","status-publish","hentry"],"acf":[],"_links":{"self":[{"href":"https:\/\/www.ufsm.br\/cursos\/pos-graduacao\/santa-maria\/ppgcsociais\/wp-json\/wp\/v2\/pages\/199","targetHints":{"allow":["GET"]}}],"collection":[{"href":"https:\/\/www.ufsm.br\/cursos\/pos-graduacao\/santa-maria\/ppgcsociais\/wp-json\/wp\/v2\/pages"}],"about":[{"href":"https:\/\/www.ufsm.br\/cursos\/pos-graduacao\/santa-maria\/ppgcsociais\/wp-json\/wp\/v2\/types\/page"}],"author":[{"embeddable":true,"href":"https:\/\/www.ufsm.br\/cursos\/pos-graduacao\/santa-maria\/ppgcsociais\/wp-json\/wp\/v2\/users\/118"}],"replies":[{"embeddable":true,"href":"https:\/\/www.ufsm.br\/cursos\/pos-graduacao\/santa-maria\/ppgcsociais\/wp-json\/wp\/v2\/comments?post=199"}],"version-history":[{"count":0,"href":"https:\/\/www.ufsm.br\/cursos\/pos-graduacao\/santa-maria\/ppgcsociais\/wp-json\/wp\/v2\/pages\/199\/revisions"}],"wp:attachment":[{"href":"https:\/\/www.ufsm.br\/cursos\/pos-graduacao\/santa-maria\/ppgcsociais\/wp-json\/wp\/v2\/media?parent=199"}],"wp:term":[{"taxonomy":"category","embeddable":true,"href":"https:\/\/www.ufsm.br\/cursos\/pos-graduacao\/santa-maria\/ppgcsociais\/wp-json\/wp\/v2\/categories?post=199"},{"taxonomy":"post_tag","embeddable":true,"href":"https:\/\/www.ufsm.br\/cursos\/pos-graduacao\/santa-maria\/ppgcsociais\/wp-json\/wp\/v2\/tags?post=199"}],"curies":[{"name":"wp","href":"https:\/\/api.w.org\/{rel}","templated":true}]}}