{"id":200,"date":"2019-03-11T17:45:00","date_gmt":"2019-03-11T20:45:00","guid":{"rendered":"https:\/\/www.ufsm.br\/cursos\/pos-graduacao\/santa-maria\/ppgcsociais\/?page_id=200"},"modified":"2024-09-12T10:31:46","modified_gmt":"2024-09-12T13:31:46","slug":"sociedade-desigualdade-e-conflito","status":"publish","type":"page","link":"https:\/\/www.ufsm.br\/cursos\/pos-graduacao\/santa-maria\/ppgcsociais\/sociedade-desigualdade-e-conflito","title":{"rendered":"Sociedade, Desigualdade e Conflito"},"content":{"rendered":"\t\t<div data-elementor-type=\"wp-page\" data-elementor-id=\"200\" class=\"elementor elementor-200\">\n\t\t\t\t\t\t<section class=\"elementor-section elementor-top-section elementor-element elementor-element-26a5d7d9 elementor-section-boxed elementor-section-height-default elementor-section-height-default\" data-id=\"26a5d7d9\" data-element_type=\"section\">\n\t\t\t\t\t\t<div class=\"elementor-container elementor-column-gap-default\">\n\t\t\t\t\t<div class=\"elementor-column elementor-col-100 elementor-top-column elementor-element elementor-element-24507ed1\" data-id=\"24507ed1\" data-element_type=\"column\">\n\t\t\t<div class=\"elementor-widget-wrap elementor-element-populated\">\n\t\t\t\t\t\t<div class=\"elementor-element elementor-element-58a79b9f elementor-widget elementor-widget-text-editor\" data-id=\"58a79b9f\" data-element_type=\"widget\" data-widget_type=\"text-editor.default\">\n\t\t\t\t<div class=\"elementor-widget-container\">\n\t\t\t\t\t\t\t<p><!-- wp:tadv\/classic-paragraph --><\/p>\n<p><strong>Tem\u00e1tica Geral da linha:<\/strong>\u00a0<\/p>\n<p style=\"text-align: justify\">Re\u00fane estudos sobre as dimens\u00f5es materiais e simb\u00f3licas da desigualdade; sobre os processos de racionaliza\u00e7\u00e3o do mundo do trabalho; sobre os processos de moderniza\u00e7\u00e3o e suas consequ\u00eancias para o desenvolvimento econ\u00f4mico e social nos espa\u00e7os rural e urbano; sobre ecologia e meio ambiente; sobre as configura\u00e7\u00f5es da agricultura familiar; sobre processos de diferencia\u00e7\u00e3o e reprodu\u00e7\u00e3o social de grupos sociais com a constitui\u00e7\u00e3o de elites; sobre processos de socializa\u00e7\u00e3o e subjetiva\u00e7\u00e3o; sobre a forma\u00e7\u00e3o escolar e os processos educacionais; sobre processos sociais de estigmatiza\u00e7\u00e3o, discrimina\u00e7\u00e3o social e reconhecimento denegado; sobre a a\u00e7\u00e3o coletiva em suas diversas formas e graus de organiza\u00e7\u00e3o e resist\u00eancia; sobre a emerg\u00eancia de novos atores, movimentos sociais, experi\u00eancias associativas e conflitualidades no mundo social; sobre as configura\u00e7\u00f5es do sindicalismo e suas transforma\u00e7\u00f5es; sobre as modalidades de engajamento e ativismo pol\u00edtico; sobre controv\u00e9rsias p\u00fablicas em torno de quest\u00f5es relacionadas \u00e0 moralidade, eticidade, valores e ideologias; sobre inova\u00e7\u00e3o social e bio\u00e9tica; sobre o sistema judici\u00e1rio e a expertise jur\u00eddica; sobre os usos do direito e a pol\u00edtica; sobre direitos humanos, v\u00edtimas e causas humanit\u00e1rias.<\/p>\n<p>\u00a0<\/p>\n<p><strong>Docente: Prof. Dr. Everton\u00a0 Lazzaretti Picolotto<\/strong><\/p>\n<p><strong>1. Movimentos Sociais:<\/strong>\u00a0Estudo dos conflitos sociopol\u00edticos e das a\u00e7\u00f5es coletivas geradoras de movimentos sociais. Abarca pesquisas sobre as formas de organiza\u00e7\u00e3o de movimentos sociais, seus repert\u00f3rios de a\u00e7\u00f5es e as identidades coletivas mobilizadas. Interessa investigar tanto formas de a\u00e7\u00e3o coletivas realizadas nas ruas e pra\u00e7as, quanto conectadas nas redes sociais digitais.\u00a0<\/p>\n<p><strong>2.\u00a0Sindicalismo e Trabalho:<\/strong>\u00a0Investiga as formas de organiza\u00e7\u00e3o e a\u00e7\u00f5es sindicais nas sociedades contempor\u00e2neas. Analisa as rela\u00e7\u00f5es entre organiza\u00e7\u00f5es sindicais de trabalhadores e de patr\u00f5es e o Estado no Brasil e as reformas na \u00e1rea. Interessa compreender as mudan\u00e7as no mundo do trabalho contempor\u00e2neo e as repercuss\u00f5es na organiza\u00e7\u00e3o sindical e as particularidades do trabalho e do sindicalismo rural.\u00a0\u00a0<\/p>\n<p><strong>3. Educa\u00e7\u00e3o e Sociedade:<\/strong>\u00a0Pesquisa sobre o tema da educa\u00e7\u00e3o nas sociedades contempor\u00e2neas. Investiga as desigualdades de classe nos processos educativos,\u00a0as pol\u00edticas educacionais em diferentes n\u00edveis e modalidades de ensino e as reformas realizadas pelo Estado brasileiro na \u00e1rea. Analisa a trajet\u00f3ria hist\u00f3rica do ensino superior no Brasil, suas institui\u00e7\u00f5es universit\u00e1rias, a configura\u00e7\u00e3o contempor\u00e2nea desse n\u00edvel de ensino e as suas problem\u00e1ticas.\u00a0<\/p>\n<p>\u00a0<strong>Docente: Profa. Dra. Laura Senna Ferreira<\/strong><\/p>\n<p><strong>1.Atividade laborativa, a\u00e7\u00e3o coletiva, subjetividade e identidade:<\/strong><\/p>\n<p style=\"text-align: justify\">Estuda as representa\u00e7\u00f5es simb\u00f3licas do trabalho e a constru\u00e7\u00e3o de identidades laborais. Aborda os aspectos objetivos e subjetivos que perpassam as trajet\u00f3rias profissionais.Investiga o espa\u00e7o da produ\u00e7\u00e3o como\u00a0<i>locus<\/i>pol\u00edtico, destacando os direitos trabalhistas como elemento de di\u00e1logo com o Estado ede inscri\u00e7\u00e3o na estrutura social. Abarca as lutas em torno da constru\u00e7\u00e3o da mem\u00f3ria pol\u00edtica do trabalho.Discuti a racionaliza\u00e7\u00e3o do mundo da empresa associada\u00e0 emerg\u00eancia de novas ideologias e de uma nova subjetividade laboral. Considera a imagina\u00e7\u00e3o social dos sujeitos na constru\u00e7\u00e3o de formas diferenciadas de trabalho e de a\u00e7\u00e3o econ\u00f4mica (associativismo, autogest\u00e3o, economia solid\u00e1ria, entre outros).Trata de abordar o trabalho como modo de vida, considerando suas transversalidades: g\u00eanero, etnia e gera\u00e7\u00e3o.<\/p>\n<p><strong>2.Mercado de trabalho, territorialidade e modelos de desenvolvimento:<\/strong><\/p>\n<p style=\"text-align: justify\">Analisa modelos de desenvolvimento social e econ\u00f4mico, considerando aspectos, tais como: caracter\u00edsticas do mercado de trabalho, tradi\u00e7\u00f5es,culturase o perfil da for\u00e7a de trabalho local.Discute as concep\u00e7\u00f5es associados \u00e0 no\u00e7\u00e3o de economia moral. Contempla a an\u00e1lise das cadeias produtivas globais e o seus impactosnos territ\u00f3rios produtivos locais. Foca nas transforma\u00e7\u00f5es das carreiras profissionais e nos temas do emprego, desemprego, trabalho informal, flexibiliza\u00e7\u00e3o e empreendedorismo. Aborda a constru\u00e7\u00e3o de institucionalidades \u2013envolvendo trabalhadores, entidades representativas e outros agentes sociais \u2013 no debate dos rumos dodesenvolvimento local.<\/p>\n<p><strong>3.Trabalho e educa\u00e7\u00e3o:<\/strong><\/p>\n<p style=\"text-align: justify\">Engloba os processos de socializa\u00e7\u00e3o na interfaceentre o mundo do trabalho eda educa\u00e7\u00e3o. Investiga a quest\u00e3o da qualifica\u00e7\u00e3o, da empregabilidade e as novas exig\u00eanciasque tais concep\u00e7\u00f5es t\u00eam imposto ao sistema escolar. Aborda a era da informatiza\u00e7\u00e3o e as novas demandas do ponto de vista do trabalho material e imaterial na sua articula\u00e7\u00e3o com a escola. Considera o lugar do sistema de ensino na crise da sociedade do trabalho. Indaga acerca da autonomia e\/ou condicionamento do mercado de trabalho e da esfera produtiva em rela\u00e7\u00e3o ao universo da educa\u00e7\u00e3o<\/p>\n<p>\u00a0<\/p>\n<p><strong>Docente: Prof. Dr. Marcos Botton Piccin<\/strong><\/p>\n<p><strong>\u00a01. <\/strong>Elites e patr\u00f5es;\u00a0<span style=\"font-weight: var( --e-global-typography-text-font-weight );text-align: var(--bs-body-text-align)\">Rela\u00e7\u00f5es de assalariamento e subordina\u00e7\u00e3o no campo brasileiro e\u00a0<\/span><span style=\"font-weight: var( --e-global-typography-text-font-weight );text-align: var(--bs-body-text-align)\">Institui\u00e7\u00f5es e pol\u00edticas p\u00fablicas para o rural.<\/span><\/p>\n<p>\u00a0<\/p>\n<p><strong>Docente: Profa. Dra. Mari Cleise Sandalowski<\/strong><\/p>\n<p><strong>1. Sociologia da sa\u00fade:<\/strong>\u00a0inova\u00e7\u00e3o social, tecnologias terap\u00eauticas, bio\u00e9tica, profiss\u00f5es da sa\u00fade.<\/p>\n<p><strong>2. Sociologia jur\u00eddica:<\/strong>\u00a0sistema judici\u00e1rio, viol\u00eancia dom\u00e9stica.<\/p>\n<p>\u00a0<\/p>\n<p><strong>Docente: Prof. Dr.\u00a0 Ricardo Mayer<\/strong><\/p>\n<div style=\"text-align: justify\">\n<p><strong><strong><span lang=\"EN-US\">1 <\/span><\/strong><\/strong><span style=\"font-size: inherit\">&#8211;<b>\u00a0\u00a0Sociologia\u00a0pol\u00edtica\u00a0do\u00a0reconhecimento e do ressentimento:<\/b> dimens\u00f5es simb\u00f3licas da desigualdade;<\/span><\/p>\n<p>2<b> &#8211;\u00a0\u00a0Sociologia dos movimentos sociais e da a\u00e7\u00e3o coletiva: <\/b>movimentos de contesta\u00e7\u00e3o social via redes de sociais digitais; emo\u00e7\u00f5es e sentimentos morais no protesto social contempor\u00e2neo;<\/p>\n<p>3<b> &#8211;\u00a0\u00a0Sociologia pol\u00edtica: <\/b>movimentos conservadores e nova direita no Brasil.<\/p>\n<p>4<b> &#8211; Sociologia do trabalho:<\/b> precariza\u00e7\u00e3o do emprego, economia de plataforma, digital e do compartilhamento e transforma\u00e7\u00f5es no mundo do trabalho.<\/p>\n<p><strong><span lang=\"EN-US\">5 &#8211;\u00a0\u00a0<\/span><\/strong><span lang=\"EN-US\">T<\/span><span lang=\"EN-US\">eoria social e ideologias pol\u00edticas contempor\u00e2neas<\/span><\/p>\n<p><span lang=\"EN-US\">\u00a0<\/span><\/p>\n<p><strong>Docente: Profa. Dra. <\/strong><strong>Virginia Vecchioli<\/strong><\/p>\n<\/div>\n<p style=\"text-align: justify\"><strong>\u00a01.\u00a0<\/strong><strong>Sociologia do engajamento pol\u00edtico<\/strong><strong>:<\/strong>\u00a0as condi\u00e7\u00f5es de institui\u00e7\u00e3o do compromisso militante. Os repert\u00f3rios de a\u00e7\u00e3o coletiva. As redes de ativismo. As formas de recrutamento, as modalidades de ingresso ao ativismo. As disposi\u00e7\u00f5es e compet\u00eancias militantes. As raz\u00f5es do engajamento. Altru\u00edsmo e desinteresse. Ativismo e profiss\u00e3o, contextos de profissionaliza\u00e7\u00e3o do ativismo, cria\u00e7\u00e3o de novas credenciais para o engajamento. As transforma\u00e7\u00f5es do militantismo. O estudo das trajet\u00f3rias militantes. Os processos de desengajamento.<\/p>\n<p style=\"text-align: justify\"><strong>\u00a02.\u00a0<\/strong><strong>Ativismo em causas humanit\u00e1rias<\/strong><strong>:<\/strong>\u00a0as associa\u00e7\u00f5es humanit\u00e1rias, o humanitarismo como forma de engajamento associativo, as mobiliza\u00e7\u00f5es das vitimas e dos parentes das v\u00edtimas, a profissionaliza\u00e7\u00e3o do conhecimento sobre as v\u00edtimas, as rela\u00e7\u00f5es amb\u00edguas com a pol\u00edtica, os processos de consagra\u00e7\u00e3o da categoria vitima como recurso de mobiliza\u00e7\u00e3o coletiva, de produ\u00e7\u00e3o de pol\u00edticas de Estado e de interven\u00e7\u00e3o experta no espa\u00e7o p\u00fablico, as pol\u00edticas de compaix\u00e3o, as empresas de patrimonializa\u00e7ao da dor (memoriais e monumentos \u00e0s vitimas).<\/p>\n<p style=\"text-align: justify\"><strong>3. Antropologia do direito:\u00a0<\/strong>os juristas como profissionais da virtude p\u00fablica. A expertise jur\u00eddica. As complexas rela\u00e7\u00f5es entre o campo pol\u00edtico e jur\u00eddico, da neutraliza\u00e7\u00e3o dos conflitos pol\u00edticos ao ativismo jur\u00eddico e a constru\u00e7\u00e3o de causas publicas atrav\u00e9s do direito. A mobiliza\u00e7\u00e3o do direito. Direito e movimentos sociais. Usos militantes do direito. A profiss\u00e3o como miss\u00e3o. Programas de reforma da justi\u00e7a. A internacionaliza\u00e7\u00e3o do campo da expertise jur\u00eddica. L\u00f3gicas de importa\u00e7\u00e3o\/exporta\u00e7\u00e3o da expertise jur\u00eddica: o direito internacional dos direitos humanos, a justi\u00e7a transicional.<strong>\u00a0<\/strong><\/p>\n<p><!-- \/wp:tadv\/classic-paragraph --><\/p>\t\t\t\t\t\t<\/div>\n\t\t\t\t<\/div>\n\t\t\t\t\t<\/div>\n\t\t<\/div>\n\t\t\t\t\t<\/div>\n\t\t<\/section>\n\t\t\t\t<\/div>\n\t\t","protected":false},"excerpt":{"rendered":"<p>Tem\u00e1tica Geral da linha:\u00a0 Re\u00fane estudos sobre as dimens\u00f5es materiais e simb\u00f3licas da desigualdade; sobre os processos de racionaliza\u00e7\u00e3o do mundo do trabalho; sobre os processos de moderniza\u00e7\u00e3o e suas consequ\u00eancias para o desenvolvimento econ\u00f4mico e social nos espa\u00e7os rural e urbano; sobre ecologia e meio ambiente; sobre as configura\u00e7\u00f5es da agricultura familiar; sobre processos [&hellip;]<\/p>\n","protected":false},"author":118,"featured_media":0,"parent":0,"menu_order":0,"comment_status":"closed","ping_status":"closed","template":"","meta":{"footnotes":""},"categories":[],"tags":[],"class_list":["post-200","page","type-page","status-publish","hentry"],"acf":[],"_links":{"self":[{"href":"https:\/\/www.ufsm.br\/cursos\/pos-graduacao\/santa-maria\/ppgcsociais\/wp-json\/wp\/v2\/pages\/200","targetHints":{"allow":["GET"]}}],"collection":[{"href":"https:\/\/www.ufsm.br\/cursos\/pos-graduacao\/santa-maria\/ppgcsociais\/wp-json\/wp\/v2\/pages"}],"about":[{"href":"https:\/\/www.ufsm.br\/cursos\/pos-graduacao\/santa-maria\/ppgcsociais\/wp-json\/wp\/v2\/types\/page"}],"author":[{"embeddable":true,"href":"https:\/\/www.ufsm.br\/cursos\/pos-graduacao\/santa-maria\/ppgcsociais\/wp-json\/wp\/v2\/users\/118"}],"replies":[{"embeddable":true,"href":"https:\/\/www.ufsm.br\/cursos\/pos-graduacao\/santa-maria\/ppgcsociais\/wp-json\/wp\/v2\/comments?post=200"}],"version-history":[{"count":0,"href":"https:\/\/www.ufsm.br\/cursos\/pos-graduacao\/santa-maria\/ppgcsociais\/wp-json\/wp\/v2\/pages\/200\/revisions"}],"wp:attachment":[{"href":"https:\/\/www.ufsm.br\/cursos\/pos-graduacao\/santa-maria\/ppgcsociais\/wp-json\/wp\/v2\/media?parent=200"}],"wp:term":[{"taxonomy":"category","embeddable":true,"href":"https:\/\/www.ufsm.br\/cursos\/pos-graduacao\/santa-maria\/ppgcsociais\/wp-json\/wp\/v2\/categories?post=200"},{"taxonomy":"post_tag","embeddable":true,"href":"https:\/\/www.ufsm.br\/cursos\/pos-graduacao\/santa-maria\/ppgcsociais\/wp-json\/wp\/v2\/tags?post=200"}],"curies":[{"name":"wp","href":"https:\/\/api.w.org\/{rel}","templated":true}]}}