{"id":227,"date":"2019-03-12T18:27:27","date_gmt":"2019-03-12T21:27:27","guid":{"rendered":"https:\/\/www.ufsm.br\/cursos\/pos-graduacao\/santa-maria\/ppgcsociais\/?page_id=227"},"modified":"2026-01-12T07:18:49","modified_gmt":"2026-01-12T10:18:49","slug":"formularios","status":"publish","type":"page","link":"https:\/\/www.ufsm.br\/cursos\/pos-graduacao\/santa-maria\/ppgcsociais\/formularios","title":{"rendered":"Formul\u00e1rios"},"content":{"rendered":"\t\t<div data-elementor-type=\"wp-post\" data-elementor-id=\"227\" class=\"elementor elementor-227\">\n\t\t\t\t\t\t<section class=\"elementor-section elementor-top-section elementor-element elementor-element-70a154e elementor-section-boxed elementor-section-height-default elementor-section-height-default\" data-id=\"70a154e\" data-element_type=\"section\">\n\t\t\t\t\t\t<div class=\"elementor-container elementor-column-gap-default\">\n\t\t\t\t\t<div class=\"elementor-column elementor-col-100 elementor-top-column elementor-element elementor-element-1e9772d\" data-id=\"1e9772d\" data-element_type=\"column\">\n\t\t\t<div class=\"elementor-widget-wrap elementor-element-populated\">\n\t\t\t\t\t\t<div class=\"elementor-element elementor-element-58a42db elementor-widget elementor-widget-toggle\" data-id=\"58a42db\" data-element_type=\"widget\" data-widget_type=\"toggle.default\">\n\t\t\t\t<div class=\"elementor-widget-container\">\n\t\t\t\t\t<div class=\"elementor-toggle\">\n\t\t\t\t\t\t\t<div class=\"elementor-toggle-item\">\n\t\t\t\t\t<div id=\"elementor-tab-title-9291\" class=\"elementor-tab-title\" data-tab=\"1\" role=\"button\" aria-controls=\"elementor-tab-content-9291\" aria-expanded=\"false\">\n\t\t\t\t\t\t\t\t\t\t\t\t<span class=\"elementor-toggle-icon elementor-toggle-icon-left\" aria-hidden=\"true\">\n\t\t\t\t\t\t\t\t\t\t\t\t\t\t\t<span class=\"elementor-toggle-icon-closed\"><i class=\"fas fa-caret-right\"><\/i><\/span>\n\t\t\t\t\t\t\t\t<span class=\"elementor-toggle-icon-opened\"><i class=\"elementor-toggle-icon-opened fas fa-caret-up\"><\/i><\/span>\n\t\t\t\t\t\t\t\t\t\t\t\t\t<\/span>\n\t\t\t\t\t\t\t\t\t\t\t\t<a class=\"elementor-toggle-title\" tabindex=\"0\">INFORMA\u00c7\u00d5ES PARA SOLICITA\u00c7\u00c3O DE DI\u00c1RIAS, PASSAGENS E INSCRI\u00c7\u00d5ES<\/a>\n\t\t\t\t\t<\/div>\n\n\t\t\t\t\t<div id=\"elementor-tab-content-9291\" class=\"elementor-tab-content elementor-clearfix\" data-tab=\"1\" role=\"region\" aria-labelledby=\"elementor-tab-title-9291\"><p><a href=\"https:\/\/www.ufsm.br\/app\/uploads\/sites\/532\/2024\/09\/NAAO-PRPGP-Orientacoes-Diarias-_-informativo-1.pdf\">https:\/\/www.ufsm.br\/app\/uploads\/sites\/532\/2024\/09\/NAAO-PRPGP-Orientacoes-Diarias-_-informativo-1.pdf<\/a><\/p><\/div>\n\t\t\t\t<\/div>\n\t\t\t\t\t\t\t<div class=\"elementor-toggle-item\">\n\t\t\t\t\t<div id=\"elementor-tab-title-9292\" class=\"elementor-tab-title\" data-tab=\"2\" role=\"button\" aria-controls=\"elementor-tab-content-9292\" aria-expanded=\"false\">\n\t\t\t\t\t\t\t\t\t\t\t\t<span class=\"elementor-toggle-icon elementor-toggle-icon-left\" aria-hidden=\"true\">\n\t\t\t\t\t\t\t\t\t\t\t\t\t\t\t<span class=\"elementor-toggle-icon-closed\"><i class=\"fas fa-caret-right\"><\/i><\/span>\n\t\t\t\t\t\t\t\t<span class=\"elementor-toggle-icon-opened\"><i class=\"elementor-toggle-icon-opened fas fa-caret-up\"><\/i><\/span>\n\t\t\t\t\t\t\t\t\t\t\t\t\t<\/span>\n\t\t\t\t\t\t\t\t\t\t\t\t<a class=\"elementor-toggle-title\" tabindex=\"0\">Dispensa ou aproveitamento disciplinas<\/a>\n\t\t\t\t\t<\/div>\n\n\t\t\t\t\t<div id=\"elementor-tab-content-9292\" class=\"elementor-tab-content elementor-clearfix\" data-tab=\"2\" role=\"region\" aria-labelledby=\"elementor-tab-title-9292\"><p><a href=\"https:\/\/www.ufsm.br\/app\/uploads\/sites\/532\/2024\/09\/Requerimento_de_Dispensa_ou_Aproveitamento_de_Disciplinas-NCAPG.docx\">https:\/\/www.ufsm.br\/app\/uploads\/sites\/532\/2024\/09\/Requerimento_de_Dispensa_ou_Aproveitamento_de_Disciplinas-NCAPG.docx<\/a><\/p><\/div>\n\t\t\t\t<\/div>\n\t\t\t\t\t\t\t<div class=\"elementor-toggle-item\">\n\t\t\t\t\t<div id=\"elementor-tab-title-9293\" class=\"elementor-tab-title\" data-tab=\"3\" role=\"button\" aria-controls=\"elementor-tab-content-9293\" aria-expanded=\"false\">\n\t\t\t\t\t\t\t\t\t\t\t\t<span class=\"elementor-toggle-icon elementor-toggle-icon-left\" aria-hidden=\"true\">\n\t\t\t\t\t\t\t\t\t\t\t\t\t\t\t<span class=\"elementor-toggle-icon-closed\"><i class=\"fas fa-caret-right\"><\/i><\/span>\n\t\t\t\t\t\t\t\t<span class=\"elementor-toggle-icon-opened\"><i class=\"elementor-toggle-icon-opened fas fa-caret-up\"><\/i><\/span>\n\t\t\t\t\t\t\t\t\t\t\t\t\t<\/span>\n\t\t\t\t\t\t\t\t\t\t\t\t<a class=\"elementor-toggle-title\" tabindex=\"0\">Qualifica\u00e7\u00e3o de disserta\u00e7\u00e3o <\/a>\n\t\t\t\t\t<\/div>\n\n\t\t\t\t\t<div id=\"elementor-tab-content-9293\" class=\"elementor-tab-content elementor-clearfix\" data-tab=\"3\" role=\"region\" aria-labelledby=\"elementor-tab-title-9293\"><p><a href=\"https:\/\/www.ufsm.br\/cursos\/pos-graduacao\/santa-maria\/ppgcsociais\/wp-content\/uploads\/sites\/532\/2019\/03\/agendamento_-Banca-Defesa-de-Qualificao-de-Dissertao-1-1.doc\">https:\/\/www.ufsm.br\/cursos\/pos-graduacao\/santa-maria\/ppgcsociais\/wp-content\/uploads\/sites\/532\/2019\/03\/agendamento_-Banca-Defesa-de-Qualificao-de-Dissertao-1-1.doc<\/a><\/p><\/div>\n\t\t\t\t<\/div>\n\t\t\t\t\t\t\t<div class=\"elementor-toggle-item\">\n\t\t\t\t\t<div id=\"elementor-tab-title-9294\" class=\"elementor-tab-title\" data-tab=\"4\" role=\"button\" aria-controls=\"elementor-tab-content-9294\" aria-expanded=\"false\">\n\t\t\t\t\t\t\t\t\t\t\t\t<span class=\"elementor-toggle-icon elementor-toggle-icon-left\" aria-hidden=\"true\">\n\t\t\t\t\t\t\t\t\t\t\t\t\t\t\t<span class=\"elementor-toggle-icon-closed\"><i class=\"fas fa-caret-right\"><\/i><\/span>\n\t\t\t\t\t\t\t\t<span class=\"elementor-toggle-icon-opened\"><i class=\"elementor-toggle-icon-opened fas fa-caret-up\"><\/i><\/span>\n\t\t\t\t\t\t\t\t\t\t\t\t\t<\/span>\n\t\t\t\t\t\t\t\t\t\t\t\t<a class=\"elementor-toggle-title\" tabindex=\"0\">Requerimento e Formul\u00e1rio - Disciplina Produ\u00e7\u00e3o Acad\u00eamica<\/a>\n\t\t\t\t\t<\/div>\n\n\t\t\t\t\t<div id=\"elementor-tab-content-9294\" class=\"elementor-tab-content elementor-clearfix\" data-tab=\"4\" role=\"region\" aria-labelledby=\"elementor-tab-title-9294\"><p><a href=\"https:\/\/www.ufsm.br\/app\/uploads\/sites\/532\/2024\/11\/RequerimentoeFormulario_ProdAcademicaDOUT-1.docx\">https:\/\/www.ufsm.br\/app\/uploads\/sites\/532\/2024\/11\/RequerimentoeFormulario_ProdAcademicaDOUT-1.docx<\/a><\/p><\/div>\n\t\t\t\t<\/div>\n\t\t\t\t\t\t\t<div class=\"elementor-toggle-item\">\n\t\t\t\t\t<div id=\"elementor-tab-title-9295\" class=\"elementor-tab-title\" data-tab=\"5\" role=\"button\" aria-controls=\"elementor-tab-content-9295\" aria-expanded=\"false\">\n\t\t\t\t\t\t\t\t\t\t\t\t<span class=\"elementor-toggle-icon elementor-toggle-icon-left\" aria-hidden=\"true\">\n\t\t\t\t\t\t\t\t\t\t\t\t\t\t\t<span class=\"elementor-toggle-icon-closed\"><i class=\"fas fa-caret-right\"><\/i><\/span>\n\t\t\t\t\t\t\t\t<span class=\"elementor-toggle-icon-opened\"><i class=\"elementor-toggle-icon-opened fas fa-caret-up\"><\/i><\/span>\n\t\t\t\t\t\t\t\t\t\t\t\t\t<\/span>\n\t\t\t\t\t\t\t\t\t\t\t\t<a class=\"elementor-toggle-title\" tabindex=\"0\">Modelo de Relat\u00f3rio Bolsistas<\/a>\n\t\t\t\t\t<\/div>\n\n\t\t\t\t\t<div id=\"elementor-tab-content-9295\" class=\"elementor-tab-content elementor-clearfix\" data-tab=\"5\" role=\"region\" aria-labelledby=\"elementor-tab-title-9295\"><p><a href=\"https:\/\/www.ufsm.br\/app\/uploads\/sites\/532\/2026\/01\/RELATORIO_ANUAL_BOLSISTAS-PPGCSOCIAIS.docx\">https:\/\/www.ufsm.br\/app\/uploads\/sites\/532\/2026\/01\/RELATORIO_ANUAL_BOLSISTAS-PPGCSOCIAIS.docx<\/a><\/p><\/div>\n\t\t\t\t<\/div>\n\t\t\t\t\t\t\t<div class=\"elementor-toggle-item\">\n\t\t\t\t\t<div id=\"elementor-tab-title-9296\" class=\"elementor-tab-title\" data-tab=\"6\" role=\"button\" aria-controls=\"elementor-tab-content-9296\" aria-expanded=\"false\">\n\t\t\t\t\t\t\t\t\t\t\t\t<span class=\"elementor-toggle-icon elementor-toggle-icon-left\" aria-hidden=\"true\">\n\t\t\t\t\t\t\t\t\t\t\t\t\t\t\t<span class=\"elementor-toggle-icon-closed\"><i class=\"fas fa-caret-right\"><\/i><\/span>\n\t\t\t\t\t\t\t\t<span class=\"elementor-toggle-icon-opened\"><i class=\"elementor-toggle-icon-opened fas fa-caret-up\"><\/i><\/span>\n\t\t\t\t\t\t\t\t\t\t\t\t\t<\/span>\n\t\t\t\t\t\t\t\t\t\t\t\t<a class=\"elementor-toggle-title\" tabindex=\"0\">Formul\u00e1rio co-orienta\u00e7\u00e3o<\/a>\n\t\t\t\t\t<\/div>\n\n\t\t\t\t\t<div id=\"elementor-tab-content-9296\" class=\"elementor-tab-content elementor-clearfix\" data-tab=\"6\" role=\"region\" aria-labelledby=\"elementor-tab-title-9296\"><p><a href=\"https:\/\/www.ufsm.br\/app\/uploads\/sites\/532\/2024\/06\/Formulario_coorientacao.doc\">https:\/\/www.ufsm.br\/app\/uploads\/sites\/532\/2024\/06\/Formulario_coorientacao.doc<\/a><\/p><\/div>\n\t\t\t\t<\/div>\n\t\t\t\t\t\t\t<div class=\"elementor-toggle-item\">\n\t\t\t\t\t<div id=\"elementor-tab-title-9297\" class=\"elementor-tab-title\" data-tab=\"7\" role=\"button\" aria-controls=\"elementor-tab-content-9297\" aria-expanded=\"false\">\n\t\t\t\t\t\t\t\t\t\t\t\t<span class=\"elementor-toggle-icon elementor-toggle-icon-left\" aria-hidden=\"true\">\n\t\t\t\t\t\t\t\t\t\t\t\t\t\t\t<span class=\"elementor-toggle-icon-closed\"><i class=\"fas fa-caret-right\"><\/i><\/span>\n\t\t\t\t\t\t\t\t<span class=\"elementor-toggle-icon-opened\"><i class=\"elementor-toggle-icon-opened fas fa-caret-up\"><\/i><\/span>\n\t\t\t\t\t\t\t\t\t\t\t\t\t<\/span>\n\t\t\t\t\t\t\t\t\t\t\t\t<a class=\"elementor-toggle-title\" tabindex=\"0\">Formul\u00e1rios Solicita\u00e7\u00f5es de Inscri\u00e7\u00f5es, Di\u00e1rias, Passagens<\/a>\n\t\t\t\t\t<\/div>\n\n\t\t\t\t\t<div id=\"elementor-tab-content-9297\" class=\"elementor-tab-content elementor-clearfix\" data-tab=\"7\" role=\"region\" aria-labelledby=\"elementor-tab-title-9297\"><p><a href=\"https:\/\/www.ufsm.br\/app\/uploads\/sites\/532\/2024\/06\/forms-Diarias-e-passagens-aereas-Cadastro-de-Proposto-SCDP-atualizado2023.docx\">https:\/\/www.ufsm.br\/app\/uploads\/sites\/532\/2024\/06\/forms-Diarias-e-passagens-aereas-Cadastro-de-Proposto-SCDP-atualizado2023.docx<\/a><\/p><p><a href=\"https:\/\/www.ufsm.br\/app\/uploads\/sites\/532\/2024\/09\/2-formulario-prpgp-passagens_rodoviarias-PEN-3_18-01-23-1.docx\">https:\/\/www.ufsm.br\/app\/uploads\/sites\/532\/2024\/09\/2-formulario-prpgp-passagens_rodoviarias-PEN-3_18-01-23-1.docx<\/a><\/p><p><a href=\"https:\/\/www.ufsm.br\/app\/uploads\/sites\/532\/2024\/10\/Forms-Diarias-e-PA-05.07.2023.docx\">https:\/\/www.ufsm.br\/app\/uploads\/sites\/532\/2024\/09\/Forms-Diarias-e-PA-05.07.2023.docx<\/a><\/p><p><a href=\"https:\/\/www.ufsm.br\/app\/uploads\/sites\/532\/2024\/09\/Requerimento-de-Pagamento-de-Taxa-de-Inscricao.doc\">https:\/\/www.ufsm.br\/app\/uploads\/sites\/532\/2024\/09\/Requerimento-de-Pagamento-de-Taxa-de-Inscricao.doc<\/a><\/p><p><a href=\"https:\/\/www.ufsm.br\/app\/uploads\/sites\/532\/2024\/10\/Requerimento-de-Pagamento-de-Diarias-Internacionais-Alunos-1.doc\">https:\/\/www.ufsm.br\/app\/uploads\/sites\/532\/2024\/10\/Requerimento-de-Pagamento-de-Diarias-Internacionais-Alunos-1.doc<\/a><\/p><\/div>\n\t\t\t\t<\/div>\n\t\t\t\t\t\t\t<div class=\"elementor-toggle-item\">\n\t\t\t\t\t<div id=\"elementor-tab-title-9298\" class=\"elementor-tab-title\" data-tab=\"8\" role=\"button\" aria-controls=\"elementor-tab-content-9298\" aria-expanded=\"false\">\n\t\t\t\t\t\t\t\t\t\t\t\t<span class=\"elementor-toggle-icon elementor-toggle-icon-left\" aria-hidden=\"true\">\n\t\t\t\t\t\t\t\t\t\t\t\t\t\t\t<span class=\"elementor-toggle-icon-closed\"><i class=\"fas fa-caret-right\"><\/i><\/span>\n\t\t\t\t\t\t\t\t<span class=\"elementor-toggle-icon-opened\"><i class=\"elementor-toggle-icon-opened fas fa-caret-up\"><\/i><\/span>\n\t\t\t\t\t\t\t\t\t\t\t\t\t<\/span>\n\t\t\t\t\t\t\t\t\t\t\t\t<a class=\"elementor-toggle-title\" tabindex=\"0\">Formul\u00e1rios para informa\u00e7\u00f5es DIVULGA\u00c7\u00c3O a respeito das BANCAS -Qualifica\u00e7\u00e3o e Defesa<\/a>\n\t\t\t\t\t<\/div>\n\n\t\t\t\t\t<div id=\"elementor-tab-content-9298\" class=\"elementor-tab-content elementor-clearfix\" data-tab=\"8\" role=\"region\" aria-labelledby=\"elementor-tab-title-9298\"><p><a href=\"https:\/\/www.ufsm.br\/app\/uploads\/sites\/532\/2024\/06\/Formulario-MESTRADO_qualificacaooudefesa.docx\">https:\/\/www.ufsm.br\/app\/uploads\/sites\/532\/2024\/06\/Formulario-MESTRADO_qualificacaooudefesa.docx<\/a><\/p><p><a href=\"https:\/\/www.ufsm.br\/app\/uploads\/sites\/532\/2024\/06\/Formulario-DOUTORADO_qualificacaooudefesa.docx\">https:\/\/www.ufsm.br\/app\/uploads\/sites\/532\/2024\/06\/Formulario-DOUTORADO_qualificacaooudefesa.docx<\/a><\/p><\/div>\n\t\t\t\t<\/div>\n\t\t\t\t\t\t\t<div class=\"elementor-toggle-item\">\n\t\t\t\t\t<div id=\"elementor-tab-title-9299\" class=\"elementor-tab-title\" data-tab=\"9\" role=\"button\" aria-controls=\"elementor-tab-content-9299\" aria-expanded=\"false\">\n\t\t\t\t\t\t\t\t\t\t\t\t<span class=\"elementor-toggle-icon elementor-toggle-icon-left\" aria-hidden=\"true\">\n\t\t\t\t\t\t\t\t\t\t\t\t\t\t\t<span class=\"elementor-toggle-icon-closed\"><i class=\"fas fa-caret-right\"><\/i><\/span>\n\t\t\t\t\t\t\t\t<span class=\"elementor-toggle-icon-opened\"><i class=\"elementor-toggle-icon-opened fas fa-caret-up\"><\/i><\/span>\n\t\t\t\t\t\t\t\t\t\t\t\t\t<\/span>\n\t\t\t\t\t\t\t\t\t\t\t\t<a class=\"elementor-toggle-title\" tabindex=\"0\">Formul\u00e1rio Relat\u00f3rio de Viagem<\/a>\n\t\t\t\t\t<\/div>\n\n\t\t\t\t\t<div id=\"elementor-tab-content-9299\" class=\"elementor-tab-content elementor-clearfix\" data-tab=\"9\" role=\"region\" aria-labelledby=\"elementor-tab-title-9299\"><p><a href=\"https:\/\/www.ufsm.br\/app\/uploads\/sites\/532\/2024\/09\/Relatorio-de-viagem-prestacao-de-contas-1.doc\">https:\/\/www.ufsm.br\/app\/uploads\/sites\/532\/2024\/09\/Relatorio-de-viagem-prestacao-de-contas-1.doc<\/a><\/p><\/div>\n\t\t\t\t<\/div>\n\t\t\t\t\t\t\t<div class=\"elementor-toggle-item\">\n\t\t\t\t\t<div id=\"elementor-tab-title-92910\" class=\"elementor-tab-title\" data-tab=\"10\" role=\"button\" aria-controls=\"elementor-tab-content-92910\" aria-expanded=\"false\">\n\t\t\t\t\t\t\t\t\t\t\t\t<span class=\"elementor-toggle-icon elementor-toggle-icon-left\" aria-hidden=\"true\">\n\t\t\t\t\t\t\t\t\t\t\t\t\t\t\t<span class=\"elementor-toggle-icon-closed\"><i class=\"fas fa-caret-right\"><\/i><\/span>\n\t\t\t\t\t\t\t\t<span class=\"elementor-toggle-icon-opened\"><i class=\"elementor-toggle-icon-opened fas fa-caret-up\"><\/i><\/span>\n\t\t\t\t\t\t\t\t\t\t\t\t\t<\/span>\n\t\t\t\t\t\t\t\t\t\t\t\t<a class=\"elementor-toggle-title\" tabindex=\"0\">Formul\u00e1rio Sufici\u00eancia L\u00edngua Estrangeira<\/a>\n\t\t\t\t\t<\/div>\n\n\t\t\t\t\t<div id=\"elementor-tab-content-92910\" class=\"elementor-tab-content elementor-clearfix\" data-tab=\"10\" role=\"region\" aria-labelledby=\"elementor-tab-title-92910\"><p><a href=\"https:\/\/www.ufsm.br\/app\/uploads\/sites\/532\/2024\/06\/Requerimento_Comprovacao_Suf_Lingua_Estrangeira_NCAPG.docx\">https:\/\/www.ufsm.br\/app\/uploads\/sites\/532\/2024\/06\/Requerimento_Comprovacao_Suf_Lingua_Estrangeira_NCAPG.docx<\/a><\/p><\/div>\n\t\t\t\t<\/div>\n\t\t\t\t\t\t\t<div class=\"elementor-toggle-item\">\n\t\t\t\t\t<div id=\"elementor-tab-title-92911\" class=\"elementor-tab-title\" data-tab=\"11\" role=\"button\" aria-controls=\"elementor-tab-content-92911\" aria-expanded=\"false\">\n\t\t\t\t\t\t\t\t\t\t\t\t<span class=\"elementor-toggle-icon elementor-toggle-icon-left\" aria-hidden=\"true\">\n\t\t\t\t\t\t\t\t\t\t\t\t\t\t\t<span class=\"elementor-toggle-icon-closed\"><i class=\"fas fa-caret-right\"><\/i><\/span>\n\t\t\t\t\t\t\t\t<span class=\"elementor-toggle-icon-opened\"><i class=\"elementor-toggle-icon-opened fas fa-caret-up\"><\/i><\/span>\n\t\t\t\t\t\t\t\t\t\t\t\t\t<\/span>\n\t\t\t\t\t\t\t\t\t\t\t\t<a class=\"elementor-toggle-title\" tabindex=\"0\">Formul\u00e1rio Solicita\u00e7\u00e3o Doc\u00eancia Orientada<\/a>\n\t\t\t\t\t<\/div>\n\n\t\t\t\t\t<div id=\"elementor-tab-content-92911\" class=\"elementor-tab-content elementor-clearfix\" data-tab=\"11\" role=\"region\" aria-labelledby=\"elementor-tab-title-92911\"><p><a href=\"https:\/\/www.ufsm.br\/app\/uploads\/sites\/532\/2024\/07\/solicitacao-estagio-docencia-1.doc\">https:\/\/www.ufsm.br\/app\/uploads\/sites\/532\/2024\/07\/solicitacao-estagio-docencia-1.doc<\/a><\/p><\/div>\n\t\t\t\t<\/div>\n\t\t\t\t\t\t\t<div class=\"elementor-toggle-item\">\n\t\t\t\t\t<div id=\"elementor-tab-title-92912\" class=\"elementor-tab-title\" data-tab=\"12\" role=\"button\" aria-controls=\"elementor-tab-content-92912\" aria-expanded=\"false\">\n\t\t\t\t\t\t\t\t\t\t\t\t<span class=\"elementor-toggle-icon elementor-toggle-icon-left\" aria-hidden=\"true\">\n\t\t\t\t\t\t\t\t\t\t\t\t\t\t\t<span class=\"elementor-toggle-icon-closed\"><i class=\"fas fa-caret-right\"><\/i><\/span>\n\t\t\t\t\t\t\t\t<span class=\"elementor-toggle-icon-opened\"><i class=\"elementor-toggle-icon-opened fas fa-caret-up\"><\/i><\/span>\n\t\t\t\t\t\t\t\t\t\t\t\t\t<\/span>\n\t\t\t\t\t\t\t\t\t\t\t\t<a class=\"elementor-toggle-title\" tabindex=\"0\">Formul\u00e1rio Solicita\u00e7\u00e3o TrocaORIENTA\u00c7\u00c3O<\/a>\n\t\t\t\t\t<\/div>\n\n\t\t\t\t\t<div id=\"elementor-tab-content-92912\" class=\"elementor-tab-content elementor-clearfix\" data-tab=\"12\" role=\"region\" aria-labelledby=\"elementor-tab-title-92912\"><p><a href=\"https:\/\/www.ufsm.br\/app\/uploads\/sites\/532\/2024\/07\/solicitacao-TROCADEORIENTACAO.doc\">https:\/\/www.ufsm.br\/app\/uploads\/sites\/532\/2024\/07\/solicitacao-TROCADEORIENTACAO.doc<\/a><\/p><\/div>\n\t\t\t\t<\/div>\n\t\t\t\t\t\t\t<div class=\"elementor-toggle-item\">\n\t\t\t\t\t<div id=\"elementor-tab-title-92913\" class=\"elementor-tab-title\" data-tab=\"13\" role=\"button\" aria-controls=\"elementor-tab-content-92913\" aria-expanded=\"false\">\n\t\t\t\t\t\t\t\t\t\t\t\t<span class=\"elementor-toggle-icon elementor-toggle-icon-left\" aria-hidden=\"true\">\n\t\t\t\t\t\t\t\t\t\t\t\t\t\t\t<span class=\"elementor-toggle-icon-closed\"><i class=\"fas fa-caret-right\"><\/i><\/span>\n\t\t\t\t\t\t\t\t<span class=\"elementor-toggle-icon-opened\"><i class=\"elementor-toggle-icon-opened fas fa-caret-up\"><\/i><\/span>\n\t\t\t\t\t\t\t\t\t\t\t\t\t<\/span>\n\t\t\t\t\t\t\t\t\t\t\t\t<a class=\"elementor-toggle-title\" tabindex=\"0\">Autoriza\u00e7\u00e3o Desconto em Conta Orientador<\/a>\n\t\t\t\t\t<\/div>\n\n\t\t\t\t\t<div id=\"elementor-tab-content-92913\" class=\"elementor-tab-content elementor-clearfix\" data-tab=\"13\" role=\"region\" aria-labelledby=\"elementor-tab-title-92913\"><p><a href=\"https:\/\/www.ufsm.br\/app\/uploads\/sites\/532\/2024\/09\/AUTORIZACAODESCONTOFOLHA-PROAP-1.doc\">https:\/\/www.ufsm.br\/app\/uploads\/sites\/532\/2024\/09\/AUTORIZACAODESCONTOFOLHA-PROAP-1.doc<\/a><\/p><p><a href=\"https:\/\/www.ufsm.br\/app\/uploads\/sites\/532\/2024\/09\/AUTORIZACAODESCONTOFOLHA-Edital-50-1-2.doc\">https:\/\/www.ufsm.br\/app\/uploads\/sites\/532\/2024\/09\/AUTORIZACAODESCONTOFOLHA-Edital-50-1-2.doc<\/a><\/p><\/div>\n\t\t\t\t<\/div>\n\t\t\t\t\t\t\t<div class=\"elementor-toggle-item\">\n\t\t\t\t\t<div id=\"elementor-tab-title-92914\" class=\"elementor-tab-title\" data-tab=\"14\" role=\"button\" aria-controls=\"elementor-tab-content-92914\" aria-expanded=\"false\">\n\t\t\t\t\t\t\t\t\t\t\t\t<span class=\"elementor-toggle-icon elementor-toggle-icon-left\" aria-hidden=\"true\">\n\t\t\t\t\t\t\t\t\t\t\t\t\t\t\t<span class=\"elementor-toggle-icon-closed\"><i class=\"fas fa-caret-right\"><\/i><\/span>\n\t\t\t\t\t\t\t\t<span class=\"elementor-toggle-icon-opened\"><i class=\"elementor-toggle-icon-opened fas fa-caret-up\"><\/i><\/span>\n\t\t\t\t\t\t\t\t\t\t\t\t\t<\/span>\n\t\t\t\t\t\t\t\t\t\t\t\t<a class=\"elementor-toggle-title\" tabindex=\"0\">Pagamento de Taxa de Publica\u00e7\u00e3o<\/a>\n\t\t\t\t\t<\/div>\n\n\t\t\t\t\t<div id=\"elementor-tab-content-92914\" class=\"elementor-tab-content elementor-clearfix\" data-tab=\"14\" role=\"region\" aria-labelledby=\"elementor-tab-title-92914\"><p><a href=\"https:\/\/www.ufsm.br\/app\/uploads\/sites\/532\/2024\/09\/Requerimento-de-Pagamento-de-Taxa-de-Publicacao-1.doc\">https:\/\/www.ufsm.br\/app\/uploads\/sites\/532\/2024\/09\/Requerimento-de-Pagamento-de-Taxa-de-Publicacao-1.doc<\/a><\/p><\/div>\n\t\t\t\t<\/div>\n\t\t\t\t\t\t\t<div class=\"elementor-toggle-item\">\n\t\t\t\t\t<div id=\"elementor-tab-title-92915\" class=\"elementor-tab-title\" data-tab=\"15\" role=\"button\" aria-controls=\"elementor-tab-content-92915\" aria-expanded=\"false\">\n\t\t\t\t\t\t\t\t\t\t\t\t<span class=\"elementor-toggle-icon elementor-toggle-icon-left\" aria-hidden=\"true\">\n\t\t\t\t\t\t\t\t\t\t\t\t\t\t\t<span class=\"elementor-toggle-icon-closed\"><i class=\"fas fa-caret-right\"><\/i><\/span>\n\t\t\t\t\t\t\t\t<span class=\"elementor-toggle-icon-opened\"><i class=\"elementor-toggle-icon-opened fas fa-caret-up\"><\/i><\/span>\n\t\t\t\t\t\t\t\t\t\t\t\t\t<\/span>\n\t\t\t\t\t\t\t\t\t\t\t\t<a class=\"elementor-toggle-title\" tabindex=\"0\">Requerimento para Tradu\u00e7\u00e3o de Textos Cient\u00edficos<\/a>\n\t\t\t\t\t<\/div>\n\n\t\t\t\t\t<div id=\"elementor-tab-content-92915\" class=\"elementor-tab-content elementor-clearfix\" data-tab=\"15\" role=\"region\" aria-labelledby=\"elementor-tab-title-92915\"><p><a href=\"https:\/\/www.ufsm.br\/app\/uploads\/sites\/532\/2024\/09\/Requerimento-traducao-textos-cientificos-PROAP.doc\">https:\/\/www.ufsm.br\/app\/uploads\/sites\/532\/2024\/09\/Requerimento-traducao-textos-cientificos-PROAP.doc<\/a><\/p><\/div>\n\t\t\t\t<\/div>\n\t\t\t\t\t\t\t<div class=\"elementor-toggle-item\">\n\t\t\t\t\t<div id=\"elementor-tab-title-92916\" class=\"elementor-tab-title\" data-tab=\"16\" role=\"button\" aria-controls=\"elementor-tab-content-92916\" aria-expanded=\"false\">\n\t\t\t\t\t\t\t\t\t\t\t\t<span class=\"elementor-toggle-icon elementor-toggle-icon-left\" aria-hidden=\"true\">\n\t\t\t\t\t\t\t\t\t\t\t\t\t\t\t<span class=\"elementor-toggle-icon-closed\"><i class=\"fas fa-caret-right\"><\/i><\/span>\n\t\t\t\t\t\t\t\t<span class=\"elementor-toggle-icon-opened\"><i class=\"elementor-toggle-icon-opened fas fa-caret-up\"><\/i><\/span>\n\t\t\t\t\t\t\t\t\t\t\t\t\t<\/span>\n\t\t\t\t\t\t\t\t\t\t\t\t<a class=\"elementor-toggle-title\" tabindex=\"0\">Cria\u00e7\u00e3o e atualiza\u00e7\u00e3o de disciplinas <\/a>\n\t\t\t\t\t<\/div>\n\n\t\t\t\t\t<div id=\"elementor-tab-content-92916\" class=\"elementor-tab-content elementor-clearfix\" data-tab=\"16\" role=\"region\" aria-labelledby=\"elementor-tab-title-92916\"><p><a href=\"https:\/\/www.ufsm.br\/app\/uploads\/sites\/532\/2024\/11\/Formulario2_Criacao_Disciplina-NCAPG-PRPGP.docm\">https:\/\/www.ufsm.br\/app\/uploads\/sites\/532\/2024\/11\/Formulario2_Criacao_Disciplina-NCAPG-PRPGP.docm<\/a><\/p><p><a href=\"https:\/\/www.ufsm.br\/app\/uploads\/sites\/532\/2024\/11\/Formulario_Atualizacao_Disciplina-NCAPG-PRPGP.docm\">https:\/\/www.ufsm.br\/app\/uploads\/sites\/532\/2024\/11\/Formulario_Atualizacao_Disciplina-NCAPG-PRPGP.docm<\/a><\/p><\/div>\n\t\t\t\t<\/div>\n\t\t\t\t\t\t\t\t<\/div>\n\t\t\t\t<\/div>\n\t\t\t\t<\/div>\n\t\t\t\t\t<\/div>\n\t\t<\/div>\n\t\t\t\t\t<\/div>\n\t\t<\/section>\n\t\t\t\t<\/div>\n\t\t","protected":false},"excerpt":{"rendered":"<p>INFORMA\u00c7\u00d5ES PARA SOLICITA\u00c7\u00c3O DE DI\u00c1RIAS, PASSAGENS E INSCRI\u00c7\u00d5ES https:\/\/www.ufsm.br\/app\/uploads\/sites\/532\/2024\/09\/NAAO-PRPGP-Orientacoes-Diarias-_-informativo-1.pdf Dispensa ou aproveitamento disciplinas https:\/\/www.ufsm.br\/app\/uploads\/sites\/532\/2024\/09\/Requerimento_de_Dispensa_ou_Aproveitamento_de_Disciplinas-NCAPG.docx Qualifica\u00e7\u00e3o de disserta\u00e7\u00e3o https:\/\/www.ufsm.br\/cursos\/pos-graduacao\/santa-maria\/ppgcsociais\/wp-content\/uploads\/sites\/532\/2019\/03\/agendamento_-Banca-Defesa-de-Qualificao-de-Dissertao-1-1.doc Requerimento e Formul\u00e1rio &#8211; Disciplina Produ\u00e7\u00e3o Acad\u00eamica https:\/\/www.ufsm.br\/app\/uploads\/sites\/532\/2024\/11\/RequerimentoeFormulario_ProdAcademicaDOUT-1.docx Modelo de Relat\u00f3rio Bolsistas https:\/\/www.ufsm.br\/app\/uploads\/sites\/532\/2026\/01\/RELATORIO_ANUAL_BOLSISTAS-PPGCSOCIAIS.docx Formul\u00e1rio co-orienta\u00e7\u00e3o https:\/\/www.ufsm.br\/app\/uploads\/sites\/532\/2024\/06\/Formulario_coorientacao.doc Formul\u00e1rios Solicita\u00e7\u00f5es de Inscri\u00e7\u00f5es, Di\u00e1rias, Passagens https:\/\/www.ufsm.br\/app\/uploads\/sites\/532\/2024\/06\/forms-Diarias-e-passagens-aereas-Cadastro-de-Proposto-SCDP-atualizado2023.docx https:\/\/www.ufsm.br\/app\/uploads\/sites\/532\/2024\/09\/2-formulario-prpgp-passagens_rodoviarias-PEN-3_18-01-23-1.docx https:\/\/www.ufsm.br\/app\/uploads\/sites\/532\/2024\/09\/Forms-Diarias-e-PA-05.07.2023.docx https:\/\/www.ufsm.br\/app\/uploads\/sites\/532\/2024\/09\/Requerimento-de-Pagamento-de-Taxa-de-Inscricao.doc https:\/\/www.ufsm.br\/app\/uploads\/sites\/532\/2024\/10\/Requerimento-de-Pagamento-de-Diarias-Internacionais-Alunos-1.doc Formul\u00e1rios para informa\u00e7\u00f5es DIVULGA\u00c7\u00c3O a respeito das BANCAS -Qualifica\u00e7\u00e3o e [&hellip;]<\/p>\n","protected":false},"author":118,"featured_media":0,"parent":0,"menu_order":0,"comment_status":"closed","ping_status":"closed","template":"","meta":{"footnotes":""},"categories":[],"tags":[],"class_list":["post-227","page","type-page","status-publish","hentry"],"acf":[],"_links":{"self":[{"href":"https:\/\/www.ufsm.br\/cursos\/pos-graduacao\/santa-maria\/ppgcsociais\/wp-json\/wp\/v2\/pages\/227","targetHints":{"allow":["GET"]}}],"collection":[{"href":"https:\/\/www.ufsm.br\/cursos\/pos-graduacao\/santa-maria\/ppgcsociais\/wp-json\/wp\/v2\/pages"}],"about":[{"href":"https:\/\/www.ufsm.br\/cursos\/pos-graduacao\/santa-maria\/ppgcsociais\/wp-json\/wp\/v2\/types\/page"}],"author":[{"embeddable":true,"href":"https:\/\/www.ufsm.br\/cursos\/pos-graduacao\/santa-maria\/ppgcsociais\/wp-json\/wp\/v2\/users\/118"}],"replies":[{"embeddable":true,"href":"https:\/\/www.ufsm.br\/cursos\/pos-graduacao\/santa-maria\/ppgcsociais\/wp-json\/wp\/v2\/comments?post=227"}],"version-history":[{"count":0,"href":"https:\/\/www.ufsm.br\/cursos\/pos-graduacao\/santa-maria\/ppgcsociais\/wp-json\/wp\/v2\/pages\/227\/revisions"}],"wp:attachment":[{"href":"https:\/\/www.ufsm.br\/cursos\/pos-graduacao\/santa-maria\/ppgcsociais\/wp-json\/wp\/v2\/media?parent=227"}],"wp:term":[{"taxonomy":"category","embeddable":true,"href":"https:\/\/www.ufsm.br\/cursos\/pos-graduacao\/santa-maria\/ppgcsociais\/wp-json\/wp\/v2\/categories?post=227"},{"taxonomy":"post_tag","embeddable":true,"href":"https:\/\/www.ufsm.br\/cursos\/pos-graduacao\/santa-maria\/ppgcsociais\/wp-json\/wp\/v2\/tags?post=227"}],"curies":[{"name":"wp","href":"https:\/\/api.w.org\/{rel}","templated":true}]}}