{"id":2468,"date":"2024-08-22T15:33:55","date_gmt":"2024-08-22T18:33:55","guid":{"rendered":"https:\/\/www.ufsm.br\/cursos\/pos-graduacao\/santa-maria\/ppgcsociais\/?page_id=2468"},"modified":"2025-04-30T19:11:57","modified_gmt":"2025-04-30T22:11:57","slug":"acoes-afirmativas","status":"publish","type":"page","link":"https:\/\/www.ufsm.br\/cursos\/pos-graduacao\/santa-maria\/ppgcsociais\/acoes-afirmativas","title":{"rendered":"A\u00e7\u00f5es Afirmativas"},"content":{"rendered":"\t\t<div data-elementor-type=\"wp-page\" data-elementor-id=\"2468\" class=\"elementor elementor-2468\">\n\t\t\t\t\t\t<section class=\"elementor-section elementor-top-section elementor-element elementor-element-4e481725 elementor-section-boxed elementor-section-height-default elementor-section-height-default\" data-id=\"4e481725\" data-element_type=\"section\">\n\t\t\t\t\t\t<div class=\"elementor-container elementor-column-gap-default\">\n\t\t\t\t\t<div class=\"elementor-column elementor-col-100 elementor-top-column elementor-element elementor-element-55f070d0\" data-id=\"55f070d0\" data-element_type=\"column\">\n\t\t\t<div class=\"elementor-widget-wrap elementor-element-populated\">\n\t\t\t\t\t\t<div class=\"elementor-element elementor-element-7775548f elementor-widget elementor-widget-text-editor\" data-id=\"7775548f\" data-element_type=\"widget\" data-widget_type=\"text-editor.default\">\n\t\t\t\t<div class=\"elementor-widget-container\">\n\t\t\t\t\t\t\t<p><span style=\"font-weight: 400\">As pol\u00edticas afirmativas de inclus\u00e3o, perman\u00eancia e acessibilidade s\u00e3o instrumentos fundamentais para a promo\u00e7\u00e3o da equidade em institui\u00e7\u00f5es p\u00fablicas de ensino e na Universidade Federal de Santa Maria (UFSM) est\u00e1 contemplada pela <a href=\"https:\/\/www.ufsm.br\/pro-reitorias\/proplan\/resolucao-ufsm-n-068-2021\">Resolu\u00e7\u00e3o N. 068, DE 29 DE NOVEMBRO DE 2021.<\/a> Ao adotar cotas de ingresso nos programas de p\u00f3s-gradua\u00e7\u00e3o, a UFSM busca garantir oportunidades para grupos historicamente marginalizados, como pessoas pretas, pardas, ind\u00edgenas e com defici\u00eancia. A reserva de vagas, variando entre 20% e 50% do total ofertado por ano, \u00e9 uma forma concreta de combater as desigualdades de acesso \u00e0 educa\u00e7\u00e3o de n\u00edvel superior. A reserva de vagas para grupos historicamente discriminados tem democratizado o acesso a PG na UFSM e \u00e9 acompanhada anualmente no Semin\u00e1rio Institucional de A\u00e7\u00f5es Afirmativas e Inclus\u00e3o na PG, que tamb\u00e9m discute a perman\u00eancia dos estudantes. A pol\u00edtica tamb\u00e9m inclui medidas de acompanhamento e apoio cont\u00ednuo aos discentes que ingressam por meio das cotas, assegurando que n\u00e3o apenas tenham acesso \u00e0 universidade, mas tamb\u00e9m condi\u00e7\u00f5es de permanecer e concluir seus estudos com sucesso. Estudantes de PG em vulnerabilidade socioecon\u00f4mica contam com programa de assist\u00eancia estudantil, que inclui aux\u00edlio-transporte, refei\u00e7\u00f5es subsidiadas no restaurante universit\u00e1rio e moradia estudantil (casa para estudantes de p\u00f3s-gradua\u00e7\u00e3o).<\/span><\/p>\n<p><strong>PROGRAMA DE P\u00d3S-GRADUA\u00c7\u00c3O EM CI\u00caNCIAS SOCIAIS<\/strong><\/p>\n<p><b>ACESSO:<\/b><span style=\"font-weight: 400\"> O PPGCSociais implementou a pol\u00edtica de a\u00e7\u00f5es afirmativas em seu processo seletivo de 2023 para entrada em 2024. 30% das vagas oferecidas foram destinadas a candidatos(as) que se autodeclararam pretos(as), pardos(as), ind\u00edgenas e com defici\u00eancia. Al\u00e9m dessa reserva de vagas, o PPGCSociais inovou na UFSM oferecendo vagas para professores(as) do ensino b\u00e1sico das redes p\u00fablica e privada.\u00a0 \u00c9 importante registrar duas dimens\u00f5es do processo seletivo, que permitiram\u00a0 um acesso mais democr\u00e1tico e reparat\u00f3rio de injusti\u00e7a social. O processo seletivo, do PPG tem sido realizado de modo online deste 2021. Isso permitiu que candidatos de outras cidades, estados e at\u00e9 pa\u00edses como Guin\u00e9 Bissau, Mo\u00e7ambique, Cabo Verde, que se inscreveram atrav\u00e9s de a\u00e7\u00f5es afirmativas, fizessem a sele\u00e7\u00e3o. Uma outra inova\u00e7\u00e3o do processo foi a diferen\u00e7a de nota m\u00ednima na prova de teoria social.\u00a0 A nota m\u00ednima para o(as) candidato(as) de a\u00e7\u00f5es afirmativas foi cinco(5). E para os(as) candidato(as) de ampla concorr\u00eancia foi sete(7). Esse crit\u00e9rio de notas adotado se respalda na an\u00e1lise dos dados de sele\u00e7\u00f5es anteriores em que a coordena\u00e7\u00e3o identificou a nota da prova de teoria social como um gargalo para o acesso de candidatos(as), que no momento da inscri\u00e7\u00e3o se autodeclaravam pretos(as) e pardos(as). Os dados foram levados ao colegiado do PPG,\u00a0 que, prontamente,\u00a0 aprovou a diferen\u00e7a de nota m\u00ednima entre candidatos(as) de a\u00e7\u00f5es afirmativas e ampla concorr\u00eancia para ser implementada j\u00e1 no processo seletivo de 2023 para entrada em 2024.\u00a0 \u00a0<\/span><b>A\u00c7\u00d5ES DE PERMAN\u00caNCIA<\/b><span style=\"font-weight: 400\">: Foi aprovado pelo colegiado do PPGCSociais uma\u00a0 porcentagem de 30% das bolsas que devem ser destinadas aos(\u00e0s) aprovados(as) no processo seletivo atrav\u00e9s das a\u00e7\u00f5es afirmativas, tanto no mestrado como no doutorado. Os(as) estudantes tamb\u00e9m t\u00eam acesso ao Benef\u00edcio S\u00f3cio-Econ\u00f4mico (BSE), moradia estudantil e restaurante universit\u00e1rio. A UFSM possui uma casa de estudantes para p\u00f3s-gradua\u00e7\u00e3o. \u00c9 preciso se inscrever para receber o BSE e para a moradia estudantil.<\/span><\/p>\n<p>Todas as informa\u00e7\u00f5es sobre BSE e moradia estudantil podem ser encontradas no site da<strong> PRAE<\/strong>\/<a href=\"https:\/\/www.ufsm.br\/pro-reitorias\/prae\">\u00a0PR\u00d3-REITORIA DE ASSIST\u00caNCIA ESTUDANTIL<\/a><\/p>\n<p>Instagram:@praeufsm<\/p>\n<p><a href=\"https:\/\/www.ufsm.br\/pro-reitorias\/prae\/contato\">Contatos da PRAE\u00a0<\/a><\/p>\t\t\t\t\t\t<\/div>\n\t\t\t\t<\/div>\n\t\t\t\t\t<\/div>\n\t\t<\/div>\n\t\t\t\t\t<\/div>\n\t\t<\/section>\n\t\t\t\t<section class=\"elementor-section elementor-top-section elementor-element elementor-element-7103ebb elementor-section-boxed elementor-section-height-default elementor-section-height-default\" data-id=\"7103ebb\" data-element_type=\"section\">\n\t\t\t\t\t\t<div class=\"elementor-container elementor-column-gap-default\">\n\t\t\t\t\t<div class=\"elementor-column elementor-col-100 elementor-top-column elementor-element elementor-element-f2ebe12\" data-id=\"f2ebe12\" data-element_type=\"column\">\n\t\t\t<div class=\"elementor-widget-wrap elementor-element-populated\">\n\t\t\t\t\t\t<div class=\"elementor-element elementor-element-57d862b elementor-widget elementor-widget-text-editor\" data-id=\"57d862b\" data-element_type=\"widget\" data-widget_type=\"text-editor.default\">\n\t\t\t\t<div class=\"elementor-widget-container\">\n\t\t\t\t\t\t\t<p><strong>A\u00c7\u00d5ES DO PPG<\/strong><\/p>\n<p><span style=\"font-weight: 400\">Durante o quadri\u00eanio, as a\u00e7\u00f5es afirmativas foram tema de debates entre docentes e discentes e de eventos realizados pelo PPGCSociais. O NEABI\/UFSM colaborou muito com o PPGCSociais na implementa\u00e7\u00e3o da Pol\u00edtica. Foram v\u00e1rias reuni\u00f5es com o N\u00facleo, durante todo o quadri\u00eanio, para debater vagas, bolsas e outras a\u00e7\u00f5es de perman\u00eancia.<\/span><\/p>\t\t\t\t\t\t<\/div>\n\t\t\t\t<\/div>\n\t\t\t\t\t<\/div>\n\t\t<\/div>\n\t\t\t\t\t<\/div>\n\t\t<\/section>\n\t\t\t\t<section class=\"elementor-section elementor-top-section elementor-element elementor-element-d84b0a7 elementor-section-boxed elementor-section-height-default elementor-section-height-default\" data-id=\"d84b0a7\" data-element_type=\"section\">\n\t\t\t\t\t\t<div class=\"elementor-container elementor-column-gap-default\">\n\t\t\t\t\t<div class=\"elementor-column elementor-col-50 elementor-top-column elementor-element elementor-element-bd0de66\" data-id=\"bd0de66\" data-element_type=\"column\">\n\t\t\t<div class=\"elementor-widget-wrap elementor-element-populated\">\n\t\t\t\t\t\t<div class=\"elementor-element elementor-element-ae4ffb3 elementor-widget elementor-widget-image\" data-id=\"ae4ffb3\" data-element_type=\"widget\" data-widget_type=\"image.default\">\n\t\t\t\t<div class=\"elementor-widget-container\">\n\t\t\t\t\t\t\t\t\t\t\t\t\t<img fetchpriority=\"high\" decoding=\"async\" width=\"768\" height=\"768\" src=\"https:\/\/www.ufsm.br\/app\/uploads\/sites\/532\/2025\/04\/Palestra-768x768-1.jpg\" class=\"attachment-large size-large wp-image-2955\" alt=\"\" srcset=\"https:\/\/www.ufsm.br\/app\/uploads\/sites\/532\/2025\/04\/Palestra-768x768-1.jpg 768w, https:\/\/www.ufsm.br\/app\/uploads\/sites\/532\/2025\/04\/Palestra-768x768-1-300x300.jpg 300w, https:\/\/www.ufsm.br\/app\/uploads\/sites\/532\/2025\/04\/Palestra-768x768-1-150x150.jpg 150w\" sizes=\"(max-width: 768px) 100vw, 768px\" \/>\t\t\t\t\t\t\t\t\t\t\t\t\t<\/div>\n\t\t\t\t<\/div>\n\t\t\t\t\t<\/div>\n\t\t<\/div>\n\t\t\t\t<div class=\"elementor-column elementor-col-50 elementor-top-column elementor-element elementor-element-216217b\" data-id=\"216217b\" data-element_type=\"column\">\n\t\t\t<div class=\"elementor-widget-wrap elementor-element-populated\">\n\t\t\t\t\t\t<div class=\"elementor-element elementor-element-372c0cf elementor-widget elementor-widget-text-editor\" data-id=\"372c0cf\" data-element_type=\"widget\" data-widget_type=\"text-editor.default\">\n\t\t\t\t<div class=\"elementor-widget-container\">\n\t\t\t\t\t\t\t<p>\u00a0<\/p><p>\u00a0<\/p><p>\u00a0<\/p><p><span style=\"font-weight: 400\">\u00a0Em 2022, o PPG recebeu, para debater a\u00e7\u00f5es afirmativas, o <strong>professor dr. Jos\u00e9 Carlos Gomes dos Anjos (UFRGS)<\/strong>. <\/span><\/p>\t\t\t\t\t\t<\/div>\n\t\t\t\t<\/div>\n\t\t\t\t\t<\/div>\n\t\t<\/div>\n\t\t\t\t\t<\/div>\n\t\t<\/section>\n\t\t\t\t<section class=\"elementor-section elementor-top-section elementor-element elementor-element-90475cf elementor-section-boxed elementor-section-height-default elementor-section-height-default\" data-id=\"90475cf\" data-element_type=\"section\">\n\t\t\t\t\t\t<div class=\"elementor-container elementor-column-gap-default\">\n\t\t\t\t\t<div class=\"elementor-column elementor-col-50 elementor-top-column elementor-element elementor-element-d91f54f\" data-id=\"d91f54f\" data-element_type=\"column\">\n\t\t\t<div class=\"elementor-widget-wrap elementor-element-populated\">\n\t\t\t\t\t\t<div class=\"elementor-element elementor-element-66e44f6 elementor-widget elementor-widget-image\" data-id=\"66e44f6\" data-element_type=\"widget\" data-widget_type=\"image.default\">\n\t\t\t\t<div class=\"elementor-widget-container\">\n\t\t\t\t\t\t\t\t\t\t\t\t\t<img decoding=\"async\" width=\"905\" height=\"553\" src=\"https:\/\/www.ufsm.br\/app\/uploads\/sites\/532\/2025\/04\/PROFESSOR_LUIZAUGUSTO.jpg\" class=\"attachment-large size-large wp-image-2945\" alt=\"\" srcset=\"https:\/\/www.ufsm.br\/app\/uploads\/sites\/532\/2025\/04\/PROFESSOR_LUIZAUGUSTO.jpg 905w, https:\/\/www.ufsm.br\/app\/uploads\/sites\/532\/2025\/04\/PROFESSOR_LUIZAUGUSTO-300x183.jpg 300w, https:\/\/www.ufsm.br\/app\/uploads\/sites\/532\/2025\/04\/PROFESSOR_LUIZAUGUSTO-768x469.jpg 768w\" sizes=\"(max-width: 905px) 100vw, 905px\" \/>\t\t\t\t\t\t\t\t\t\t\t\t\t<\/div>\n\t\t\t\t<\/div>\n\t\t\t\t\t<\/div>\n\t\t<\/div>\n\t\t\t\t<div class=\"elementor-column elementor-col-50 elementor-top-column elementor-element elementor-element-48d8e38\" data-id=\"48d8e38\" data-element_type=\"column\">\n\t\t\t<div class=\"elementor-widget-wrap elementor-element-populated\">\n\t\t\t\t\t\t<div class=\"elementor-element elementor-element-6a52cbc elementor-widget elementor-widget-text-editor\" data-id=\"6a52cbc\" data-element_type=\"widget\" data-widget_type=\"text-editor.default\">\n\t\t\t\t<div class=\"elementor-widget-container\">\n\t\t\t\t\t\t\t<p>\u00a0<\/p><p>\u00a0<\/p><p><span style=\"font-weight: 400\">A aula inaugural de 2023 foi ministrada pelo <strong>professor dr. Luis Augusto Campos (IESP\/UERJ)<\/strong> \u201cA\u00e7\u00f5es afirmativas no Ensino Superior: conquistas e desafios\u201d. E em 2024 a agenda de eventos do PPGCSociais foi debatida e organizada pelos(as) estudantes que ingressaram atrav\u00e9s das a\u00e7\u00f5es afirmativas e de estudantes negros e negras que entraram em anos anteriores.<\/span><\/p>\t\t\t\t\t\t<\/div>\n\t\t\t\t<\/div>\n\t\t\t\t\t<\/div>\n\t\t<\/div>\n\t\t\t\t\t<\/div>\n\t\t<\/section>\n\t\t\t\t<section class=\"elementor-section elementor-top-section elementor-element elementor-element-eed7e2c elementor-section-boxed elementor-section-height-default elementor-section-height-default\" data-id=\"eed7e2c\" data-element_type=\"section\">\n\t\t\t\t\t\t<div class=\"elementor-container elementor-column-gap-default\">\n\t\t\t\t\t<div class=\"elementor-column elementor-col-33 elementor-top-column elementor-element elementor-element-1233dd2\" data-id=\"1233dd2\" data-element_type=\"column\">\n\t\t\t<div class=\"elementor-widget-wrap elementor-element-populated\">\n\t\t\t\t\t\t<div class=\"elementor-element elementor-element-c6b06a6 elementor-widget elementor-widget-image\" data-id=\"c6b06a6\" data-element_type=\"widget\" data-widget_type=\"image.default\">\n\t\t\t\t<div class=\"elementor-widget-container\">\n\t\t\t\t\t\t\t\t\t\t\t\t\t<img decoding=\"async\" width=\"1024\" height=\"1024\" src=\"https:\/\/www.ufsm.br\/app\/uploads\/sites\/532\/2024\/11\/WhatsApp-Image-2024-10-31-at-20.15.16-1024x1024.jpeg\" class=\"attachment-large size-large wp-image-2710\" alt=\"\" srcset=\"https:\/\/www.ufsm.br\/app\/uploads\/sites\/532\/2024\/11\/WhatsApp-Image-2024-10-31-at-20.15.16-1024x1024.jpeg 1024w, https:\/\/www.ufsm.br\/app\/uploads\/sites\/532\/2024\/11\/WhatsApp-Image-2024-10-31-at-20.15.16-300x300.jpeg 300w, https:\/\/www.ufsm.br\/app\/uploads\/sites\/532\/2024\/11\/WhatsApp-Image-2024-10-31-at-20.15.16-150x150.jpeg 150w, https:\/\/www.ufsm.br\/app\/uploads\/sites\/532\/2024\/11\/WhatsApp-Image-2024-10-31-at-20.15.16-768x768.jpeg 768w, https:\/\/www.ufsm.br\/app\/uploads\/sites\/532\/2024\/11\/WhatsApp-Image-2024-10-31-at-20.15.16.jpeg 1080w\" sizes=\"(max-width: 1024px) 100vw, 1024px\" \/>\t\t\t\t\t\t\t\t\t\t\t\t\t<\/div>\n\t\t\t\t<\/div>\n\t\t\t\t\t<\/div>\n\t\t<\/div>\n\t\t\t\t<div class=\"elementor-column elementor-col-33 elementor-top-column elementor-element elementor-element-1c193a2\" data-id=\"1c193a2\" data-element_type=\"column\">\n\t\t\t<div class=\"elementor-widget-wrap elementor-element-populated\">\n\t\t\t\t\t\t<div class=\"elementor-element elementor-element-9fc6975 elementor-widget elementor-widget-image\" data-id=\"9fc6975\" data-element_type=\"widget\" data-widget_type=\"image.default\">\n\t\t\t\t<div class=\"elementor-widget-container\">\n\t\t\t\t\t\t\t\t\t\t\t\t\t<img loading=\"lazy\" decoding=\"async\" width=\"863\" height=\"650\" src=\"https:\/\/www.ufsm.br\/app\/uploads\/sites\/532\/2025\/04\/aulainaugural-1.jpg\" class=\"attachment-large size-large wp-image-2948\" alt=\"\" srcset=\"https:\/\/www.ufsm.br\/app\/uploads\/sites\/532\/2025\/04\/aulainaugural-1.jpg 863w, https:\/\/www.ufsm.br\/app\/uploads\/sites\/532\/2025\/04\/aulainaugural-1-300x226.jpg 300w, https:\/\/www.ufsm.br\/app\/uploads\/sites\/532\/2025\/04\/aulainaugural-1-768x578.jpg 768w\" sizes=\"(max-width: 863px) 100vw, 863px\" \/>\t\t\t\t\t\t\t\t\t\t\t\t\t<\/div>\n\t\t\t\t<\/div>\n\t\t\t\t\t<\/div>\n\t\t<\/div>\n\t\t\t\t<div class=\"elementor-column elementor-col-33 elementor-top-column elementor-element elementor-element-1172d69\" data-id=\"1172d69\" data-element_type=\"column\">\n\t\t\t<div class=\"elementor-widget-wrap elementor-element-populated\">\n\t\t\t\t\t\t<div class=\"elementor-element elementor-element-da671ea elementor-widget elementor-widget-text-editor\" data-id=\"da671ea\" data-element_type=\"widget\" data-widget_type=\"text-editor.default\">\n\t\t\t\t<div class=\"elementor-widget-container\">\n\t\t\t\t\t\t\t<p><span style=\"font-weight: 400\">A aula inaugural de 2024 foi ministrada pela<strong> professora dra. Andrea Lopes (UNIRIO)<\/strong> \u201cA\u00e7\u00f5es afirmativas: cotas raciais\u201d. Na ocasi\u00e3o, a professora tamb\u00e9m se reuniu com os(as) estudantes e debateu com eles(elas) a import\u00e2ncia dessas a\u00e7\u00f5es na inclus\u00e3o e diversifica\u00e7\u00e3o no Programa. Sua colabora\u00e7\u00e3o tamb\u00e9m foi registrada em forma de entrevista para a r\u00e1dio universit\u00e1ria da UFSM, no Programa Identidade Preta. <\/span><\/p>\t\t\t\t\t\t<\/div>\n\t\t\t\t<\/div>\n\t\t\t\t\t<\/div>\n\t\t<\/div>\n\t\t\t\t\t<\/div>\n\t\t<\/section>\n\t\t\t\t<section class=\"elementor-section elementor-top-section elementor-element elementor-element-33e644e elementor-section-boxed elementor-section-height-default elementor-section-height-default\" data-id=\"33e644e\" data-element_type=\"section\">\n\t\t\t\t\t\t<div class=\"elementor-container elementor-column-gap-default\">\n\t\t\t\t\t<div class=\"elementor-column elementor-col-33 elementor-top-column elementor-element elementor-element-d90fb46\" data-id=\"d90fb46\" data-element_type=\"column\">\n\t\t\t<div class=\"elementor-widget-wrap elementor-element-populated\">\n\t\t\t\t\t\t<div class=\"elementor-element elementor-element-e4dcbd1 elementor-widget elementor-widget-image\" data-id=\"e4dcbd1\" data-element_type=\"widget\" data-widget_type=\"image.default\">\n\t\t\t\t<div class=\"elementor-widget-container\">\n\t\t\t\t\t\t\t\t\t\t\t\t\t<img loading=\"lazy\" decoding=\"async\" width=\"512\" height=\"640\" src=\"https:\/\/www.ufsm.br\/app\/uploads\/sites\/532\/2025\/04\/professorLuisThomas.jpg\" class=\"attachment-large size-large wp-image-2947\" alt=\"\" srcset=\"https:\/\/www.ufsm.br\/app\/uploads\/sites\/532\/2025\/04\/professorLuisThomas.jpg 512w, https:\/\/www.ufsm.br\/app\/uploads\/sites\/532\/2025\/04\/professorLuisThomas-240x300.jpg 240w\" sizes=\"(max-width: 512px) 100vw, 512px\" \/>\t\t\t\t\t\t\t\t\t\t\t\t\t<\/div>\n\t\t\t\t<\/div>\n\t\t\t\t\t<\/div>\n\t\t<\/div>\n\t\t\t\t<div class=\"elementor-column elementor-col-33 elementor-top-column elementor-element elementor-element-dc5fc42\" data-id=\"dc5fc42\" data-element_type=\"column\">\n\t\t\t<div class=\"elementor-widget-wrap elementor-element-populated\">\n\t\t\t\t\t\t<div class=\"elementor-element elementor-element-70675cb elementor-widget elementor-widget-image\" data-id=\"70675cb\" data-element_type=\"widget\" data-widget_type=\"image.default\">\n\t\t\t\t<div class=\"elementor-widget-container\">\n\t\t\t\t\t\t\t\t\t\t\t\t\t<img loading=\"lazy\" decoding=\"async\" width=\"770\" height=\"1024\" src=\"https:\/\/www.ufsm.br\/app\/uploads\/sites\/532\/2025\/04\/IMG-20241018-WA0046-770x1024.jpg\" class=\"attachment-large size-large wp-image-2952\" alt=\"\" srcset=\"https:\/\/www.ufsm.br\/app\/uploads\/sites\/532\/2025\/04\/IMG-20241018-WA0046-770x1024.jpg 770w, https:\/\/www.ufsm.br\/app\/uploads\/sites\/532\/2025\/04\/IMG-20241018-WA0046-226x300.jpg 226w, https:\/\/www.ufsm.br\/app\/uploads\/sites\/532\/2025\/04\/IMG-20241018-WA0046-768x1021.jpg 768w, https:\/\/www.ufsm.br\/app\/uploads\/sites\/532\/2025\/04\/IMG-20241018-WA0046.jpg 963w\" sizes=\"(max-width: 770px) 100vw, 770px\" \/>\t\t\t\t\t\t\t\t\t\t\t\t\t<\/div>\n\t\t\t\t<\/div>\n\t\t\t\t\t<\/div>\n\t\t<\/div>\n\t\t\t\t<div class=\"elementor-column elementor-col-33 elementor-top-column elementor-element elementor-element-66b35c2\" data-id=\"66b35c2\" data-element_type=\"column\">\n\t\t\t<div class=\"elementor-widget-wrap elementor-element-populated\">\n\t\t\t\t\t\t<div class=\"elementor-element elementor-element-85f3b94 elementor-widget elementor-widget-text-editor\" data-id=\"85f3b94\" data-element_type=\"widget\" data-widget_type=\"text-editor.default\">\n\t\t\t\t<div class=\"elementor-widget-container\">\n\t\t\t\t\t\t\t<p><span style=\"font-weight: 400\">\u201cSemin\u00e1rio: Di\u00e1logos Epistemol\u00f3gicos entre Brasil e \u00c1frica\u201d, ministrado pelo <strong>professor dr. Luis Tom\u00e1s Domingos (UNILAB)<\/strong>. O semin\u00e1rio foi realizado nos dias 15, 16 e 17 de outubro\/24 e contou com a presen\u00e7a do NEABI\/UFSM, v\u00e1rios coletivos negros de Santa Maria, coletivos de estudantes negros da UFSM, al\u00e9m dos(as) discentes de v\u00e1rios PPGs e de gradua\u00e7\u00e3o da universidade. O professor Luis Tom\u00e1s tamb\u00e9m concedeu entrevista ao programa Identidade Preta, da r\u00e1dio Universit\u00e1ria da UFSM. <\/span><\/p>\t\t\t\t\t\t<\/div>\n\t\t\t\t<\/div>\n\t\t\t\t\t<\/div>\n\t\t<\/div>\n\t\t\t\t\t<\/div>\n\t\t<\/section>\n\t\t\t\t<section class=\"elementor-section elementor-top-section elementor-element elementor-element-902f17a elementor-section-boxed elementor-section-height-default elementor-section-height-default\" data-id=\"902f17a\" data-element_type=\"section\">\n\t\t\t\t\t\t<div class=\"elementor-container elementor-column-gap-default\">\n\t\t\t\t\t<div class=\"elementor-column elementor-col-33 elementor-top-column elementor-element elementor-element-8af521c\" data-id=\"8af521c\" data-element_type=\"column\">\n\t\t\t<div class=\"elementor-widget-wrap elementor-element-populated\">\n\t\t\t\t\t\t<div class=\"elementor-element elementor-element-b006827 elementor-widget elementor-widget-image\" data-id=\"b006827\" data-element_type=\"widget\" data-widget_type=\"image.default\">\n\t\t\t\t<div class=\"elementor-widget-container\">\n\t\t\t\t\t\t\t\t\t\t\t\t\t<img loading=\"lazy\" decoding=\"async\" width=\"1024\" height=\"771\" src=\"https:\/\/www.ufsm.br\/app\/uploads\/sites\/532\/2025\/04\/IMG-20241016-WA0059-1024x771.jpg\" class=\"attachment-large size-large wp-image-2951\" alt=\"\" srcset=\"https:\/\/www.ufsm.br\/app\/uploads\/sites\/532\/2025\/04\/IMG-20241016-WA0059-1024x771.jpg 1024w, https:\/\/www.ufsm.br\/app\/uploads\/sites\/532\/2025\/04\/IMG-20241016-WA0059-300x226.jpg 300w, https:\/\/www.ufsm.br\/app\/uploads\/sites\/532\/2025\/04\/IMG-20241016-WA0059-768x578.jpg 768w, https:\/\/www.ufsm.br\/app\/uploads\/sites\/532\/2025\/04\/IMG-20241016-WA0059-1536x1156.jpg 1536w, https:\/\/www.ufsm.br\/app\/uploads\/sites\/532\/2025\/04\/IMG-20241016-WA0059.jpg 1600w\" sizes=\"(max-width: 1024px) 100vw, 1024px\" \/>\t\t\t\t\t\t\t\t\t\t\t\t\t<\/div>\n\t\t\t\t<\/div>\n\t\t\t\t\t<\/div>\n\t\t<\/div>\n\t\t\t\t<div class=\"elementor-column elementor-col-33 elementor-top-column elementor-element elementor-element-d2a60b8\" data-id=\"d2a60b8\" data-element_type=\"column\">\n\t\t\t<div class=\"elementor-widget-wrap elementor-element-populated\">\n\t\t\t\t\t\t<div class=\"elementor-element elementor-element-650c080 elementor-widget elementor-widget-image\" data-id=\"650c080\" data-element_type=\"widget\" data-widget_type=\"image.default\">\n\t\t\t\t<div class=\"elementor-widget-container\">\n\t\t\t\t\t\t\t\t\t\t\t\t\t<img loading=\"lazy\" decoding=\"async\" width=\"1024\" height=\"1024\" src=\"https:\/\/www.ufsm.br\/app\/uploads\/sites\/532\/2025\/04\/fotocoletivo-1024x1024.jpg\" class=\"attachment-large size-large wp-image-2954\" alt=\"\" srcset=\"https:\/\/www.ufsm.br\/app\/uploads\/sites\/532\/2025\/04\/fotocoletivo-1024x1024.jpg 1024w, https:\/\/www.ufsm.br\/app\/uploads\/sites\/532\/2025\/04\/fotocoletivo-300x300.jpg 300w, https:\/\/www.ufsm.br\/app\/uploads\/sites\/532\/2025\/04\/fotocoletivo-150x150.jpg 150w, https:\/\/www.ufsm.br\/app\/uploads\/sites\/532\/2025\/04\/fotocoletivo-768x768.jpg 768w, https:\/\/www.ufsm.br\/app\/uploads\/sites\/532\/2025\/04\/fotocoletivo-1536x1536.jpg 1536w, https:\/\/www.ufsm.br\/app\/uploads\/sites\/532\/2025\/04\/fotocoletivo.jpg 1999w\" sizes=\"(max-width: 1024px) 100vw, 1024px\" \/>\t\t\t\t\t\t\t\t\t\t\t\t\t<\/div>\n\t\t\t\t<\/div>\n\t\t\t\t\t<\/div>\n\t\t<\/div>\n\t\t\t\t<div class=\"elementor-column elementor-col-33 elementor-top-column elementor-element elementor-element-b538e84\" data-id=\"b538e84\" data-element_type=\"column\">\n\t\t\t<div class=\"elementor-widget-wrap elementor-element-populated\">\n\t\t\t\t\t\t<div class=\"elementor-element elementor-element-838f308 elementor-widget elementor-widget-text-editor\" data-id=\"838f308\" data-element_type=\"widget\" data-widget_type=\"text-editor.default\">\n\t\t\t\t<div class=\"elementor-widget-container\">\n\t\t\t\t\t\t\t<p><span style=\"font-weight: 400\">Tamb\u00e9m fruto da implementa\u00e7\u00e3o da Pol\u00edtica de A\u00e7\u00f5es Afirmativas no PPGCSociais, os(as) estudantes criaram em 2024 o <strong>Coletivo de Estudantes Negros e Negras\/PPGCSociais,<\/strong> com a participa\u00e7\u00e3o tamb\u00e9m de estudantes da gradua\u00e7\u00e3o em Ci\u00eancias Sociais e apoio do PPG. <\/span><\/p>\t\t\t\t\t\t<\/div>\n\t\t\t\t<\/div>\n\t\t\t\t\t<\/div>\n\t\t<\/div>\n\t\t\t\t\t<\/div>\n\t\t<\/section>\n\t\t\t\t<\/div>\n\t\t","protected":false},"excerpt":{"rendered":"<p>As pol\u00edticas afirmativas de inclus\u00e3o, perman\u00eancia e acessibilidade s\u00e3o instrumentos fundamentais para a promo\u00e7\u00e3o da equidade em institui\u00e7\u00f5es p\u00fablicas de ensino e na Universidade Federal de Santa Maria (UFSM) est\u00e1 contemplada pela Resolu\u00e7\u00e3o N. 068, DE 29 DE NOVEMBRO DE 2021. Ao adotar cotas de ingresso nos programas de p\u00f3s-gradua\u00e7\u00e3o, a UFSM busca garantir oportunidades [&hellip;]<\/p>\n","protected":false},"author":8190,"featured_media":0,"parent":0,"menu_order":0,"comment_status":"closed","ping_status":"closed","template":"","meta":{"footnotes":""},"categories":[],"tags":[],"class_list":["post-2468","page","type-page","status-publish","hentry"],"acf":[],"_links":{"self":[{"href":"https:\/\/www.ufsm.br\/cursos\/pos-graduacao\/santa-maria\/ppgcsociais\/wp-json\/wp\/v2\/pages\/2468","targetHints":{"allow":["GET"]}}],"collection":[{"href":"https:\/\/www.ufsm.br\/cursos\/pos-graduacao\/santa-maria\/ppgcsociais\/wp-json\/wp\/v2\/pages"}],"about":[{"href":"https:\/\/www.ufsm.br\/cursos\/pos-graduacao\/santa-maria\/ppgcsociais\/wp-json\/wp\/v2\/types\/page"}],"author":[{"embeddable":true,"href":"https:\/\/www.ufsm.br\/cursos\/pos-graduacao\/santa-maria\/ppgcsociais\/wp-json\/wp\/v2\/users\/8190"}],"replies":[{"embeddable":true,"href":"https:\/\/www.ufsm.br\/cursos\/pos-graduacao\/santa-maria\/ppgcsociais\/wp-json\/wp\/v2\/comments?post=2468"}],"version-history":[{"count":0,"href":"https:\/\/www.ufsm.br\/cursos\/pos-graduacao\/santa-maria\/ppgcsociais\/wp-json\/wp\/v2\/pages\/2468\/revisions"}],"wp:attachment":[{"href":"https:\/\/www.ufsm.br\/cursos\/pos-graduacao\/santa-maria\/ppgcsociais\/wp-json\/wp\/v2\/media?parent=2468"}],"wp:term":[{"taxonomy":"category","embeddable":true,"href":"https:\/\/www.ufsm.br\/cursos\/pos-graduacao\/santa-maria\/ppgcsociais\/wp-json\/wp\/v2\/categories?post=2468"},{"taxonomy":"post_tag","embeddable":true,"href":"https:\/\/www.ufsm.br\/cursos\/pos-graduacao\/santa-maria\/ppgcsociais\/wp-json\/wp\/v2\/tags?post=2468"}],"curies":[{"name":"wp","href":"https:\/\/api.w.org\/{rel}","templated":true}]}}