{"id":29,"date":"2018-01-18T09:10:07","date_gmt":"2018-01-18T11:10:07","guid":{"rendered":"https:\/\/www.ufsm.br\/cursos\/graduacao\/nutricao\/12352\/?page_id=29"},"modified":"2026-03-26T16:48:34","modified_gmt":"2026-03-26T19:48:34","slug":"contato","status":"publish","type":"page","link":"https:\/\/www.ufsm.br\/cursos\/pos-graduacao\/santa-maria\/ppgcsociais\/contato","title":{"rendered":"Contato"},"content":{"rendered":"\t\t<div data-elementor-type=\"wp-page\" data-elementor-id=\"29\" class=\"elementor elementor-29\">\n\t\t\t\t\t\t<section class=\"elementor-section elementor-top-section elementor-element elementor-element-0941f96 elementor-section-boxed elementor-section-height-default elementor-section-height-default\" data-id=\"0941f96\" data-element_type=\"section\">\n\t\t\t\t\t\t<div class=\"elementor-container elementor-column-gap-default\">\n\t\t\t\t\t<div class=\"elementor-column elementor-col-100 elementor-top-column elementor-element elementor-element-bab220a\" data-id=\"bab220a\" data-element_type=\"column\">\n\t\t\t<div class=\"elementor-widget-wrap elementor-element-populated\">\n\t\t\t\t\t\t<div class=\"elementor-element elementor-element-7e1d1f4 elementor-widget elementor-widget-text-editor\" data-id=\"7e1d1f4\" data-element_type=\"widget\" data-widget_type=\"text-editor.default\">\n\t\t\t\t<div class=\"elementor-widget-container\">\n\t\t\t\t\t\t\t<p><strong>Coordena\u00e7\u00e3o do PPGCS<\/strong><\/p><p><strong>Coordenadora: Profa. Dra. Mari Cleise Sandalowski,<\/strong><\/p><p><strong>Coordenador substituto: Prof. Dr. Eduardo Lopes Cabral Maia<\/strong><\/p><p><span style=\"color: #0000ff\"><span style=\"color: #000000\">E-mail:<\/span> <strong>coord.ppgciencias.sociais@ufsm.br<\/strong><\/span><\/p>\t\t\t\t\t\t<\/div>\n\t\t\t\t<\/div>\n\t\t\t\t\t<\/div>\n\t\t<\/div>\n\t\t\t\t\t<\/div>\n\t\t<\/section>\n\t\t\t\t<section class=\"elementor-section elementor-top-section elementor-element elementor-element-0bc534d elementor-section-boxed elementor-section-height-default elementor-section-height-default\" data-id=\"0bc534d\" data-element_type=\"section\">\n\t\t\t\t\t\t<div class=\"elementor-container elementor-column-gap-default\">\n\t\t\t\t\t<div class=\"elementor-column elementor-col-100 elementor-top-column elementor-element elementor-element-cee6043\" data-id=\"cee6043\" data-element_type=\"column\">\n\t\t\t<div class=\"elementor-widget-wrap elementor-element-populated\">\n\t\t\t\t\t\t<div class=\"elementor-element elementor-element-c3f2619 elementor-widget elementor-widget-text-editor\" data-id=\"c3f2619\" data-element_type=\"widget\" data-widget_type=\"text-editor.default\">\n\t\t\t\t<div class=\"elementor-widget-container\">\n\t\t\t\t\t\t\t<p><strong>Secretaria Integrada de P\u00f3s-gradua\u00e7\u00e3o do CCSH (SIPOS-CCSH)<\/strong><\/p><p><strong><br \/><\/strong>E-mail:<strong><span style=\"color: #0000ff\"><span style=\"background: white\"> sipos.ccsh@ufsm.b<\/span>r<\/span><\/strong><br \/>Telefone: <span style=\"color: #000000\">(55) 3220-9329<\/span><\/p><p>Local: Pr\u00e9dio 74A \u2013 Sala 2314<\/p><p>Hor\u00e1rio de Atendimento:<br \/>De segunda a sexta-feira das\u00a008h \u00e0s 12h e das 13h \u00e0s 17h<\/p>\t\t\t\t\t\t<\/div>\n\t\t\t\t<\/div>\n\t\t\t\t\t<\/div>\n\t\t<\/div>\n\t\t\t\t\t<\/div>\n\t\t<\/section>\n\t\t\t\t<section class=\"elementor-section elementor-top-section elementor-element elementor-element-446ac0e elementor-section-boxed elementor-section-height-default elementor-section-height-default\" data-id=\"446ac0e\" data-element_type=\"section\">\n\t\t\t\t\t\t<div class=\"elementor-container elementor-column-gap-default\">\n\t\t\t\t\t<div class=\"elementor-column elementor-col-100 elementor-top-column elementor-element elementor-element-2b07b52\" data-id=\"2b07b52\" data-element_type=\"column\">\n\t\t\t<div class=\"elementor-widget-wrap elementor-element-populated\">\n\t\t\t\t\t\t<div class=\"elementor-element elementor-element-94f295d elementor-widget elementor-widget-text-editor\" data-id=\"94f295d\" data-element_type=\"widget\" data-widget_type=\"text-editor.default\">\n\t\t\t\t<div class=\"elementor-widget-container\">\n\t\t\t\t\t\t\t<p><strong>Redes sociais:<\/strong><\/p><ul><li>Instagram: <a href=\"https:\/\/www.instagram.com\/ppgcsufsm\/\">@ppgcsufsm<\/a><\/li><li>Facebook: <span style=\"font-family: georgia, palatino, serif\"><a href=\"https:\/\/www.facebook.com\/ppgcs\/?locale=pt_BR\">Programa de P\u00f3s-Gradua\u00e7\u00e3o em Ci\u00eancias Sociais &#8211; UFSM<\/a><\/span><\/li><\/ul>\t\t\t\t\t\t<\/div>\n\t\t\t\t<\/div>\n\t\t\t\t\t<\/div>\n\t\t<\/div>\n\t\t\t\t\t<\/div>\n\t\t<\/section>\n\t\t\t\t<section class=\"elementor-section elementor-top-section elementor-element elementor-element-13c9684 elementor-section-boxed elementor-section-height-default elementor-section-height-default\" data-id=\"13c9684\" data-element_type=\"section\">\n\t\t\t\t\t\t<div class=\"elementor-container elementor-column-gap-default\">\n\t\t\t\t\t<div class=\"elementor-column elementor-col-100 elementor-top-column elementor-element elementor-element-7741dfe6\" data-id=\"7741dfe6\" data-element_type=\"column\">\n\t\t\t<div class=\"elementor-widget-wrap elementor-element-populated\">\n\t\t\t\t\t\t<div class=\"elementor-element elementor-element-6fcaa58b elementor-widget elementor-widget-text-editor\" data-id=\"6fcaa58b\" data-element_type=\"widget\" data-widget_type=\"text-editor.default\">\n\t\t\t\t<div class=\"elementor-widget-container\">\n\t\t\t\t\t\t\t<p><strong>Outros Contatos:<br \/><\/strong><em>Internos da UFSM (ramais)<br \/><\/em><a href=\"http:\/\/sucuri.cpd.ufsm.br\/_ramais\/\" target=\"_blank\" rel=\"noopener noreferrer\">Clique aqui para ver mais telefones.\u00a0<\/a><\/p>\t\t\t\t\t\t<\/div>\n\t\t\t\t<\/div>\n\t\t\t\t\t<\/div>\n\t\t<\/div>\n\t\t\t\t\t<\/div>\n\t\t<\/section>\n\t\t\t\t<\/div>\n\t\t","protected":false},"excerpt":{"rendered":"<p>Coordena\u00e7\u00e3o do PPGCS Coordenadora: Profa. Dra. Mari Cleise Sandalowski, Coordenador substituto: Prof. Dr. Eduardo Lopes Cabral Maia E-mail: coord.ppgciencias.sociais@ufsm.br Secretaria Integrada de P\u00f3s-gradua\u00e7\u00e3o do CCSH (SIPOS-CCSH) E-mail: sipos.ccsh@ufsm.brTelefone: (55) 3220-9329 Local: Pr\u00e9dio 74A \u2013 Sala 2314 Hor\u00e1rio de Atendimento:De segunda a sexta-feira das\u00a008h \u00e0s 12h e das 13h \u00e0s 17h Redes sociais: Instagram: @ppgcsufsm Facebook: [&hellip;]<\/p>\n","protected":false},"author":8,"featured_media":0,"parent":0,"menu_order":0,"comment_status":"closed","ping_status":"closed","template":"","meta":{"footnotes":""},"categories":[],"tags":[],"class_list":["post-29","page","type-page","status-publish","hentry"],"acf":[],"_links":{"self":[{"href":"https:\/\/www.ufsm.br\/cursos\/pos-graduacao\/santa-maria\/ppgcsociais\/wp-json\/wp\/v2\/pages\/29","targetHints":{"allow":["GET"]}}],"collection":[{"href":"https:\/\/www.ufsm.br\/cursos\/pos-graduacao\/santa-maria\/ppgcsociais\/wp-json\/wp\/v2\/pages"}],"about":[{"href":"https:\/\/www.ufsm.br\/cursos\/pos-graduacao\/santa-maria\/ppgcsociais\/wp-json\/wp\/v2\/types\/page"}],"author":[{"embeddable":true,"href":"https:\/\/www.ufsm.br\/cursos\/pos-graduacao\/santa-maria\/ppgcsociais\/wp-json\/wp\/v2\/users\/8"}],"replies":[{"embeddable":true,"href":"https:\/\/www.ufsm.br\/cursos\/pos-graduacao\/santa-maria\/ppgcsociais\/wp-json\/wp\/v2\/comments?post=29"}],"version-history":[{"count":0,"href":"https:\/\/www.ufsm.br\/cursos\/pos-graduacao\/santa-maria\/ppgcsociais\/wp-json\/wp\/v2\/pages\/29\/revisions"}],"wp:attachment":[{"href":"https:\/\/www.ufsm.br\/cursos\/pos-graduacao\/santa-maria\/ppgcsociais\/wp-json\/wp\/v2\/media?parent=29"}],"wp:term":[{"taxonomy":"category","embeddable":true,"href":"https:\/\/www.ufsm.br\/cursos\/pos-graduacao\/santa-maria\/ppgcsociais\/wp-json\/wp\/v2\/categories?post=29"},{"taxonomy":"post_tag","embeddable":true,"href":"https:\/\/www.ufsm.br\/cursos\/pos-graduacao\/santa-maria\/ppgcsociais\/wp-json\/wp\/v2\/tags?post=29"}],"curies":[{"name":"wp","href":"https:\/\/api.w.org\/{rel}","templated":true}]}}