{"id":375,"date":"2019-03-25T10:07:54","date_gmt":"2019-03-25T13:07:54","guid":{"rendered":"https:\/\/www.ufsm.br\/cursos\/pos-graduacao\/santa-maria\/ppgcsociais\/?page_id=375"},"modified":"2020-10-01T11:00:27","modified_gmt":"2020-10-01T14:00:27","slug":"grupo-de-estudos-pesquisa-em-antropologia-do-corpo-e-da-saude-gepacs","status":"publish","type":"page","link":"https:\/\/www.ufsm.br\/cursos\/pos-graduacao\/santa-maria\/ppgcsociais\/grupo-de-estudos-pesquisa-em-antropologia-do-corpo-e-da-saude-gepacs","title":{"rendered":"Grupo de Estudos e Pesquisas em Cultura, G\u00eanero e Sa\u00fade (GEPACS)"},"content":{"rendered":"\n<p>O <strong>Grupo de Estudos e Pesquisas em Cultura, G\u00eanero e Sa\u00fade\u00a0(GEPACS)<\/strong>\u00a0\u00e9 um grupo de pesquisa cujo foco central s\u00e3o as quest\u00f5es de corpo, sa\u00fade e doen\u00e7a vistas a partir do olhar Antropol\u00f3gico. Um elemento que merece destaque \u00e9 o aspecto educativo e de forma\u00e7\u00e3o que este n\u00facleo se prop\u00f5e. Hoje voltado especialmente para alunos de gradua\u00e7\u00e3o em Ci\u00eancias Sociais t\u00eam contado tamb\u00e9m, eventualmente, com a participa\u00e7\u00e3o de alunos da medicina, psicologia e enfermagem. Os componentes do GEPACS t\u00eam participado ativamente dos encontros da ABA e da RAM. Em Santa Maria, na UFSM, tem exercido um papel fundamental na articula\u00e7\u00e3o e divulga\u00e7\u00e3o da \u00e1rea de Antropologia M\u00e9dica na regi\u00e3o central do estado do Rio Grande do Sul. O GEPACS tem propiciado in\u00fameros semin\u00e1rios como a &#8220;Jornada Interdisciplinar em Sa\u00fade&#8221; que ocorreu anualmente de 99 a 2002 e tamb\u00e9m cursos de extens\u00e3o como o curso Cultura e Sa\u00fade que teve in\u00fameras edi\u00e7\u00f5es diferentes e sempre contou com a participa\u00e7\u00e3o do departamento da enfermagem da UFSM. A abordagem antropol\u00f3gica da s\u00e1ude aparece como fundamental para dar conta da complexidade dos fen\u00f4menos relativos ao corpo, sa\u00fade e doen\u00e7a, bem como para estabelecer a interface necess\u00e1ria entre as v\u00e1rias disciplinas da \u00e1rea da sa\u00fade. Nesse sentido as repercuss\u00f5es do trabalho desenvolvido pelo GEPACS ultrapassam a esfera acad\u00eamica atrav\u00e9s dos referidos eventos de extens\u00e3o, bem como pela participa\u00e7\u00e3o na forma\u00e7\u00e3o de profissionais da sa\u00fade engajados em servi\u00e7os, respons\u00e1veis pelo planejamento e execu\u00e7\u00e3o de pol\u00edticas p\u00fablicas no n\u00edvel estadual e municipal. Desde a sua cria\u00e7\u00e3o este Grupo de estudos j\u00e1 realizou pelo menos oito (08) semin\u00e1rios ou atividades complementares de gradua\u00e7\u00e3o (sobre cultura, sa\u00fade, doen\u00e7a e sexualidade) subordinados a \u00e1rea de &#8220;Antropologia do Corpo e da Sa\u00fade&#8221;. Desta forma este grupo tem propiciado um intenso di\u00e1logo com a comunidade oferencendo a Sta Maria constantemente acesso as pesquisas mais recentes nesta \u00e1rea.<\/p>\n<p>Professoras pesquisadoras: Mari Cleise Sandalowski e Jurema Gorski Brites.<br \/>O Grupo de Pesquisa desenvolve suas atividades sob coordena\u00e7\u00e3o das Professoras Zulmira Newlands Borges e F\u00e1tima Cristina Vieira Perurena.<br \/><br \/><strong>Contato<\/strong><br \/>Endere\u00e7o: Sala 2234 do pr\u00e9dio 74 (CCSH-Campus)<br \/>Telefone: 3220-9406<\/p>\n<p><a href=\"http:\/\/gepacsufsm.blogspot.com\/\">Site do GEPACS<\/a><\/p>\n","protected":false},"excerpt":{"rendered":"<p>O Grupo de Estudos e Pesquisas em Cultura, G\u00eanero e Sa\u00fade\u00a0(GEPACS)\u00a0\u00e9 um grupo de pesquisa cujo foco central s\u00e3o as quest\u00f5es de corpo, sa\u00fade e doen\u00e7a vistas a partir do olhar Antropol\u00f3gico. Um elemento que merece destaque \u00e9 o aspecto educativo e de forma\u00e7\u00e3o que este n\u00facleo se prop\u00f5e. Hoje voltado especialmente para alunos de [&hellip;]<\/p>\n","protected":false},"author":118,"featured_media":0,"parent":0,"menu_order":0,"comment_status":"closed","ping_status":"closed","template":"","meta":{"footnotes":""},"categories":[],"tags":[],"class_list":["post-375","page","type-page","status-publish","hentry"],"acf":[],"_links":{"self":[{"href":"https:\/\/www.ufsm.br\/cursos\/pos-graduacao\/santa-maria\/ppgcsociais\/wp-json\/wp\/v2\/pages\/375","targetHints":{"allow":["GET"]}}],"collection":[{"href":"https:\/\/www.ufsm.br\/cursos\/pos-graduacao\/santa-maria\/ppgcsociais\/wp-json\/wp\/v2\/pages"}],"about":[{"href":"https:\/\/www.ufsm.br\/cursos\/pos-graduacao\/santa-maria\/ppgcsociais\/wp-json\/wp\/v2\/types\/page"}],"author":[{"embeddable":true,"href":"https:\/\/www.ufsm.br\/cursos\/pos-graduacao\/santa-maria\/ppgcsociais\/wp-json\/wp\/v2\/users\/118"}],"replies":[{"embeddable":true,"href":"https:\/\/www.ufsm.br\/cursos\/pos-graduacao\/santa-maria\/ppgcsociais\/wp-json\/wp\/v2\/comments?post=375"}],"version-history":[{"count":0,"href":"https:\/\/www.ufsm.br\/cursos\/pos-graduacao\/santa-maria\/ppgcsociais\/wp-json\/wp\/v2\/pages\/375\/revisions"}],"wp:attachment":[{"href":"https:\/\/www.ufsm.br\/cursos\/pos-graduacao\/santa-maria\/ppgcsociais\/wp-json\/wp\/v2\/media?parent=375"}],"wp:term":[{"taxonomy":"category","embeddable":true,"href":"https:\/\/www.ufsm.br\/cursos\/pos-graduacao\/santa-maria\/ppgcsociais\/wp-json\/wp\/v2\/categories?post=375"},{"taxonomy":"post_tag","embeddable":true,"href":"https:\/\/www.ufsm.br\/cursos\/pos-graduacao\/santa-maria\/ppgcsociais\/wp-json\/wp\/v2\/tags?post=375"}],"curies":[{"name":"wp","href":"https:\/\/api.w.org\/{rel}","templated":true}]}}