{"id":376,"date":"2019-03-25T11:53:43","date_gmt":"2019-03-25T14:53:43","guid":{"rendered":"https:\/\/www.ufsm.br\/cursos\/pos-graduacao\/santa-maria\/ppgcsociais\/?page_id=376"},"modified":"2019-03-25T11:53:46","modified_gmt":"2019-03-25T14:53:46","slug":"nucleo-de-estudos-contemporaneos-necon","status":"publish","type":"page","link":"https:\/\/www.ufsm.br\/cursos\/pos-graduacao\/santa-maria\/ppgcsociais\/nucleo-de-estudos-contemporaneos-necon","title":{"rendered":"N\u00facleo de Estudos Contempor\u00e2neos (Necon)"},"content":{"rendered":"\n<div class=\"item-page\">\n<p>A sociedade contempor\u00e2nea tem exigido dos cientistas sociais um n\u00famero crescente de pesquisas que auxiliem na compreens\u00e3o das din\u00e2micas sociais. Seja do ponto de vista do refinamento te\u00f3rico e de estudos emp\u00edricas, faz-se necess\u00e1rio uma constante troca de conhecimentos entre pesquisadores, estudantes e ag\u00eancias de pesquisa. O NECON- N\u00facleo de Estudos Contempor\u00e2neos (vinculado ao Grupo de Estudos Contempor\u00e2neos- CNPQ) tem agregado temas de pesquisa que procurem uma interface interdisciplinar no estudo de quest\u00f5es, tais como: as identidades \u00e9tnicas, as identidades sociais de um modo geral, as quest\u00f5es migrat\u00f3rias, o processo colonizador local, as quest\u00f5es de g\u00eanero e campesinato, a religiosidade local, entre outras. Al\u00e9m disso, tem se promovido um debate te\u00f3rico com estudantes de gradua\u00e7\u00e3o a fim de que os mesmos possam melhor dominar determinados recursos te\u00f3rico-metodol\u00f3gicos.<br \/><br \/>O NECON tem por finalidade promover o debate de quest\u00f5es atuais sem perder de vista a historicidade dos fen\u00f4menos. Uma das linhas de pesquisa trata especificamente desta quest\u00e3o. Este aspecto \u00e9 muito importante quando se pensa nas quest\u00f5es regionais e, mais especificamente, nas quest\u00f5es locais (Santa Maria e vizinhan\u00e7as).<br \/><br \/>OBJETIVOS:<br \/>Objetivo Geral:<br \/>&#8211; promover a troca de conhecimentos interdisciplinares no estudo das tem\u00e1ticas contempor\u00e2neas<br \/><br \/>Objetivos espec\u00edficos:<br \/>&#8211; intensificar a troca de conhecimentos te\u00f3ricos entre os estudantes de gradua\u00e7\u00e3o envolvidos nos projetos do NECON.<br \/>&#8211; Promover a experi\u00eancia de pesquisa entre os alunos envolvidos nos projetos de pesquisa do NECON;<br \/>&#8211; Estimular o estudo de quest\u00f5es regionais e locais;<br \/>&#8211; Desenvolver o estudo das etnicidades em n\u00edvel local<br \/>&#8211; Permitir a forma\u00e7\u00e3o de pesquisadores<br \/><br \/>O Grupo de Pesquisa desenvolve suas atividades sob coordena\u00e7\u00e3o da Prof\u00aa.: Maria Catarina Chitolina Zanini<\/p>\n<p><br \/><strong>Contato<\/strong><br \/>Endere\u00e7o: Sala 2236 do pr\u00e9dio 74 (CCSH-Campus)<br \/>Email:\u00a0<span id=\"cloak54083\"><a href=\"mailto:necon_ufsm@hotmail.com\">\u00a0<\/a><\/span><span id=\"cloak47635\"><a href=\"mailto:necon_ufsm@hotmail.com\">necon_ufsm@hotmail.com<\/a><\/span><\/p>\n<p><strong><span lang=\"EN-US\">WebSite<\/span><\/strong><\/p>\n<p><a href=\"http:\/\/www.necon-ufsm.blogspot.com\/\">http:\/\/www.necon-ufsm.blogspot.com\/<\/a><span lang=\"EN-US\">\u00a0<\/span><\/p>\n<\/div>\n","protected":false},"excerpt":{"rendered":"<p>A sociedade contempor\u00e2nea tem exigido dos cientistas sociais um n\u00famero crescente de pesquisas que auxiliem na compreens\u00e3o das din\u00e2micas sociais. Seja do ponto de vista do refinamento te\u00f3rico e de estudos emp\u00edricas, faz-se necess\u00e1rio uma constante troca de conhecimentos entre pesquisadores, estudantes e ag\u00eancias de pesquisa. O NECON- N\u00facleo de Estudos Contempor\u00e2neos (vinculado ao Grupo [&hellip;]<\/p>\n","protected":false},"author":118,"featured_media":0,"parent":0,"menu_order":0,"comment_status":"closed","ping_status":"closed","template":"","meta":{"footnotes":""},"categories":[],"tags":[],"class_list":["post-376","page","type-page","status-publish","hentry"],"acf":[],"_links":{"self":[{"href":"https:\/\/www.ufsm.br\/cursos\/pos-graduacao\/santa-maria\/ppgcsociais\/wp-json\/wp\/v2\/pages\/376","targetHints":{"allow":["GET"]}}],"collection":[{"href":"https:\/\/www.ufsm.br\/cursos\/pos-graduacao\/santa-maria\/ppgcsociais\/wp-json\/wp\/v2\/pages"}],"about":[{"href":"https:\/\/www.ufsm.br\/cursos\/pos-graduacao\/santa-maria\/ppgcsociais\/wp-json\/wp\/v2\/types\/page"}],"author":[{"embeddable":true,"href":"https:\/\/www.ufsm.br\/cursos\/pos-graduacao\/santa-maria\/ppgcsociais\/wp-json\/wp\/v2\/users\/118"}],"replies":[{"embeddable":true,"href":"https:\/\/www.ufsm.br\/cursos\/pos-graduacao\/santa-maria\/ppgcsociais\/wp-json\/wp\/v2\/comments?post=376"}],"version-history":[{"count":0,"href":"https:\/\/www.ufsm.br\/cursos\/pos-graduacao\/santa-maria\/ppgcsociais\/wp-json\/wp\/v2\/pages\/376\/revisions"}],"wp:attachment":[{"href":"https:\/\/www.ufsm.br\/cursos\/pos-graduacao\/santa-maria\/ppgcsociais\/wp-json\/wp\/v2\/media?parent=376"}],"wp:term":[{"taxonomy":"category","embeddable":true,"href":"https:\/\/www.ufsm.br\/cursos\/pos-graduacao\/santa-maria\/ppgcsociais\/wp-json\/wp\/v2\/categories?post=376"},{"taxonomy":"post_tag","embeddable":true,"href":"https:\/\/www.ufsm.br\/cursos\/pos-graduacao\/santa-maria\/ppgcsociais\/wp-json\/wp\/v2\/tags?post=376"}],"curies":[{"name":"wp","href":"https:\/\/api.w.org\/{rel}","templated":true}]}}