{"id":378,"date":"2019-03-25T11:58:00","date_gmt":"2019-03-25T14:58:00","guid":{"rendered":"https:\/\/www.ufsm.br\/cursos\/pos-graduacao\/santa-maria\/ppgcsociais\/?page_id=378"},"modified":"2019-03-25T11:58:02","modified_gmt":"2019-03-25T14:58:02","slug":"nucleo-de-estudos-sobre-democracia-e-desigualdades-nedd","status":"publish","type":"page","link":"https:\/\/www.ufsm.br\/cursos\/pos-graduacao\/santa-maria\/ppgcsociais\/nucleo-de-estudos-sobre-democracia-e-desigualdades-nedd","title":{"rendered":"N\u00facleo de Estudos sobre Democracia e Desigualdades (NEDD)"},"content":{"rendered":"\n<p>O <strong>N\u00facleo de Estudos sobre Democracia e Desigualdades (NEDD)<\/strong> \u00e9 uma iniciativa dos professores da \u00e1rea de Ci\u00eancia Pol\u00edtica do Departamento de Ci\u00eancias Sociais da UFSM. A proposta do NEDD \u00e9 discutir e pesquisar as tem\u00e1ticas democracia e desigualdades em suas v\u00e1rias dimens\u00f5es.<\/p>\n<p><br \/>Mensalmente, o NEDD ir\u00e1 disponibilizar dados sobre democracia e desigualdades com o objetivo de acompanhar e discutir os indicadores, \u00edndices, taxas que mensuram essas tem\u00e1ticas. Neste m\u00eas, o gr\u00e1fico relativo \u00e0 democracia apresenta uma s\u00e9rie temporal (cinco anos) da porcentagem de brasileiros satisfeitos com o regime democr\u00e1tico. No gr\u00e1fico relativo a desigualdades os dados referem-se \u00e0 porcentagem de brasileiros em situa\u00e7\u00e3o de pobreza (urbana). Nosso interesse \u00e9 estimular o debate e iniciativas para a compreens\u00e3o da rela\u00e7\u00e3o entre democracia e desigualdades. O regime democr\u00e1tico contribui para diminuir as desigualdades? E de que forma contribui?\u00a0<\/p>\n<p>\u00a0<\/p>\n<p>Equipe<\/p>\n<p><strong>Coordenadores<\/strong><\/p>\n<p>Rosana Soares Campos \u2013 Dra em Ci\u00eancia Pol\u00edtica<\/p>\n<p>Dejalma Cremonese \u2013 Dr em Ci\u00eancia Pol\u00edtica<\/p>\n<p>\u00a0<\/p>\n<p><strong>Pesquisadores Membros<\/strong><\/p>\n<p>Gustavo Andr\u00e9 Aveline Muller \u2013 Dr em Ci\u00eancia Pol\u00edtica<\/p>\n<p>\u00a0Jos\u00e9 Carlos Martines Belieiro Jr. \u2013 Dr em Sociologia<\/p>\n<p>Reginaldo Teixeira Perez \u2013 Dr em Ci\u00eancia Pol\u00edtica<\/p>\n<p>\u00a0<\/p>\n<p>Campus UFSM &#8211; Pr\u00e9dio 74 Sala 2246.<\/p>\n","protected":false},"excerpt":{"rendered":"<p>O N\u00facleo de Estudos sobre Democracia e Desigualdades (NEDD) \u00e9 uma iniciativa dos professores da \u00e1rea de Ci\u00eancia Pol\u00edtica do Departamento de Ci\u00eancias Sociais da UFSM. A proposta do NEDD \u00e9 discutir e pesquisar as tem\u00e1ticas democracia e desigualdades em suas v\u00e1rias dimens\u00f5es. Mensalmente, o NEDD ir\u00e1 disponibilizar dados sobre democracia e desigualdades com o [&hellip;]<\/p>\n","protected":false},"author":118,"featured_media":0,"parent":0,"menu_order":0,"comment_status":"closed","ping_status":"closed","template":"","meta":{"footnotes":""},"categories":[],"tags":[],"class_list":["post-378","page","type-page","status-publish","hentry"],"acf":[],"_links":{"self":[{"href":"https:\/\/www.ufsm.br\/cursos\/pos-graduacao\/santa-maria\/ppgcsociais\/wp-json\/wp\/v2\/pages\/378","targetHints":{"allow":["GET"]}}],"collection":[{"href":"https:\/\/www.ufsm.br\/cursos\/pos-graduacao\/santa-maria\/ppgcsociais\/wp-json\/wp\/v2\/pages"}],"about":[{"href":"https:\/\/www.ufsm.br\/cursos\/pos-graduacao\/santa-maria\/ppgcsociais\/wp-json\/wp\/v2\/types\/page"}],"author":[{"embeddable":true,"href":"https:\/\/www.ufsm.br\/cursos\/pos-graduacao\/santa-maria\/ppgcsociais\/wp-json\/wp\/v2\/users\/118"}],"replies":[{"embeddable":true,"href":"https:\/\/www.ufsm.br\/cursos\/pos-graduacao\/santa-maria\/ppgcsociais\/wp-json\/wp\/v2\/comments?post=378"}],"version-history":[{"count":0,"href":"https:\/\/www.ufsm.br\/cursos\/pos-graduacao\/santa-maria\/ppgcsociais\/wp-json\/wp\/v2\/pages\/378\/revisions"}],"wp:attachment":[{"href":"https:\/\/www.ufsm.br\/cursos\/pos-graduacao\/santa-maria\/ppgcsociais\/wp-json\/wp\/v2\/media?parent=378"}],"wp:term":[{"taxonomy":"category","embeddable":true,"href":"https:\/\/www.ufsm.br\/cursos\/pos-graduacao\/santa-maria\/ppgcsociais\/wp-json\/wp\/v2\/categories?post=378"},{"taxonomy":"post_tag","embeddable":true,"href":"https:\/\/www.ufsm.br\/cursos\/pos-graduacao\/santa-maria\/ppgcsociais\/wp-json\/wp\/v2\/tags?post=378"}],"curies":[{"name":"wp","href":"https:\/\/api.w.org\/{rel}","templated":true}]}}