{"id":379,"date":"2019-03-25T12:00:07","date_gmt":"2019-03-25T15:00:07","guid":{"rendered":"https:\/\/www.ufsm.br\/cursos\/pos-graduacao\/santa-maria\/ppgcsociais\/?page_id=379"},"modified":"2019-03-25T12:00:10","modified_gmt":"2019-03-25T15:00:10","slug":"nucleo-de-estudos-sobre-emocoes-e-realidades-digitais-neerd","status":"publish","type":"page","link":"https:\/\/www.ufsm.br\/cursos\/pos-graduacao\/santa-maria\/ppgcsociais\/nucleo-de-estudos-sobre-emocoes-e-realidades-digitais-neerd","title":{"rendered":"N\u00facleo de estudos sobre emo\u00e7\u00f5es e realidades digitais (NEERD)"},"content":{"rendered":"\n<p>O <strong>N\u00facleo de estudos sobre emo\u00e7\u00f5es e realidades digitais (NEERD)<\/strong> \u00e9 coordenado pelos professores Francis Morais de Almeida e D\u00e9bora Krischke Leit\u00e3o, sendo um espa\u00e7o de discuss\u00e3o e pesquisas nas \u00e1reas de Sociologia e Antropologia das emo\u00e7\u00f5es e Antropologia digital. Atualmente tais pesquisas encontram-se estruturadas nos projetos guarda-chuva Teorial Social e Emo\u00e7\u00f5es e Realidades digitais: estudos sobre tecnologia e cibercultura. O n\u00facleo tamb\u00e9m organiza eventos de extens\u00e3o como Pesadelos Artificiais: Desvio e Abje\u00e7\u00e3o no Cinema e nas Realidades Digitais (anual, desde 2012) e Ci\u00eancias Sociais do e no Ciberespa\u00e7o (iniciado em 2014).<\/p>\n","protected":false},"excerpt":{"rendered":"<p>O N\u00facleo de estudos sobre emo\u00e7\u00f5es e realidades digitais (NEERD) \u00e9 coordenado pelos professores Francis Morais de Almeida e D\u00e9bora Krischke Leit\u00e3o, sendo um espa\u00e7o de discuss\u00e3o e pesquisas nas \u00e1reas de Sociologia e Antropologia das emo\u00e7\u00f5es e Antropologia digital. Atualmente tais pesquisas encontram-se estruturadas nos projetos guarda-chuva Teorial Social e Emo\u00e7\u00f5es e Realidades digitais: [&hellip;]<\/p>\n","protected":false},"author":118,"featured_media":0,"parent":0,"menu_order":0,"comment_status":"closed","ping_status":"closed","template":"","meta":{"footnotes":""},"categories":[],"tags":[],"class_list":["post-379","page","type-page","status-publish","hentry"],"acf":[],"_links":{"self":[{"href":"https:\/\/www.ufsm.br\/cursos\/pos-graduacao\/santa-maria\/ppgcsociais\/wp-json\/wp\/v2\/pages\/379","targetHints":{"allow":["GET"]}}],"collection":[{"href":"https:\/\/www.ufsm.br\/cursos\/pos-graduacao\/santa-maria\/ppgcsociais\/wp-json\/wp\/v2\/pages"}],"about":[{"href":"https:\/\/www.ufsm.br\/cursos\/pos-graduacao\/santa-maria\/ppgcsociais\/wp-json\/wp\/v2\/types\/page"}],"author":[{"embeddable":true,"href":"https:\/\/www.ufsm.br\/cursos\/pos-graduacao\/santa-maria\/ppgcsociais\/wp-json\/wp\/v2\/users\/118"}],"replies":[{"embeddable":true,"href":"https:\/\/www.ufsm.br\/cursos\/pos-graduacao\/santa-maria\/ppgcsociais\/wp-json\/wp\/v2\/comments?post=379"}],"version-history":[{"count":0,"href":"https:\/\/www.ufsm.br\/cursos\/pos-graduacao\/santa-maria\/ppgcsociais\/wp-json\/wp\/v2\/pages\/379\/revisions"}],"wp:attachment":[{"href":"https:\/\/www.ufsm.br\/cursos\/pos-graduacao\/santa-maria\/ppgcsociais\/wp-json\/wp\/v2\/media?parent=379"}],"wp:term":[{"taxonomy":"category","embeddable":true,"href":"https:\/\/www.ufsm.br\/cursos\/pos-graduacao\/santa-maria\/ppgcsociais\/wp-json\/wp\/v2\/categories?post=379"},{"taxonomy":"post_tag","embeddable":true,"href":"https:\/\/www.ufsm.br\/cursos\/pos-graduacao\/santa-maria\/ppgcsociais\/wp-json\/wp\/v2\/tags?post=379"}],"curies":[{"name":"wp","href":"https:\/\/api.w.org\/{rel}","templated":true}]}}