{"id":1058,"date":"2021-09-09T09:10:14","date_gmt":"2021-09-09T12:10:14","guid":{"rendered":"https:\/\/www.ufsm.br\/cursos\/pos-graduacao\/santa-maria\/ppgcta\/?page_id=1058"},"modified":"2025-05-09T15:10:06","modified_gmt":"2025-05-09T18:10:06","slug":"1058-2","status":"publish","type":"page","link":"https:\/\/www.ufsm.br\/cursos\/pos-graduacao\/santa-maria\/ppgcta\/1058-2","title":{"rendered":""},"content":{"rendered":"\n<ul>\n<li>Acordo de Coopera\u00e7\u00e3o T\u00e9cnica Internacional entre a Universidade Federal de Santa Maria (PPGCTA) e a Funda\u00e7\u00e3o Centro Tecnol\u00f3gico da Carne (Ourense, Espanha) (Processo n\u00ba 23081.030806\/2019-93). Atividades executadas: mobilidade acad\u00eamica e execu\u00e7\u00e3o de projetos de ensino, pesquisa e extens\u00e3o na \u00e1rea de Ci\u00eancia e Tecnologia de Alimentos. Produtos obtidos: Diversos artigos cient\u00edficos e cap\u00edtulos de livros foram publicados em colabora\u00e7\u00e3o e duas alunas (uma de mestrado e uma de doutorado) do PPGCTA realizaram est\u00e1gios na Funda\u00e7\u00e3o Centro Tecnol\u00f3gico da Carne.<\/li>\n<li>Acordo de Coopera\u00e7\u00e3o T\u00e9cnica Internacional entre a Universidade Federal de Santa Maria (PPGCTA) e a Universidade de Granada (Granada, Espanha). Processo n\u00ba 23081.042067\/2016-30. Atividades executadas: mobilidade acad\u00eamica e execu\u00e7\u00e3o de projetos de ensino, pesquisa e extens\u00e3o na \u00e1rea de Ci\u00eancia e Tecnologia de Alimentos. Produtos obtidos: Diversos artigos cient\u00edficos e cap\u00edtulos de livros foram publicados em colabora\u00e7\u00e3o e uma aluna de doutorado do PPGCTA fez uma mobilidade acad\u00eamica na institui\u00e7\u00e3o parceira.<\/li>\n<li>Acordo de Coopera\u00e7\u00e3o T\u00e9cnica Internacional entre a Universidade Federal de Santa Maria (PPGCTA) e a Universidad Pablo de Olavide, Sevilha-Espanha. Processo n\u00b0 23081.073230\/2024-16. Atividades executadas: mobilidade acad\u00eamica e execu\u00e7\u00e3o de projetos de ensino, pesquisa e extens\u00e3o na \u00e1rea de Ci\u00eancia e Tecnologia de Alimentos. Produtos obtidos: A aluna Patricia Acosta Caetano do PPGCTA est\u00e1 fazendo Cotutela na Universidad Pablo de Olavide.<\/li>\n<li>Acordo de Coopera\u00e7\u00e3o T\u00e9cnica Internacional entre a Universidade Federal de Santa Maria (PPGCTA) e o Instituto de Biologia Experimental e Tecnol\u00f3gica, Portugal. Processo n\u00b0 140133\/2022-84. Atividades executadas: mobilidade acad\u00eamica e execu\u00e7\u00e3o de projetos de ensino, pesquisa e extens\u00e3o na \u00e1rea de Ci\u00eancia e Tecnologia de Alimentos. Produtos obtidos: A Dra. Ana Teresa Serra realizou uma miss\u00e3o de trabalho no PPGCTA em 2022 ministrando palestras e realizando atividades cient\u00edficas.<\/li>\n<li>Acordo de Coopera\u00e7\u00e3o T\u00e9cnica Internacional entre a Universidade Federal de Santa Maria (PPGCTA) e a Universidad de La Rep\u00fablica, Uruguai. Processo n\u00b0 007034\/2013-09. Atividades executadas: mobilidade acad\u00eamica e execu\u00e7\u00e3o de projetos de ensino, pesquisa e extens\u00e3o na \u00e1rea de Ci\u00eancia e Tecnologia de Alimentos. Produtos obtidos: A Dra. Silvana Carro da Universidad de La Rep\u00fablica realizou miss\u00e3o de trabalho no PPGCTA em 2023.<\/li>\n<li>Acordo de Coopera\u00e7\u00e3o T\u00e9cnica Internacional entre a Universidade Federal de Santa Maria (PPGCTA) e a Universit\u00e1 Degli Studi di Torino, It\u00e1lia (UniTO). Processo n\u00b0 004719\/2020-14. Atividades executadas: mobilidade acad\u00eamica e execu\u00e7\u00e3o de projetos de ensino, pesquisa e extens\u00e3o na \u00e1rea de Ci\u00eancia e Tecnologia de Alimentos. Produtos obtidos: A doutoranda do PPGCTA Sandra Kunde Schlesner realizou doutorado sandu\u00edche na UniTO em 2023 e o pesquisador Giancarlo Cravotto da UniTO ministrou o curso \u201cInnovative Green Technologies for Chemical Process Intensification\u201d na UFSM em 2023.<\/li>\n<li>Acordo de Coopera\u00e7\u00e3o T\u00e9cnica Internacional entre a Universidade Federal de Santa Maria (PPGCTA) e a Ag\u00eancia Estatal Consejo Superior de Investigaciones Cient\u00edficas (CSIC), Espanha. Processo n\u00b0 23081.137022\/2022-91. Atividades executadas: mobilidade acad\u00eamica e execu\u00e7\u00e3o de projetos de ensino, pesquisa e extens\u00e3o na \u00e1rea de Ci\u00eancia e Tecnologia de Alimentos. Produtos obtidos: Diversos artigos cient\u00edficos e cap\u00edtulos de livros publicados em colabora\u00e7\u00e3o; Os docentes do PPGCTA Eduardo Jacob-Lopes e Leila Zepka realizaram duas miss\u00f5es de trabalho em 2021 e 2024 no Instituto de la Grasa\/CSIC e os pesquisadores do Instituto de la Grasa\/CSIC Maria Roca e Antonio P\u00e9rez-G\u00e1lvez estiveram no PPGCTA em 2022.<\/li>\n<li>Acordo de Coopera\u00e7\u00e3o T\u00e9cnica Internacional entre a Universidade Federal de Santa Maria (PPGCTA) e a Universidade de Minessota, Estados Unidos. Processo n\u00b0 23081.005680\/2013-23. Atividades executadas: mobilidade acad\u00eamica e execu\u00e7\u00e3o de projetos de ensino, pesquisa e extens\u00e3o na \u00e1rea de Ci\u00eancia e Tecnologia de Alimentos. Produtos obtidos: O Prof. Cristiano Ballus ir\u00e1 realizar p\u00f3s-doutorado na Universidade de Minessota em um projeto aprovado no Cnpq em 2024. A Profa. Milene Barcia tamb\u00e9m est\u00e1 realizando um projeto de pesquisa com financiamento do Cnpq em parceria com a Dra. Fernanda Furlan Gon\u00e7alves\u00a0Dias da Universidade de Minessota.<\/li>\n<li>Acordo de Coopera\u00e7\u00e3o T\u00e9cnica Internacional entre a Universidade Federal de Santa Maria (PPGCTA) e a Universidade Nacional de C\u00f3rdoba, Argentina. Processo n\u00b0 23081.062214\/2019-31. Atividades executadas: mobilidade acad\u00eamica e execu\u00e7\u00e3o de projetos de ensino, pesquisa e extens\u00e3o na \u00e1rea de Ci\u00eancia e Tecnologia de Alimentos. Produtos obtidos: O Prof. Paulo Campagnol do PPGCTA possui publica\u00e7\u00f5es cient\u00edficas com o Dr. Gonzalo Aleu da Universidade Nacional de C\u00f3rdoba.<\/li>\n<li>Acordo de Coopera\u00e7\u00e3o T\u00e9cnica Internacional entre a Universidade Federal de Santa Maria (PPGCTA) e a Universidade de Vigo, Espanha. Processo n\u00b0 23081.135807\/2022-29. Atividades executadas: mobilidade acad\u00eamica e execu\u00e7\u00e3o de projetos de ensino, pesquisa e extens\u00e3o na \u00e1rea de Ci\u00eancia e Tecnologia de Alimentos. Produtos obtidos: O Prof. Paulo Campagnol do PPGCTA possui diversas publica\u00e7\u00f5es cient\u00edficas com o Dr. Jos\u00e9 Manuel Lorenzo da Universidade de Vigo.<\/li>\n<li>Acordo de Coopera\u00e7\u00e3o T\u00e9cnica Internacional entre a Universidade Federal de Santa Maria (PPGCTA) e o Istituto di Scienze delle Produzioni Alimentari (ISPA), It\u00e1lia. Processo n\u00b0 23081.051356\/2024-30. Atividades executadas: mobilidade acad\u00eamica e execu\u00e7\u00e3o de projetos de ensino, pesquisa e extens\u00e3o na \u00e1rea de Ci\u00eancia e Tecnologia de Alimentos. Produtos obtidos: A Professora Marina Copetti do PPGCTA realizou p\u00f3s-doutorado no ISPA em 2024 e o Dr Giancarlo Perrone esteve ministrando minicurso na UFSM em 2024.<\/li>\n<li>Acordo de Coopera\u00e7\u00e3o T\u00e9cnica Internacional entre a Universidade Federal de Santa Maria (PPGCTA) e o Instituto Polit\u00e9cnico de Bragan\u00e7a, Portugal. Processo n\u00b0 23081.063261\/2023-88. Atividades executadas: mobilidade acad\u00eamica e execu\u00e7\u00e3o de projetos de ensino, pesquisa e extens\u00e3o na \u00e1rea de Ci\u00eancia e Tecnologia de Alimentos. Produtos obtidos: O Prof. Paulo Campagnol do PPGCTA possui diversas publica\u00e7\u00f5es cient\u00edficas com o Dr. Alfredo Teixeira do Instituto Polit\u00e9cnico de Bragan\u00e7a.<\/li>\n<\/ul>\n","protected":false},"excerpt":{"rendered":"<p>Acordo de Coopera\u00e7\u00e3o T\u00e9cnica Internacional entre a Universidade Federal de Santa Maria (PPGCTA) e a Funda\u00e7\u00e3o Centro Tecnol\u00f3gico da Carne (Ourense, Espanha) (Processo n\u00ba 23081.030806\/2019-93). Atividades executadas: mobilidade acad\u00eamica e execu\u00e7\u00e3o de projetos de ensino, pesquisa e extens\u00e3o na \u00e1rea de Ci\u00eancia e Tecnologia de Alimentos. Produtos obtidos: Diversos artigos cient\u00edficos e cap\u00edtulos de livros [&hellip;]<\/p>\n","protected":false},"author":1661,"featured_media":0,"parent":0,"menu_order":0,"comment_status":"closed","ping_status":"closed","template":"","meta":{"footnotes":""},"categories":[],"tags":[],"class_list":["post-1058","page","type-page","status-publish","hentry"],"acf":[],"_links":{"self":[{"href":"https:\/\/www.ufsm.br\/cursos\/pos-graduacao\/santa-maria\/ppgcta\/wp-json\/wp\/v2\/pages\/1058","targetHints":{"allow":["GET"]}}],"collection":[{"href":"https:\/\/www.ufsm.br\/cursos\/pos-graduacao\/santa-maria\/ppgcta\/wp-json\/wp\/v2\/pages"}],"about":[{"href":"https:\/\/www.ufsm.br\/cursos\/pos-graduacao\/santa-maria\/ppgcta\/wp-json\/wp\/v2\/types\/page"}],"author":[{"embeddable":true,"href":"https:\/\/www.ufsm.br\/cursos\/pos-graduacao\/santa-maria\/ppgcta\/wp-json\/wp\/v2\/users\/1661"}],"replies":[{"embeddable":true,"href":"https:\/\/www.ufsm.br\/cursos\/pos-graduacao\/santa-maria\/ppgcta\/wp-json\/wp\/v2\/comments?post=1058"}],"version-history":[{"count":0,"href":"https:\/\/www.ufsm.br\/cursos\/pos-graduacao\/santa-maria\/ppgcta\/wp-json\/wp\/v2\/pages\/1058\/revisions"}],"wp:attachment":[{"href":"https:\/\/www.ufsm.br\/cursos\/pos-graduacao\/santa-maria\/ppgcta\/wp-json\/wp\/v2\/media?parent=1058"}],"wp:term":[{"taxonomy":"category","embeddable":true,"href":"https:\/\/www.ufsm.br\/cursos\/pos-graduacao\/santa-maria\/ppgcta\/wp-json\/wp\/v2\/categories?post=1058"},{"taxonomy":"post_tag","embeddable":true,"href":"https:\/\/www.ufsm.br\/cursos\/pos-graduacao\/santa-maria\/ppgcta\/wp-json\/wp\/v2\/tags?post=1058"}],"curies":[{"name":"wp","href":"https:\/\/api.w.org\/{rel}","templated":true}]}}