{"id":1060,"date":"2021-09-09T09:40:49","date_gmt":"2021-09-09T12:40:49","guid":{"rendered":"https:\/\/www.ufsm.br\/cursos\/pos-graduacao\/santa-maria\/ppgcta\/?page_id=1060"},"modified":"2025-05-09T15:13:54","modified_gmt":"2025-05-09T18:13:54","slug":"1060-2","status":"publish","type":"page","link":"https:\/\/www.ufsm.br\/cursos\/pos-graduacao\/santa-maria\/ppgcta\/1060-2","title":{"rendered":""},"content":{"rendered":"\n<p>Mobilidades internacionais realizadas por discentes do PPGCTA no quadri\u00eanio 2021-2024<\/p>\n<ol>\n<li><strong><u> Andrieli Stefanello<br \/><\/u><\/strong>University of Hertfordshire, Inglaterra<br \/>Per\u00edodo: 10\/05\/2024 a 26\/10\/2024<br \/>Financiador: Capes PrInt<br \/>Tipo: Mobilidade Internacional<\/li>\n<li><strong><u> B\u00e1rbara Cecconi Deon<br \/><\/u><\/strong>Kompetenzzentrum Obstbau-Bodensee (KOB), Alemanha<br \/>Per\u00edodo: 01\/09\/2024 a 28\/02\/2025<br \/>Financiador: Capes<br \/>Tipo: Mobilidade Internacional<\/li>\n<li><strong><u> Camila Sant&#8217;Anna Monteiro<br \/><\/u><\/strong>Departamento de Ciencia y Tecnolog\u00eda de los Alimentos \u2013 CYTAL, UDELAR, Uruguai<br \/>Per\u00edodo: 01\/08\/2024 a 30\/09\/2024<br \/>Financiador: AUGM<br \/>Tipo: Mobilidade Internacional<\/li>\n<li><strong><u> Cassandra de Deus<br \/><\/u><\/strong>Laborat\u00f3rio de Simula\u00e7\u00e3o Gastrointestinal da Faculdade de Farm\u00e1cia da Universidade de Granada, Espanha<br \/>Per\u00edodo: 07\/09\/2023 a 17\/01\/2024<br \/>Financiador: PPGCTA<br \/>Tipo: Mobilidade Internacional<\/li>\n<li><strong><u> Ingrid Duarte dos Santos<br \/><\/u><\/strong>Wageningen Food Safety Research\/Wageningen University Research (WFSR\/WUR), Holanda<br \/>Per\u00edodo: 15\/01\/2022 a 30\/10\/2022<br \/>Financiador: Cnpq<br \/>Tipo: Mobilidade Internacional<\/li>\n<li><strong><u> J\u00falia Baranzelli<br \/><\/u><\/strong>Instituto de Investigaci\u00f3n en Ciencias de la Alimentaci\u00f3n (CIAL), Espanha<br \/>Per\u00edodo: 01\/02\/2022 a 01\/08\/2022<br \/>Financiador: PPGCTA<br \/>Tipo: Mobilidade Internacional<\/li>\n<li><strong><u> Larissa Borstmann<br \/><\/u><\/strong>Instituto de Biologia Experimental e Tecnol\u00f3gica, Portugal<br \/>Per\u00edodo: 01\/11\/2023 a 31\/05\/2024<br \/>Financiador: PPGCTA<br \/>Tipo: Mobilidade Internacional<\/li>\n<li><strong><u> Let\u00edcia Pereira C\u00f4rrea<br \/><\/u><\/strong>Centro Tecnol\u00f3xico de la Carne, Espanha<br \/>Per\u00edodo: 15\/02\/2024 a 15\/05\/2024<br \/>Financiador: Projeto HealthyMeat \u2013 Cyted<br \/>Tipo: Mobilidade Internacional<\/li>\n<li><strong><u> Mariana Basso Pinton<br \/><\/u><\/strong>Centro Tecnol\u00f3xico de la Carne, Espanha<br \/>Per\u00edodo: 15\/01\/2023 a 28\/03\/2023<br \/>Financiador: Projeto HealthyMeat \u2013 Cyted<br \/>Tipo: Mobilidade Internacional<\/li>\n<li><strong><u> Patricia Acosta Caetano<br \/><\/u><\/strong>Universidad Pablo De Olavide, Espanha<br \/>Per\u00edodo: 01\/09\/2024 a 28\/02\/2025<br \/>Financiador: Capes<br \/>Tipo: Cotutela<\/li>\n<li><strong><u> Pricila Nass Pinheiro<br \/><\/u><\/strong>Instituto de la Grasa, Espanha<br \/>Per\u00edodo: 01\/03\/2022 a 30\/09\/2022<br \/>Financiador: Capes<br \/>Tipo: Mobilidade Internacional<\/li>\n<li><strong><u> Rafaela Basso Sartori<br \/><\/u><\/strong>Universidad Tecnol\u00f3gica del Uruguay, Uruguai<br \/>Per\u00edodo: 01\/09\/2023 a 28\/02\/2024<br \/>Financiador: PPGCTA<br \/>Tipo: Mobilidade Internacional<\/li>\n<li><strong><u> Sandra Kunde Schlesner<br \/><\/u><\/strong>Universit\u00e1 Degli Studi di Torino (UniTO), It\u00e1lia<br \/>Per\u00edodo: 04\/09\/2023 a 31\/10\/2024<br \/>Financiador: Cnpq<br \/>Tipo: Mobilidade Internacional<\/li>\n<\/ol>\n","protected":false},"excerpt":{"rendered":"<p>Mobilidades internacionais realizadas por discentes do PPGCTA no quadri\u00eanio 2021-2024 Andrieli StefanelloUniversity of Hertfordshire, InglaterraPer\u00edodo: 10\/05\/2024 a 26\/10\/2024Financiador: Capes PrIntTipo: Mobilidade Internacional B\u00e1rbara Cecconi DeonKompetenzzentrum Obstbau-Bodensee (KOB), AlemanhaPer\u00edodo: 01\/09\/2024 a 28\/02\/2025Financiador: CapesTipo: Mobilidade Internacional Camila Sant&#8217;Anna MonteiroDepartamento de Ciencia y Tecnolog\u00eda de los Alimentos \u2013 CYTAL, UDELAR, UruguaiPer\u00edodo: 01\/08\/2024 a 30\/09\/2024Financiador: AUGMTipo: Mobilidade Internacional Cassandra [&hellip;]<\/p>\n","protected":false},"author":1661,"featured_media":0,"parent":0,"menu_order":0,"comment_status":"closed","ping_status":"closed","template":"","meta":{"footnotes":""},"categories":[],"tags":[],"class_list":["post-1060","page","type-page","status-publish","hentry"],"acf":[],"_links":{"self":[{"href":"https:\/\/www.ufsm.br\/cursos\/pos-graduacao\/santa-maria\/ppgcta\/wp-json\/wp\/v2\/pages\/1060","targetHints":{"allow":["GET"]}}],"collection":[{"href":"https:\/\/www.ufsm.br\/cursos\/pos-graduacao\/santa-maria\/ppgcta\/wp-json\/wp\/v2\/pages"}],"about":[{"href":"https:\/\/www.ufsm.br\/cursos\/pos-graduacao\/santa-maria\/ppgcta\/wp-json\/wp\/v2\/types\/page"}],"author":[{"embeddable":true,"href":"https:\/\/www.ufsm.br\/cursos\/pos-graduacao\/santa-maria\/ppgcta\/wp-json\/wp\/v2\/users\/1661"}],"replies":[{"embeddable":true,"href":"https:\/\/www.ufsm.br\/cursos\/pos-graduacao\/santa-maria\/ppgcta\/wp-json\/wp\/v2\/comments?post=1060"}],"version-history":[{"count":0,"href":"https:\/\/www.ufsm.br\/cursos\/pos-graduacao\/santa-maria\/ppgcta\/wp-json\/wp\/v2\/pages\/1060\/revisions"}],"wp:attachment":[{"href":"https:\/\/www.ufsm.br\/cursos\/pos-graduacao\/santa-maria\/ppgcta\/wp-json\/wp\/v2\/media?parent=1060"}],"wp:term":[{"taxonomy":"category","embeddable":true,"href":"https:\/\/www.ufsm.br\/cursos\/pos-graduacao\/santa-maria\/ppgcta\/wp-json\/wp\/v2\/categories?post=1060"},{"taxonomy":"post_tag","embeddable":true,"href":"https:\/\/www.ufsm.br\/cursos\/pos-graduacao\/santa-maria\/ppgcta\/wp-json\/wp\/v2\/tags?post=1060"}],"curies":[{"name":"wp","href":"https:\/\/api.w.org\/{rel}","templated":true}]}}