{"id":1121,"date":"2022-05-19T10:16:52","date_gmt":"2022-05-19T13:16:52","guid":{"rendered":"https:\/\/www.ufsm.br\/cursos\/pos-graduacao\/santa-maria\/ppgcta\/?page_id=1121"},"modified":"2022-05-19T10:20:54","modified_gmt":"2022-05-19T13:20:54","slug":"prorrogacao-de-exame-de-qualificacao","status":"publish","type":"page","link":"https:\/\/www.ufsm.br\/cursos\/pos-graduacao\/santa-maria\/ppgcta\/prorrogacao-de-exame-de-qualificacao","title":{"rendered":"Prorroga\u00e7\u00e3o de Exame de Qualifica\u00e7\u00e3o"},"content":{"rendered":"\t\t<div data-elementor-type=\"wp-page\" data-elementor-id=\"1121\" class=\"elementor elementor-1121\">\n\t\t\t\t\t\t<section class=\"elementor-section elementor-top-section elementor-element elementor-element-f601071 elementor-section-boxed elementor-section-height-default elementor-section-height-default\" data-id=\"f601071\" data-element_type=\"section\">\n\t\t\t\t\t\t<div class=\"elementor-container elementor-column-gap-default\">\n\t\t\t\t\t<div class=\"elementor-column elementor-col-100 elementor-top-column elementor-element elementor-element-43ec91e\" data-id=\"43ec91e\" data-element_type=\"column\">\n\t\t\t<div class=\"elementor-widget-wrap elementor-element-populated\">\n\t\t\t\t\t\t<div class=\"elementor-element elementor-element-5c0ffbd elementor-widget elementor-widget-text-editor\" data-id=\"5c0ffbd\" data-element_type=\"widget\" data-widget_type=\"text-editor.default\">\n\t\t\t\t<div class=\"elementor-widget-container\">\n\t\t\t\t\t\t\t<p>O aluno de doutorado deve realizar o exame de qualifica\u00e7\u00e3o at\u00e9 24 meses ap\u00f3s o ingresso. Entretanto, \u00e9 poss\u00edvel, desde que autorizado pelo orientador, a solicita\u00e7\u00e3o de prorroga\u00e7\u00e3o de exame de qualifica\u00e7\u00e3o. Essa prorroga\u00e7\u00e3o poder\u00e1 ser de <strong>at\u00e9 seis meses<\/strong>.<\/p><p>A solicita\u00e7\u00e3o de prorroga\u00e7\u00e3o do exame de qualifica\u00e7\u00e3o \u00e9 diferente da solicita\u00e7\u00e3o de prorroga\u00e7\u00e3o de defesa. Para o aluno solicitar a prorroga\u00e7\u00e3o do exame de qualifica\u00e7\u00e3o, ele deve enviar para ppgcta@ufsm.br uma carta dirigida ao Colegiado do PPGCTA justificando o motivo da solicita\u00e7\u00e3o de prorroga\u00e7\u00e3o e definindo o prazo. A carta deve estar assinada pelo orientador e pelo aluno.\u00a0<\/p>\t\t\t\t\t\t<\/div>\n\t\t\t\t<\/div>\n\t\t\t\t\t<\/div>\n\t\t<\/div>\n\t\t\t\t\t<\/div>\n\t\t<\/section>\n\t\t\t\t<\/div>\n\t\t","protected":false},"excerpt":{"rendered":"<p>O aluno de doutorado deve realizar o exame de qualifica\u00e7\u00e3o at\u00e9 24 meses ap\u00f3s o ingresso. Entretanto, \u00e9 poss\u00edvel, desde que autorizado pelo orientador, a solicita\u00e7\u00e3o de prorroga\u00e7\u00e3o de exame de qualifica\u00e7\u00e3o. Essa prorroga\u00e7\u00e3o poder\u00e1 ser de at\u00e9 seis meses. A solicita\u00e7\u00e3o de prorroga\u00e7\u00e3o do exame de qualifica\u00e7\u00e3o \u00e9 diferente da solicita\u00e7\u00e3o de prorroga\u00e7\u00e3o de [&hellip;]<\/p>\n","protected":false},"author":510,"featured_media":0,"parent":0,"menu_order":0,"comment_status":"closed","ping_status":"closed","template":"","meta":{"footnotes":""},"categories":[],"tags":[],"class_list":["post-1121","page","type-page","status-publish","hentry"],"acf":[],"_links":{"self":[{"href":"https:\/\/www.ufsm.br\/cursos\/pos-graduacao\/santa-maria\/ppgcta\/wp-json\/wp\/v2\/pages\/1121","targetHints":{"allow":["GET"]}}],"collection":[{"href":"https:\/\/www.ufsm.br\/cursos\/pos-graduacao\/santa-maria\/ppgcta\/wp-json\/wp\/v2\/pages"}],"about":[{"href":"https:\/\/www.ufsm.br\/cursos\/pos-graduacao\/santa-maria\/ppgcta\/wp-json\/wp\/v2\/types\/page"}],"author":[{"embeddable":true,"href":"https:\/\/www.ufsm.br\/cursos\/pos-graduacao\/santa-maria\/ppgcta\/wp-json\/wp\/v2\/users\/510"}],"replies":[{"embeddable":true,"href":"https:\/\/www.ufsm.br\/cursos\/pos-graduacao\/santa-maria\/ppgcta\/wp-json\/wp\/v2\/comments?post=1121"}],"version-history":[{"count":0,"href":"https:\/\/www.ufsm.br\/cursos\/pos-graduacao\/santa-maria\/ppgcta\/wp-json\/wp\/v2\/pages\/1121\/revisions"}],"wp:attachment":[{"href":"https:\/\/www.ufsm.br\/cursos\/pos-graduacao\/santa-maria\/ppgcta\/wp-json\/wp\/v2\/media?parent=1121"}],"wp:term":[{"taxonomy":"category","embeddable":true,"href":"https:\/\/www.ufsm.br\/cursos\/pos-graduacao\/santa-maria\/ppgcta\/wp-json\/wp\/v2\/categories?post=1121"},{"taxonomy":"post_tag","embeddable":true,"href":"https:\/\/www.ufsm.br\/cursos\/pos-graduacao\/santa-maria\/ppgcta\/wp-json\/wp\/v2\/tags?post=1121"}],"curies":[{"name":"wp","href":"https:\/\/api.w.org\/{rel}","templated":true}]}}