{"id":1367,"date":"2023-04-12T14:56:55","date_gmt":"2023-04-12T17:56:55","guid":{"rendered":"https:\/\/www.ufsm.br\/cursos\/pos-graduacao\/santa-maria\/ppgcta\/?page_id=1367"},"modified":"2025-05-09T14:34:02","modified_gmt":"2025-05-09T17:34:02","slug":"portarias-colegiado-e-comissoes","status":"publish","type":"page","link":"https:\/\/www.ufsm.br\/cursos\/pos-graduacao\/santa-maria\/ppgcta\/portarias-colegiado-e-comissoes","title":{"rendered":"Portarias Colegiado e Comiss\u00f5es"},"content":{"rendered":"<p><a href=\"https:\/\/www.ufsm.br\/app\/uploads\/sites\/522\/2024\/09\/Portaria-Docentes-2023-25.pdf\"><br \/>\nColegiado<br \/>\n<\/a><\/p>\n<p><a href=\"https:\/\/www.ufsm.br\/app\/uploads\/sites\/522\/2025\/05\/PORT_PES_UFSM_CCR_2025_060.pdf\">Comiss\u00e3o de Bolsas<\/a><\/p>\n<p><a href=\"https:\/\/www.ufsm.br\/app\/uploads\/sites\/522\/2025\/05\/PORT_PES_UFSM_CCR_2024_108.pdf\">Comiss\u00e3o de Sele\u00e7\u00e3o<br \/>\n<\/a><\/p>\n","protected":false},"excerpt":{"rendered":"<p>Colegiado Comiss\u00e3o de Bolsas Comiss\u00e3o de Sele\u00e7\u00e3o<\/p>\n","protected":false},"author":1537,"featured_media":0,"parent":0,"menu_order":0,"comment_status":"closed","ping_status":"closed","template":"","meta":{"footnotes":""},"categories":[],"tags":[],"class_list":["post-1367","page","type-page","status-publish","hentry"],"acf":[],"_links":{"self":[{"href":"https:\/\/www.ufsm.br\/cursos\/pos-graduacao\/santa-maria\/ppgcta\/wp-json\/wp\/v2\/pages\/1367","targetHints":{"allow":["GET"]}}],"collection":[{"href":"https:\/\/www.ufsm.br\/cursos\/pos-graduacao\/santa-maria\/ppgcta\/wp-json\/wp\/v2\/pages"}],"about":[{"href":"https:\/\/www.ufsm.br\/cursos\/pos-graduacao\/santa-maria\/ppgcta\/wp-json\/wp\/v2\/types\/page"}],"author":[{"embeddable":true,"href":"https:\/\/www.ufsm.br\/cursos\/pos-graduacao\/santa-maria\/ppgcta\/wp-json\/wp\/v2\/users\/1537"}],"replies":[{"embeddable":true,"href":"https:\/\/www.ufsm.br\/cursos\/pos-graduacao\/santa-maria\/ppgcta\/wp-json\/wp\/v2\/comments?post=1367"}],"version-history":[{"count":0,"href":"https:\/\/www.ufsm.br\/cursos\/pos-graduacao\/santa-maria\/ppgcta\/wp-json\/wp\/v2\/pages\/1367\/revisions"}],"wp:attachment":[{"href":"https:\/\/www.ufsm.br\/cursos\/pos-graduacao\/santa-maria\/ppgcta\/wp-json\/wp\/v2\/media?parent=1367"}],"wp:term":[{"taxonomy":"category","embeddable":true,"href":"https:\/\/www.ufsm.br\/cursos\/pos-graduacao\/santa-maria\/ppgcta\/wp-json\/wp\/v2\/categories?post=1367"},{"taxonomy":"post_tag","embeddable":true,"href":"https:\/\/www.ufsm.br\/cursos\/pos-graduacao\/santa-maria\/ppgcta\/wp-json\/wp\/v2\/tags?post=1367"}],"curies":[{"name":"wp","href":"https:\/\/api.w.org\/{rel}","templated":true}]}}