{"id":169,"date":"2019-02-05T09:43:16","date_gmt":"2019-02-05T11:43:16","guid":{"rendered":"https:\/\/www.ufsm.br\/cursos\/pos-graduacao\/santa-maria\/ppgcta\/?page_id=169"},"modified":"2021-05-25T11:49:38","modified_gmt":"2021-05-25T14:49:38","slug":"equipamentos-multiusuario","status":"publish","type":"page","link":"https:\/\/www.ufsm.br\/cursos\/pos-graduacao\/santa-maria\/ppgcta\/equipamentos-multiusuario","title":{"rendered":"Equipamentos Multiusu\u00e1rio"},"content":{"rendered":"<ul>\n<li style=\"text-align: left\"><a href=\"https:\/\/www.ufsm.br\/cursos\/pos-graduacao\/santa-maria\/ppgcta\/analisador-de-carbono-organico-total\/\" target=\"_blank\" rel=\"noopener\">Analisador de Carbono Total<br \/><\/a><\/li>\n<li style=\"text-align: left\"><a href=\"http:\/\/www.ufsm.br\/cursos\/pos-graduacao\/santa-maria\/ppgcta\/analisador-de-textura\/\">Analisador de textura<\/a><\/li>\n<li><a href=\"http:\/\/www.ufsm.br\/cursos\/pos-graduacao\/santa-maria\/ppgcta\/centrifuga-refrigerada\/\">Centr\u00edfuga Refrigerada<\/a><\/li>\n<li style=\"text-align: left\"><a href=\"http:\/\/www.ufsm.br\/cursos\/pos-graduacao\/santa-maria\/ppgcta\/cg-fid-npd\/\">CG-FID-NPD<\/a><\/li>\n<li style=\"text-align: left\"><a href=\"http:\/\/www.ufsm.br\/cursos\/pos-graduacao\/santa-maria\/ppgcta\/cg-fid-ecd\/\">CG-FID-ECD<\/a><\/li>\n<li><a href=\"http:\/\/www.ufsm.br\/cursos\/pos-graduacao\/santa-maria\/ppgcta\/cromatografo-a-gas-acoplado-a-espectometro-de-massas-gc-ms\/\">GC-MS<\/a><\/li>\n<li><a href=\"http:\/\/www.ufsm.br\/cursos\/pos-graduacao\/santa-maria\/ppgcta\/espectrofotometro-com-detector-de-arranjo-de-diodos\/\">Espectrofot\u00f4metro com detector de arranjo de diodos<\/a><\/li>\n<li style=\"text-align: left\"><a href=\"http:\/\/www.ufsm.br\/cursos\/pos-graduacao\/santa-maria\/ppgcta\/gabinetes-ventilados-para-animais-de-laboratorio-marca-alesco\/\">Gabinetes ventilados para animais de laborat\u00f3rio, marca Alesco<\/a><\/li>\n<li style=\"text-align: left\"><a href=\"http:\/\/www.ufsm.br\/cursos\/pos-graduacao\/santa-maria\/ppgcta\/gaiolas-metabolicas-metalicas-32-unidades\/\">Gaiolas metab\u00f3licas met\u00e1licas (32 unidades)<\/a><\/li>\n<li><a href=\"http:\/\/www.ufsm.br\/cursos\/pos-graduacao\/santa-maria\/ppgcta\/hplc-flu-pda\/\">HPLC-FLU-PDA<\/a><\/li>\n<li><a href=\"http:\/\/www.ufsm.br\/cursos\/pos-graduacao\/santa-maria\/ppgcta\/hplc-pda\/\">HPLC-PDA<\/a><\/li>\n<li><a href=\"http:\/\/www.ufsm.br\/cursos\/pos-graduacao\/santa-maria\/ppgcta\/liofilizador-de-bancada-ls-3000-terroni\/\">Liofilizador de bancada LS 3000 Terroni<\/a><\/li>\n<li><a href=\"http:\/\/www.ufsm.br\/cursos\/pos-graduacao\/santa-maria\/ppgcta\/microscopio-otico-trinocular-com-sistema-de-foto-documentacao\/\">Microsc\u00f3pio \u00f3tico trinocular com sistema de foto documenta\u00e7\u00e3o<\/a><\/li>\n<li style=\"text-align: left\"><a href=\"http:\/\/www.ufsm.br\/cursos\/pos-graduacao\/santa-maria\/ppgcta\/nirs\/\">NIRS<\/a><\/li>\n<li style=\"text-align: left\"><a href=\"http:\/\/www.ufsm.br\/cursos\/pos-graduacao\/santa-maria\/ppgcta\/ultrafreezer-thermo-scientific\/\">Ultrafreezer \u2013 Thermo Scientific<\/a><\/li>\n<li style=\"text-align: left\"><a href=\"http:\/\/www.ufsm.br\/cursos\/pos-graduacao\/santa-maria\/ppgcta\/ultrapurificador-de-agua\/\">Ultrapurificador de \u00e1gua<\/a><\/li>\n<li style=\"text-align: left\"><a href=\"http:\/\/www.ufsm.br\/cursos\/pos-graduacao\/santa-maria\/ppgcta\/unidade-para-trituracao-com-pistilo-homogeneizador-de-amostras-do-tipo-potter\/\">Unidade para tritura\u00e7\u00e3o com pistilo (homogeneizador de amostras do tipo potter)<\/a><\/li>\n<\/ul>\n\n","protected":false},"excerpt":{"rendered":"<p>Analisador de Carbono Total Analisador de textura Centr\u00edfuga Refrigerada CG-FID-NPD CG-FID-ECD GC-MS Espectrofot\u00f4metro com detector de arranjo de diodos Gabinetes ventilados para animais de laborat\u00f3rio, marca Alesco Gaiolas metab\u00f3licas met\u00e1licas (32 unidades) HPLC-FLU-PDA HPLC-PDA Liofilizador de bancada LS 3000 Terroni Microsc\u00f3pio \u00f3tico trinocular com sistema de foto documenta\u00e7\u00e3o NIRS Ultrafreezer \u2013 Thermo Scientific Ultrapurificador de [&hellip;]<\/p>\n","protected":false},"author":118,"featured_media":0,"parent":0,"menu_order":0,"comment_status":"closed","ping_status":"closed","template":"","meta":{"footnotes":""},"categories":[],"tags":[],"class_list":["post-169","page","type-page","status-publish","hentry"],"acf":[],"_links":{"self":[{"href":"https:\/\/www.ufsm.br\/cursos\/pos-graduacao\/santa-maria\/ppgcta\/wp-json\/wp\/v2\/pages\/169","targetHints":{"allow":["GET"]}}],"collection":[{"href":"https:\/\/www.ufsm.br\/cursos\/pos-graduacao\/santa-maria\/ppgcta\/wp-json\/wp\/v2\/pages"}],"about":[{"href":"https:\/\/www.ufsm.br\/cursos\/pos-graduacao\/santa-maria\/ppgcta\/wp-json\/wp\/v2\/types\/page"}],"author":[{"embeddable":true,"href":"https:\/\/www.ufsm.br\/cursos\/pos-graduacao\/santa-maria\/ppgcta\/wp-json\/wp\/v2\/users\/118"}],"replies":[{"embeddable":true,"href":"https:\/\/www.ufsm.br\/cursos\/pos-graduacao\/santa-maria\/ppgcta\/wp-json\/wp\/v2\/comments?post=169"}],"version-history":[{"count":0,"href":"https:\/\/www.ufsm.br\/cursos\/pos-graduacao\/santa-maria\/ppgcta\/wp-json\/wp\/v2\/pages\/169\/revisions"}],"wp:attachment":[{"href":"https:\/\/www.ufsm.br\/cursos\/pos-graduacao\/santa-maria\/ppgcta\/wp-json\/wp\/v2\/media?parent=169"}],"wp:term":[{"taxonomy":"category","embeddable":true,"href":"https:\/\/www.ufsm.br\/cursos\/pos-graduacao\/santa-maria\/ppgcta\/wp-json\/wp\/v2\/categories?post=169"},{"taxonomy":"post_tag","embeddable":true,"href":"https:\/\/www.ufsm.br\/cursos\/pos-graduacao\/santa-maria\/ppgcta\/wp-json\/wp\/v2\/tags?post=169"}],"curies":[{"name":"wp","href":"https:\/\/api.w.org\/{rel}","templated":true}]}}