{"id":171,"date":"2019-02-05T09:49:37","date_gmt":"2019-02-05T11:49:37","guid":{"rendered":"https:\/\/www.ufsm.br\/cursos\/pos-graduacao\/santa-maria\/ppgcta\/?page_id=171"},"modified":"2019-02-05T09:49:39","modified_gmt":"2019-02-05T11:49:39","slug":"analisador-de-textura","status":"publish","type":"page","link":"https:\/\/www.ufsm.br\/cursos\/pos-graduacao\/santa-maria\/ppgcta\/analisador-de-textura","title":{"rendered":"Analisador de textura"},"content":{"rendered":"\n<ul>\n<li>Configura\u00e7\u00e3o:\u00a0TA.PL TA.XTplus Texture Analyser \/ Stable Micro Systems<\/li>\n<li>Local:\u00a0Sala 117 do NIDAL<\/li>\n<li>Respons\u00e1vel:\u00a0Prof. Renius Mello, ramais: 8353\/8254\/8364, sub-ramal: 208, e-mail:<span id=\"cloak55820\"><a href=\"mailto:reniusmello@gmail.com\">reniusmello@gmail.com<\/a><\/span><\/li>\n<\/ul>\n<p>\u00a0<\/p>\n<p>Instru\u00e7\u00f5es\/requisitos para agendamento\/uso:\u00a0<\/p>\n<p>a)\u00a0\u00a0\u00a0\u00a0\u00a0\u00a0\u00a0As caracter\u00edsticas e acess\u00f3rios (Probes &#8211; ponteiras dispon\u00edveis) do equipamento est\u00e3o abaixo e no arquivo em anexo. Para utilizar o equipamento voc\u00ea tem que ter definido que tipo de teste (cisalhamento, dupla compress\u00e3o, etc.), configura\u00e7\u00e3o do aparelho (defini\u00e7\u00e3o do projeto e da macro) e quais os par\u00e2metros (adesividade, coesividade, dureza, etc.) que voc\u00ea vai utilizar para sua an\u00e1lise. Voc\u00ea tem que escolher qual\u00a0ponteira vai usar, velocidade de compress\u00e3o, etc&#8230; Isso voc\u00ea tem que definir buscando na literatura (artigos cient\u00edficos que tenham trabalhado com amostras iguais os semelhantes as suas) e discutindo com os seus orientadores, o que \u00e9 mais adequado para o seu produto.<\/p>\n<p>b) Depois de ter estas informa\u00e7\u00f5es voc\u00ea deve solicitar ao Prof. Renius Mello uma sess\u00e3o de treinamento para uso do equipamento (ser\u00e1 ministrada por um aluno com experi\u00eancia no uso do equipamento), ex:<\/p>\n<p>&#8211; Paula Matanna, aluna da Profa. Neila, que usou recentemente o aparelho com amostras de produtos l\u00e1cteos<\/p>\n<p>&#8211; Jaqueline Piccolo, aluna do Prof. Ernesto, usou recentemente o aparelho com amostras de salsicha<\/p>\n<p>&#8211; Cl\u00e1udia Sautter, usou recentemente o aparelho com amostras de uvas<\/p>\n<p>c) O ideal \u00e9 voc\u00ea pegar uma c\u00f3pia do arquivo que cont\u00e9m a programa\u00e7\u00e3o usada pela pessoa que for orient\u00e1-lo e salvar com outro nome e modificar neste arquivo as configura\u00e7\u00f5es e os par\u00e2metros de opera\u00e7\u00e3o do equipamento para atender as necessidades da sua amostra.<\/p>\n<p>d) Atualmente n\u00e3o temos uma ficha de reservas com escala para uso do equipamento, mas voc\u00ea pode colocar um bilhete junto ao equipamento avisando sobre o dia em que pretende utiliz\u00e1-lo.<\/p>\n<p>\u00a0<\/p>\n<p><strong>IMPORTANT\u00cdSSIMO: TODO O USO DO EQUIPAMENTO DEVE SER ANOTADO NO CADERNO PRETO QUE EST\u00c1 JUNTO AO MESMO<\/strong><\/p>\n<p>\u00a0<\/p>\n<p align=\"center\"><strong>TODOS OS TRABALHOS RESULTANTES DO USO DESTE EQUIPAMENTO (TESES, DISSERTA\u00c7\u00d5ES, TRABALHOS EM EVENTOS, ARTIGOS OU PATENTES) DEVER\u00c3O INCLUIR O SEGUINTE AGRADECIMENTO:<br \/>\u00a0\u201cApoio Edital Capes no 13\/2008 &#8211; Pr\u00f3-Equipamentos\u201d<\/strong><\/p>\n","protected":false},"excerpt":{"rendered":"<p>Configura\u00e7\u00e3o:\u00a0TA.PL TA.XTplus Texture Analyser \/ Stable Micro Systems Local:\u00a0Sala 117 do NIDAL Respons\u00e1vel:\u00a0Prof. Renius Mello, ramais: 8353\/8254\/8364, sub-ramal: 208, e-mail:reniusmello@gmail.com \u00a0 Instru\u00e7\u00f5es\/requisitos para agendamento\/uso:\u00a0 a)\u00a0\u00a0\u00a0\u00a0\u00a0\u00a0\u00a0As caracter\u00edsticas e acess\u00f3rios (Probes &#8211; ponteiras dispon\u00edveis) do equipamento est\u00e3o abaixo e no arquivo em anexo. Para utilizar o equipamento voc\u00ea tem que ter definido que tipo de teste (cisalhamento, [&hellip;]<\/p>\n","protected":false},"author":118,"featured_media":0,"parent":0,"menu_order":0,"comment_status":"closed","ping_status":"closed","template":"","meta":{"footnotes":""},"categories":[],"tags":[],"class_list":["post-171","page","type-page","status-publish","hentry"],"acf":[],"_links":{"self":[{"href":"https:\/\/www.ufsm.br\/cursos\/pos-graduacao\/santa-maria\/ppgcta\/wp-json\/wp\/v2\/pages\/171","targetHints":{"allow":["GET"]}}],"collection":[{"href":"https:\/\/www.ufsm.br\/cursos\/pos-graduacao\/santa-maria\/ppgcta\/wp-json\/wp\/v2\/pages"}],"about":[{"href":"https:\/\/www.ufsm.br\/cursos\/pos-graduacao\/santa-maria\/ppgcta\/wp-json\/wp\/v2\/types\/page"}],"author":[{"embeddable":true,"href":"https:\/\/www.ufsm.br\/cursos\/pos-graduacao\/santa-maria\/ppgcta\/wp-json\/wp\/v2\/users\/118"}],"replies":[{"embeddable":true,"href":"https:\/\/www.ufsm.br\/cursos\/pos-graduacao\/santa-maria\/ppgcta\/wp-json\/wp\/v2\/comments?post=171"}],"version-history":[{"count":0,"href":"https:\/\/www.ufsm.br\/cursos\/pos-graduacao\/santa-maria\/ppgcta\/wp-json\/wp\/v2\/pages\/171\/revisions"}],"wp:attachment":[{"href":"https:\/\/www.ufsm.br\/cursos\/pos-graduacao\/santa-maria\/ppgcta\/wp-json\/wp\/v2\/media?parent=171"}],"wp:term":[{"taxonomy":"category","embeddable":true,"href":"https:\/\/www.ufsm.br\/cursos\/pos-graduacao\/santa-maria\/ppgcta\/wp-json\/wp\/v2\/categories?post=171"},{"taxonomy":"post_tag","embeddable":true,"href":"https:\/\/www.ufsm.br\/cursos\/pos-graduacao\/santa-maria\/ppgcta\/wp-json\/wp\/v2\/tags?post=171"}],"curies":[{"name":"wp","href":"https:\/\/api.w.org\/{rel}","templated":true}]}}