{"id":172,"date":"2019-02-05T09:51:11","date_gmt":"2019-02-05T11:51:11","guid":{"rendered":"https:\/\/www.ufsm.br\/cursos\/pos-graduacao\/santa-maria\/ppgcta\/?page_id=172"},"modified":"2019-02-05T09:51:13","modified_gmt":"2019-02-05T11:51:13","slug":"hplc-flu-pda","status":"publish","type":"page","link":"https:\/\/www.ufsm.br\/cursos\/pos-graduacao\/santa-maria\/ppgcta\/hplc-flu-pda","title":{"rendered":"HPLC-FLU-PDA"},"content":{"rendered":"\n<p>Configura\u00e7\u00e3o:\u00a0Sistema cromatogr\u00e1fico l\u00edquido de alta performance (Bomba LC20AD, forno CTO20A) com detector de\u00a0fluoresc\u00eancia em s\u00e9rie com detector de arranjo de diodos (PDA)\u00a0SPD20A\u00a0SHIMADZU PROMINENCE<\/p>\n<p>\u00a0<\/p>\n<p>Local:\u00a0Lab 104\u00a0do NTA<\/p>\n<p>\u00a0<\/p>\n<p>Respons\u00e1vel:\u00a0Prof. Leila Queiroz Zepka, ramal 8254, sub-ramal 212, e-mail:\u00a0<span id=\"cloak32439\"><a href=\"mailto:lqz@pq.cnpq.br\">lqz@pq.cnpq.br<\/a><\/span><\/p>\n<p>\u00a0<\/p>\n<p>Instru\u00e7\u00f5es\/requisitos para agendamento\/uso:\u00a0<\/p>\n<p>1- Necessa\u00b4rio ter m\u00e9todo determinado, que contempla: coluna, velocidade do fluxo, propor\u00e7\u00e3o de solventes, temperatura do forno e detector.<\/p>\n<p>2- Solicito que na primeira vez que for requerida a utiliza\u00e7\u00e3o, o orientador entre em contato com a Prof\u00aa. Leila para agendar o hor\u00e1rio do equipamento que ser\u00e1 utilizado pelo discente matriculado no PPGCTA.<\/p>\n<p>3- Sempre que for utilizado o equipamento, deve-se\u00a0<strong>anotar o\u00a0uso\u00a0no caderno de registro de\u00a0uso<\/strong>, que fica em cima do equipamento, indicando as informa\u00e7\u00f5es solicitadas.<\/p>\n<p>\u00a0<\/p>\n<p align=\"center\"><strong>TODOS OS TRABALHOS RESULTANTES DO USO DESTE EQUIPAMENTO (TESES, DISSERTA\u00c7\u00d5ES, TRABALHOS EM EVENTOS, ARTIGOS OU PATENTES) DEVER\u00c3O INCLUIR O SEGUINTE AGRADECIMENTO:<br \/>\u00a0\u201cApoio Edital Capes no 25\/2011 e 27\/2013- Pr\u00f3-Equipamentos\u201d<\/strong><\/p>\n","protected":false},"excerpt":{"rendered":"<p>Configura\u00e7\u00e3o:\u00a0Sistema cromatogr\u00e1fico l\u00edquido de alta performance (Bomba LC20AD, forno CTO20A) com detector de\u00a0fluoresc\u00eancia em s\u00e9rie com detector de arranjo de diodos (PDA)\u00a0SPD20A\u00a0SHIMADZU PROMINENCE \u00a0 Local:\u00a0Lab 104\u00a0do NTA \u00a0 Respons\u00e1vel:\u00a0Prof. Leila Queiroz Zepka, ramal 8254, sub-ramal 212, e-mail:\u00a0lqz@pq.cnpq.br \u00a0 Instru\u00e7\u00f5es\/requisitos para agendamento\/uso:\u00a0 1- Necessa\u00b4rio ter m\u00e9todo determinado, que contempla: coluna, velocidade do fluxo, propor\u00e7\u00e3o de solventes, [&hellip;]<\/p>\n","protected":false},"author":118,"featured_media":0,"parent":0,"menu_order":0,"comment_status":"closed","ping_status":"closed","template":"","meta":{"footnotes":""},"categories":[],"tags":[],"class_list":["post-172","page","type-page","status-publish","hentry"],"acf":[],"_links":{"self":[{"href":"https:\/\/www.ufsm.br\/cursos\/pos-graduacao\/santa-maria\/ppgcta\/wp-json\/wp\/v2\/pages\/172","targetHints":{"allow":["GET"]}}],"collection":[{"href":"https:\/\/www.ufsm.br\/cursos\/pos-graduacao\/santa-maria\/ppgcta\/wp-json\/wp\/v2\/pages"}],"about":[{"href":"https:\/\/www.ufsm.br\/cursos\/pos-graduacao\/santa-maria\/ppgcta\/wp-json\/wp\/v2\/types\/page"}],"author":[{"embeddable":true,"href":"https:\/\/www.ufsm.br\/cursos\/pos-graduacao\/santa-maria\/ppgcta\/wp-json\/wp\/v2\/users\/118"}],"replies":[{"embeddable":true,"href":"https:\/\/www.ufsm.br\/cursos\/pos-graduacao\/santa-maria\/ppgcta\/wp-json\/wp\/v2\/comments?post=172"}],"version-history":[{"count":0,"href":"https:\/\/www.ufsm.br\/cursos\/pos-graduacao\/santa-maria\/ppgcta\/wp-json\/wp\/v2\/pages\/172\/revisions"}],"wp:attachment":[{"href":"https:\/\/www.ufsm.br\/cursos\/pos-graduacao\/santa-maria\/ppgcta\/wp-json\/wp\/v2\/media?parent=172"}],"wp:term":[{"taxonomy":"category","embeddable":true,"href":"https:\/\/www.ufsm.br\/cursos\/pos-graduacao\/santa-maria\/ppgcta\/wp-json\/wp\/v2\/categories?post=172"},{"taxonomy":"post_tag","embeddable":true,"href":"https:\/\/www.ufsm.br\/cursos\/pos-graduacao\/santa-maria\/ppgcta\/wp-json\/wp\/v2\/tags?post=172"}],"curies":[{"name":"wp","href":"https:\/\/api.w.org\/{rel}","templated":true}]}}