{"id":177,"date":"2019-02-05T09:54:08","date_gmt":"2019-02-05T11:54:08","guid":{"rendered":"https:\/\/www.ufsm.br\/cursos\/pos-graduacao\/santa-maria\/ppgcta\/?page_id=177"},"modified":"2019-02-05T09:54:10","modified_gmt":"2019-02-05T11:54:10","slug":"ultrapurificador-de-agua","status":"publish","type":"page","link":"https:\/\/www.ufsm.br\/cursos\/pos-graduacao\/santa-maria\/ppgcta\/ultrapurificador-de-agua","title":{"rendered":"Ultrapurificador de \u00e1gua"},"content":{"rendered":"\n<ul>\n<li>Configura\u00e7\u00e3o:\u00a0Milli-Q<\/li>\n<li>Local:\u00a0Lab 104\u00a0do NTA\u00a0<\/li>\n<li>Respons\u00e1vel:\u00a0Prof\u00aa. Leila Queiroz Zepka, ramal 8254, sub-ramal 212, e-mail:\u00a0<span id=\"cloak88567\"><a href=\"mailto:lqz@pq.cnpq.br\">lqz@pq.cnpq.br<\/a><\/span><\/li>\n<\/ul>\n<p>\u00a0<\/p>\n<p>Instru\u00e7\u00e3o\/requisitos para agendamento\/uso:\u00a0<\/p>\n<p>1- Solicito que na primeira vez que for requerida a utiliza\u00e7\u00e3o, o orientador entre em contato com a Prof\u00aa. Leila para agendar o hor\u00e1rio do equipamento que ser\u00e1 utilizado pelo discente matriculado no PPGCTA.<\/p>\n<p>2-\u00a0Sempre que for utilizado o equipamento, deve-se\u00a0<strong>anotar o\u00a0uso\u00a0no caderno de registro de\u00a0uso<\/strong>, que fica em cima do equipamento, indicando as informa\u00e7\u00f5es solicitadas.<\/p>\n<p>\u00a0<\/p>\n<p><strong>TODOS OS TRABALHOS RESULTANTES DO USO DESTE EQUIPAMENTO (TESES, DISSERTA\u00c7\u00d5ES, TRABALHOS EM EVENTOS, ARTIGOS OU PATENTES) DEVER\u00c3O INCLUIR O SEGUINTE AGRADECIMENTO:<br \/>\u00a0\u201cApoio Edital Capes no 25\/2011 &#8211; Pr\u00f3-Equipamentos\u201d<\/strong><\/p>\n","protected":false},"excerpt":{"rendered":"<p>Configura\u00e7\u00e3o:\u00a0Milli-Q Local:\u00a0Lab 104\u00a0do NTA\u00a0 Respons\u00e1vel:\u00a0Prof\u00aa. Leila Queiroz Zepka, ramal 8254, sub-ramal 212, e-mail:\u00a0lqz@pq.cnpq.br \u00a0 Instru\u00e7\u00e3o\/requisitos para agendamento\/uso:\u00a0 1- Solicito que na primeira vez que for requerida a utiliza\u00e7\u00e3o, o orientador entre em contato com a Prof\u00aa. Leila para agendar o hor\u00e1rio do equipamento que ser\u00e1 utilizado pelo discente matriculado no PPGCTA. 2-\u00a0Sempre que for utilizado [&hellip;]<\/p>\n","protected":false},"author":118,"featured_media":0,"parent":0,"menu_order":0,"comment_status":"closed","ping_status":"closed","template":"","meta":{"footnotes":""},"categories":[],"tags":[],"class_list":["post-177","page","type-page","status-publish","hentry"],"acf":[],"_links":{"self":[{"href":"https:\/\/www.ufsm.br\/cursos\/pos-graduacao\/santa-maria\/ppgcta\/wp-json\/wp\/v2\/pages\/177","targetHints":{"allow":["GET"]}}],"collection":[{"href":"https:\/\/www.ufsm.br\/cursos\/pos-graduacao\/santa-maria\/ppgcta\/wp-json\/wp\/v2\/pages"}],"about":[{"href":"https:\/\/www.ufsm.br\/cursos\/pos-graduacao\/santa-maria\/ppgcta\/wp-json\/wp\/v2\/types\/page"}],"author":[{"embeddable":true,"href":"https:\/\/www.ufsm.br\/cursos\/pos-graduacao\/santa-maria\/ppgcta\/wp-json\/wp\/v2\/users\/118"}],"replies":[{"embeddable":true,"href":"https:\/\/www.ufsm.br\/cursos\/pos-graduacao\/santa-maria\/ppgcta\/wp-json\/wp\/v2\/comments?post=177"}],"version-history":[{"count":0,"href":"https:\/\/www.ufsm.br\/cursos\/pos-graduacao\/santa-maria\/ppgcta\/wp-json\/wp\/v2\/pages\/177\/revisions"}],"wp:attachment":[{"href":"https:\/\/www.ufsm.br\/cursos\/pos-graduacao\/santa-maria\/ppgcta\/wp-json\/wp\/v2\/media?parent=177"}],"wp:term":[{"taxonomy":"category","embeddable":true,"href":"https:\/\/www.ufsm.br\/cursos\/pos-graduacao\/santa-maria\/ppgcta\/wp-json\/wp\/v2\/categories?post=177"},{"taxonomy":"post_tag","embeddable":true,"href":"https:\/\/www.ufsm.br\/cursos\/pos-graduacao\/santa-maria\/ppgcta\/wp-json\/wp\/v2\/tags?post=177"}],"curies":[{"name":"wp","href":"https:\/\/api.w.org\/{rel}","templated":true}]}}