{"id":179,"date":"2019-02-05T09:55:12","date_gmt":"2019-02-05T11:55:12","guid":{"rendered":"https:\/\/www.ufsm.br\/cursos\/pos-graduacao\/santa-maria\/ppgcta\/?page_id=179"},"modified":"2019-02-05T09:55:15","modified_gmt":"2019-02-05T11:55:15","slug":"unidade-para-trituracao-com-pistilo-homogeneizador-de-amostras-do-tipo-potter","status":"publish","type":"page","link":"https:\/\/www.ufsm.br\/cursos\/pos-graduacao\/santa-maria\/ppgcta\/unidade-para-trituracao-com-pistilo-homogeneizador-de-amostras-do-tipo-potter","title":{"rendered":"Unidade para tritura\u00e7\u00e3o com pistilo (homogeneizador de amostras do tipo potter)"},"content":{"rendered":"\n<ul>\n<li>Configura\u00e7\u00e3o:\u00a0MODELO &#8211; TE-099<\/li>\n<li>Local:\u00a0Lab 111\u00a0do NTA<\/li>\n<li>Respons\u00e1vel:\u00a0Prof. Leila Queiroz Zepka, ramal 8254, sub-ramal 212, e-mail:\u00a0<span id=\"cloak86085\"><a href=\"mailto:lqz@pq.cnpq.br\">lqz@pq.cnpq.br<\/a><\/span><\/li>\n<\/ul>\n<p>\u00a0<\/p>\n<p>Instru\u00e7\u00e3o\/requisitos para agendamento\/uso:\u00a0<\/p>\n<p>1- Solicito que na primeira vez que for requerida a utiliza\u00e7\u00e3o, o orientador entre em contato com a\u00a0 Prof. Leila para agendar\u00a0 a hor\u00e1rio do equipamento que ser\u00e1 utilizado pelo\u00a0 discente matriculado no PPGCTA.<\/p>\n<p>2- Sempre que for utilizado o equipamento, deve-se\u00a0<strong>anotar o\u00a0uso\u00a0no caderno de registro de\u00a0uso<\/strong>, que fica em cima do equipamento, indicando as informa\u00e7\u00f5es solicitadas.<\/p>\n<p>\u00a0<\/p>\n<p align=\"center\"><strong>TODOS OS TRABALHOS RESULTANTES DO USO DESTE EQUIPAMENTO (TESES, DISSERTA\u00c7\u00d5ES, TRABALHOS EM EVENTOS, ARTIGOS OU PATENTES) DEVER\u00c3O INCLUIR O SEGUINTE AGRADECIMENTO:<br \/>\u00a0\u201cApoio Edital Pr\u00f3-Equipamentos UFSM 2013\u201d<\/strong><\/p>\n","protected":false},"excerpt":{"rendered":"<p>Configura\u00e7\u00e3o:\u00a0MODELO &#8211; TE-099 Local:\u00a0Lab 111\u00a0do NTA Respons\u00e1vel:\u00a0Prof. Leila Queiroz Zepka, ramal 8254, sub-ramal 212, e-mail:\u00a0lqz@pq.cnpq.br \u00a0 Instru\u00e7\u00e3o\/requisitos para agendamento\/uso:\u00a0 1- Solicito que na primeira vez que for requerida a utiliza\u00e7\u00e3o, o orientador entre em contato com a\u00a0 Prof. Leila para agendar\u00a0 a hor\u00e1rio do equipamento que ser\u00e1 utilizado pelo\u00a0 discente matriculado no PPGCTA. 2- Sempre [&hellip;]<\/p>\n","protected":false},"author":118,"featured_media":0,"parent":0,"menu_order":0,"comment_status":"closed","ping_status":"closed","template":"","meta":{"footnotes":""},"categories":[],"tags":[],"class_list":["post-179","page","type-page","status-publish","hentry"],"acf":[],"_links":{"self":[{"href":"https:\/\/www.ufsm.br\/cursos\/pos-graduacao\/santa-maria\/ppgcta\/wp-json\/wp\/v2\/pages\/179","targetHints":{"allow":["GET"]}}],"collection":[{"href":"https:\/\/www.ufsm.br\/cursos\/pos-graduacao\/santa-maria\/ppgcta\/wp-json\/wp\/v2\/pages"}],"about":[{"href":"https:\/\/www.ufsm.br\/cursos\/pos-graduacao\/santa-maria\/ppgcta\/wp-json\/wp\/v2\/types\/page"}],"author":[{"embeddable":true,"href":"https:\/\/www.ufsm.br\/cursos\/pos-graduacao\/santa-maria\/ppgcta\/wp-json\/wp\/v2\/users\/118"}],"replies":[{"embeddable":true,"href":"https:\/\/www.ufsm.br\/cursos\/pos-graduacao\/santa-maria\/ppgcta\/wp-json\/wp\/v2\/comments?post=179"}],"version-history":[{"count":0,"href":"https:\/\/www.ufsm.br\/cursos\/pos-graduacao\/santa-maria\/ppgcta\/wp-json\/wp\/v2\/pages\/179\/revisions"}],"wp:attachment":[{"href":"https:\/\/www.ufsm.br\/cursos\/pos-graduacao\/santa-maria\/ppgcta\/wp-json\/wp\/v2\/media?parent=179"}],"wp:term":[{"taxonomy":"category","embeddable":true,"href":"https:\/\/www.ufsm.br\/cursos\/pos-graduacao\/santa-maria\/ppgcta\/wp-json\/wp\/v2\/categories?post=179"},{"taxonomy":"post_tag","embeddable":true,"href":"https:\/\/www.ufsm.br\/cursos\/pos-graduacao\/santa-maria\/ppgcta\/wp-json\/wp\/v2\/tags?post=179"}],"curies":[{"name":"wp","href":"https:\/\/api.w.org\/{rel}","templated":true}]}}