{"id":180,"date":"2019-02-05T09:56:01","date_gmt":"2019-02-05T11:56:01","guid":{"rendered":"https:\/\/www.ufsm.br\/cursos\/pos-graduacao\/santa-maria\/ppgcta\/?page_id=180"},"modified":"2019-02-05T09:56:04","modified_gmt":"2019-02-05T11:56:04","slug":"centrifuga-refrigerada","status":"publish","type":"page","link":"https:\/\/www.ufsm.br\/cursos\/pos-graduacao\/santa-maria\/ppgcta\/centrifuga-refrigerada","title":{"rendered":"Centr\u00edfuga Refrigerada"},"content":{"rendered":"\n<ul>\n<li>Configura\u00e7\u00e3o:\u00a0Hitachi<\/li>\n<li>Local:\u00a0Lab 106\u00a0do NTA\u00a0<\/li>\n<li>Respons\u00e1vel:\u00a0Prof. Cristiano R. Menezes, ramal 8822, e-mail:\u00a0<span id=\"cloak83930\"><a href=\"mailto:cristianoragagnin@yahoo.com.br\">cristianoragagnin@yahoo.com.br<\/a><\/span><\/li>\n<\/ul>\n<p>\u00a0<\/p>\n<p>Instru\u00e7\u00e3o\/requisitos para agendamento\/uso:\u00a0<\/p>\n<p>1- Centr\u00edfuga refrigerada (permite estabelecer temperaturas de centrifuga\u00e7\u00e3o de at\u00e9 no m\u00ednimo 4\u00a0<sup>o<\/sup>C, COM UTILIZA\u00c7\u00c3O DE AT\u00c9 20.000 rpm.\u00a0 O equipamento trabalha com rotores para tubos de 50 e 500 mL.<\/p>\n<p>2- Ela foi adquirida para trabalhar com material biol\u00f3gico, sendo que amostras contendo \u00e1cidos ou bases devem ser analisadas previamente, pois pode danificar os tubos. Neste caso, \u00e9 recomendado trazer tubos pr\u00f3prios para utiliza\u00e7\u00e3o.<\/p>\n<p>3- IMPORTANTE: Para utiliza\u00e7\u00e3o, o interessado deve procurar o prof. Respons\u00e1vel para posterior agendamento no laborat\u00f3rio 106, mediante regras estabelecidas no laborat\u00f3rio pelo prof. Respons\u00e1vel.<\/p>\n<p>4- Sempre que for utilizado o equipamento, deve-se\u00a0<strong>anotar o\u00a0uso\u00a0no caderno de registro de\u00a0uso<\/strong>, que fica em cima do equipamento, indicando as informa\u00e7\u00f5es solicitadas.<\/p>\n<p>\u00a0<\/p>\n<p><strong>TODOS OS TRABALHOS RESULTANTES DO USO DESTE EQUIPAMENTO (TESES, DISSERTA\u00c7\u00d5ES, TRABALHOS EM EVENTOS, ARTIGOS OU PATENTES) DEVER\u00c3O INCLUIR O SEGUINTE AGRADECIMENTO:<br \/>\u00a0\u201cApoio Edital Capes no 25\/2011 &#8211; Pr\u00f3-Equipamentos Institucional\u201d<\/strong><\/p>\n","protected":false},"excerpt":{"rendered":"<p>Configura\u00e7\u00e3o:\u00a0Hitachi Local:\u00a0Lab 106\u00a0do NTA\u00a0 Respons\u00e1vel:\u00a0Prof. Cristiano R. Menezes, ramal 8822, e-mail:\u00a0cristianoragagnin@yahoo.com.br \u00a0 Instru\u00e7\u00e3o\/requisitos para agendamento\/uso:\u00a0 1- Centr\u00edfuga refrigerada (permite estabelecer temperaturas de centrifuga\u00e7\u00e3o de at\u00e9 no m\u00ednimo 4\u00a0oC, COM UTILIZA\u00c7\u00c3O DE AT\u00c9 20.000 rpm.\u00a0 O equipamento trabalha com rotores para tubos de 50 e 500 mL. 2- Ela foi adquirida para trabalhar com material biol\u00f3gico, [&hellip;]<\/p>\n","protected":false},"author":118,"featured_media":0,"parent":0,"menu_order":0,"comment_status":"closed","ping_status":"closed","template":"","meta":{"footnotes":""},"categories":[],"tags":[],"class_list":["post-180","page","type-page","status-publish","hentry"],"acf":[],"_links":{"self":[{"href":"https:\/\/www.ufsm.br\/cursos\/pos-graduacao\/santa-maria\/ppgcta\/wp-json\/wp\/v2\/pages\/180","targetHints":{"allow":["GET"]}}],"collection":[{"href":"https:\/\/www.ufsm.br\/cursos\/pos-graduacao\/santa-maria\/ppgcta\/wp-json\/wp\/v2\/pages"}],"about":[{"href":"https:\/\/www.ufsm.br\/cursos\/pos-graduacao\/santa-maria\/ppgcta\/wp-json\/wp\/v2\/types\/page"}],"author":[{"embeddable":true,"href":"https:\/\/www.ufsm.br\/cursos\/pos-graduacao\/santa-maria\/ppgcta\/wp-json\/wp\/v2\/users\/118"}],"replies":[{"embeddable":true,"href":"https:\/\/www.ufsm.br\/cursos\/pos-graduacao\/santa-maria\/ppgcta\/wp-json\/wp\/v2\/comments?post=180"}],"version-history":[{"count":0,"href":"https:\/\/www.ufsm.br\/cursos\/pos-graduacao\/santa-maria\/ppgcta\/wp-json\/wp\/v2\/pages\/180\/revisions"}],"wp:attachment":[{"href":"https:\/\/www.ufsm.br\/cursos\/pos-graduacao\/santa-maria\/ppgcta\/wp-json\/wp\/v2\/media?parent=180"}],"wp:term":[{"taxonomy":"category","embeddable":true,"href":"https:\/\/www.ufsm.br\/cursos\/pos-graduacao\/santa-maria\/ppgcta\/wp-json\/wp\/v2\/categories?post=180"},{"taxonomy":"post_tag","embeddable":true,"href":"https:\/\/www.ufsm.br\/cursos\/pos-graduacao\/santa-maria\/ppgcta\/wp-json\/wp\/v2\/tags?post=180"}],"curies":[{"name":"wp","href":"https:\/\/api.w.org\/{rel}","templated":true}]}}