{"id":183,"date":"2019-02-05T09:57:48","date_gmt":"2019-02-05T11:57:48","guid":{"rendered":"https:\/\/www.ufsm.br\/cursos\/pos-graduacao\/santa-maria\/ppgcta\/?page_id=183"},"modified":"2019-02-05T09:57:49","modified_gmt":"2019-02-05T11:57:49","slug":"microscopio-otico-trinocular-com-sistema-de-foto-documentacao","status":"publish","type":"page","link":"https:\/\/www.ufsm.br\/cursos\/pos-graduacao\/santa-maria\/ppgcta\/microscopio-otico-trinocular-com-sistema-de-foto-documentacao","title":{"rendered":"Microsc\u00f3pio \u00f3tico trinocular com sistema de foto documenta\u00e7\u00e3o"},"content":{"rendered":"\n<ul>\n<li>Configura\u00e7\u00e3o:\u00a0Marca Carl Zeiss<\/li>\n<li>Local:\u00a0Lab 106 NTA<\/li>\n<li>Respons\u00e1vel:\u00a0Prof. Cristiano R. Menezes, ramal 8822, e-mail:\u00a0<span id=\"cloak94660\"><a href=\"mailto:cristianoragagnin@yahoo.com.br\">cristianoragagnin@yahoo.com.br<\/a><\/span><\/li>\n<\/ul>\n<p>\u00a0<\/p>\n<p>Instru\u00e7\u00e3o\/requisitos de agendamento\/uso:\u00a0<\/p>\n<p>1- \u00a0Possui sistema de fluoresc\u00eancia e normal, com objetivas de 10x, at\u00e9 100x. A fotodocumenta\u00e7\u00e3o permite a obten\u00e7\u00e3o de imagens em alta resolu\u00e7\u00e3o.<\/p>\n<p>2- IMPORTANTE: Para utiliza\u00e7\u00e3o, o interessado deve procurar o prof. Respons\u00e1vel para posterior agendamento no laborat\u00f3rio 106, mediante regras estabelecidas no laborat\u00f3rio pelo prof. Respons\u00e1vel.<\/p>\n<p>3-\u00a0Sempre que for utilizado o equipamento, deve-se\u00a0<strong>anotar o\u00a0uso\u00a0no caderno de registro de\u00a0uso<\/strong>, que fica em cima do equipamento, indicando as informa\u00e7\u00f5es solicitadas.<\/p>\n<p>\u00a0<\/p>\n<p align=\"center\"><strong>TODOS OS TRABALHOS RESULTANTES DO USO DESTE EQUIPAMENTO (TESES, DISSERTA\u00c7\u00d5ES, TRABALHOS EM EVENTOS, ARTIGOS OU PATENTES) DEVER\u00c3O INCLUIR O SEGUINTE AGRADECIMENTO:<br \/>\u00a0\u201cApoio Edital Capes no 24\/2012 &#8211; Pr\u00f3-Equipamentos\u201d<\/strong><\/p>\n","protected":false},"excerpt":{"rendered":"<p>Configura\u00e7\u00e3o:\u00a0Marca Carl Zeiss Local:\u00a0Lab 106 NTA Respons\u00e1vel:\u00a0Prof. Cristiano R. Menezes, ramal 8822, e-mail:\u00a0cristianoragagnin@yahoo.com.br \u00a0 Instru\u00e7\u00e3o\/requisitos de agendamento\/uso:\u00a0 1- \u00a0Possui sistema de fluoresc\u00eancia e normal, com objetivas de 10x, at\u00e9 100x. A fotodocumenta\u00e7\u00e3o permite a obten\u00e7\u00e3o de imagens em alta resolu\u00e7\u00e3o. 2- IMPORTANTE: Para utiliza\u00e7\u00e3o, o interessado deve procurar o prof. Respons\u00e1vel para posterior agendamento no [&hellip;]<\/p>\n","protected":false},"author":118,"featured_media":0,"parent":0,"menu_order":0,"comment_status":"closed","ping_status":"closed","template":"","meta":{"footnotes":""},"categories":[],"tags":[],"class_list":["post-183","page","type-page","status-publish","hentry"],"acf":[],"_links":{"self":[{"href":"https:\/\/www.ufsm.br\/cursos\/pos-graduacao\/santa-maria\/ppgcta\/wp-json\/wp\/v2\/pages\/183","targetHints":{"allow":["GET"]}}],"collection":[{"href":"https:\/\/www.ufsm.br\/cursos\/pos-graduacao\/santa-maria\/ppgcta\/wp-json\/wp\/v2\/pages"}],"about":[{"href":"https:\/\/www.ufsm.br\/cursos\/pos-graduacao\/santa-maria\/ppgcta\/wp-json\/wp\/v2\/types\/page"}],"author":[{"embeddable":true,"href":"https:\/\/www.ufsm.br\/cursos\/pos-graduacao\/santa-maria\/ppgcta\/wp-json\/wp\/v2\/users\/118"}],"replies":[{"embeddable":true,"href":"https:\/\/www.ufsm.br\/cursos\/pos-graduacao\/santa-maria\/ppgcta\/wp-json\/wp\/v2\/comments?post=183"}],"version-history":[{"count":0,"href":"https:\/\/www.ufsm.br\/cursos\/pos-graduacao\/santa-maria\/ppgcta\/wp-json\/wp\/v2\/pages\/183\/revisions"}],"wp:attachment":[{"href":"https:\/\/www.ufsm.br\/cursos\/pos-graduacao\/santa-maria\/ppgcta\/wp-json\/wp\/v2\/media?parent=183"}],"wp:term":[{"taxonomy":"category","embeddable":true,"href":"https:\/\/www.ufsm.br\/cursos\/pos-graduacao\/santa-maria\/ppgcta\/wp-json\/wp\/v2\/categories?post=183"},{"taxonomy":"post_tag","embeddable":true,"href":"https:\/\/www.ufsm.br\/cursos\/pos-graduacao\/santa-maria\/ppgcta\/wp-json\/wp\/v2\/tags?post=183"}],"curies":[{"name":"wp","href":"https:\/\/api.w.org\/{rel}","templated":true}]}}