{"id":187,"date":"2019-02-05T09:59:44","date_gmt":"2019-02-05T11:59:44","guid":{"rendered":"https:\/\/www.ufsm.br\/cursos\/pos-graduacao\/santa-maria\/ppgcta\/?page_id=187"},"modified":"2019-02-05T09:59:47","modified_gmt":"2019-02-05T11:59:47","slug":"liofilizador-de-bancada-ls-3000-terroni","status":"publish","type":"page","link":"https:\/\/www.ufsm.br\/cursos\/pos-graduacao\/santa-maria\/ppgcta\/liofilizador-de-bancada-ls-3000-terroni","title":{"rendered":"Liofilizador de bancada LS 3000 Terroni"},"content":{"rendered":"\n<ul>\n<li>Configura\u00e7\u00e3o:\u00a0Liofilizador com sistema de bandejas e bomba de v\u00e1cuo seca Edwards<\/li>\n<li>Local:\u00a0Sala 121 do NIDAL<\/li>\n<li>Respons\u00e1vel:\u00a0Prof. Jos\u00e9 Laerte Nornberg, ramal 8547, e-mail:\u00a0<span id=\"cloak51658\"><a href=\"mailto:jlnornberg@gmail.com\">jlnornberg@gmail.com<\/a><\/span><\/li>\n<\/ul>\n<p>\u00a0<\/p>\n<p>Instru\u00e7\u00e3o\/requisitos para agendamento\/uso:\u00a0<\/p>\n<p>1- Atinge temperatura de trabalho m\u00ednima de -55<sup>o<\/sup>C. \u00c9 adequado para amostras aquosas e aquelas com baixa concentra\u00e7\u00e3o de solvente (at\u00e9 10%), pois aquelas com alto percentual de solvente n\u00e3o se manter\u00e3o congeladas nesta temperatura. Nesse caso a secagem ocorre igualmente, mas n\u00e3o por processo de liofiliza\u00e7\u00e3o.<\/p>\n<p>2- Entrar em contato\u00a0<strong>com o Prof. Jos\u00e9 Laerte para receber treinamento para uso\u00a0do equipamento.<\/strong><\/p>\n<p>3- Agendar previamente o\u00a0uso\u00a0do equipamento no quadro de hor\u00e1rios ao lado do equipamento.<\/p>\n<p>4- Trazer as amostras congeladas em frascos apropriados (que caibam no equipamento) no momento de iniciar a liofiliza\u00e7\u00e3o.<\/p>\n<p>5- Sempre que for utilizado o equipamento, deve-se\u00a0<strong>anotar o\u00a0uso\u00a0no caderno de registro de\u00a0uso<\/strong>, que fica em cima do equipamento, indicando as informa\u00e7\u00f5es solicitadas.<\/p>\n<p>\u00a0<\/p>\n<p><strong>TODOS OS TRABALHOS RESULTANTES DO USO DESTE EQUIPAMENTO (TESES, DISSERTA\u00c7\u00d5ES, TRABALHOS EM EVENTOS, ARTIGOS OU PATENTES) DEVER\u00c3O INCLUIR O SEGUINTE AGRADECIMENTO:<br \/>\u00a0\u201cApoio Edital Capes no 27\/2010 &#8211; Pr\u00f3-Equipamentos\u201d<\/strong><\/p>\n","protected":false},"excerpt":{"rendered":"<p>Configura\u00e7\u00e3o:\u00a0Liofilizador com sistema de bandejas e bomba de v\u00e1cuo seca Edwards Local:\u00a0Sala 121 do NIDAL Respons\u00e1vel:\u00a0Prof. Jos\u00e9 Laerte Nornberg, ramal 8547, e-mail:\u00a0jlnornberg@gmail.com \u00a0 Instru\u00e7\u00e3o\/requisitos para agendamento\/uso:\u00a0 1- Atinge temperatura de trabalho m\u00ednima de -55oC. \u00c9 adequado para amostras aquosas e aquelas com baixa concentra\u00e7\u00e3o de solvente (at\u00e9 10%), pois aquelas com alto percentual de solvente [&hellip;]<\/p>\n","protected":false},"author":118,"featured_media":0,"parent":0,"menu_order":0,"comment_status":"closed","ping_status":"closed","template":"","meta":{"footnotes":""},"categories":[],"tags":[],"class_list":["post-187","page","type-page","status-publish","hentry"],"acf":[],"_links":{"self":[{"href":"https:\/\/www.ufsm.br\/cursos\/pos-graduacao\/santa-maria\/ppgcta\/wp-json\/wp\/v2\/pages\/187","targetHints":{"allow":["GET"]}}],"collection":[{"href":"https:\/\/www.ufsm.br\/cursos\/pos-graduacao\/santa-maria\/ppgcta\/wp-json\/wp\/v2\/pages"}],"about":[{"href":"https:\/\/www.ufsm.br\/cursos\/pos-graduacao\/santa-maria\/ppgcta\/wp-json\/wp\/v2\/types\/page"}],"author":[{"embeddable":true,"href":"https:\/\/www.ufsm.br\/cursos\/pos-graduacao\/santa-maria\/ppgcta\/wp-json\/wp\/v2\/users\/118"}],"replies":[{"embeddable":true,"href":"https:\/\/www.ufsm.br\/cursos\/pos-graduacao\/santa-maria\/ppgcta\/wp-json\/wp\/v2\/comments?post=187"}],"version-history":[{"count":0,"href":"https:\/\/www.ufsm.br\/cursos\/pos-graduacao\/santa-maria\/ppgcta\/wp-json\/wp\/v2\/pages\/187\/revisions"}],"wp:attachment":[{"href":"https:\/\/www.ufsm.br\/cursos\/pos-graduacao\/santa-maria\/ppgcta\/wp-json\/wp\/v2\/media?parent=187"}],"wp:term":[{"taxonomy":"category","embeddable":true,"href":"https:\/\/www.ufsm.br\/cursos\/pos-graduacao\/santa-maria\/ppgcta\/wp-json\/wp\/v2\/categories?post=187"},{"taxonomy":"post_tag","embeddable":true,"href":"https:\/\/www.ufsm.br\/cursos\/pos-graduacao\/santa-maria\/ppgcta\/wp-json\/wp\/v2\/tags?post=187"}],"curies":[{"name":"wp","href":"https:\/\/api.w.org\/{rel}","templated":true}]}}