{"id":188,"date":"2019-02-05T10:00:27","date_gmt":"2019-02-05T12:00:27","guid":{"rendered":"https:\/\/www.ufsm.br\/cursos\/pos-graduacao\/santa-maria\/ppgcta\/?page_id=188"},"modified":"2019-02-05T10:00:30","modified_gmt":"2019-02-05T12:00:30","slug":"hplc-pda","status":"publish","type":"page","link":"https:\/\/www.ufsm.br\/cursos\/pos-graduacao\/santa-maria\/ppgcta\/hplc-pda","title":{"rendered":"HPLC-PDA"},"content":{"rendered":"\n<ul>\n<li>Configura\u00e7\u00e3o:\u00a0\u00a0Sistema cromatogr\u00e1fico l\u00edquido de alta performance (Degasserm, Bomba LC20AT, forno<strong><em>CTO-20A<\/em><\/strong>) com detector de\u00a0arranjo de diodos (PDA) SPDM20A\u00a0SHIMADZU PROMINENCE \u00a0<\/li>\n<li>Local:\u00a0Lab. 102 do NIDAL<\/li>\n<li>Respons\u00e1vel:\u00a0Vivian Caetano Bochi, ramal 8547,\u00a0e-mail:\u00a0<span id=\"cloak68952\"><a href=\"mailto:Vivian_bochi@yahoo.com.br\">Vivian_bochi@yahoo.com.br<\/a><\/span><\/li>\n<\/ul>\n<p>\u00a0<\/p>\n<p>Instru\u00e7\u00e3o\/requisitos para agendamento\/uso:\u00a0<\/p>\n<p>1- O usu\u00e1rio dever\u00e1 escolher o m\u00e9todo que ser\u00e1 utilizado, o que contempla: coluna, velocidade do fluxo, propor\u00e7\u00e3o de solventes, temperatura do forno e detector.<\/p>\n<p>2- O usu\u00e1rio \u00e9 respons\u00e1vel por providenciar a coluna, os solventes, seringas e filtros que ir\u00e1 utilizar.<\/p>\n<p>3- O usu\u00e1rio dever\u00e1 comprovar experi\u00eancia pr\u00e9via no uso equipamento ou realizar um treinamento para uso do mesmo, acompanhando outros alunos que est\u00e3o utilizando o equipamento. Este treinamento dever\u00e1 ser agendado com a Vivian. Como a opera\u00e7\u00e3o \u00e9 complexa, o treinamento requer tempo.<\/p>\n<p>4- Dever\u00e1 ser realizado agendamento pr\u00e9vio do uso do equipamento.<\/p>\n<p>5- Sempre que for utilizado o equipamento, deve-se\u00a0<strong>anotar o\u00a0uso\u00a0no caderno de registro de\u00a0uso<\/strong>, que fica em cima do equipamento, indicando as informa\u00e7\u00f5es solicitadas.<\/p>\n<p>\u00a0<\/p>\n<p><strong>TODOS OS TRABALHOS RESULTANTES DO USO DESTE EQUIPAMENTO (TESES, DISSERTA\u00c7\u00d5ES, TRABALHOS EM EVENTOS, ARTIGOS OU PATENTES) DEVER\u00c3O INCLUIR O SEGUINTE AGRADECIMENTO:<br \/>\u00a0\u201cApoio Edital Capes no 11\/2009 &#8211; Pr\u00f3-Equipamentos\u201d<\/strong><\/p>\n","protected":false},"excerpt":{"rendered":"<p>Configura\u00e7\u00e3o:\u00a0\u00a0Sistema cromatogr\u00e1fico l\u00edquido de alta performance (Degasserm, Bomba LC20AT, fornoCTO-20A) com detector de\u00a0arranjo de diodos (PDA) SPDM20A\u00a0SHIMADZU PROMINENCE \u00a0 Local:\u00a0Lab. 102 do NIDAL Respons\u00e1vel:\u00a0Vivian Caetano Bochi, ramal 8547,\u00a0e-mail:\u00a0Vivian_bochi@yahoo.com.br \u00a0 Instru\u00e7\u00e3o\/requisitos para agendamento\/uso:\u00a0 1- O usu\u00e1rio dever\u00e1 escolher o m\u00e9todo que ser\u00e1 utilizado, o que contempla: coluna, velocidade do fluxo, propor\u00e7\u00e3o de solventes, temperatura do forno [&hellip;]<\/p>\n","protected":false},"author":118,"featured_media":0,"parent":0,"menu_order":0,"comment_status":"closed","ping_status":"closed","template":"","meta":{"footnotes":""},"categories":[],"tags":[],"class_list":["post-188","page","type-page","status-publish","hentry"],"acf":[],"_links":{"self":[{"href":"https:\/\/www.ufsm.br\/cursos\/pos-graduacao\/santa-maria\/ppgcta\/wp-json\/wp\/v2\/pages\/188","targetHints":{"allow":["GET"]}}],"collection":[{"href":"https:\/\/www.ufsm.br\/cursos\/pos-graduacao\/santa-maria\/ppgcta\/wp-json\/wp\/v2\/pages"}],"about":[{"href":"https:\/\/www.ufsm.br\/cursos\/pos-graduacao\/santa-maria\/ppgcta\/wp-json\/wp\/v2\/types\/page"}],"author":[{"embeddable":true,"href":"https:\/\/www.ufsm.br\/cursos\/pos-graduacao\/santa-maria\/ppgcta\/wp-json\/wp\/v2\/users\/118"}],"replies":[{"embeddable":true,"href":"https:\/\/www.ufsm.br\/cursos\/pos-graduacao\/santa-maria\/ppgcta\/wp-json\/wp\/v2\/comments?post=188"}],"version-history":[{"count":0,"href":"https:\/\/www.ufsm.br\/cursos\/pos-graduacao\/santa-maria\/ppgcta\/wp-json\/wp\/v2\/pages\/188\/revisions"}],"wp:attachment":[{"href":"https:\/\/www.ufsm.br\/cursos\/pos-graduacao\/santa-maria\/ppgcta\/wp-json\/wp\/v2\/media?parent=188"}],"wp:term":[{"taxonomy":"category","embeddable":true,"href":"https:\/\/www.ufsm.br\/cursos\/pos-graduacao\/santa-maria\/ppgcta\/wp-json\/wp\/v2\/categories?post=188"},{"taxonomy":"post_tag","embeddable":true,"href":"https:\/\/www.ufsm.br\/cursos\/pos-graduacao\/santa-maria\/ppgcta\/wp-json\/wp\/v2\/tags?post=188"}],"curies":[{"name":"wp","href":"https:\/\/api.w.org\/{rel}","templated":true}]}}